{"id":71130,"date":"2022-01-22T20:41:27","date_gmt":"2022-01-22T19:41:27","guid":{"rendered":"https:\/\/demoweb.info\/sexshop001\/producto\/twister-4-in-1-kit-de-bombeo-para-parejas-rosa\/"},"modified":"2022-01-22T20:41:47","modified_gmt":"2022-01-22T19:41:47","slug":"twister-4-in-1-kit-de-bombeo-para-parejas-rosa","status":"publish","type":"product","link":"https:\/\/demoweb.info\/sexshop001\/producto\/twister-4-in-1-kit-de-bombeo-para-parejas-rosa\/","title":{"rendered":"TWISTER &#8211; 4 IN 1 KIT DE BOMBEO PARA PAREJAS &#8211; ROSA"},"content":{"rendered":"<p><strong>TWISTER &#8211; 4 IN 1 RECHARGEABLE COUPLES PUMP KIT<\/strong><\/p>\n<p>Aumenta el volumen con este vers\u00e1til kit 4 en 1 de bombeo para parejas hecho por Shots.<\/p>\n<p>Incre\u00edbles accesorios de bombeo para los pezones, el cl\u00edtoris y el pene, todos en la habitaci\u00f3n disfrutar\u00e9is de la sensibilidad que proporciona el bombeo mientras que tus zonas er\u00f3genas se inflaman deliciosamente. No solo esto, esta belleza tambi\u00e9n viene con un consolador rotatorio, este es el accesorio para cualquier ocasi\u00f3n y permite que haya simult\u00e1neamente una estimulaci\u00f3n interna del cl\u00edtoris para sentir una experiencia de placer incre\u00edble.<\/p>\n<p>Con 4 diferentes fuerzas de succi\u00f3n, as\u00ed como 7 diferentes modos de vibraci\u00f3n, las combinaciones son infinitas con este kit y el poderoso motor de 11.000 rpm realmente cumple su funci\u00f3n cuando se trata de un placer lleno de cosquillas y pulsaciones.<\/p>\n<p>Disponible en negro, morado y rosa, esta sensaci\u00f3n torsi\u00f3n es toda una experiencia cuando se trata de accesorios de bombeo.<\/p>\n<p>Caracter\u00edsticas:<\/p>\n<ul>\n<li>Rotaciones por minuto del dildo: 260 RPM<\/li>\n<li>Rotaciones por minuto de la bomba: 4300 RPM<\/li>\n<li>Rotaciones por minuto del vibrador: 11000 RPM<\/li>\n<\/ul>\n<p>Medidas:<\/p>\n<ul>\n<li>Base: 9,3cm x 5,4cm x 5,3cm<\/li>\n<li>Tubo para el pene: 24cm x 6,9cm x 6,9cm \/ Di\u00e1metro interno: 6,1cm \/ Longitud Insertable: 22,6cm<\/li>\n<li>Bomba para el pecho: 5,7cm x 9,9cm x 9,9cm \/ Di\u00e1metro interno: 9,1cm<\/li>\n<li>Bomba para el cl\u00edtoris: 4,5cm x 6,7cm x 4,9cm \/ Dimensiones internas: 2,7cm x 5,9cm x 4,2cm<\/li>\n<li>Dildo: 15,5cm x 3,5cm x 3,5 cm \/ Di\u00e1metro: 3,5cm \/ Longitud Insertable: 14,5cm<\/li>\n<\/ul>\n<p>\nPeso:<\/p>\n<ul>\n<li>Base: 150 gr<\/li>\n<li>Tubo para el pene: 116 gr<\/li>\n<li>Bomba para el pecho: 43 gr<\/li>\n<li>Bomba para el cl\u00edtoris: 16 gr<\/li>\n<li>Dildo: 126 gr<\/li>\n<\/ul>\n","protected":false},"excerpt":{"rendered":"<p>TWISTER &#8211; 4 IN 1 RECHARGEABLE COUPLES PUMP KIT Aumenta el volumen con este vers\u00e1til kit 4 en 1 de<\/p>\n","protected":false},"featured_media":71131,"comment_status":"open","ping_status":"open","template":"","meta":[],"product_cat":[405],"product_tag":[768,302],"class_list":["post-71130","product","type-product","status-publish","has-post-thumbnail","hentry","product_cat-succionadores","product_tag-pumped","product_tag-shots"],"bundled_by":[],"bundle_stock_status":"instock","bundle_stock_quantity":3,"bundle_virtual":false,"bundle_layout":"","bundle_add_to_cart_form_location":"","bundle_editable_in_cart":false,"bundle_sold_individually_context":"","bundle_item_grouping":"","bundle_min_size":"","bundle_max_size":"","bundled_items":[],"yoast_head":"<!-- This site is optimized with the Yoast SEO plugin v20.6 - https:\/\/yoast.com\/wordpress\/plugins\/seo\/ -->\n<title>TWISTER - 4 IN 1 KIT DE BOMBEO PARA PAREJAS - ROSA - Tienda Er\u00f3tica<\/title>\n<meta name=\"robots\" content=\"noindex, follow, max-snippet:-1, max-image-preview:large, max-video-preview:-1\" \/>\n<meta property=\"og:locale\" content=\"es_ES\" \/>\n<meta property=\"og:type\" content=\"article\" \/>\n<meta property=\"og:title\" content=\"TWISTER - 4 IN 1 KIT DE BOMBEO PARA PAREJAS - ROSA - Tienda Er\u00f3tica\" \/>\n<meta property=\"og:description\" content=\"TWISTER &#8211; 4 IN 1 RECHARGEABLE COUPLES PUMP KIT Aumenta el volumen con este vers\u00e1til kit 4 en 1 de\" \/>\n<meta property=\"og:url\" content=\"https:\/\/demoweb.info\/sexshop001\/producto\/twister-4-in-1-kit-de-bombeo-para-parejas-rosa\/\" \/>\n<meta property=\"og:site_name\" content=\"Tienda Er\u00f3tica\" \/>\n<meta property=\"article:modified_time\" content=\"2022-01-22T19:41:47+00:00\" \/>\n<meta property=\"og:image\" content=\"https:\/\/demoweb.info\/sexshop001\/wp-content\/uploads\/2022\/01\/TWISTER-4-IN-1-KIT-DE-BOMBEO-PARA-PAREJAS-ROSA.jpg\" \/>\n\t<meta property=\"og:image:width\" content=\"550\" \/>\n\t<meta property=\"og:image:height\" content=\"550\" \/>\n\t<meta property=\"og:image:type\" content=\"image\/jpeg\" \/>\n<meta name=\"twitter:card\" content=\"summary_large_image\" \/>\n<meta name=\"twitter:label1\" content=\"Tiempo de lectura\" \/>\n\t<meta name=\"twitter:data1\" content=\"1 minuto\" \/>\n<script type=\"application\/ld+json\" class=\"yoast-schema-graph\">{\"@context\":\"https:\/\/schema.org\",\"@graph\":[{\"@type\":\"WebPage\",\"@id\":\"https:\/\/demoweb.info\/sexshop001\/producto\/twister-4-in-1-kit-de-bombeo-para-parejas-rosa\/\",\"url\":\"https:\/\/demoweb.info\/sexshop001\/producto\/twister-4-in-1-kit-de-bombeo-para-parejas-rosa\/\",\"name\":\"TWISTER - 4 IN 1 KIT DE BOMBEO PARA PAREJAS - ROSA - Tienda Er\u00f3tica\",\"isPartOf\":{\"@id\":\"https:\/\/demoweb.info\/sexshop001\/#website\"},\"datePublished\":\"2022-01-22T19:41:27+00:00\",\"dateModified\":\"2022-01-22T19:41:47+00:00\",\"breadcrumb\":{\"@id\":\"https:\/\/demoweb.info\/sexshop001\/producto\/twister-4-in-1-kit-de-bombeo-para-parejas-rosa\/#breadcrumb\"},\"inLanguage\":\"es\",\"potentialAction\":[{\"@type\":\"ReadAction\",\"target\":[\"https:\/\/demoweb.info\/sexshop001\/producto\/twister-4-in-1-kit-de-bombeo-para-parejas-rosa\/\"]}]},{\"@type\":\"BreadcrumbList\",\"@id\":\"https:\/\/demoweb.info\/sexshop001\/producto\/twister-4-in-1-kit-de-bombeo-para-parejas-rosa\/#breadcrumb\",\"itemListElement\":[{\"@type\":\"ListItem\",\"position\":1,\"name\":\"Portada\",\"item\":\"https:\/\/demoweb.info\/sexshop001\/\"},{\"@type\":\"ListItem\",\"position\":2,\"name\":\"Tienda\",\"item\":\"https:\/\/demoweb.info\/sexshop001\/tienda\/\"},{\"@type\":\"ListItem\",\"position\":3,\"name\":\"TWISTER &#8211; 4 IN 1 KIT DE BOMBEO PARA PAREJAS &#8211; ROSA\"}]},{\"@type\":\"WebSite\",\"@id\":\"https:\/\/demoweb.info\/sexshop001\/#website\",\"url\":\"https:\/\/demoweb.info\/sexshop001\/\",\"name\":\"Tienda Er\u00f3tica\",\"description\":\"DEMOWEB SL\",\"potentialAction\":[{\"@type\":\"SearchAction\",\"target\":{\"@type\":\"EntryPoint\",\"urlTemplate\":\"https:\/\/demoweb.info\/sexshop001\/?s={search_term_string}\"},\"query-input\":\"required name=search_term_string\"}],\"inLanguage\":\"es\"}]}<\/script>\n<!-- \/ Yoast SEO plugin. -->","yoast_head_json":{"title":"TWISTER - 4 IN 1 KIT DE BOMBEO PARA PAREJAS - ROSA - Tienda Er\u00f3tica","robots":{"index":"noindex","follow":"follow","max-snippet":"max-snippet:-1","max-image-preview":"max-image-preview:large","max-video-preview":"max-video-preview:-1"},"og_locale":"es_ES","og_type":"article","og_title":"TWISTER - 4 IN 1 KIT DE BOMBEO PARA PAREJAS - ROSA - Tienda Er\u00f3tica","og_description":"TWISTER &#8211; 4 IN 1 RECHARGEABLE COUPLES PUMP KIT Aumenta el volumen con este vers\u00e1til kit 4 en 1 de","og_url":"https:\/\/demoweb.info\/sexshop001\/producto\/twister-4-in-1-kit-de-bombeo-para-parejas-rosa\/","og_site_name":"Tienda Er\u00f3tica","article_modified_time":"2022-01-22T19:41:47+00:00","og_image":[{"width":550,"height":550,"url":"https:\/\/demoweb.info\/sexshop001\/wp-content\/uploads\/2022\/01\/TWISTER-4-IN-1-KIT-DE-BOMBEO-PARA-PAREJAS-ROSA.jpg","type":"image\/jpeg"}],"twitter_card":"summary_large_image","twitter_misc":{"Tiempo de lectura":"1 minuto"},"schema":{"@context":"https:\/\/schema.org","@graph":[{"@type":"WebPage","@id":"https:\/\/demoweb.info\/sexshop001\/producto\/twister-4-in-1-kit-de-bombeo-para-parejas-rosa\/","url":"https:\/\/demoweb.info\/sexshop001\/producto\/twister-4-in-1-kit-de-bombeo-para-parejas-rosa\/","name":"TWISTER - 4 IN 1 KIT DE BOMBEO PARA PAREJAS - ROSA - Tienda Er\u00f3tica","isPartOf":{"@id":"https:\/\/demoweb.info\/sexshop001\/#website"},"datePublished":"2022-01-22T19:41:27+00:00","dateModified":"2022-01-22T19:41:47+00:00","breadcrumb":{"@id":"https:\/\/demoweb.info\/sexshop001\/producto\/twister-4-in-1-kit-de-bombeo-para-parejas-rosa\/#breadcrumb"},"inLanguage":"es","potentialAction":[{"@type":"ReadAction","target":["https:\/\/demoweb.info\/sexshop001\/producto\/twister-4-in-1-kit-de-bombeo-para-parejas-rosa\/"]}]},{"@type":"BreadcrumbList","@id":"https:\/\/demoweb.info\/sexshop001\/producto\/twister-4-in-1-kit-de-bombeo-para-parejas-rosa\/#breadcrumb","itemListElement":[{"@type":"ListItem","position":1,"name":"Portada","item":"https:\/\/demoweb.info\/sexshop001\/"},{"@type":"ListItem","position":2,"name":"Tienda","item":"https:\/\/demoweb.info\/sexshop001\/tienda\/"},{"@type":"ListItem","position":3,"name":"TWISTER &#8211; 4 IN 1 KIT DE BOMBEO PARA PAREJAS &#8211; ROSA"}]},{"@type":"WebSite","@id":"https:\/\/demoweb.info\/sexshop001\/#website","url":"https:\/\/demoweb.info\/sexshop001\/","name":"Tienda Er\u00f3tica","description":"DEMOWEB SL","potentialAction":[{"@type":"SearchAction","target":{"@type":"EntryPoint","urlTemplate":"https:\/\/demoweb.info\/sexshop001\/?s={search_term_string}"},"query-input":"required name=search_term_string"}],"inLanguage":"es"}]}},"_links":{"self":[{"href":"https:\/\/demoweb.info\/sexshop001\/wp-json\/wp\/v3\/product\/71130","targetHints":{"allow":["GET"]}}],"collection":[{"href":"https:\/\/demoweb.info\/sexshop001\/wp-json\/wp\/v3\/product"}],"about":[{"href":"https:\/\/demoweb.info\/sexshop001\/wp-json\/wp\/v2\/types\/product"}],"replies":[{"embeddable":true,"href":"https:\/\/demoweb.info\/sexshop001\/wp-json\/wp\/v2\/comments?post=71130"}],"wp:featuredmedia":[{"embeddable":true,"href":"https:\/\/demoweb.info\/sexshop001\/wp-json\/wp\/v2\/media\/71131"}],"wp:attachment":[{"href":"https:\/\/demoweb.info\/sexshop001\/wp-json\/wp\/v2\/media?parent=71130"}],"wp:term":[{"taxonomy":"product_cat","embeddable":true,"href":"https:\/\/demoweb.info\/sexshop001\/wp-json\/wp\/v2\/product_cat?post=71130"},{"taxonomy":"product_tag","embeddable":true,"href":"https:\/\/demoweb.info\/sexshop001\/wp-json\/wp\/v2\/product_tag?post=71130"}],"curies":[{"name":"wp","href":"https:\/\/api.w.org\/{rel}","templated":true}]}}