{"id":71123,"date":"2022-01-22T20:41:27","date_gmt":"2022-01-22T19:41:27","guid":{"rendered":"https:\/\/demoweb.info\/sexshop001\/producto\/irresistible-desirable-succionador-morado\/"},"modified":"2022-01-22T20:41:41","modified_gmt":"2022-01-22T19:41:41","slug":"irresistible-desirable-succionador-morado","status":"publish","type":"product","link":"https:\/\/demoweb.info\/sexshop001\/producto\/irresistible-desirable-succionador-morado\/","title":{"rendered":"IRRESISTIBLE &#8211; DESIRABLE SUCCIONADOR &#8211; MORADO"},"content":{"rendered":"<p><strong>IRRESISTIBLE &#8211; DESIRABLE<\/strong><\/p>\n<p>El Desirable tiene un s\u00faper potente motor F1 de \u00faltima generaci\u00f3n, con 10 modos de vibraci\u00f3n y vibrador de punta flexible, que se adapta a las curvas de cualquier mujer y: !tiene la forma perfecta para estimular tu punto G y crear el orgasmo interno y externo m\u00e1s intenso que jam\u00e1s hayas experimentado!<\/p>\n<p>El Desirable tiene una bater\u00eda recargable con un puerto de carga USB magn\u00e9tico y un cargador incluido. Cuando est\u00e1 completamente cargado, podr\u00e1s usarlo durante 60 min. Su dise\u00f1o suave al tacto, liso e impermeable est\u00e1 hecho de silicona de grado m\u00e9dico, lo que hace que el Desirable f\u00e1cil de limpiar.<\/p>\n<p>Los juguetes sexuales tradicionales del cl\u00edtoris solo estimulan la parte externa del cl\u00edtoris. Pero como t\u00fa, el cl\u00edtoris tiene profundidades secretas ocultas. Nuestra tecnolog\u00eda mundial con patente pendiente crea una sensaci\u00f3n de succi\u00f3n sin contacto en su cl\u00edtoris a trav\u00e9s de ondas de pulso s\u00f3nicas. Usando estas ondas de pulso s\u00f3nicas para penetrar profundamente en el tejido del cl\u00edtoris, no solo las partes que puede ver, experimentar\u00e1 una experiencia devastadora que nunca antes hab\u00eda sentido. El sonido es creado por una vibraci\u00f3n mec\u00e1nica y transmite energ\u00eda a trav\u00e9s de un medio (en este caso el\u00e1stico). A medida que se transmiten las ondas sonoras, hay partes de la onda que se comprimen (aumento de presi\u00f3n o densidad) y partes que est\u00e1n enrarecidas (disminuci\u00f3n de la presi\u00f3n o densidad), estas ondas obedecen las leyes de reflexi\u00f3n y refracci\u00f3n creando as\u00ed esta vibraci\u00f3n especial dentro del tejido del cl\u00edtoris que solo se puede lograr a trav\u00e9s de esta tecnolog\u00eda. Y con 11 configuraciones para inducir el placer, seguramente encontrar\u00e1 la perfecta para usted.<\/p>\n<p>\u00dasalo durante segundos, minutos u horas &#8230; a diferencia de otros vibradores, no se volver\u00e1 insensible o sobreestimulado con el tiempo mientras usa el Deseable. Por lo tanto, si esta es tu primera vez o si ya eres un conocedor experimentado de todas las cosas que zumban, te proporcionar\u00e1 una sensaci\u00f3n extraordinaria como ninguna otra.<\/p>\n<p>\u00bfEst\u00e1s listo para los orgasmos m\u00faltiples m\u00e1s intensos que hayas experimentado?<\/p>\n<p>Caracter\u00edsticas:<\/p>\n<ul>\n<li>Dimensiones del producto: 10,8 x 12,5 x 3,8 cm<\/li>\n<li>Peso del producto: 150 gr<\/li>\n<li>Di\u00e1metro del producto: 3,5 cm<\/li>\n<li>Longitud insertable: 10,0 cm<\/li>\n<li>Cantidad de motores: 2<\/li>\n<li>Rotaciones: 4500 RPM<\/li>\n<li>Consejo acerca de la vibraci\u00f3n de rotaci\u00f3n: 5500 RPM<\/li>\n<li>Tipos de velocidad: 10<\/li>\n<li>Nivel de ruido: 60 dB<\/li>\n<li>Recargable: S\u00ed<\/li>\n<li>Tiempo de recarga: 120 min<\/li>\n<li>Vida de la recarga de las bater\u00edas: 60 min<\/li>\n<li>A prueba de agua: S\u00ed<\/li>\n<li>A prueba de salpicaduras: S\u00ed<\/li>\n<li>Libre de ftalato: S\u00ed<\/li>\n<li>Materiales: Silicona de grado m\u00e9dico y ABS<\/li>\n<\/ul>\n","protected":false},"excerpt":{"rendered":"<p>IRRESISTIBLE &#8211; DESIRABLE El Desirable tiene un s\u00faper potente motor F1 de \u00faltima generaci\u00f3n, con 10 modos de vibraci\u00f3n y<\/p>\n","protected":false},"featured_media":71124,"comment_status":"open","ping_status":"open","template":"","meta":[],"product_cat":[405],"product_tag":[1605,302],"class_list":["post-71123","product","type-product","status-publish","has-post-thumbnail","hentry","product_cat-succionadores","product_tag-irresistible","product_tag-shots"],"bundled_by":[],"bundle_stock_status":"instock","bundle_stock_quantity":8,"bundle_virtual":false,"bundle_layout":"","bundle_add_to_cart_form_location":"","bundle_editable_in_cart":false,"bundle_sold_individually_context":"","bundle_item_grouping":"","bundle_min_size":"","bundle_max_size":"","bundled_items":[],"yoast_head":"<!-- This site is optimized with the Yoast SEO plugin v20.6 - https:\/\/yoast.com\/wordpress\/plugins\/seo\/ -->\n<title>IRRESISTIBLE - DESIRABLE SUCCIONADOR - MORADO - Tienda Er\u00f3tica<\/title>\n<meta name=\"robots\" content=\"noindex, follow, max-snippet:-1, max-image-preview:large, max-video-preview:-1\" \/>\n<meta property=\"og:locale\" content=\"es_ES\" \/>\n<meta property=\"og:type\" content=\"article\" \/>\n<meta property=\"og:title\" content=\"IRRESISTIBLE - DESIRABLE SUCCIONADOR - MORADO - Tienda Er\u00f3tica\" \/>\n<meta property=\"og:description\" content=\"IRRESISTIBLE &#8211; DESIRABLE El Desirable tiene un s\u00faper potente motor F1 de \u00faltima generaci\u00f3n, con 10 modos de vibraci\u00f3n y\" \/>\n<meta property=\"og:url\" content=\"https:\/\/demoweb.info\/sexshop001\/producto\/irresistible-desirable-succionador-morado\/\" \/>\n<meta property=\"og:site_name\" content=\"Tienda Er\u00f3tica\" \/>\n<meta property=\"article:modified_time\" content=\"2022-01-22T19:41:41+00:00\" \/>\n<meta property=\"og:image\" content=\"https:\/\/demoweb.info\/sexshop001\/wp-content\/uploads\/2022\/01\/IRRESISTIBLE-DESIRABLE-SUCCIONADOR-MORADO.jpg\" \/>\n\t<meta property=\"og:image:width\" content=\"550\" \/>\n\t<meta property=\"og:image:height\" content=\"550\" \/>\n\t<meta property=\"og:image:type\" content=\"image\/jpeg\" \/>\n<meta name=\"twitter:card\" content=\"summary_large_image\" \/>\n<meta name=\"twitter:label1\" content=\"Tiempo de lectura\" \/>\n\t<meta name=\"twitter:data1\" content=\"2 minutos\" \/>\n<script type=\"application\/ld+json\" class=\"yoast-schema-graph\">{\"@context\":\"https:\/\/schema.org\",\"@graph\":[{\"@type\":\"WebPage\",\"@id\":\"https:\/\/demoweb.info\/sexshop001\/producto\/irresistible-desirable-succionador-morado\/\",\"url\":\"https:\/\/demoweb.info\/sexshop001\/producto\/irresistible-desirable-succionador-morado\/\",\"name\":\"IRRESISTIBLE - DESIRABLE SUCCIONADOR - MORADO - Tienda Er\u00f3tica\",\"isPartOf\":{\"@id\":\"https:\/\/demoweb.info\/sexshop001\/#website\"},\"datePublished\":\"2022-01-22T19:41:27+00:00\",\"dateModified\":\"2022-01-22T19:41:41+00:00\",\"breadcrumb\":{\"@id\":\"https:\/\/demoweb.info\/sexshop001\/producto\/irresistible-desirable-succionador-morado\/#breadcrumb\"},\"inLanguage\":\"es\",\"potentialAction\":[{\"@type\":\"ReadAction\",\"target\":[\"https:\/\/demoweb.info\/sexshop001\/producto\/irresistible-desirable-succionador-morado\/\"]}]},{\"@type\":\"BreadcrumbList\",\"@id\":\"https:\/\/demoweb.info\/sexshop001\/producto\/irresistible-desirable-succionador-morado\/#breadcrumb\",\"itemListElement\":[{\"@type\":\"ListItem\",\"position\":1,\"name\":\"Portada\",\"item\":\"https:\/\/demoweb.info\/sexshop001\/\"},{\"@type\":\"ListItem\",\"position\":2,\"name\":\"Tienda\",\"item\":\"https:\/\/demoweb.info\/sexshop001\/tienda\/\"},{\"@type\":\"ListItem\",\"position\":3,\"name\":\"IRRESISTIBLE &#8211; DESIRABLE SUCCIONADOR &#8211; MORADO\"}]},{\"@type\":\"WebSite\",\"@id\":\"https:\/\/demoweb.info\/sexshop001\/#website\",\"url\":\"https:\/\/demoweb.info\/sexshop001\/\",\"name\":\"Tienda Er\u00f3tica\",\"description\":\"DEMOWEB SL\",\"potentialAction\":[{\"@type\":\"SearchAction\",\"target\":{\"@type\":\"EntryPoint\",\"urlTemplate\":\"https:\/\/demoweb.info\/sexshop001\/?s={search_term_string}\"},\"query-input\":\"required name=search_term_string\"}],\"inLanguage\":\"es\"}]}<\/script>\n<!-- \/ Yoast SEO plugin. -->","yoast_head_json":{"title":"IRRESISTIBLE - DESIRABLE SUCCIONADOR - MORADO - Tienda Er\u00f3tica","robots":{"index":"noindex","follow":"follow","max-snippet":"max-snippet:-1","max-image-preview":"max-image-preview:large","max-video-preview":"max-video-preview:-1"},"og_locale":"es_ES","og_type":"article","og_title":"IRRESISTIBLE - DESIRABLE SUCCIONADOR - MORADO - Tienda Er\u00f3tica","og_description":"IRRESISTIBLE &#8211; DESIRABLE El Desirable tiene un s\u00faper potente motor F1 de \u00faltima generaci\u00f3n, con 10 modos de vibraci\u00f3n y","og_url":"https:\/\/demoweb.info\/sexshop001\/producto\/irresistible-desirable-succionador-morado\/","og_site_name":"Tienda Er\u00f3tica","article_modified_time":"2022-01-22T19:41:41+00:00","og_image":[{"width":550,"height":550,"url":"https:\/\/demoweb.info\/sexshop001\/wp-content\/uploads\/2022\/01\/IRRESISTIBLE-DESIRABLE-SUCCIONADOR-MORADO.jpg","type":"image\/jpeg"}],"twitter_card":"summary_large_image","twitter_misc":{"Tiempo de lectura":"2 minutos"},"schema":{"@context":"https:\/\/schema.org","@graph":[{"@type":"WebPage","@id":"https:\/\/demoweb.info\/sexshop001\/producto\/irresistible-desirable-succionador-morado\/","url":"https:\/\/demoweb.info\/sexshop001\/producto\/irresistible-desirable-succionador-morado\/","name":"IRRESISTIBLE - DESIRABLE SUCCIONADOR - MORADO - Tienda Er\u00f3tica","isPartOf":{"@id":"https:\/\/demoweb.info\/sexshop001\/#website"},"datePublished":"2022-01-22T19:41:27+00:00","dateModified":"2022-01-22T19:41:41+00:00","breadcrumb":{"@id":"https:\/\/demoweb.info\/sexshop001\/producto\/irresistible-desirable-succionador-morado\/#breadcrumb"},"inLanguage":"es","potentialAction":[{"@type":"ReadAction","target":["https:\/\/demoweb.info\/sexshop001\/producto\/irresistible-desirable-succionador-morado\/"]}]},{"@type":"BreadcrumbList","@id":"https:\/\/demoweb.info\/sexshop001\/producto\/irresistible-desirable-succionador-morado\/#breadcrumb","itemListElement":[{"@type":"ListItem","position":1,"name":"Portada","item":"https:\/\/demoweb.info\/sexshop001\/"},{"@type":"ListItem","position":2,"name":"Tienda","item":"https:\/\/demoweb.info\/sexshop001\/tienda\/"},{"@type":"ListItem","position":3,"name":"IRRESISTIBLE &#8211; DESIRABLE SUCCIONADOR &#8211; MORADO"}]},{"@type":"WebSite","@id":"https:\/\/demoweb.info\/sexshop001\/#website","url":"https:\/\/demoweb.info\/sexshop001\/","name":"Tienda Er\u00f3tica","description":"DEMOWEB SL","potentialAction":[{"@type":"SearchAction","target":{"@type":"EntryPoint","urlTemplate":"https:\/\/demoweb.info\/sexshop001\/?s={search_term_string}"},"query-input":"required name=search_term_string"}],"inLanguage":"es"}]}},"_links":{"self":[{"href":"https:\/\/demoweb.info\/sexshop001\/wp-json\/wp\/v3\/product\/71123","targetHints":{"allow":["GET"]}}],"collection":[{"href":"https:\/\/demoweb.info\/sexshop001\/wp-json\/wp\/v3\/product"}],"about":[{"href":"https:\/\/demoweb.info\/sexshop001\/wp-json\/wp\/v2\/types\/product"}],"replies":[{"embeddable":true,"href":"https:\/\/demoweb.info\/sexshop001\/wp-json\/wp\/v2\/comments?post=71123"}],"wp:featuredmedia":[{"embeddable":true,"href":"https:\/\/demoweb.info\/sexshop001\/wp-json\/wp\/v2\/media\/71124"}],"wp:attachment":[{"href":"https:\/\/demoweb.info\/sexshop001\/wp-json\/wp\/v2\/media?parent=71123"}],"wp:term":[{"taxonomy":"product_cat","embeddable":true,"href":"https:\/\/demoweb.info\/sexshop001\/wp-json\/wp\/v2\/product_cat?post=71123"},{"taxonomy":"product_tag","embeddable":true,"href":"https:\/\/demoweb.info\/sexshop001\/wp-json\/wp\/v2\/product_tag?post=71123"}],"curies":[{"name":"wp","href":"https:\/\/api.w.org\/{rel}","templated":true}]}}