{"id":71052,"date":"2022-01-22T20:40:21","date_gmt":"2022-01-22T19:40:21","guid":{"rendered":"https:\/\/demoweb.info\/sexshop001\/producto\/plug-vibrado-remoto-con-bolas-de-silicona-negro\/"},"modified":"2022-01-22T20:40:40","modified_gmt":"2022-01-22T19:40:40","slug":"plug-vibrado-remoto-con-bolas-de-silicona-negro","status":"publish","type":"product","link":"https:\/\/demoweb.info\/sexshop001\/producto\/plug-vibrado-remoto-con-bolas-de-silicona-negro\/","title":{"rendered":"PLUG VIBRADO REMOTO CON BOLAS DE SILICONA &#8211; NEGRO"},"content":{"rendered":"<p><strong>VIBRATING SILICONE ANAL BEADS &#038; REMOTE CONTROL &#8211; BLACK<\/strong><\/p>\n<p>\u00a1Siente el poder sublime de las perlas anales de BANG Toy!<\/p>\n<p>Los 28 patrones de vibraci\u00f3n diferentes, combinados con la sensaci\u00f3n suave como la seda de su material de silicona, te brindan muchas opciones con las que jugar cuando te apetece. Su punta c\u00f3nica hace que la inserci\u00f3n sea f\u00e1cil y c\u00f3moda, y las m\u00faltiples cuentas le permiten llegar solo hasta donde lo desee.<\/p>\n<p>Estas cuentas tambi\u00e9n son impermeables, lo que permite su uso en la ducha o en el jacuzzi. La diversi\u00f3n nunca se detiene con este vibrador recargable USB, ya que tambi\u00e9n viene con un control remoto inal\u00e1mbrico para un f\u00e1cil uso en solitario o un emocionante juego en pareja.<br \/>\nJuega con confianza: estas cuentas est\u00e1n hechas con silicona segura para el cuerpo, no porosa y libre de ftalatos.<\/p>\n<p>Usalo solo con lubricante a base de agua, el material de silicona es incompatible con los lubricantes a base de silicona.<\/p>\n<p>Dimensiones del producto: 21 x 8 x 3,6 cm<br \/>\nLongitud insertable: 16,5 cm<br \/>\nSe requieren bater\u00edas: 1<br \/>\nTipo de bater\u00edas: CR2032<br \/>\nBater\u00edas incluidas: S\u00ed<br \/>\nRecargable: S\u00ed<br \/>\nTiempo de recarga: 60 min<br \/>\nVida de la recarga de las bater\u00edas: 45 min<\/p>\n","protected":false},"excerpt":{"rendered":"<p>VIBRATING SILICONE ANAL BEADS &#038; REMOTE CONTROL &#8211; BLACK \u00a1Siente el poder sublime de las perlas anales de BANG Toy!<\/p>\n","protected":false},"featured_media":71053,"comment_status":"open","ping_status":"open","template":"","meta":[],"product_cat":[295],"product_tag":[1104,274],"class_list":["post-71052","product","type-product","status-publish","has-post-thumbnail","hentry","product_cat-vibradores-plugs","product_tag-bang","product_tag-xr-brands"],"bundled_by":[],"bundle_stock_status":"instock","bundle_stock_quantity":5,"bundle_virtual":false,"bundle_layout":"","bundle_add_to_cart_form_location":"","bundle_editable_in_cart":false,"bundle_sold_individually_context":"","bundle_item_grouping":"","bundle_min_size":"","bundle_max_size":"","bundled_items":[],"yoast_head":"<!-- This site is optimized with the Yoast SEO plugin v20.6 - https:\/\/yoast.com\/wordpress\/plugins\/seo\/ -->\n<title>PLUG VIBRADO REMOTO CON BOLAS DE SILICONA - NEGRO - Tienda Er\u00f3tica<\/title>\n<meta name=\"robots\" content=\"noindex, follow, max-snippet:-1, max-image-preview:large, max-video-preview:-1\" \/>\n<meta property=\"og:locale\" content=\"es_ES\" \/>\n<meta property=\"og:type\" content=\"article\" \/>\n<meta property=\"og:title\" content=\"PLUG VIBRADO REMOTO CON BOLAS DE SILICONA - NEGRO - Tienda Er\u00f3tica\" \/>\n<meta property=\"og:description\" content=\"VIBRATING SILICONE ANAL BEADS &#038; REMOTE CONTROL &#8211; BLACK \u00a1Siente el poder sublime de las perlas anales de BANG Toy!\" \/>\n<meta property=\"og:url\" content=\"https:\/\/demoweb.info\/sexshop001\/producto\/plug-vibrado-remoto-con-bolas-de-silicona-negro\/\" \/>\n<meta property=\"og:site_name\" content=\"Tienda Er\u00f3tica\" \/>\n<meta property=\"article:modified_time\" content=\"2022-01-22T19:40:40+00:00\" \/>\n<meta property=\"og:image\" content=\"https:\/\/demoweb.info\/sexshop001\/wp-content\/uploads\/2022\/01\/PLUG-VIBRADO-REMOTO-CON-BOLAS-DE-SILICONA-NEGRO.jpg\" \/>\n\t<meta property=\"og:image:width\" content=\"550\" \/>\n\t<meta property=\"og:image:height\" content=\"550\" \/>\n\t<meta property=\"og:image:type\" content=\"image\/jpeg\" \/>\n<meta name=\"twitter:card\" content=\"summary_large_image\" \/>\n<meta name=\"twitter:label1\" content=\"Tiempo de lectura\" \/>\n\t<meta name=\"twitter:data1\" content=\"1 minuto\" \/>\n<script type=\"application\/ld+json\" class=\"yoast-schema-graph\">{\"@context\":\"https:\/\/schema.org\",\"@graph\":[{\"@type\":\"WebPage\",\"@id\":\"https:\/\/demoweb.info\/sexshop001\/producto\/plug-vibrado-remoto-con-bolas-de-silicona-negro\/\",\"url\":\"https:\/\/demoweb.info\/sexshop001\/producto\/plug-vibrado-remoto-con-bolas-de-silicona-negro\/\",\"name\":\"PLUG VIBRADO REMOTO CON BOLAS DE SILICONA - NEGRO - Tienda Er\u00f3tica\",\"isPartOf\":{\"@id\":\"https:\/\/demoweb.info\/sexshop001\/#website\"},\"datePublished\":\"2022-01-22T19:40:21+00:00\",\"dateModified\":\"2022-01-22T19:40:40+00:00\",\"breadcrumb\":{\"@id\":\"https:\/\/demoweb.info\/sexshop001\/producto\/plug-vibrado-remoto-con-bolas-de-silicona-negro\/#breadcrumb\"},\"inLanguage\":\"es\",\"potentialAction\":[{\"@type\":\"ReadAction\",\"target\":[\"https:\/\/demoweb.info\/sexshop001\/producto\/plug-vibrado-remoto-con-bolas-de-silicona-negro\/\"]}]},{\"@type\":\"BreadcrumbList\",\"@id\":\"https:\/\/demoweb.info\/sexshop001\/producto\/plug-vibrado-remoto-con-bolas-de-silicona-negro\/#breadcrumb\",\"itemListElement\":[{\"@type\":\"ListItem\",\"position\":1,\"name\":\"Portada\",\"item\":\"https:\/\/demoweb.info\/sexshop001\/\"},{\"@type\":\"ListItem\",\"position\":2,\"name\":\"Tienda\",\"item\":\"https:\/\/demoweb.info\/sexshop001\/tienda\/\"},{\"@type\":\"ListItem\",\"position\":3,\"name\":\"PLUG VIBRADO REMOTO CON BOLAS DE SILICONA &#8211; NEGRO\"}]},{\"@type\":\"WebSite\",\"@id\":\"https:\/\/demoweb.info\/sexshop001\/#website\",\"url\":\"https:\/\/demoweb.info\/sexshop001\/\",\"name\":\"Tienda Er\u00f3tica\",\"description\":\"DEMOWEB SL\",\"potentialAction\":[{\"@type\":\"SearchAction\",\"target\":{\"@type\":\"EntryPoint\",\"urlTemplate\":\"https:\/\/demoweb.info\/sexshop001\/?s={search_term_string}\"},\"query-input\":\"required name=search_term_string\"}],\"inLanguage\":\"es\"}]}<\/script>\n<!-- \/ Yoast SEO plugin. -->","yoast_head_json":{"title":"PLUG VIBRADO REMOTO CON BOLAS DE SILICONA - NEGRO - Tienda Er\u00f3tica","robots":{"index":"noindex","follow":"follow","max-snippet":"max-snippet:-1","max-image-preview":"max-image-preview:large","max-video-preview":"max-video-preview:-1"},"og_locale":"es_ES","og_type":"article","og_title":"PLUG VIBRADO REMOTO CON BOLAS DE SILICONA - NEGRO - Tienda Er\u00f3tica","og_description":"VIBRATING SILICONE ANAL BEADS &#038; REMOTE CONTROL &#8211; BLACK \u00a1Siente el poder sublime de las perlas anales de BANG Toy!","og_url":"https:\/\/demoweb.info\/sexshop001\/producto\/plug-vibrado-remoto-con-bolas-de-silicona-negro\/","og_site_name":"Tienda Er\u00f3tica","article_modified_time":"2022-01-22T19:40:40+00:00","og_image":[{"width":550,"height":550,"url":"https:\/\/demoweb.info\/sexshop001\/wp-content\/uploads\/2022\/01\/PLUG-VIBRADO-REMOTO-CON-BOLAS-DE-SILICONA-NEGRO.jpg","type":"image\/jpeg"}],"twitter_card":"summary_large_image","twitter_misc":{"Tiempo de lectura":"1 minuto"},"schema":{"@context":"https:\/\/schema.org","@graph":[{"@type":"WebPage","@id":"https:\/\/demoweb.info\/sexshop001\/producto\/plug-vibrado-remoto-con-bolas-de-silicona-negro\/","url":"https:\/\/demoweb.info\/sexshop001\/producto\/plug-vibrado-remoto-con-bolas-de-silicona-negro\/","name":"PLUG VIBRADO REMOTO CON BOLAS DE SILICONA - NEGRO - Tienda Er\u00f3tica","isPartOf":{"@id":"https:\/\/demoweb.info\/sexshop001\/#website"},"datePublished":"2022-01-22T19:40:21+00:00","dateModified":"2022-01-22T19:40:40+00:00","breadcrumb":{"@id":"https:\/\/demoweb.info\/sexshop001\/producto\/plug-vibrado-remoto-con-bolas-de-silicona-negro\/#breadcrumb"},"inLanguage":"es","potentialAction":[{"@type":"ReadAction","target":["https:\/\/demoweb.info\/sexshop001\/producto\/plug-vibrado-remoto-con-bolas-de-silicona-negro\/"]}]},{"@type":"BreadcrumbList","@id":"https:\/\/demoweb.info\/sexshop001\/producto\/plug-vibrado-remoto-con-bolas-de-silicona-negro\/#breadcrumb","itemListElement":[{"@type":"ListItem","position":1,"name":"Portada","item":"https:\/\/demoweb.info\/sexshop001\/"},{"@type":"ListItem","position":2,"name":"Tienda","item":"https:\/\/demoweb.info\/sexshop001\/tienda\/"},{"@type":"ListItem","position":3,"name":"PLUG VIBRADO REMOTO CON BOLAS DE SILICONA &#8211; NEGRO"}]},{"@type":"WebSite","@id":"https:\/\/demoweb.info\/sexshop001\/#website","url":"https:\/\/demoweb.info\/sexshop001\/","name":"Tienda Er\u00f3tica","description":"DEMOWEB SL","potentialAction":[{"@type":"SearchAction","target":{"@type":"EntryPoint","urlTemplate":"https:\/\/demoweb.info\/sexshop001\/?s={search_term_string}"},"query-input":"required name=search_term_string"}],"inLanguage":"es"}]}},"_links":{"self":[{"href":"https:\/\/demoweb.info\/sexshop001\/wp-json\/wp\/v3\/product\/71052","targetHints":{"allow":["GET"]}}],"collection":[{"href":"https:\/\/demoweb.info\/sexshop001\/wp-json\/wp\/v3\/product"}],"about":[{"href":"https:\/\/demoweb.info\/sexshop001\/wp-json\/wp\/v2\/types\/product"}],"replies":[{"embeddable":true,"href":"https:\/\/demoweb.info\/sexshop001\/wp-json\/wp\/v2\/comments?post=71052"}],"wp:featuredmedia":[{"embeddable":true,"href":"https:\/\/demoweb.info\/sexshop001\/wp-json\/wp\/v2\/media\/71053"}],"wp:attachment":[{"href":"https:\/\/demoweb.info\/sexshop001\/wp-json\/wp\/v2\/media?parent=71052"}],"wp:term":[{"taxonomy":"product_cat","embeddable":true,"href":"https:\/\/demoweb.info\/sexshop001\/wp-json\/wp\/v2\/product_cat?post=71052"},{"taxonomy":"product_tag","embeddable":true,"href":"https:\/\/demoweb.info\/sexshop001\/wp-json\/wp\/v2\/product_tag?post=71052"}],"curies":[{"name":"wp","href":"https:\/\/api.w.org\/{rel}","templated":true}]}}