{"id":71006,"date":"2022-01-22T20:39:40","date_gmt":"2022-01-22T19:39:40","guid":{"rendered":"https:\/\/demoweb.info\/sexshop001\/producto\/kit-parejas-morado\/"},"modified":"2022-01-22T20:39:56","modified_gmt":"2022-01-22T19:39:56","slug":"kit-parejas-morado","status":"publish","type":"product","link":"https:\/\/demoweb.info\/sexshop001\/producto\/kit-parejas-morado\/","title":{"rendered":"KIT PAREJAS &#8211; MORADO"},"content":{"rendered":"<p><strong>COUPLE&#39;S KIT &#8211; PURPLE<\/strong><\/p>\n<p>Crea una experiencia inolvidable con este kit de 4 piezas que es atractivo y f\u00e1cil de usar.<\/p>\n<p>Este maravilloso juego incluye una vibraci\u00f3n de dedo para una estimulaci\u00f3n intensa, un anillo para el pene, una venda en los ojos y una poderosa bala vibradora que seguramente lo emocionar\u00e1 todo.<\/p>\n<p>\u00a1La bala se puede usar de forma independiente o insertarse en la vibraci\u00f3n del dedo o en la manga del anillo del pene para agregar vibraci\u00f3n a su juego!<br \/>\nEste conjunto tambi\u00e9n es resistente al agua, lo que permite su uso en la ducha o el jacuzzi.<\/p>\n<p>\u00a1La diversi\u00f3n nunca se detiene con esta bala vibratoria recargable USB, ya que tambi\u00e9n viene con un control remoto inal\u00e1mbrico para un uso f\u00e1cil en solitario o un emocionante juego en pareja!<br \/>\nJuega con confianza: este juego est\u00e1 hecho con silicona segura para el cuerpo, no porosa y libre de ftalatos.<br \/>\nUsalo solo con lubricante a base de agua, el material de silicona es incompatible con los lubricantes a base de silicona.<\/p>\n<p>Caracter\u00edsticas:<\/p>\n<ul>\n<li>Peso del producto    106 gram<\/li>\n<li>Se requieren bater\u00edas    1<\/li>\n<li>Tipo de bater\u00edas    CR2032<\/li>\n<li>Bater\u00edas incluidas    S\u00ed<\/li>\n<li>Recargable    S\u00ed<\/li>\n<li>Tiempo de recarga    60 min<\/li>\n<li>Vida de la recarga de las bater\u00edas    45 min<\/li>\n<li>A prueba de agua    S\u00ed<\/li>\n<li>A prueba de salpicaduras    S\u00ed<\/li>\n<li>Libre de ftalato    S\u00ed<\/li>\n<li>Materiales    Silicone, ABS plastic, fabric<\/li>\n<\/ul>\n","protected":false},"excerpt":{"rendered":"<p>COUPLE&#39;S KIT &#8211; PURPLE Crea una experiencia inolvidable con este kit de 4 piezas que es atractivo y f\u00e1cil de<\/p>\n","protected":false},"featured_media":71007,"comment_status":"open","ping_status":"open","template":"","meta":[],"product_cat":[324],"product_tag":[1104,274],"class_list":["post-71006","product","type-product","status-publish","has-post-thumbnail","hentry","product_cat-kits-anillos","product_tag-bang","product_tag-xr-brands"],"bundled_by":[],"bundle_stock_status":"instock","bundle_stock_quantity":3,"bundle_virtual":false,"bundle_layout":"","bundle_add_to_cart_form_location":"","bundle_editable_in_cart":false,"bundle_sold_individually_context":"","bundle_item_grouping":"","bundle_min_size":"","bundle_max_size":"","bundled_items":[],"yoast_head":"<!-- This site is optimized with the Yoast SEO plugin v20.6 - https:\/\/yoast.com\/wordpress\/plugins\/seo\/ -->\n<title>KIT PAREJAS - MORADO - Tienda Er\u00f3tica<\/title>\n<meta name=\"robots\" content=\"noindex, follow, max-snippet:-1, max-image-preview:large, max-video-preview:-1\" \/>\n<meta property=\"og:locale\" content=\"es_ES\" \/>\n<meta property=\"og:type\" content=\"article\" \/>\n<meta property=\"og:title\" content=\"KIT PAREJAS - MORADO - Tienda Er\u00f3tica\" \/>\n<meta property=\"og:description\" content=\"COUPLE&#039;S KIT &#8211; PURPLE Crea una experiencia inolvidable con este kit de 4 piezas que es atractivo y f\u00e1cil de\" \/>\n<meta property=\"og:url\" content=\"https:\/\/demoweb.info\/sexshop001\/producto\/kit-parejas-morado\/\" \/>\n<meta property=\"og:site_name\" content=\"Tienda Er\u00f3tica\" \/>\n<meta property=\"article:modified_time\" content=\"2022-01-22T19:39:56+00:00\" \/>\n<meta property=\"og:image\" content=\"https:\/\/demoweb.info\/sexshop001\/wp-content\/uploads\/2022\/01\/KIT-PAREJAS-MORADO.jpg\" \/>\n\t<meta property=\"og:image:width\" content=\"550\" \/>\n\t<meta property=\"og:image:height\" content=\"550\" \/>\n\t<meta property=\"og:image:type\" content=\"image\/jpeg\" \/>\n<meta name=\"twitter:card\" content=\"summary_large_image\" \/>\n<meta name=\"twitter:label1\" content=\"Tiempo de lectura\" \/>\n\t<meta name=\"twitter:data1\" content=\"1 minuto\" \/>\n<script type=\"application\/ld+json\" class=\"yoast-schema-graph\">{\"@context\":\"https:\/\/schema.org\",\"@graph\":[{\"@type\":\"WebPage\",\"@id\":\"https:\/\/demoweb.info\/sexshop001\/producto\/kit-parejas-morado\/\",\"url\":\"https:\/\/demoweb.info\/sexshop001\/producto\/kit-parejas-morado\/\",\"name\":\"KIT PAREJAS - MORADO - Tienda Er\u00f3tica\",\"isPartOf\":{\"@id\":\"https:\/\/demoweb.info\/sexshop001\/#website\"},\"datePublished\":\"2022-01-22T19:39:40+00:00\",\"dateModified\":\"2022-01-22T19:39:56+00:00\",\"breadcrumb\":{\"@id\":\"https:\/\/demoweb.info\/sexshop001\/producto\/kit-parejas-morado\/#breadcrumb\"},\"inLanguage\":\"es\",\"potentialAction\":[{\"@type\":\"ReadAction\",\"target\":[\"https:\/\/demoweb.info\/sexshop001\/producto\/kit-parejas-morado\/\"]}]},{\"@type\":\"BreadcrumbList\",\"@id\":\"https:\/\/demoweb.info\/sexshop001\/producto\/kit-parejas-morado\/#breadcrumb\",\"itemListElement\":[{\"@type\":\"ListItem\",\"position\":1,\"name\":\"Portada\",\"item\":\"https:\/\/demoweb.info\/sexshop001\/\"},{\"@type\":\"ListItem\",\"position\":2,\"name\":\"Tienda\",\"item\":\"https:\/\/demoweb.info\/sexshop001\/tienda\/\"},{\"@type\":\"ListItem\",\"position\":3,\"name\":\"KIT PAREJAS &#8211; MORADO\"}]},{\"@type\":\"WebSite\",\"@id\":\"https:\/\/demoweb.info\/sexshop001\/#website\",\"url\":\"https:\/\/demoweb.info\/sexshop001\/\",\"name\":\"Tienda Er\u00f3tica\",\"description\":\"DEMOWEB SL\",\"potentialAction\":[{\"@type\":\"SearchAction\",\"target\":{\"@type\":\"EntryPoint\",\"urlTemplate\":\"https:\/\/demoweb.info\/sexshop001\/?s={search_term_string}\"},\"query-input\":\"required name=search_term_string\"}],\"inLanguage\":\"es\"}]}<\/script>\n<!-- \/ Yoast SEO plugin. -->","yoast_head_json":{"title":"KIT PAREJAS - MORADO - Tienda Er\u00f3tica","robots":{"index":"noindex","follow":"follow","max-snippet":"max-snippet:-1","max-image-preview":"max-image-preview:large","max-video-preview":"max-video-preview:-1"},"og_locale":"es_ES","og_type":"article","og_title":"KIT PAREJAS - MORADO - Tienda Er\u00f3tica","og_description":"COUPLE&#39;S KIT &#8211; PURPLE Crea una experiencia inolvidable con este kit de 4 piezas que es atractivo y f\u00e1cil de","og_url":"https:\/\/demoweb.info\/sexshop001\/producto\/kit-parejas-morado\/","og_site_name":"Tienda Er\u00f3tica","article_modified_time":"2022-01-22T19:39:56+00:00","og_image":[{"width":550,"height":550,"url":"https:\/\/demoweb.info\/sexshop001\/wp-content\/uploads\/2022\/01\/KIT-PAREJAS-MORADO.jpg","type":"image\/jpeg"}],"twitter_card":"summary_large_image","twitter_misc":{"Tiempo de lectura":"1 minuto"},"schema":{"@context":"https:\/\/schema.org","@graph":[{"@type":"WebPage","@id":"https:\/\/demoweb.info\/sexshop001\/producto\/kit-parejas-morado\/","url":"https:\/\/demoweb.info\/sexshop001\/producto\/kit-parejas-morado\/","name":"KIT PAREJAS - MORADO - Tienda Er\u00f3tica","isPartOf":{"@id":"https:\/\/demoweb.info\/sexshop001\/#website"},"datePublished":"2022-01-22T19:39:40+00:00","dateModified":"2022-01-22T19:39:56+00:00","breadcrumb":{"@id":"https:\/\/demoweb.info\/sexshop001\/producto\/kit-parejas-morado\/#breadcrumb"},"inLanguage":"es","potentialAction":[{"@type":"ReadAction","target":["https:\/\/demoweb.info\/sexshop001\/producto\/kit-parejas-morado\/"]}]},{"@type":"BreadcrumbList","@id":"https:\/\/demoweb.info\/sexshop001\/producto\/kit-parejas-morado\/#breadcrumb","itemListElement":[{"@type":"ListItem","position":1,"name":"Portada","item":"https:\/\/demoweb.info\/sexshop001\/"},{"@type":"ListItem","position":2,"name":"Tienda","item":"https:\/\/demoweb.info\/sexshop001\/tienda\/"},{"@type":"ListItem","position":3,"name":"KIT PAREJAS &#8211; MORADO"}]},{"@type":"WebSite","@id":"https:\/\/demoweb.info\/sexshop001\/#website","url":"https:\/\/demoweb.info\/sexshop001\/","name":"Tienda Er\u00f3tica","description":"DEMOWEB SL","potentialAction":[{"@type":"SearchAction","target":{"@type":"EntryPoint","urlTemplate":"https:\/\/demoweb.info\/sexshop001\/?s={search_term_string}"},"query-input":"required name=search_term_string"}],"inLanguage":"es"}]}},"_links":{"self":[{"href":"https:\/\/demoweb.info\/sexshop001\/wp-json\/wp\/v3\/product\/71006","targetHints":{"allow":["GET"]}}],"collection":[{"href":"https:\/\/demoweb.info\/sexshop001\/wp-json\/wp\/v3\/product"}],"about":[{"href":"https:\/\/demoweb.info\/sexshop001\/wp-json\/wp\/v2\/types\/product"}],"replies":[{"embeddable":true,"href":"https:\/\/demoweb.info\/sexshop001\/wp-json\/wp\/v2\/comments?post=71006"}],"wp:featuredmedia":[{"embeddable":true,"href":"https:\/\/demoweb.info\/sexshop001\/wp-json\/wp\/v2\/media\/71007"}],"wp:attachment":[{"href":"https:\/\/demoweb.info\/sexshop001\/wp-json\/wp\/v2\/media?parent=71006"}],"wp:term":[{"taxonomy":"product_cat","embeddable":true,"href":"https:\/\/demoweb.info\/sexshop001\/wp-json\/wp\/v2\/product_cat?post=71006"},{"taxonomy":"product_tag","embeddable":true,"href":"https:\/\/demoweb.info\/sexshop001\/wp-json\/wp\/v2\/product_tag?post=71006"}],"curies":[{"name":"wp","href":"https:\/\/api.w.org\/{rel}","templated":true}]}}