{"id":71001,"date":"2022-01-22T20:39:40","date_gmt":"2022-01-22T19:39:40","guid":{"rendered":"https:\/\/demoweb.info\/sexshop001\/producto\/braguitas-de-encaje-mas-bala-con-control-remoto-rosa\/"},"modified":"2022-01-22T20:39:52","modified_gmt":"2022-01-22T19:39:52","slug":"braguitas-de-encaje-mas-bala-con-control-remoto-rosa","status":"publish","type":"product","link":"https:\/\/demoweb.info\/sexshop001\/producto\/braguitas-de-encaje-mas-bala-con-control-remoto-rosa\/","title":{"rendered":"BRAGUITAS DE ENCAJE M\u00c1S BALA CON CONTROL REMOTO &#8211; ROSA"},"content":{"rendered":"<p><strong>POWER PANTY LACE PANTIES, BULLET, AND BLINDFOLD KIT &#8211; PINK<\/strong><\/p>\n<p>Ya sea que est\u00e9s buscando condimentar una noche en casa o divertirte fuera de casa, este discreto juego de bragas vibratorias con control remoto crear\u00e1 una experiencia inolvidable.<\/p>\n<p>Haz que tus fantas\u00edas cobren vida cuando tomes el control total del placer de tu amante.<br \/>\n\u00a1La braga de encaje es ajustable y la bala se puede deslizar en la manga para controlarla f\u00e1cilmente con el control remoto!<\/p>\n<p>La bala tiene 28 modos individuales para su placer. La venda de sat\u00e9n lleva las cosas al siguiente nivel.<br \/>\n\u00bfHasta d\u00f3nde puedes llevarla cuando tienes el \u00e9xtasis en la palma de tu mano?<\/p>\n<p>Carcater\u00edsticas:<\/p>\n<ul>\n<li>Peso del producto    74 gram<\/li>\n<li>Longitud insertable    7,6 cm<\/li>\n<li>Se requieren bater\u00edas    1<\/li>\n<li>Tipo de bater\u00edas    CR2032<\/li>\n<li>Bater\u00edas incluidas    S\u00ed<\/li>\n<li>Recargable    S\u00ed<\/li>\n<li>Tiempo de recarga    60 min<\/li>\n<li>Vida de la recarga de las bater\u00edas    45 min<\/li>\n<li>A prueba de agua    S\u00ed<\/li>\n<li>A prueba de salpicaduras    S\u00ed<\/li>\n<li>Libre de ftalato    S\u00ed<\/li>\n<li>Materiales    Silicone, ABS plastic, fabric\n\t <\/li>\n<\/ul>\n","protected":false},"excerpt":{"rendered":"<p>POWER PANTY LACE PANTIES, BULLET, AND BLINDFOLD KIT &#8211; PINK Ya sea que est\u00e9s buscando condimentar una noche en casa<\/p>\n","protected":false},"featured_media":71002,"comment_status":"open","ping_status":"open","template":"","meta":[],"product_cat":[818],"product_tag":[1104,274],"class_list":["post-71001","product","type-product","status-publish","has-post-thumbnail","hentry","product_cat-para-braguita","product_tag-bang","product_tag-xr-brands"],"bundled_by":[],"bundle_stock_status":"instock","bundle_stock_quantity":1,"bundle_virtual":false,"bundle_layout":"","bundle_add_to_cart_form_location":"","bundle_editable_in_cart":false,"bundle_sold_individually_context":"","bundle_item_grouping":"","bundle_min_size":"","bundle_max_size":"","bundled_items":[],"yoast_head":"<!-- This site is optimized with the Yoast SEO plugin v20.6 - https:\/\/yoast.com\/wordpress\/plugins\/seo\/ -->\n<title>BRAGUITAS DE ENCAJE M\u00c1S BALA CON CONTROL REMOTO - ROSA - Tienda Er\u00f3tica<\/title>\n<meta name=\"robots\" content=\"noindex, follow, max-snippet:-1, max-image-preview:large, max-video-preview:-1\" \/>\n<meta property=\"og:locale\" content=\"es_ES\" \/>\n<meta property=\"og:type\" content=\"article\" \/>\n<meta property=\"og:title\" content=\"BRAGUITAS DE ENCAJE M\u00c1S BALA CON CONTROL REMOTO - ROSA - Tienda Er\u00f3tica\" \/>\n<meta property=\"og:description\" content=\"POWER PANTY LACE PANTIES, BULLET, AND BLINDFOLD KIT &#8211; PINK Ya sea que est\u00e9s buscando condimentar una noche en casa\" \/>\n<meta property=\"og:url\" content=\"https:\/\/demoweb.info\/sexshop001\/producto\/braguitas-de-encaje-mas-bala-con-control-remoto-rosa\/\" \/>\n<meta property=\"og:site_name\" content=\"Tienda Er\u00f3tica\" \/>\n<meta property=\"article:modified_time\" content=\"2022-01-22T19:39:52+00:00\" \/>\n<meta property=\"og:image\" content=\"https:\/\/demoweb.info\/sexshop001\/wp-content\/uploads\/2022\/01\/BRAGUITAS-DE-ENCAJE-MAS-BALA-CON-CONTROL-REMOTO-ROSA.jpg\" \/>\n\t<meta property=\"og:image:width\" content=\"550\" \/>\n\t<meta property=\"og:image:height\" content=\"550\" \/>\n\t<meta property=\"og:image:type\" content=\"image\/jpeg\" \/>\n<meta name=\"twitter:card\" content=\"summary_large_image\" \/>\n<meta name=\"twitter:label1\" content=\"Tiempo de lectura\" \/>\n\t<meta name=\"twitter:data1\" content=\"1 minuto\" \/>\n<script type=\"application\/ld+json\" class=\"yoast-schema-graph\">{\"@context\":\"https:\/\/schema.org\",\"@graph\":[{\"@type\":\"WebPage\",\"@id\":\"https:\/\/demoweb.info\/sexshop001\/producto\/braguitas-de-encaje-mas-bala-con-control-remoto-rosa\/\",\"url\":\"https:\/\/demoweb.info\/sexshop001\/producto\/braguitas-de-encaje-mas-bala-con-control-remoto-rosa\/\",\"name\":\"BRAGUITAS DE ENCAJE M\u00c1S BALA CON CONTROL REMOTO - ROSA - Tienda Er\u00f3tica\",\"isPartOf\":{\"@id\":\"https:\/\/demoweb.info\/sexshop001\/#website\"},\"datePublished\":\"2022-01-22T19:39:40+00:00\",\"dateModified\":\"2022-01-22T19:39:52+00:00\",\"breadcrumb\":{\"@id\":\"https:\/\/demoweb.info\/sexshop001\/producto\/braguitas-de-encaje-mas-bala-con-control-remoto-rosa\/#breadcrumb\"},\"inLanguage\":\"es\",\"potentialAction\":[{\"@type\":\"ReadAction\",\"target\":[\"https:\/\/demoweb.info\/sexshop001\/producto\/braguitas-de-encaje-mas-bala-con-control-remoto-rosa\/\"]}]},{\"@type\":\"BreadcrumbList\",\"@id\":\"https:\/\/demoweb.info\/sexshop001\/producto\/braguitas-de-encaje-mas-bala-con-control-remoto-rosa\/#breadcrumb\",\"itemListElement\":[{\"@type\":\"ListItem\",\"position\":1,\"name\":\"Portada\",\"item\":\"https:\/\/demoweb.info\/sexshop001\/\"},{\"@type\":\"ListItem\",\"position\":2,\"name\":\"Tienda\",\"item\":\"https:\/\/demoweb.info\/sexshop001\/tienda\/\"},{\"@type\":\"ListItem\",\"position\":3,\"name\":\"BRAGUITAS DE ENCAJE M\u00c1S BALA CON CONTROL REMOTO &#8211; ROSA\"}]},{\"@type\":\"WebSite\",\"@id\":\"https:\/\/demoweb.info\/sexshop001\/#website\",\"url\":\"https:\/\/demoweb.info\/sexshop001\/\",\"name\":\"Tienda Er\u00f3tica\",\"description\":\"DEMOWEB SL\",\"potentialAction\":[{\"@type\":\"SearchAction\",\"target\":{\"@type\":\"EntryPoint\",\"urlTemplate\":\"https:\/\/demoweb.info\/sexshop001\/?s={search_term_string}\"},\"query-input\":\"required name=search_term_string\"}],\"inLanguage\":\"es\"}]}<\/script>\n<!-- \/ Yoast SEO plugin. -->","yoast_head_json":{"title":"BRAGUITAS DE ENCAJE M\u00c1S BALA CON CONTROL REMOTO - ROSA - Tienda Er\u00f3tica","robots":{"index":"noindex","follow":"follow","max-snippet":"max-snippet:-1","max-image-preview":"max-image-preview:large","max-video-preview":"max-video-preview:-1"},"og_locale":"es_ES","og_type":"article","og_title":"BRAGUITAS DE ENCAJE M\u00c1S BALA CON CONTROL REMOTO - ROSA - Tienda Er\u00f3tica","og_description":"POWER PANTY LACE PANTIES, BULLET, AND BLINDFOLD KIT &#8211; PINK Ya sea que est\u00e9s buscando condimentar una noche en casa","og_url":"https:\/\/demoweb.info\/sexshop001\/producto\/braguitas-de-encaje-mas-bala-con-control-remoto-rosa\/","og_site_name":"Tienda Er\u00f3tica","article_modified_time":"2022-01-22T19:39:52+00:00","og_image":[{"width":550,"height":550,"url":"https:\/\/demoweb.info\/sexshop001\/wp-content\/uploads\/2022\/01\/BRAGUITAS-DE-ENCAJE-MAS-BALA-CON-CONTROL-REMOTO-ROSA.jpg","type":"image\/jpeg"}],"twitter_card":"summary_large_image","twitter_misc":{"Tiempo de lectura":"1 minuto"},"schema":{"@context":"https:\/\/schema.org","@graph":[{"@type":"WebPage","@id":"https:\/\/demoweb.info\/sexshop001\/producto\/braguitas-de-encaje-mas-bala-con-control-remoto-rosa\/","url":"https:\/\/demoweb.info\/sexshop001\/producto\/braguitas-de-encaje-mas-bala-con-control-remoto-rosa\/","name":"BRAGUITAS DE ENCAJE M\u00c1S BALA CON CONTROL REMOTO - ROSA - Tienda Er\u00f3tica","isPartOf":{"@id":"https:\/\/demoweb.info\/sexshop001\/#website"},"datePublished":"2022-01-22T19:39:40+00:00","dateModified":"2022-01-22T19:39:52+00:00","breadcrumb":{"@id":"https:\/\/demoweb.info\/sexshop001\/producto\/braguitas-de-encaje-mas-bala-con-control-remoto-rosa\/#breadcrumb"},"inLanguage":"es","potentialAction":[{"@type":"ReadAction","target":["https:\/\/demoweb.info\/sexshop001\/producto\/braguitas-de-encaje-mas-bala-con-control-remoto-rosa\/"]}]},{"@type":"BreadcrumbList","@id":"https:\/\/demoweb.info\/sexshop001\/producto\/braguitas-de-encaje-mas-bala-con-control-remoto-rosa\/#breadcrumb","itemListElement":[{"@type":"ListItem","position":1,"name":"Portada","item":"https:\/\/demoweb.info\/sexshop001\/"},{"@type":"ListItem","position":2,"name":"Tienda","item":"https:\/\/demoweb.info\/sexshop001\/tienda\/"},{"@type":"ListItem","position":3,"name":"BRAGUITAS DE ENCAJE M\u00c1S BALA CON CONTROL REMOTO &#8211; ROSA"}]},{"@type":"WebSite","@id":"https:\/\/demoweb.info\/sexshop001\/#website","url":"https:\/\/demoweb.info\/sexshop001\/","name":"Tienda Er\u00f3tica","description":"DEMOWEB SL","potentialAction":[{"@type":"SearchAction","target":{"@type":"EntryPoint","urlTemplate":"https:\/\/demoweb.info\/sexshop001\/?s={search_term_string}"},"query-input":"required name=search_term_string"}],"inLanguage":"es"}]}},"_links":{"self":[{"href":"https:\/\/demoweb.info\/sexshop001\/wp-json\/wp\/v3\/product\/71001","targetHints":{"allow":["GET"]}}],"collection":[{"href":"https:\/\/demoweb.info\/sexshop001\/wp-json\/wp\/v3\/product"}],"about":[{"href":"https:\/\/demoweb.info\/sexshop001\/wp-json\/wp\/v2\/types\/product"}],"replies":[{"embeddable":true,"href":"https:\/\/demoweb.info\/sexshop001\/wp-json\/wp\/v2\/comments?post=71001"}],"wp:featuredmedia":[{"embeddable":true,"href":"https:\/\/demoweb.info\/sexshop001\/wp-json\/wp\/v2\/media\/71002"}],"wp:attachment":[{"href":"https:\/\/demoweb.info\/sexshop001\/wp-json\/wp\/v2\/media?parent=71001"}],"wp:term":[{"taxonomy":"product_cat","embeddable":true,"href":"https:\/\/demoweb.info\/sexshop001\/wp-json\/wp\/v2\/product_cat?post=71001"},{"taxonomy":"product_tag","embeddable":true,"href":"https:\/\/demoweb.info\/sexshop001\/wp-json\/wp\/v2\/product_tag?post=71001"}],"curies":[{"name":"wp","href":"https:\/\/api.w.org\/{rel}","templated":true}]}}