{"id":70951,"date":"2022-01-22T20:39:06","date_gmt":"2022-01-22T19:39:06","guid":{"rendered":"https:\/\/demoweb.info\/sexshop001\/producto\/21x-plug-de-silicona-con-control-remoto-rosa\/"},"modified":"2022-01-22T20:39:10","modified_gmt":"2022-01-22T19:39:10","slug":"21x-plug-de-silicona-con-control-remoto-rosa","status":"publish","type":"product","link":"https:\/\/demoweb.info\/sexshop001\/producto\/21x-plug-de-silicona-con-control-remoto-rosa\/","title":{"rendered":"21X PLUG DE SILICONA CON CONTROL REMOTO  &#8211; ROSA"},"content":{"rendered":"<p><strong>21X VIBRATING SILICONE BUTT PLUG WITH REMOTE CONTROL &#8211; PINK<\/strong><\/p>\n<p>\u00a1Siente el poder sublime del tap\u00f3n anal de silicona suave de BANG Toy!<\/p>\n<p>Los 21 patrones de vibraci\u00f3n diferentes, combinados con la sensaci\u00f3n suave como la seda de su material de silicona, te brindan muchas opciones para jugar cuando te apetece.<\/p>\n<p>Este enchufe tambi\u00e9n es resistente al agua, lo que permite su uso en la ducha o el jacuzzi. La diversi\u00f3n nunca se detiene con este vibrador recargable USB, ya que tambi\u00e9n viene con un control remoto inal\u00e1mbrico para un f\u00e1cil uso en solitario o un emocionante juego en pareja.<\/p>\n<p>Juega con confianza: este enchufe est\u00e1 hecho con silicona segura para el cuerpo, no porosa y libre de ftalatos.<br \/>\nUsalo solo con lubricante a base de agua, el material de silicona es incompatible con los lubricantes a base de silicona.<\/p>\n<p>\nDimensiones del producto: 10,4 x 6,2 x 3,2 cm<br \/>\nLongitud insertable: 8,9 cm<br \/>\nRecargable: S\u00ed<br \/>\nTiempo de recarga: 90 min<br \/>\nVida de la recarga de las bater\u00edas: 60 min<\/p>\n","protected":false},"excerpt":{"rendered":"<p>21X VIBRATING SILICONE BUTT PLUG WITH REMOTE CONTROL &#8211; PINK \u00a1Siente el poder sublime del tap\u00f3n anal de silicona suave<\/p>\n","protected":false},"featured_media":70952,"comment_status":"open","ping_status":"open","template":"","meta":[],"product_cat":[295],"product_tag":[1104,274],"class_list":["post-70951","product","type-product","status-publish","has-post-thumbnail","hentry","product_cat-vibradores-plugs","product_tag-bang","product_tag-xr-brands"],"bundled_by":[],"bundle_stock_status":"instock","bundle_stock_quantity":1,"bundle_virtual":false,"bundle_layout":"","bundle_add_to_cart_form_location":"","bundle_editable_in_cart":false,"bundle_sold_individually_context":"","bundle_item_grouping":"","bundle_min_size":"","bundle_max_size":"","bundled_items":[],"yoast_head":"<!-- This site is optimized with the Yoast SEO plugin v20.6 - https:\/\/yoast.com\/wordpress\/plugins\/seo\/ -->\n<title>21X PLUG DE SILICONA CON CONTROL REMOTO - ROSA - Tienda Er\u00f3tica<\/title>\n<meta name=\"robots\" content=\"noindex, follow, max-snippet:-1, max-image-preview:large, max-video-preview:-1\" \/>\n<meta property=\"og:locale\" content=\"es_ES\" \/>\n<meta property=\"og:type\" content=\"article\" \/>\n<meta property=\"og:title\" content=\"21X PLUG DE SILICONA CON CONTROL REMOTO - ROSA - Tienda Er\u00f3tica\" \/>\n<meta property=\"og:description\" content=\"21X VIBRATING SILICONE BUTT PLUG WITH REMOTE CONTROL &#8211; PINK \u00a1Siente el poder sublime del tap\u00f3n anal de silicona suave\" \/>\n<meta property=\"og:url\" content=\"https:\/\/demoweb.info\/sexshop001\/producto\/21x-plug-de-silicona-con-control-remoto-rosa\/\" \/>\n<meta property=\"og:site_name\" content=\"Tienda Er\u00f3tica\" \/>\n<meta property=\"article:modified_time\" content=\"2022-01-22T19:39:10+00:00\" \/>\n<meta property=\"og:image\" content=\"https:\/\/demoweb.info\/sexshop001\/wp-content\/uploads\/2022\/01\/21X-PLUG-DE-SILICONA-CON-CONTROL-REMOTO-ROSA.jpg\" \/>\n\t<meta property=\"og:image:width\" content=\"550\" \/>\n\t<meta property=\"og:image:height\" content=\"550\" \/>\n\t<meta property=\"og:image:type\" content=\"image\/jpeg\" \/>\n<meta name=\"twitter:card\" content=\"summary_large_image\" \/>\n<meta name=\"twitter:label1\" content=\"Tiempo de lectura\" \/>\n\t<meta name=\"twitter:data1\" content=\"1 minuto\" \/>\n<script type=\"application\/ld+json\" class=\"yoast-schema-graph\">{\"@context\":\"https:\/\/schema.org\",\"@graph\":[{\"@type\":\"WebPage\",\"@id\":\"https:\/\/demoweb.info\/sexshop001\/producto\/21x-plug-de-silicona-con-control-remoto-rosa\/\",\"url\":\"https:\/\/demoweb.info\/sexshop001\/producto\/21x-plug-de-silicona-con-control-remoto-rosa\/\",\"name\":\"21X PLUG DE SILICONA CON CONTROL REMOTO - ROSA - Tienda Er\u00f3tica\",\"isPartOf\":{\"@id\":\"https:\/\/demoweb.info\/sexshop001\/#website\"},\"datePublished\":\"2022-01-22T19:39:06+00:00\",\"dateModified\":\"2022-01-22T19:39:10+00:00\",\"breadcrumb\":{\"@id\":\"https:\/\/demoweb.info\/sexshop001\/producto\/21x-plug-de-silicona-con-control-remoto-rosa\/#breadcrumb\"},\"inLanguage\":\"es\",\"potentialAction\":[{\"@type\":\"ReadAction\",\"target\":[\"https:\/\/demoweb.info\/sexshop001\/producto\/21x-plug-de-silicona-con-control-remoto-rosa\/\"]}]},{\"@type\":\"BreadcrumbList\",\"@id\":\"https:\/\/demoweb.info\/sexshop001\/producto\/21x-plug-de-silicona-con-control-remoto-rosa\/#breadcrumb\",\"itemListElement\":[{\"@type\":\"ListItem\",\"position\":1,\"name\":\"Portada\",\"item\":\"https:\/\/demoweb.info\/sexshop001\/\"},{\"@type\":\"ListItem\",\"position\":2,\"name\":\"Tienda\",\"item\":\"https:\/\/demoweb.info\/sexshop001\/tienda\/\"},{\"@type\":\"ListItem\",\"position\":3,\"name\":\"21X PLUG DE SILICONA CON CONTROL REMOTO &#8211; ROSA\"}]},{\"@type\":\"WebSite\",\"@id\":\"https:\/\/demoweb.info\/sexshop001\/#website\",\"url\":\"https:\/\/demoweb.info\/sexshop001\/\",\"name\":\"Tienda Er\u00f3tica\",\"description\":\"DEMOWEB SL\",\"potentialAction\":[{\"@type\":\"SearchAction\",\"target\":{\"@type\":\"EntryPoint\",\"urlTemplate\":\"https:\/\/demoweb.info\/sexshop001\/?s={search_term_string}\"},\"query-input\":\"required name=search_term_string\"}],\"inLanguage\":\"es\"}]}<\/script>\n<!-- \/ Yoast SEO plugin. -->","yoast_head_json":{"title":"21X PLUG DE SILICONA CON CONTROL REMOTO - ROSA - Tienda Er\u00f3tica","robots":{"index":"noindex","follow":"follow","max-snippet":"max-snippet:-1","max-image-preview":"max-image-preview:large","max-video-preview":"max-video-preview:-1"},"og_locale":"es_ES","og_type":"article","og_title":"21X PLUG DE SILICONA CON CONTROL REMOTO - ROSA - Tienda Er\u00f3tica","og_description":"21X VIBRATING SILICONE BUTT PLUG WITH REMOTE CONTROL &#8211; PINK \u00a1Siente el poder sublime del tap\u00f3n anal de silicona suave","og_url":"https:\/\/demoweb.info\/sexshop001\/producto\/21x-plug-de-silicona-con-control-remoto-rosa\/","og_site_name":"Tienda Er\u00f3tica","article_modified_time":"2022-01-22T19:39:10+00:00","og_image":[{"width":550,"height":550,"url":"https:\/\/demoweb.info\/sexshop001\/wp-content\/uploads\/2022\/01\/21X-PLUG-DE-SILICONA-CON-CONTROL-REMOTO-ROSA.jpg","type":"image\/jpeg"}],"twitter_card":"summary_large_image","twitter_misc":{"Tiempo de lectura":"1 minuto"},"schema":{"@context":"https:\/\/schema.org","@graph":[{"@type":"WebPage","@id":"https:\/\/demoweb.info\/sexshop001\/producto\/21x-plug-de-silicona-con-control-remoto-rosa\/","url":"https:\/\/demoweb.info\/sexshop001\/producto\/21x-plug-de-silicona-con-control-remoto-rosa\/","name":"21X PLUG DE SILICONA CON CONTROL REMOTO - ROSA - Tienda Er\u00f3tica","isPartOf":{"@id":"https:\/\/demoweb.info\/sexshop001\/#website"},"datePublished":"2022-01-22T19:39:06+00:00","dateModified":"2022-01-22T19:39:10+00:00","breadcrumb":{"@id":"https:\/\/demoweb.info\/sexshop001\/producto\/21x-plug-de-silicona-con-control-remoto-rosa\/#breadcrumb"},"inLanguage":"es","potentialAction":[{"@type":"ReadAction","target":["https:\/\/demoweb.info\/sexshop001\/producto\/21x-plug-de-silicona-con-control-remoto-rosa\/"]}]},{"@type":"BreadcrumbList","@id":"https:\/\/demoweb.info\/sexshop001\/producto\/21x-plug-de-silicona-con-control-remoto-rosa\/#breadcrumb","itemListElement":[{"@type":"ListItem","position":1,"name":"Portada","item":"https:\/\/demoweb.info\/sexshop001\/"},{"@type":"ListItem","position":2,"name":"Tienda","item":"https:\/\/demoweb.info\/sexshop001\/tienda\/"},{"@type":"ListItem","position":3,"name":"21X PLUG DE SILICONA CON CONTROL REMOTO &#8211; ROSA"}]},{"@type":"WebSite","@id":"https:\/\/demoweb.info\/sexshop001\/#website","url":"https:\/\/demoweb.info\/sexshop001\/","name":"Tienda Er\u00f3tica","description":"DEMOWEB SL","potentialAction":[{"@type":"SearchAction","target":{"@type":"EntryPoint","urlTemplate":"https:\/\/demoweb.info\/sexshop001\/?s={search_term_string}"},"query-input":"required name=search_term_string"}],"inLanguage":"es"}]}},"_links":{"self":[{"href":"https:\/\/demoweb.info\/sexshop001\/wp-json\/wp\/v3\/product\/70951","targetHints":{"allow":["GET"]}}],"collection":[{"href":"https:\/\/demoweb.info\/sexshop001\/wp-json\/wp\/v3\/product"}],"about":[{"href":"https:\/\/demoweb.info\/sexshop001\/wp-json\/wp\/v2\/types\/product"}],"replies":[{"embeddable":true,"href":"https:\/\/demoweb.info\/sexshop001\/wp-json\/wp\/v2\/comments?post=70951"}],"wp:featuredmedia":[{"embeddable":true,"href":"https:\/\/demoweb.info\/sexshop001\/wp-json\/wp\/v2\/media\/70952"}],"wp:attachment":[{"href":"https:\/\/demoweb.info\/sexshop001\/wp-json\/wp\/v2\/media?parent=70951"}],"wp:term":[{"taxonomy":"product_cat","embeddable":true,"href":"https:\/\/demoweb.info\/sexshop001\/wp-json\/wp\/v2\/product_cat?post=70951"},{"taxonomy":"product_tag","embeddable":true,"href":"https:\/\/demoweb.info\/sexshop001\/wp-json\/wp\/v2\/product_tag?post=70951"}],"curies":[{"name":"wp","href":"https:\/\/api.w.org\/{rel}","templated":true}]}}