{"id":70890,"date":"2022-01-22T20:38:16","date_gmt":"2022-01-22T19:38:16","guid":{"rendered":"https:\/\/demoweb.info\/sexshop001\/producto\/fleshjack-boys-colby-keller-pene-realistico-de-silicona\/"},"modified":"2022-01-22T20:38:27","modified_gmt":"2022-01-22T19:38:27","slug":"fleshjack-boys-colby-keller-pene-realistico-de-silicona","status":"publish","type":"product","link":"https:\/\/demoweb.info\/sexshop001\/producto\/fleshjack-boys-colby-keller-pene-realistico-de-silicona\/","title":{"rendered":"FLESHJACK BOYS COLBY KELLER PENE REAL\u00cdSTICO DE SILICONA"},"content":{"rendered":"<p><strong>FLESHJACK BOYS COLBY KELLER SILICONE DILDO <\/strong><\/p>\n<p>Nacido en Michigan en 1980, Colby Keller se cri\u00f3 en Texas y asisti\u00f3 a la Universidad de Houston para estudios de grado. Luego se inscribi\u00f3 en el Maryland Institute College of Art, donde obtuvo una maestr\u00eda en bellas artes, artes visuales y esc\u00e9nicas. Keller entr\u00f3 en el mundo del porno gay en 2004, filmando con Sean Cody. Desde entonces, Keller ha filmado con la mayor\u00eda de los principales estudios para adultos gays, incluidos Randy Blue, Titan Men, Falcon, CockyBoys y Men.com.<\/p>\n<p>DILDO REAL\u00cdSTICO<\/p>\n<p>El consolador Fleshjack te trae cada cent\u00edmetro de este potente actor. El dildo est\u00e1 hecho con la silicona platino curada de la m\u00e1s alta calidad para una mayor durabilidad y una sensaci\u00f3n verdaderamente real.<\/p>\n<p>La longitud m\u00e1xima de entrada del consolador es de 19 cm.<\/p>\n","protected":false},"excerpt":{"rendered":"<p>FLESHJACK BOYS COLBY KELLER SILICONE DILDO Nacido en Michigan en 1980, Colby Keller se cri\u00f3 en Texas y asisti\u00f3 a<\/p>\n","protected":false},"featured_media":70891,"comment_status":"open","ping_status":"open","template":"","meta":[],"product_cat":[545],"product_tag":[1080,576],"class_list":["post-70890","product","type-product","status-publish","has-post-thumbnail","hentry","product_cat-de-actores","product_tag-fleshjack-boys","product_tag-fleshlight"],"bundled_by":[],"bundle_stock_status":"instock","bundle_stock_quantity":3,"bundle_virtual":false,"bundle_layout":"","bundle_add_to_cart_form_location":"","bundle_editable_in_cart":false,"bundle_sold_individually_context":"","bundle_item_grouping":"","bundle_min_size":"","bundle_max_size":"","bundled_items":[],"yoast_head":"<!-- This site is optimized with the Yoast SEO plugin v20.6 - https:\/\/yoast.com\/wordpress\/plugins\/seo\/ -->\n<title>FLESHJACK BOYS COLBY KELLER PENE REAL\u00cdSTICO DE SILICONA - Tienda Er\u00f3tica<\/title>\n<meta name=\"robots\" content=\"noindex, follow, max-snippet:-1, max-image-preview:large, max-video-preview:-1\" \/>\n<meta property=\"og:locale\" content=\"es_ES\" \/>\n<meta property=\"og:type\" content=\"article\" \/>\n<meta property=\"og:title\" content=\"FLESHJACK BOYS COLBY KELLER PENE REAL\u00cdSTICO DE SILICONA - Tienda Er\u00f3tica\" \/>\n<meta property=\"og:description\" content=\"FLESHJACK BOYS COLBY KELLER SILICONE DILDO Nacido en Michigan en 1980, Colby Keller se cri\u00f3 en Texas y asisti\u00f3 a\" \/>\n<meta property=\"og:url\" content=\"https:\/\/demoweb.info\/sexshop001\/producto\/fleshjack-boys-colby-keller-pene-realistico-de-silicona\/\" \/>\n<meta property=\"og:site_name\" content=\"Tienda Er\u00f3tica\" \/>\n<meta property=\"article:modified_time\" content=\"2022-01-22T19:38:27+00:00\" \/>\n<meta property=\"og:image\" content=\"https:\/\/demoweb.info\/sexshop001\/wp-content\/uploads\/2022\/01\/FLESHJACK-BOYS-COLBY-KELLER-PENE-REALISTICO-DE-SILICONA.jpg\" \/>\n\t<meta property=\"og:image:width\" content=\"550\" \/>\n\t<meta property=\"og:image:height\" content=\"550\" \/>\n\t<meta property=\"og:image:type\" content=\"image\/jpeg\" \/>\n<meta name=\"twitter:card\" content=\"summary_large_image\" \/>\n<meta name=\"twitter:label1\" content=\"Tiempo de lectura\" \/>\n\t<meta name=\"twitter:data1\" content=\"1 minuto\" \/>\n<script type=\"application\/ld+json\" class=\"yoast-schema-graph\">{\"@context\":\"https:\/\/schema.org\",\"@graph\":[{\"@type\":\"WebPage\",\"@id\":\"https:\/\/demoweb.info\/sexshop001\/producto\/fleshjack-boys-colby-keller-pene-realistico-de-silicona\/\",\"url\":\"https:\/\/demoweb.info\/sexshop001\/producto\/fleshjack-boys-colby-keller-pene-realistico-de-silicona\/\",\"name\":\"FLESHJACK BOYS COLBY KELLER PENE REAL\u00cdSTICO DE SILICONA - Tienda Er\u00f3tica\",\"isPartOf\":{\"@id\":\"https:\/\/demoweb.info\/sexshop001\/#website\"},\"datePublished\":\"2022-01-22T19:38:16+00:00\",\"dateModified\":\"2022-01-22T19:38:27+00:00\",\"breadcrumb\":{\"@id\":\"https:\/\/demoweb.info\/sexshop001\/producto\/fleshjack-boys-colby-keller-pene-realistico-de-silicona\/#breadcrumb\"},\"inLanguage\":\"es\",\"potentialAction\":[{\"@type\":\"ReadAction\",\"target\":[\"https:\/\/demoweb.info\/sexshop001\/producto\/fleshjack-boys-colby-keller-pene-realistico-de-silicona\/\"]}]},{\"@type\":\"BreadcrumbList\",\"@id\":\"https:\/\/demoweb.info\/sexshop001\/producto\/fleshjack-boys-colby-keller-pene-realistico-de-silicona\/#breadcrumb\",\"itemListElement\":[{\"@type\":\"ListItem\",\"position\":1,\"name\":\"Portada\",\"item\":\"https:\/\/demoweb.info\/sexshop001\/\"},{\"@type\":\"ListItem\",\"position\":2,\"name\":\"Tienda\",\"item\":\"https:\/\/demoweb.info\/sexshop001\/tienda\/\"},{\"@type\":\"ListItem\",\"position\":3,\"name\":\"FLESHJACK BOYS COLBY KELLER PENE REAL\u00cdSTICO DE SILICONA\"}]},{\"@type\":\"WebSite\",\"@id\":\"https:\/\/demoweb.info\/sexshop001\/#website\",\"url\":\"https:\/\/demoweb.info\/sexshop001\/\",\"name\":\"Tienda Er\u00f3tica\",\"description\":\"DEMOWEB SL\",\"potentialAction\":[{\"@type\":\"SearchAction\",\"target\":{\"@type\":\"EntryPoint\",\"urlTemplate\":\"https:\/\/demoweb.info\/sexshop001\/?s={search_term_string}\"},\"query-input\":\"required name=search_term_string\"}],\"inLanguage\":\"es\"}]}<\/script>\n<!-- \/ Yoast SEO plugin. -->","yoast_head_json":{"title":"FLESHJACK BOYS COLBY KELLER PENE REAL\u00cdSTICO DE SILICONA - Tienda Er\u00f3tica","robots":{"index":"noindex","follow":"follow","max-snippet":"max-snippet:-1","max-image-preview":"max-image-preview:large","max-video-preview":"max-video-preview:-1"},"og_locale":"es_ES","og_type":"article","og_title":"FLESHJACK BOYS COLBY KELLER PENE REAL\u00cdSTICO DE SILICONA - Tienda Er\u00f3tica","og_description":"FLESHJACK BOYS COLBY KELLER SILICONE DILDO Nacido en Michigan en 1980, Colby Keller se cri\u00f3 en Texas y asisti\u00f3 a","og_url":"https:\/\/demoweb.info\/sexshop001\/producto\/fleshjack-boys-colby-keller-pene-realistico-de-silicona\/","og_site_name":"Tienda Er\u00f3tica","article_modified_time":"2022-01-22T19:38:27+00:00","og_image":[{"width":550,"height":550,"url":"https:\/\/demoweb.info\/sexshop001\/wp-content\/uploads\/2022\/01\/FLESHJACK-BOYS-COLBY-KELLER-PENE-REALISTICO-DE-SILICONA.jpg","type":"image\/jpeg"}],"twitter_card":"summary_large_image","twitter_misc":{"Tiempo de lectura":"1 minuto"},"schema":{"@context":"https:\/\/schema.org","@graph":[{"@type":"WebPage","@id":"https:\/\/demoweb.info\/sexshop001\/producto\/fleshjack-boys-colby-keller-pene-realistico-de-silicona\/","url":"https:\/\/demoweb.info\/sexshop001\/producto\/fleshjack-boys-colby-keller-pene-realistico-de-silicona\/","name":"FLESHJACK BOYS COLBY KELLER PENE REAL\u00cdSTICO DE SILICONA - Tienda Er\u00f3tica","isPartOf":{"@id":"https:\/\/demoweb.info\/sexshop001\/#website"},"datePublished":"2022-01-22T19:38:16+00:00","dateModified":"2022-01-22T19:38:27+00:00","breadcrumb":{"@id":"https:\/\/demoweb.info\/sexshop001\/producto\/fleshjack-boys-colby-keller-pene-realistico-de-silicona\/#breadcrumb"},"inLanguage":"es","potentialAction":[{"@type":"ReadAction","target":["https:\/\/demoweb.info\/sexshop001\/producto\/fleshjack-boys-colby-keller-pene-realistico-de-silicona\/"]}]},{"@type":"BreadcrumbList","@id":"https:\/\/demoweb.info\/sexshop001\/producto\/fleshjack-boys-colby-keller-pene-realistico-de-silicona\/#breadcrumb","itemListElement":[{"@type":"ListItem","position":1,"name":"Portada","item":"https:\/\/demoweb.info\/sexshop001\/"},{"@type":"ListItem","position":2,"name":"Tienda","item":"https:\/\/demoweb.info\/sexshop001\/tienda\/"},{"@type":"ListItem","position":3,"name":"FLESHJACK BOYS COLBY KELLER PENE REAL\u00cdSTICO DE SILICONA"}]},{"@type":"WebSite","@id":"https:\/\/demoweb.info\/sexshop001\/#website","url":"https:\/\/demoweb.info\/sexshop001\/","name":"Tienda Er\u00f3tica","description":"DEMOWEB SL","potentialAction":[{"@type":"SearchAction","target":{"@type":"EntryPoint","urlTemplate":"https:\/\/demoweb.info\/sexshop001\/?s={search_term_string}"},"query-input":"required name=search_term_string"}],"inLanguage":"es"}]}},"_links":{"self":[{"href":"https:\/\/demoweb.info\/sexshop001\/wp-json\/wp\/v3\/product\/70890","targetHints":{"allow":["GET"]}}],"collection":[{"href":"https:\/\/demoweb.info\/sexshop001\/wp-json\/wp\/v3\/product"}],"about":[{"href":"https:\/\/demoweb.info\/sexshop001\/wp-json\/wp\/v2\/types\/product"}],"replies":[{"embeddable":true,"href":"https:\/\/demoweb.info\/sexshop001\/wp-json\/wp\/v2\/comments?post=70890"}],"wp:featuredmedia":[{"embeddable":true,"href":"https:\/\/demoweb.info\/sexshop001\/wp-json\/wp\/v2\/media\/70891"}],"wp:attachment":[{"href":"https:\/\/demoweb.info\/sexshop001\/wp-json\/wp\/v2\/media?parent=70890"}],"wp:term":[{"taxonomy":"product_cat","embeddable":true,"href":"https:\/\/demoweb.info\/sexshop001\/wp-json\/wp\/v2\/product_cat?post=70890"},{"taxonomy":"product_tag","embeddable":true,"href":"https:\/\/demoweb.info\/sexshop001\/wp-json\/wp\/v2\/product_tag?post=70890"}],"curies":[{"name":"wp","href":"https:\/\/api.w.org\/{rel}","templated":true}]}}