{"id":70886,"date":"2022-01-22T20:38:16","date_gmt":"2022-01-22T19:38:16","guid":{"rendered":"https:\/\/demoweb.info\/sexshop001\/producto\/fleshjack-boys-boomer-banks-pene-realistico-de-silicona\/"},"modified":"2022-01-22T20:38:24","modified_gmt":"2022-01-22T19:38:24","slug":"fleshjack-boys-boomer-banks-pene-realistico-de-silicona","status":"publish","type":"product","link":"https:\/\/demoweb.info\/sexshop001\/producto\/fleshjack-boys-boomer-banks-pene-realistico-de-silicona\/","title":{"rendered":"FLESHJACK BOYS BOOMER BANKS PENE REAL\u00cdSTICO DE SILICONA"},"content":{"rendered":"<p><strong>FLESHJACK BOYS BOOMER BANKS SILICONE DILDO <\/strong><\/p>\n<p>La palabra perfecci\u00f3n puede ser usada en exceso, pero cuando se describe a Boomer Banks, la perfecci\u00f3n es casi demasiado simple. Desde un cuerpo ondulado perfecto, movimientos estimulantes en sus tomas de pornograf\u00eda y un impulso para hacer que el mundo acepte m\u00e1s, Banks es el sue\u00f1o.<\/p>\n<p>Boomer Banks adorna su cuerpo con tatuajes que lo desgastan como un mural. Su cuerpo es una obra de arte art\u00edstica y f\u00edsica. Su pene mide 23 cm y, mientras que en las entrevistas, humildemente niega que su consolador Fleshjack sea su longitud exacta, una mirada a su espada sin cortar y es obvio que es demasiado humilde. \u00c9l es cada parte de la piel que representa su eje de modelo Fleshjack. Cuando sientes que primero se desliza profundamente dentro de ti, tu respiraci\u00f3n puede ser tomada.<\/p>\n<p>En sus pel\u00edculas porno, est\u00e1 abierto a cualquier posici\u00f3n sexual, pero el topping es un favorito personal. Sus pel\u00edculas son variadas, mostrando sexo gay acoplado apasionado y tr\u00edos salvajes.<\/p>\n<p>BOOMER BANKS TOMA SU GIRO<br \/>\nEl consolador Fleshjack te trae cada cent\u00edmetro de Boomer Banks. El dildo est\u00e1 hecho con la silicona platino curada de la m\u00e1s alta calidad para una mayor durabilidad y una sensaci\u00f3n verdaderamente real. Como Banks es famoso sin cortes, sentir\u00e1s todo de \u00e9l. Una vez que ha entrado su punta, sentir\u00e1s el empuje de su prepucio contra ti. Tomar\u00e1s un poco de persuasi\u00f3n, un poco m\u00e1s de empuje, y sabr\u00e1s el sentimiento experimentado por cada estrella porno que Boomer ha dominado. Este juguete sexual de Boomer Banks podr\u00eda hacer historia por su tama\u00f1o realista, grosor, prepucio y profundidad.<\/p>\n<p>La longitud m\u00e1xima de entrada del consolador es de 18,4 cm. Eso es suficiente para rogar por misericordia &#8230; o desear tanto que se pierda el sue\u00f1o.<\/p>\n","protected":false},"excerpt":{"rendered":"<p>FLESHJACK BOYS BOOMER BANKS SILICONE DILDO La palabra perfecci\u00f3n puede ser usada en exceso, pero cuando se describe a Boomer<\/p>\n","protected":false},"featured_media":70887,"comment_status":"open","ping_status":"open","template":"","meta":[],"product_cat":[545],"product_tag":[1080,576],"class_list":["post-70886","product","type-product","status-publish","has-post-thumbnail","hentry","product_cat-de-actores","product_tag-fleshjack-boys","product_tag-fleshlight"],"bundled_by":[],"bundle_stock_status":"instock","bundle_stock_quantity":1,"bundle_virtual":false,"bundle_layout":"","bundle_add_to_cart_form_location":"","bundle_editable_in_cart":false,"bundle_sold_individually_context":"","bundle_item_grouping":"","bundle_min_size":"","bundle_max_size":"","bundled_items":[],"yoast_head":"<!-- This site is optimized with the Yoast SEO plugin v20.6 - https:\/\/yoast.com\/wordpress\/plugins\/seo\/ -->\n<title>FLESHJACK BOYS BOOMER BANKS PENE REAL\u00cdSTICO DE SILICONA - Tienda Er\u00f3tica<\/title>\n<meta name=\"robots\" content=\"noindex, follow, max-snippet:-1, max-image-preview:large, max-video-preview:-1\" \/>\n<meta property=\"og:locale\" content=\"es_ES\" \/>\n<meta property=\"og:type\" content=\"article\" \/>\n<meta property=\"og:title\" content=\"FLESHJACK BOYS BOOMER BANKS PENE REAL\u00cdSTICO DE SILICONA - Tienda Er\u00f3tica\" \/>\n<meta property=\"og:description\" content=\"FLESHJACK BOYS BOOMER BANKS SILICONE DILDO La palabra perfecci\u00f3n puede ser usada en exceso, pero cuando se describe a Boomer\" \/>\n<meta property=\"og:url\" content=\"https:\/\/demoweb.info\/sexshop001\/producto\/fleshjack-boys-boomer-banks-pene-realistico-de-silicona\/\" \/>\n<meta property=\"og:site_name\" content=\"Tienda Er\u00f3tica\" \/>\n<meta property=\"article:modified_time\" content=\"2022-01-22T19:38:24+00:00\" \/>\n<meta property=\"og:image\" content=\"https:\/\/demoweb.info\/sexshop001\/wp-content\/uploads\/2022\/01\/FLESHJACK-BOYS-BOOMER-BANKS-PENE-REALISTICO-DE-SILICONA.jpg\" \/>\n\t<meta property=\"og:image:width\" content=\"550\" \/>\n\t<meta property=\"og:image:height\" content=\"550\" \/>\n\t<meta property=\"og:image:type\" content=\"image\/jpeg\" \/>\n<meta name=\"twitter:card\" content=\"summary_large_image\" \/>\n<meta name=\"twitter:label1\" content=\"Tiempo de lectura\" \/>\n\t<meta name=\"twitter:data1\" content=\"2 minutos\" \/>\n<script type=\"application\/ld+json\" class=\"yoast-schema-graph\">{\"@context\":\"https:\/\/schema.org\",\"@graph\":[{\"@type\":\"WebPage\",\"@id\":\"https:\/\/demoweb.info\/sexshop001\/producto\/fleshjack-boys-boomer-banks-pene-realistico-de-silicona\/\",\"url\":\"https:\/\/demoweb.info\/sexshop001\/producto\/fleshjack-boys-boomer-banks-pene-realistico-de-silicona\/\",\"name\":\"FLESHJACK BOYS BOOMER BANKS PENE REAL\u00cdSTICO DE SILICONA - Tienda Er\u00f3tica\",\"isPartOf\":{\"@id\":\"https:\/\/demoweb.info\/sexshop001\/#website\"},\"datePublished\":\"2022-01-22T19:38:16+00:00\",\"dateModified\":\"2022-01-22T19:38:24+00:00\",\"breadcrumb\":{\"@id\":\"https:\/\/demoweb.info\/sexshop001\/producto\/fleshjack-boys-boomer-banks-pene-realistico-de-silicona\/#breadcrumb\"},\"inLanguage\":\"es\",\"potentialAction\":[{\"@type\":\"ReadAction\",\"target\":[\"https:\/\/demoweb.info\/sexshop001\/producto\/fleshjack-boys-boomer-banks-pene-realistico-de-silicona\/\"]}]},{\"@type\":\"BreadcrumbList\",\"@id\":\"https:\/\/demoweb.info\/sexshop001\/producto\/fleshjack-boys-boomer-banks-pene-realistico-de-silicona\/#breadcrumb\",\"itemListElement\":[{\"@type\":\"ListItem\",\"position\":1,\"name\":\"Portada\",\"item\":\"https:\/\/demoweb.info\/sexshop001\/\"},{\"@type\":\"ListItem\",\"position\":2,\"name\":\"Tienda\",\"item\":\"https:\/\/demoweb.info\/sexshop001\/tienda\/\"},{\"@type\":\"ListItem\",\"position\":3,\"name\":\"FLESHJACK BOYS BOOMER BANKS PENE REAL\u00cdSTICO DE SILICONA\"}]},{\"@type\":\"WebSite\",\"@id\":\"https:\/\/demoweb.info\/sexshop001\/#website\",\"url\":\"https:\/\/demoweb.info\/sexshop001\/\",\"name\":\"Tienda Er\u00f3tica\",\"description\":\"DEMOWEB SL\",\"potentialAction\":[{\"@type\":\"SearchAction\",\"target\":{\"@type\":\"EntryPoint\",\"urlTemplate\":\"https:\/\/demoweb.info\/sexshop001\/?s={search_term_string}\"},\"query-input\":\"required name=search_term_string\"}],\"inLanguage\":\"es\"}]}<\/script>\n<!-- \/ Yoast SEO plugin. -->","yoast_head_json":{"title":"FLESHJACK BOYS BOOMER BANKS PENE REAL\u00cdSTICO DE SILICONA - Tienda Er\u00f3tica","robots":{"index":"noindex","follow":"follow","max-snippet":"max-snippet:-1","max-image-preview":"max-image-preview:large","max-video-preview":"max-video-preview:-1"},"og_locale":"es_ES","og_type":"article","og_title":"FLESHJACK BOYS BOOMER BANKS PENE REAL\u00cdSTICO DE SILICONA - Tienda Er\u00f3tica","og_description":"FLESHJACK BOYS BOOMER BANKS SILICONE DILDO La palabra perfecci\u00f3n puede ser usada en exceso, pero cuando se describe a Boomer","og_url":"https:\/\/demoweb.info\/sexshop001\/producto\/fleshjack-boys-boomer-banks-pene-realistico-de-silicona\/","og_site_name":"Tienda Er\u00f3tica","article_modified_time":"2022-01-22T19:38:24+00:00","og_image":[{"width":550,"height":550,"url":"https:\/\/demoweb.info\/sexshop001\/wp-content\/uploads\/2022\/01\/FLESHJACK-BOYS-BOOMER-BANKS-PENE-REALISTICO-DE-SILICONA.jpg","type":"image\/jpeg"}],"twitter_card":"summary_large_image","twitter_misc":{"Tiempo de lectura":"2 minutos"},"schema":{"@context":"https:\/\/schema.org","@graph":[{"@type":"WebPage","@id":"https:\/\/demoweb.info\/sexshop001\/producto\/fleshjack-boys-boomer-banks-pene-realistico-de-silicona\/","url":"https:\/\/demoweb.info\/sexshop001\/producto\/fleshjack-boys-boomer-banks-pene-realistico-de-silicona\/","name":"FLESHJACK BOYS BOOMER BANKS PENE REAL\u00cdSTICO DE SILICONA - Tienda Er\u00f3tica","isPartOf":{"@id":"https:\/\/demoweb.info\/sexshop001\/#website"},"datePublished":"2022-01-22T19:38:16+00:00","dateModified":"2022-01-22T19:38:24+00:00","breadcrumb":{"@id":"https:\/\/demoweb.info\/sexshop001\/producto\/fleshjack-boys-boomer-banks-pene-realistico-de-silicona\/#breadcrumb"},"inLanguage":"es","potentialAction":[{"@type":"ReadAction","target":["https:\/\/demoweb.info\/sexshop001\/producto\/fleshjack-boys-boomer-banks-pene-realistico-de-silicona\/"]}]},{"@type":"BreadcrumbList","@id":"https:\/\/demoweb.info\/sexshop001\/producto\/fleshjack-boys-boomer-banks-pene-realistico-de-silicona\/#breadcrumb","itemListElement":[{"@type":"ListItem","position":1,"name":"Portada","item":"https:\/\/demoweb.info\/sexshop001\/"},{"@type":"ListItem","position":2,"name":"Tienda","item":"https:\/\/demoweb.info\/sexshop001\/tienda\/"},{"@type":"ListItem","position":3,"name":"FLESHJACK BOYS BOOMER BANKS PENE REAL\u00cdSTICO DE SILICONA"}]},{"@type":"WebSite","@id":"https:\/\/demoweb.info\/sexshop001\/#website","url":"https:\/\/demoweb.info\/sexshop001\/","name":"Tienda Er\u00f3tica","description":"DEMOWEB SL","potentialAction":[{"@type":"SearchAction","target":{"@type":"EntryPoint","urlTemplate":"https:\/\/demoweb.info\/sexshop001\/?s={search_term_string}"},"query-input":"required name=search_term_string"}],"inLanguage":"es"}]}},"_links":{"self":[{"href":"https:\/\/demoweb.info\/sexshop001\/wp-json\/wp\/v3\/product\/70886","targetHints":{"allow":["GET"]}}],"collection":[{"href":"https:\/\/demoweb.info\/sexshop001\/wp-json\/wp\/v3\/product"}],"about":[{"href":"https:\/\/demoweb.info\/sexshop001\/wp-json\/wp\/v2\/types\/product"}],"replies":[{"embeddable":true,"href":"https:\/\/demoweb.info\/sexshop001\/wp-json\/wp\/v2\/comments?post=70886"}],"wp:featuredmedia":[{"embeddable":true,"href":"https:\/\/demoweb.info\/sexshop001\/wp-json\/wp\/v2\/media\/70887"}],"wp:attachment":[{"href":"https:\/\/demoweb.info\/sexshop001\/wp-json\/wp\/v2\/media?parent=70886"}],"wp:term":[{"taxonomy":"product_cat","embeddable":true,"href":"https:\/\/demoweb.info\/sexshop001\/wp-json\/wp\/v2\/product_cat?post=70886"},{"taxonomy":"product_tag","embeddable":true,"href":"https:\/\/demoweb.info\/sexshop001\/wp-json\/wp\/v2\/product_tag?post=70886"}],"curies":[{"name":"wp","href":"https:\/\/api.w.org\/{rel}","templated":true}]}}