{"id":70884,"date":"2022-01-22T20:38:16","date_gmt":"2022-01-22T19:38:16","guid":{"rendered":"https:\/\/demoweb.info\/sexshop001\/producto\/fleshlight-girls-lana-rhodes-destiny-butt\/"},"modified":"2022-01-22T20:38:23","modified_gmt":"2022-01-22T19:38:23","slug":"fleshlight-girls-lana-rhodes-destiny-butt","status":"publish","type":"product","link":"https:\/\/demoweb.info\/sexshop001\/producto\/fleshlight-girls-lana-rhodes-destiny-butt\/","title":{"rendered":"FLESHLIGHT GIRLS LANA RHODES DESTINY BUTT"},"content":{"rendered":"<p><strong>FLESHLIGHT GIRLS LANA RHODES DESTINY BUTT<\/strong><\/p>\n<p>\u00bfQu\u00e9 obtienes cuando tienes una ni\u00f1a incre\u00edblemente hermosa que es criada por padres extremadamente religiosos en un peque\u00f1o pueblo fuera de Chicago? Nada menos que Lana Rhoades, la joven bomba que es quiz\u00e1s mejor conocida por sus incre\u00edbles ojos azules que, si fueran m\u00e1s brillantes, perforar\u00edan su alma mientras le da su distintivo resplandor sensual. Como una de las chicas Fleshlight m\u00e1s j\u00f3venes hasta la fecha, esta belleza se une a nuestra l\u00ednea de estrellas porno milenarias de rostro fresco que est\u00e1n cambiando la forma en que la sociedad moderna evoca las fantas\u00edas adultas.<\/p>\n<p>A la edad de 18 a\u00f1os, Lana decidi\u00f3 que estaba lista para seguir los pasos de sus antecesores porno. Ella hizo algunos modelos en solitario para FTV Girls y comenz\u00f3 a desnudarse. A su debido tiempo, Lana comenz\u00f3 a convertirse en un nombre familiar y una artista muy buscada &#8230; no solo por su aspecto sino tambi\u00e9n por su habilidad para conquistar muchos g\u00e9neros: lesbiana, hardcore, interracial y muchos m\u00e1s.<\/p>\n<p><strong>FLESHLIGHT SENSATION: KARMA<\/strong><\/p>\n<p>Si ya has tenido experiencias con el sexo anal. enseguida comprobar\u00e1s lo real que es esta textura. Dise\u00f1ada para brindar a los fan\u00e1ticos una experiencia anal incomparable, Karma incorpora la anatom\u00eda m\u00e1s humana para un viaje apretado y extremadamente placentero.<\/p>\n<p>Caracter\u00edsticas principales:<\/p>\n<ul>\n<li>Hecho de material Superskin patentado.<\/li>\n<li>F\u00e1cil de usar y limpio.<\/li>\n<li>Discreto.<\/li>\n<li>Canal interno de textura intensa.<\/li>\n<\/ul>\n","protected":false},"excerpt":{"rendered":"<p>FLESHLIGHT GIRLS LANA RHODES DESTINY BUTT \u00bfQu\u00e9 obtienes cuando tienes una ni\u00f1a incre\u00edblemente hermosa que es criada por padres extremadamente<\/p>\n","protected":false},"featured_media":70885,"comment_status":"open","ping_status":"open","template":"","meta":[],"product_cat":[468],"product_tag":[576,690],"class_list":["post-70884","product","type-product","status-publish","has-post-thumbnail","hentry","product_cat-anos","product_tag-fleshlight","product_tag-fleshlight-girls"],"bundled_by":[],"bundle_stock_status":"instock","bundle_stock_quantity":3,"bundle_virtual":false,"bundle_layout":"","bundle_add_to_cart_form_location":"","bundle_editable_in_cart":false,"bundle_sold_individually_context":"","bundle_item_grouping":"","bundle_min_size":"","bundle_max_size":"","bundled_items":[],"yoast_head":"<!-- This site is optimized with the Yoast SEO plugin v20.6 - https:\/\/yoast.com\/wordpress\/plugins\/seo\/ -->\n<title>FLESHLIGHT GIRLS LANA RHODES DESTINY BUTT - Tienda Er\u00f3tica<\/title>\n<meta name=\"robots\" content=\"noindex, follow, max-snippet:-1, max-image-preview:large, max-video-preview:-1\" \/>\n<meta property=\"og:locale\" content=\"es_ES\" \/>\n<meta property=\"og:type\" content=\"article\" \/>\n<meta property=\"og:title\" content=\"FLESHLIGHT GIRLS LANA RHODES DESTINY BUTT - Tienda Er\u00f3tica\" \/>\n<meta property=\"og:description\" content=\"FLESHLIGHT GIRLS LANA RHODES DESTINY BUTT \u00bfQu\u00e9 obtienes cuando tienes una ni\u00f1a incre\u00edblemente hermosa que es criada por padres extremadamente\" \/>\n<meta property=\"og:url\" content=\"https:\/\/demoweb.info\/sexshop001\/producto\/fleshlight-girls-lana-rhodes-destiny-butt\/\" \/>\n<meta property=\"og:site_name\" content=\"Tienda Er\u00f3tica\" \/>\n<meta property=\"article:modified_time\" content=\"2022-01-22T19:38:23+00:00\" \/>\n<meta property=\"og:image\" content=\"https:\/\/demoweb.info\/sexshop001\/wp-content\/uploads\/2022\/01\/FLESHLIGHT-GIRLS-LANA-RHODES-DESTINY-BUTT.jpg\" \/>\n\t<meta property=\"og:image:width\" content=\"550\" \/>\n\t<meta property=\"og:image:height\" content=\"550\" \/>\n\t<meta property=\"og:image:type\" content=\"image\/jpeg\" \/>\n<meta name=\"twitter:card\" content=\"summary_large_image\" \/>\n<meta name=\"twitter:label1\" content=\"Tiempo de lectura\" \/>\n\t<meta name=\"twitter:data1\" content=\"1 minuto\" \/>\n<script type=\"application\/ld+json\" class=\"yoast-schema-graph\">{\"@context\":\"https:\/\/schema.org\",\"@graph\":[{\"@type\":\"WebPage\",\"@id\":\"https:\/\/demoweb.info\/sexshop001\/producto\/fleshlight-girls-lana-rhodes-destiny-butt\/\",\"url\":\"https:\/\/demoweb.info\/sexshop001\/producto\/fleshlight-girls-lana-rhodes-destiny-butt\/\",\"name\":\"FLESHLIGHT GIRLS LANA RHODES DESTINY BUTT - Tienda Er\u00f3tica\",\"isPartOf\":{\"@id\":\"https:\/\/demoweb.info\/sexshop001\/#website\"},\"datePublished\":\"2022-01-22T19:38:16+00:00\",\"dateModified\":\"2022-01-22T19:38:23+00:00\",\"breadcrumb\":{\"@id\":\"https:\/\/demoweb.info\/sexshop001\/producto\/fleshlight-girls-lana-rhodes-destiny-butt\/#breadcrumb\"},\"inLanguage\":\"es\",\"potentialAction\":[{\"@type\":\"ReadAction\",\"target\":[\"https:\/\/demoweb.info\/sexshop001\/producto\/fleshlight-girls-lana-rhodes-destiny-butt\/\"]}]},{\"@type\":\"BreadcrumbList\",\"@id\":\"https:\/\/demoweb.info\/sexshop001\/producto\/fleshlight-girls-lana-rhodes-destiny-butt\/#breadcrumb\",\"itemListElement\":[{\"@type\":\"ListItem\",\"position\":1,\"name\":\"Portada\",\"item\":\"https:\/\/demoweb.info\/sexshop001\/\"},{\"@type\":\"ListItem\",\"position\":2,\"name\":\"Tienda\",\"item\":\"https:\/\/demoweb.info\/sexshop001\/tienda\/\"},{\"@type\":\"ListItem\",\"position\":3,\"name\":\"FLESHLIGHT GIRLS LANA RHODES DESTINY BUTT\"}]},{\"@type\":\"WebSite\",\"@id\":\"https:\/\/demoweb.info\/sexshop001\/#website\",\"url\":\"https:\/\/demoweb.info\/sexshop001\/\",\"name\":\"Tienda Er\u00f3tica\",\"description\":\"DEMOWEB SL\",\"potentialAction\":[{\"@type\":\"SearchAction\",\"target\":{\"@type\":\"EntryPoint\",\"urlTemplate\":\"https:\/\/demoweb.info\/sexshop001\/?s={search_term_string}\"},\"query-input\":\"required name=search_term_string\"}],\"inLanguage\":\"es\"}]}<\/script>\n<!-- \/ Yoast SEO plugin. -->","yoast_head_json":{"title":"FLESHLIGHT GIRLS LANA RHODES DESTINY BUTT - Tienda Er\u00f3tica","robots":{"index":"noindex","follow":"follow","max-snippet":"max-snippet:-1","max-image-preview":"max-image-preview:large","max-video-preview":"max-video-preview:-1"},"og_locale":"es_ES","og_type":"article","og_title":"FLESHLIGHT GIRLS LANA RHODES DESTINY BUTT - Tienda Er\u00f3tica","og_description":"FLESHLIGHT GIRLS LANA RHODES DESTINY BUTT \u00bfQu\u00e9 obtienes cuando tienes una ni\u00f1a incre\u00edblemente hermosa que es criada por padres extremadamente","og_url":"https:\/\/demoweb.info\/sexshop001\/producto\/fleshlight-girls-lana-rhodes-destiny-butt\/","og_site_name":"Tienda Er\u00f3tica","article_modified_time":"2022-01-22T19:38:23+00:00","og_image":[{"width":550,"height":550,"url":"https:\/\/demoweb.info\/sexshop001\/wp-content\/uploads\/2022\/01\/FLESHLIGHT-GIRLS-LANA-RHODES-DESTINY-BUTT.jpg","type":"image\/jpeg"}],"twitter_card":"summary_large_image","twitter_misc":{"Tiempo de lectura":"1 minuto"},"schema":{"@context":"https:\/\/schema.org","@graph":[{"@type":"WebPage","@id":"https:\/\/demoweb.info\/sexshop001\/producto\/fleshlight-girls-lana-rhodes-destiny-butt\/","url":"https:\/\/demoweb.info\/sexshop001\/producto\/fleshlight-girls-lana-rhodes-destiny-butt\/","name":"FLESHLIGHT GIRLS LANA RHODES DESTINY BUTT - Tienda Er\u00f3tica","isPartOf":{"@id":"https:\/\/demoweb.info\/sexshop001\/#website"},"datePublished":"2022-01-22T19:38:16+00:00","dateModified":"2022-01-22T19:38:23+00:00","breadcrumb":{"@id":"https:\/\/demoweb.info\/sexshop001\/producto\/fleshlight-girls-lana-rhodes-destiny-butt\/#breadcrumb"},"inLanguage":"es","potentialAction":[{"@type":"ReadAction","target":["https:\/\/demoweb.info\/sexshop001\/producto\/fleshlight-girls-lana-rhodes-destiny-butt\/"]}]},{"@type":"BreadcrumbList","@id":"https:\/\/demoweb.info\/sexshop001\/producto\/fleshlight-girls-lana-rhodes-destiny-butt\/#breadcrumb","itemListElement":[{"@type":"ListItem","position":1,"name":"Portada","item":"https:\/\/demoweb.info\/sexshop001\/"},{"@type":"ListItem","position":2,"name":"Tienda","item":"https:\/\/demoweb.info\/sexshop001\/tienda\/"},{"@type":"ListItem","position":3,"name":"FLESHLIGHT GIRLS LANA RHODES DESTINY BUTT"}]},{"@type":"WebSite","@id":"https:\/\/demoweb.info\/sexshop001\/#website","url":"https:\/\/demoweb.info\/sexshop001\/","name":"Tienda Er\u00f3tica","description":"DEMOWEB SL","potentialAction":[{"@type":"SearchAction","target":{"@type":"EntryPoint","urlTemplate":"https:\/\/demoweb.info\/sexshop001\/?s={search_term_string}"},"query-input":"required name=search_term_string"}],"inLanguage":"es"}]}},"_links":{"self":[{"href":"https:\/\/demoweb.info\/sexshop001\/wp-json\/wp\/v3\/product\/70884","targetHints":{"allow":["GET"]}}],"collection":[{"href":"https:\/\/demoweb.info\/sexshop001\/wp-json\/wp\/v3\/product"}],"about":[{"href":"https:\/\/demoweb.info\/sexshop001\/wp-json\/wp\/v2\/types\/product"}],"replies":[{"embeddable":true,"href":"https:\/\/demoweb.info\/sexshop001\/wp-json\/wp\/v2\/comments?post=70884"}],"wp:featuredmedia":[{"embeddable":true,"href":"https:\/\/demoweb.info\/sexshop001\/wp-json\/wp\/v2\/media\/70885"}],"wp:attachment":[{"href":"https:\/\/demoweb.info\/sexshop001\/wp-json\/wp\/v2\/media?parent=70884"}],"wp:term":[{"taxonomy":"product_cat","embeddable":true,"href":"https:\/\/demoweb.info\/sexshop001\/wp-json\/wp\/v2\/product_cat?post=70884"},{"taxonomy":"product_tag","embeddable":true,"href":"https:\/\/demoweb.info\/sexshop001\/wp-json\/wp\/v2\/product_tag?post=70884"}],"curies":[{"name":"wp","href":"https:\/\/api.w.org\/{rel}","templated":true}]}}