{"id":70878,"date":"2022-01-22T20:38:16","date_gmt":"2022-01-22T19:38:16","guid":{"rendered":"https:\/\/demoweb.info\/sexshop001\/producto\/fleshjack-boys-johnny-rapid-man-cave\/"},"modified":"2022-01-22T20:38:19","modified_gmt":"2022-01-22T19:38:19","slug":"fleshjack-boys-johnny-rapid-man-cave","status":"publish","type":"product","link":"https:\/\/demoweb.info\/sexshop001\/producto\/fleshjack-boys-johnny-rapid-man-cave\/","title":{"rendered":"FLESHJACK BOYS JOHNNY RAPID MAN CAVE"},"content":{"rendered":"<p><strong>FLESHJACK BOYS JOHNNY RAPID MAN CAVE <\/strong><\/p>\n<p>Si eres fan\u00e1tico de Johnny Rapid, no te sorprender\u00e1 que haya ganado m\u00e1s premios de pornograf\u00eda que la mayor\u00eda de las estrellas adultas. Ganar la Mejor Estrella Porno Gay de Cybersocket en 2013 fue sin duda lo m\u00e1s destacado de su carrera. Su buena racha continu\u00f3 al a\u00f1o siguiente cuando fue galardonado como Mejor Estrella Porno Internacional en los Prowler Porn Awards. En 2017, gan\u00f3 el premio Cybersocket a la mejor parodia o s\u00e1tira porno. Ese a\u00f1o, tambi\u00e9n gan\u00f3 el premio a la mejor y mejor videograf\u00eda en Grabby&#39;s. Johnny Rapid es una estrella del porno con m\u00e1s de 200 escenas en su haber. Naturalmente, puedes esperar que sus juguetes sexuales Fleshjack te den un orgasmo galardonado en todo momento.<\/p>\n<p>Como la mayor\u00eda de sus socios en la pantalla estar\u00edan de acuerdo, incluso Johnny Rapid se refiere a su agujero de la gloria sexual como la Cueva del Hombre. La funda Fleshjack con el modelo exacto de Johnny le invita a experimentar la Cueva del Hombre en toda su perfecci\u00f3n. Este juguete sexual Johnny Rapid tiene una longitud total de 24 cm. Dentro de la manga, tendr\u00e1s 21,5 cm de espacio para empujar y acariciar.<\/p>\n<p>Tu eje primero entrar\u00e1 en 2,5 cm de apretada pero acogedora de felicidad pura. A medida que pasas un poco de tiempo acariciando el espacio de la primera entrada, empuja un poco m\u00e1s profundo y te aprieta a\u00fan m\u00e1s. Los lados acanalados dan masajes a tu eje mientras exploras a\u00fan m\u00e1s en la Cueva del Hombre. A medida que llegas a la parte m\u00e1s profunda de la manga, estar\u00e1s completamente lleno y engullido. La succi\u00f3n natural y las nervaduras diagonales girar\u00e1n y lo har\u00e1n girar de la punta al eje. Toda la experiencia est\u00e1 dise\u00f1ada para sentirse lo m\u00e1s realista posible.<\/p>\n<p>Cuando tenga relaciones sexuales con Johnny Rapid, mira algunos de sus muchos t\u00edtulos en un tel\u00e9fono o tablet utilizando el Fleshjack PhoneStrap. Este ingenioso accesorio te permite sujetar tu tel\u00e9fono o tablet a la pierna u otra superficie cercana. La experiencia de manos libres te da la libertad de hacer cualquier cosa con esas manos y dedos mientras exploras la Cueva del Hombre.<\/p>\n<p>Caracter\u00edsticas:<\/p>\n<ul>\n<li>Manga Johnny Rapid<\/li>\n<li>Textura Man cave<\/li>\n<li>Estilo: Ano<\/li>\n<li>F\u00e1cil de usar y limpiar<\/li>\n<li>Material: Superskin<\/li>\n<li>Color: Carne<\/li>\n<\/ul>\n","protected":false},"excerpt":{"rendered":"<p>FLESHJACK BOYS JOHNNY RAPID MAN CAVE Si eres fan\u00e1tico de Johnny Rapid, no te sorprender\u00e1 que haya ganado m\u00e1s premios<\/p>\n","protected":false},"featured_media":70879,"comment_status":"open","ping_status":"open","template":"","meta":[],"product_cat":[468],"product_tag":[1080,576],"class_list":["post-70878","product","type-product","status-publish","has-post-thumbnail","hentry","product_cat-anos","product_tag-fleshjack-boys","product_tag-fleshlight"],"bundled_by":[],"bundle_stock_status":"instock","bundle_stock_quantity":2,"bundle_virtual":false,"bundle_layout":"","bundle_add_to_cart_form_location":"","bundle_editable_in_cart":false,"bundle_sold_individually_context":"","bundle_item_grouping":"","bundle_min_size":"","bundle_max_size":"","bundled_items":[],"yoast_head":"<!-- This site is optimized with the Yoast SEO plugin v20.6 - https:\/\/yoast.com\/wordpress\/plugins\/seo\/ -->\n<title>FLESHJACK BOYS JOHNNY RAPID MAN CAVE - Tienda Er\u00f3tica<\/title>\n<meta name=\"robots\" content=\"noindex, follow, max-snippet:-1, max-image-preview:large, max-video-preview:-1\" \/>\n<meta property=\"og:locale\" content=\"es_ES\" \/>\n<meta property=\"og:type\" content=\"article\" \/>\n<meta property=\"og:title\" content=\"FLESHJACK BOYS JOHNNY RAPID MAN CAVE - Tienda Er\u00f3tica\" \/>\n<meta property=\"og:description\" content=\"FLESHJACK BOYS JOHNNY RAPID MAN CAVE Si eres fan\u00e1tico de Johnny Rapid, no te sorprender\u00e1 que haya ganado m\u00e1s premios\" \/>\n<meta property=\"og:url\" content=\"https:\/\/demoweb.info\/sexshop001\/producto\/fleshjack-boys-johnny-rapid-man-cave\/\" \/>\n<meta property=\"og:site_name\" content=\"Tienda Er\u00f3tica\" \/>\n<meta property=\"article:modified_time\" content=\"2022-01-22T19:38:19+00:00\" \/>\n<meta property=\"og:image\" content=\"https:\/\/demoweb.info\/sexshop001\/wp-content\/uploads\/2022\/01\/FLESHJACK-BOYS-JOHNNY-RAPID-MAN-CAVE.jpg\" \/>\n\t<meta property=\"og:image:width\" content=\"550\" \/>\n\t<meta property=\"og:image:height\" content=\"550\" \/>\n\t<meta property=\"og:image:type\" content=\"image\/jpeg\" \/>\n<meta name=\"twitter:card\" content=\"summary_large_image\" \/>\n<meta name=\"twitter:label1\" content=\"Tiempo de lectura\" \/>\n\t<meta name=\"twitter:data1\" content=\"2 minutos\" \/>\n<script type=\"application\/ld+json\" class=\"yoast-schema-graph\">{\"@context\":\"https:\/\/schema.org\",\"@graph\":[{\"@type\":\"WebPage\",\"@id\":\"https:\/\/demoweb.info\/sexshop001\/producto\/fleshjack-boys-johnny-rapid-man-cave\/\",\"url\":\"https:\/\/demoweb.info\/sexshop001\/producto\/fleshjack-boys-johnny-rapid-man-cave\/\",\"name\":\"FLESHJACK BOYS JOHNNY RAPID MAN CAVE - Tienda Er\u00f3tica\",\"isPartOf\":{\"@id\":\"https:\/\/demoweb.info\/sexshop001\/#website\"},\"datePublished\":\"2022-01-22T19:38:16+00:00\",\"dateModified\":\"2022-01-22T19:38:19+00:00\",\"breadcrumb\":{\"@id\":\"https:\/\/demoweb.info\/sexshop001\/producto\/fleshjack-boys-johnny-rapid-man-cave\/#breadcrumb\"},\"inLanguage\":\"es\",\"potentialAction\":[{\"@type\":\"ReadAction\",\"target\":[\"https:\/\/demoweb.info\/sexshop001\/producto\/fleshjack-boys-johnny-rapid-man-cave\/\"]}]},{\"@type\":\"BreadcrumbList\",\"@id\":\"https:\/\/demoweb.info\/sexshop001\/producto\/fleshjack-boys-johnny-rapid-man-cave\/#breadcrumb\",\"itemListElement\":[{\"@type\":\"ListItem\",\"position\":1,\"name\":\"Portada\",\"item\":\"https:\/\/demoweb.info\/sexshop001\/\"},{\"@type\":\"ListItem\",\"position\":2,\"name\":\"Tienda\",\"item\":\"https:\/\/demoweb.info\/sexshop001\/tienda\/\"},{\"@type\":\"ListItem\",\"position\":3,\"name\":\"FLESHJACK BOYS JOHNNY RAPID MAN CAVE\"}]},{\"@type\":\"WebSite\",\"@id\":\"https:\/\/demoweb.info\/sexshop001\/#website\",\"url\":\"https:\/\/demoweb.info\/sexshop001\/\",\"name\":\"Tienda Er\u00f3tica\",\"description\":\"DEMOWEB SL\",\"potentialAction\":[{\"@type\":\"SearchAction\",\"target\":{\"@type\":\"EntryPoint\",\"urlTemplate\":\"https:\/\/demoweb.info\/sexshop001\/?s={search_term_string}\"},\"query-input\":\"required name=search_term_string\"}],\"inLanguage\":\"es\"}]}<\/script>\n<!-- \/ Yoast SEO plugin. -->","yoast_head_json":{"title":"FLESHJACK BOYS JOHNNY RAPID MAN CAVE - Tienda Er\u00f3tica","robots":{"index":"noindex","follow":"follow","max-snippet":"max-snippet:-1","max-image-preview":"max-image-preview:large","max-video-preview":"max-video-preview:-1"},"og_locale":"es_ES","og_type":"article","og_title":"FLESHJACK BOYS JOHNNY RAPID MAN CAVE - Tienda Er\u00f3tica","og_description":"FLESHJACK BOYS JOHNNY RAPID MAN CAVE Si eres fan\u00e1tico de Johnny Rapid, no te sorprender\u00e1 que haya ganado m\u00e1s premios","og_url":"https:\/\/demoweb.info\/sexshop001\/producto\/fleshjack-boys-johnny-rapid-man-cave\/","og_site_name":"Tienda Er\u00f3tica","article_modified_time":"2022-01-22T19:38:19+00:00","og_image":[{"width":550,"height":550,"url":"https:\/\/demoweb.info\/sexshop001\/wp-content\/uploads\/2022\/01\/FLESHJACK-BOYS-JOHNNY-RAPID-MAN-CAVE.jpg","type":"image\/jpeg"}],"twitter_card":"summary_large_image","twitter_misc":{"Tiempo de lectura":"2 minutos"},"schema":{"@context":"https:\/\/schema.org","@graph":[{"@type":"WebPage","@id":"https:\/\/demoweb.info\/sexshop001\/producto\/fleshjack-boys-johnny-rapid-man-cave\/","url":"https:\/\/demoweb.info\/sexshop001\/producto\/fleshjack-boys-johnny-rapid-man-cave\/","name":"FLESHJACK BOYS JOHNNY RAPID MAN CAVE - Tienda Er\u00f3tica","isPartOf":{"@id":"https:\/\/demoweb.info\/sexshop001\/#website"},"datePublished":"2022-01-22T19:38:16+00:00","dateModified":"2022-01-22T19:38:19+00:00","breadcrumb":{"@id":"https:\/\/demoweb.info\/sexshop001\/producto\/fleshjack-boys-johnny-rapid-man-cave\/#breadcrumb"},"inLanguage":"es","potentialAction":[{"@type":"ReadAction","target":["https:\/\/demoweb.info\/sexshop001\/producto\/fleshjack-boys-johnny-rapid-man-cave\/"]}]},{"@type":"BreadcrumbList","@id":"https:\/\/demoweb.info\/sexshop001\/producto\/fleshjack-boys-johnny-rapid-man-cave\/#breadcrumb","itemListElement":[{"@type":"ListItem","position":1,"name":"Portada","item":"https:\/\/demoweb.info\/sexshop001\/"},{"@type":"ListItem","position":2,"name":"Tienda","item":"https:\/\/demoweb.info\/sexshop001\/tienda\/"},{"@type":"ListItem","position":3,"name":"FLESHJACK BOYS JOHNNY RAPID MAN CAVE"}]},{"@type":"WebSite","@id":"https:\/\/demoweb.info\/sexshop001\/#website","url":"https:\/\/demoweb.info\/sexshop001\/","name":"Tienda Er\u00f3tica","description":"DEMOWEB SL","potentialAction":[{"@type":"SearchAction","target":{"@type":"EntryPoint","urlTemplate":"https:\/\/demoweb.info\/sexshop001\/?s={search_term_string}"},"query-input":"required name=search_term_string"}],"inLanguage":"es"}]}},"_links":{"self":[{"href":"https:\/\/demoweb.info\/sexshop001\/wp-json\/wp\/v3\/product\/70878","targetHints":{"allow":["GET"]}}],"collection":[{"href":"https:\/\/demoweb.info\/sexshop001\/wp-json\/wp\/v3\/product"}],"about":[{"href":"https:\/\/demoweb.info\/sexshop001\/wp-json\/wp\/v2\/types\/product"}],"replies":[{"embeddable":true,"href":"https:\/\/demoweb.info\/sexshop001\/wp-json\/wp\/v2\/comments?post=70878"}],"wp:featuredmedia":[{"embeddable":true,"href":"https:\/\/demoweb.info\/sexshop001\/wp-json\/wp\/v2\/media\/70879"}],"wp:attachment":[{"href":"https:\/\/demoweb.info\/sexshop001\/wp-json\/wp\/v2\/media?parent=70878"}],"wp:term":[{"taxonomy":"product_cat","embeddable":true,"href":"https:\/\/demoweb.info\/sexshop001\/wp-json\/wp\/v2\/product_cat?post=70878"},{"taxonomy":"product_tag","embeddable":true,"href":"https:\/\/demoweb.info\/sexshop001\/wp-json\/wp\/v2\/product_tag?post=70878"}],"curies":[{"name":"wp","href":"https:\/\/api.w.org\/{rel}","templated":true}]}}