{"id":70874,"date":"2022-01-22T20:38:16","date_gmt":"2022-01-22T19:38:16","guid":{"rendered":"https:\/\/demoweb.info\/sexshop001\/producto\/fleshjack-boys-brent-corrigan-bliss\/"},"modified":"2022-01-22T20:38:17","modified_gmt":"2022-01-22T19:38:17","slug":"fleshjack-boys-brent-corrigan-bliss","status":"publish","type":"product","link":"https:\/\/demoweb.info\/sexshop001\/producto\/fleshjack-boys-brent-corrigan-bliss\/","title":{"rendered":"FLESHJACK BOYS BRENT CORRIGAN BLISS"},"content":{"rendered":"<p><strong>FLESHJACK BOYS BRENT CORRIGAN BLISS <\/strong><\/p>\n<p>Brent Corrigan (nombre real Sean Paul Lockhart) fue uno de los primeros FleshJack Boys y sigue siendo uno de los m\u00e1s vendidos. Su consolador fiel a la realidad mide la friolera de 22 cm y est\u00e1 curvado para golpearte justo en el lugar correcto. Su masturbador masculino presenta la muy popular textura Bliss y fue moldeado a partir de su trasero, un lugar en el que la mayor\u00eda de los hombres solo pod\u00edan so\u00f1ar con entrar antes de que su FleshJack fuera liberado.<\/p>\n<p>Siente cada uno de los pliegues y las texturas y curvas \u00edntimas del famoso actor.<\/p>\n<p>Por dentro, la manga est\u00e1 hecha de un material real\u00edstico, que se adapta a la temperatura de tu cuerpo, lo que proporcionar\u00e1 mucho m\u00e1s realismo. Su dise\u00f1o con forma de ano es espectacular tanto por dentro como por fuera. Es una r\u00e9plica exacta del ano de este actor, lo que lo convierte en un pieza de placer \u00fanica y exclusiva.<\/p>\n<p>Dispone de dos tapas, una principal, que cubre la parte exterior de la manga, y otra inferior con la que podr\u00e1s regular el nivel de presi\u00f3n y por tanto de masturbaci\u00f3n.<\/p>\n<p>Caracter\u00edsticas:<\/p>\n<ul>\n<li>Manga JBrent Corrigan<\/li>\n<li>Textura Fleshjack: Bliss<\/li>\n<li>Estilo: Ano<\/li>\n<li>F\u00e1cil de usar y limpiar<\/li>\n<li>Material: Superskin<\/li>\n<li>Color: Carne<\/li>\n<\/ul>\n<p>SENSACI\u00d3N FLESHJACK: BLISS<\/p>\n<p>Esta textura est\u00e1 inspirada en las palmeras de California. El nombre, por otro lado, est\u00e1 inspirado por la satisfacci\u00f3n absoluta que sentir\u00e1s al estar en su interior.<\/p>\n","protected":false},"excerpt":{"rendered":"<p>FLESHJACK BOYS BRENT CORRIGAN BLISS Brent Corrigan (nombre real Sean Paul Lockhart) fue uno de los primeros FleshJack Boys y<\/p>\n","protected":false},"featured_media":70875,"comment_status":"open","ping_status":"open","template":"","meta":[],"product_cat":[468],"product_tag":[1080,576],"class_list":["post-70874","product","type-product","status-publish","has-post-thumbnail","hentry","product_cat-anos","product_tag-fleshjack-boys","product_tag-fleshlight"],"bundled_by":[],"bundle_stock_status":"instock","bundle_stock_quantity":3,"bundle_virtual":false,"bundle_layout":"","bundle_add_to_cart_form_location":"","bundle_editable_in_cart":false,"bundle_sold_individually_context":"","bundle_item_grouping":"","bundle_min_size":"","bundle_max_size":"","bundled_items":[],"yoast_head":"<!-- This site is optimized with the Yoast SEO plugin v20.6 - https:\/\/yoast.com\/wordpress\/plugins\/seo\/ -->\n<title>FLESHJACK BOYS BRENT CORRIGAN BLISS - Tienda Er\u00f3tica<\/title>\n<meta name=\"robots\" content=\"noindex, follow, max-snippet:-1, max-image-preview:large, max-video-preview:-1\" \/>\n<meta property=\"og:locale\" content=\"es_ES\" \/>\n<meta property=\"og:type\" content=\"article\" \/>\n<meta property=\"og:title\" content=\"FLESHJACK BOYS BRENT CORRIGAN BLISS - Tienda Er\u00f3tica\" \/>\n<meta property=\"og:description\" content=\"FLESHJACK BOYS BRENT CORRIGAN BLISS Brent Corrigan (nombre real Sean Paul Lockhart) fue uno de los primeros FleshJack Boys y\" \/>\n<meta property=\"og:url\" content=\"https:\/\/demoweb.info\/sexshop001\/producto\/fleshjack-boys-brent-corrigan-bliss\/\" \/>\n<meta property=\"og:site_name\" content=\"Tienda Er\u00f3tica\" \/>\n<meta property=\"article:modified_time\" content=\"2022-01-22T19:38:17+00:00\" \/>\n<meta property=\"og:image\" content=\"https:\/\/demoweb.info\/sexshop001\/wp-content\/uploads\/2022\/01\/FLESHJACK-BOYS-BRENT-CORRIGAN-BLISS.jpg\" \/>\n\t<meta property=\"og:image:width\" content=\"550\" \/>\n\t<meta property=\"og:image:height\" content=\"550\" \/>\n\t<meta property=\"og:image:type\" content=\"image\/jpeg\" \/>\n<meta name=\"twitter:card\" content=\"summary_large_image\" \/>\n<meta name=\"twitter:label1\" content=\"Tiempo de lectura\" \/>\n\t<meta name=\"twitter:data1\" content=\"1 minuto\" \/>\n<script type=\"application\/ld+json\" class=\"yoast-schema-graph\">{\"@context\":\"https:\/\/schema.org\",\"@graph\":[{\"@type\":\"WebPage\",\"@id\":\"https:\/\/demoweb.info\/sexshop001\/producto\/fleshjack-boys-brent-corrigan-bliss\/\",\"url\":\"https:\/\/demoweb.info\/sexshop001\/producto\/fleshjack-boys-brent-corrigan-bliss\/\",\"name\":\"FLESHJACK BOYS BRENT CORRIGAN BLISS - Tienda Er\u00f3tica\",\"isPartOf\":{\"@id\":\"https:\/\/demoweb.info\/sexshop001\/#website\"},\"datePublished\":\"2022-01-22T19:38:16+00:00\",\"dateModified\":\"2022-01-22T19:38:17+00:00\",\"breadcrumb\":{\"@id\":\"https:\/\/demoweb.info\/sexshop001\/producto\/fleshjack-boys-brent-corrigan-bliss\/#breadcrumb\"},\"inLanguage\":\"es\",\"potentialAction\":[{\"@type\":\"ReadAction\",\"target\":[\"https:\/\/demoweb.info\/sexshop001\/producto\/fleshjack-boys-brent-corrigan-bliss\/\"]}]},{\"@type\":\"BreadcrumbList\",\"@id\":\"https:\/\/demoweb.info\/sexshop001\/producto\/fleshjack-boys-brent-corrigan-bliss\/#breadcrumb\",\"itemListElement\":[{\"@type\":\"ListItem\",\"position\":1,\"name\":\"Portada\",\"item\":\"https:\/\/demoweb.info\/sexshop001\/\"},{\"@type\":\"ListItem\",\"position\":2,\"name\":\"Tienda\",\"item\":\"https:\/\/demoweb.info\/sexshop001\/tienda\/\"},{\"@type\":\"ListItem\",\"position\":3,\"name\":\"FLESHJACK BOYS BRENT CORRIGAN BLISS\"}]},{\"@type\":\"WebSite\",\"@id\":\"https:\/\/demoweb.info\/sexshop001\/#website\",\"url\":\"https:\/\/demoweb.info\/sexshop001\/\",\"name\":\"Tienda Er\u00f3tica\",\"description\":\"DEMOWEB SL\",\"potentialAction\":[{\"@type\":\"SearchAction\",\"target\":{\"@type\":\"EntryPoint\",\"urlTemplate\":\"https:\/\/demoweb.info\/sexshop001\/?s={search_term_string}\"},\"query-input\":\"required name=search_term_string\"}],\"inLanguage\":\"es\"}]}<\/script>\n<!-- \/ Yoast SEO plugin. -->","yoast_head_json":{"title":"FLESHJACK BOYS BRENT CORRIGAN BLISS - Tienda Er\u00f3tica","robots":{"index":"noindex","follow":"follow","max-snippet":"max-snippet:-1","max-image-preview":"max-image-preview:large","max-video-preview":"max-video-preview:-1"},"og_locale":"es_ES","og_type":"article","og_title":"FLESHJACK BOYS BRENT CORRIGAN BLISS - Tienda Er\u00f3tica","og_description":"FLESHJACK BOYS BRENT CORRIGAN BLISS Brent Corrigan (nombre real Sean Paul Lockhart) fue uno de los primeros FleshJack Boys y","og_url":"https:\/\/demoweb.info\/sexshop001\/producto\/fleshjack-boys-brent-corrigan-bliss\/","og_site_name":"Tienda Er\u00f3tica","article_modified_time":"2022-01-22T19:38:17+00:00","og_image":[{"width":550,"height":550,"url":"https:\/\/demoweb.info\/sexshop001\/wp-content\/uploads\/2022\/01\/FLESHJACK-BOYS-BRENT-CORRIGAN-BLISS.jpg","type":"image\/jpeg"}],"twitter_card":"summary_large_image","twitter_misc":{"Tiempo de lectura":"1 minuto"},"schema":{"@context":"https:\/\/schema.org","@graph":[{"@type":"WebPage","@id":"https:\/\/demoweb.info\/sexshop001\/producto\/fleshjack-boys-brent-corrigan-bliss\/","url":"https:\/\/demoweb.info\/sexshop001\/producto\/fleshjack-boys-brent-corrigan-bliss\/","name":"FLESHJACK BOYS BRENT CORRIGAN BLISS - Tienda Er\u00f3tica","isPartOf":{"@id":"https:\/\/demoweb.info\/sexshop001\/#website"},"datePublished":"2022-01-22T19:38:16+00:00","dateModified":"2022-01-22T19:38:17+00:00","breadcrumb":{"@id":"https:\/\/demoweb.info\/sexshop001\/producto\/fleshjack-boys-brent-corrigan-bliss\/#breadcrumb"},"inLanguage":"es","potentialAction":[{"@type":"ReadAction","target":["https:\/\/demoweb.info\/sexshop001\/producto\/fleshjack-boys-brent-corrigan-bliss\/"]}]},{"@type":"BreadcrumbList","@id":"https:\/\/demoweb.info\/sexshop001\/producto\/fleshjack-boys-brent-corrigan-bliss\/#breadcrumb","itemListElement":[{"@type":"ListItem","position":1,"name":"Portada","item":"https:\/\/demoweb.info\/sexshop001\/"},{"@type":"ListItem","position":2,"name":"Tienda","item":"https:\/\/demoweb.info\/sexshop001\/tienda\/"},{"@type":"ListItem","position":3,"name":"FLESHJACK BOYS BRENT CORRIGAN BLISS"}]},{"@type":"WebSite","@id":"https:\/\/demoweb.info\/sexshop001\/#website","url":"https:\/\/demoweb.info\/sexshop001\/","name":"Tienda Er\u00f3tica","description":"DEMOWEB SL","potentialAction":[{"@type":"SearchAction","target":{"@type":"EntryPoint","urlTemplate":"https:\/\/demoweb.info\/sexshop001\/?s={search_term_string}"},"query-input":"required name=search_term_string"}],"inLanguage":"es"}]}},"_links":{"self":[{"href":"https:\/\/demoweb.info\/sexshop001\/wp-json\/wp\/v3\/product\/70874","targetHints":{"allow":["GET"]}}],"collection":[{"href":"https:\/\/demoweb.info\/sexshop001\/wp-json\/wp\/v3\/product"}],"about":[{"href":"https:\/\/demoweb.info\/sexshop001\/wp-json\/wp\/v2\/types\/product"}],"replies":[{"embeddable":true,"href":"https:\/\/demoweb.info\/sexshop001\/wp-json\/wp\/v2\/comments?post=70874"}],"wp:featuredmedia":[{"embeddable":true,"href":"https:\/\/demoweb.info\/sexshop001\/wp-json\/wp\/v2\/media\/70875"}],"wp:attachment":[{"href":"https:\/\/demoweb.info\/sexshop001\/wp-json\/wp\/v2\/media?parent=70874"}],"wp:term":[{"taxonomy":"product_cat","embeddable":true,"href":"https:\/\/demoweb.info\/sexshop001\/wp-json\/wp\/v2\/product_cat?post=70874"},{"taxonomy":"product_tag","embeddable":true,"href":"https:\/\/demoweb.info\/sexshop001\/wp-json\/wp\/v2\/product_tag?post=70874"}],"curies":[{"name":"wp","href":"https:\/\/api.w.org\/{rel}","templated":true}]}}