{"id":70854,"date":"2022-01-22T20:37:54","date_gmt":"2022-01-22T19:37:54","guid":{"rendered":"https:\/\/demoweb.info\/sexshop001\/producto\/satisfyer-men-wand\/"},"modified":"2022-01-22T20:38:00","modified_gmt":"2022-01-22T19:38:00","slug":"satisfyer-men-wand","status":"publish","type":"product","link":"https:\/\/demoweb.info\/sexshop001\/producto\/satisfyer-men-wand\/","title":{"rendered":"SATISFYER MEN WAND"},"content":{"rendered":"<p><strong>SATISFYER MEN WAND<\/strong><\/p>\n<p><strong>Nueva edici\u00f3n 2020<\/strong><\/p>\n<p>Vibrador Men Wand<br \/>\nUn innovador multitalento para el hombre moderno<\/p>\n<p><em>Dale alas a los sentidos<\/em><br \/>\nEl vibrador Men Wand hace honor a su nombre: \u00a1esta varita m\u00e1gica irradia aut\u00e9ntica magia y seduce tu parte m\u00e1s sensible de manera irresistible! Con su innovador dise\u00f1o alado, este masturbador revolucionario es un fiel compa\u00f1ero para el hombre moderno. Este art\u00edculo imprescindible destaca por sus 35 programas de vibraci\u00f3n, un tacto especialmente delicado y una manipulaci\u00f3n ergon\u00f3mica.<\/p>\n<p><em>Momentos m\u00e1gicos<\/em><br \/>\nLas dos suaves alas del vibrador Wand son muy flexibles y d\u00factiles, por lo que rodean tu pene con firmeza y seguridad. En cada movimiento de subida y bajada notar\u00e1s los detalles estriados, dispuesto a agasajarte con una sensual estimulaci\u00f3n. Adem\u00e1s, el mango ergon\u00f3mico se adapta perfectamente a la mano. El juguete entero es de silicona de alta calidad, por lo que este amante de tacto sedoso deja una sensaci\u00f3n de suavidad en toda tu piel. Pero tambi\u00e9n te convencer\u00e1n sus valores internos: 5 excitantes programas de vibraci\u00f3n que pueden combinarse con 7 intensidades tan solo pulsando un bot\u00f3n: \u00a1entr\u00e9gate al placer, el vibrador Men Wand te ofrece el modo de vibraci\u00f3n \u00f3ptimo sea cual sea tu deseo! Este chicarr\u00f3n tampoco se asusta del agua: gracias a su acabado impermeable, te acompa\u00f1ar\u00e1 encantado a tus aventuras m\u00e1s salvajes en la ducha o la ba\u00f1era.<\/p>\n<ul>\n<li>Silicona m\u00e9dica<\/li>\n<li>50 intensos programas de vibraci\u00f3n<\/li>\n<li>Alas de estimulaci\u00f3n flexibles<\/li>\n<li>Acabado impermeable<\/li>\n<li>Recargable, incl. cable USB de carga<\/li>\n<li><strong>Nueva edici\u00f3n 2020<\/strong><\/li>\n<li><strong>Con tecnolog\u00eda de vibraci\u00f3n MEJORADA<\/strong><\/li>\n<li><strong><strong>Nuevo embalaje acorde con la nueva imagen de la marca<\/strong><\/strong><\/li>\n<li><strong><strong><strong><strong>GARANT\u00cdA DE HIGIENE: Tendr\u00e1s 100% asegurado que eres la primera persona en abrir tu nuevo juguete.<\/strong><\/strong><\/strong><\/strong><\/li>\n<\/ul>\n<p>Este vers\u00e1til juguete sexual es la guinda del pastel tambi\u00e9n cuando se trata de sexo oral o de juegos rom\u00e1nticos en pareja, y puede incorporarse perfectamente a la mayor\u00eda de las posturas. \u00a1Para ello, coloca el vibrador Men Wand en la base del pene y tu pareja disfrutar\u00e1 tambi\u00e9n de una intensa vibraci\u00f3n con cada embestida!<\/p>\n<p>Caracter\u00edsticas:<\/p>\n<ul>\n<li>Recargable.<\/li>\n<li>Material: Silicona y pl\u00e1stico ABS.<\/li>\n<li>Resistente al agua.<\/li>\n<li>Apto tambi\u00e9n para su uso en pareja.<\/li>\n<li>Medidas: 20 x (5,7-7,5) cm<\/li>\n<\/ul>\n","protected":false},"excerpt":{"rendered":"<p>SATISFYER MEN WAND Nueva edici\u00f3n 2020 Vibrador Men Wand Un innovador multitalento para el hombre moderno Dale alas a los<\/p>\n","protected":false},"featured_media":70855,"comment_status":"open","ping_status":"open","template":"","meta":[],"product_cat":[364],"product_tag":[614,442],"class_list":["post-70854","product","type-product","status-publish","has-post-thumbnail","hentry","product_cat-con-vibracion","product_tag-men","product_tag-satisfyer"],"bundled_by":[],"bundle_stock_status":"outofstock","bundle_stock_quantity":0,"bundle_virtual":false,"bundle_layout":"","bundle_add_to_cart_form_location":"","bundle_editable_in_cart":false,"bundle_sold_individually_context":"","bundle_item_grouping":"","bundle_min_size":"","bundle_max_size":"","bundled_items":[],"yoast_head":"<!-- This site is optimized with the Yoast SEO plugin v20.6 - https:\/\/yoast.com\/wordpress\/plugins\/seo\/ -->\n<title>SATISFYER MEN WAND - Tienda Er\u00f3tica<\/title>\n<meta name=\"robots\" content=\"noindex, follow, max-snippet:-1, max-image-preview:large, max-video-preview:-1\" \/>\n<meta property=\"og:locale\" content=\"es_ES\" \/>\n<meta property=\"og:type\" content=\"article\" \/>\n<meta property=\"og:title\" content=\"SATISFYER MEN WAND - Tienda Er\u00f3tica\" \/>\n<meta property=\"og:description\" content=\"SATISFYER MEN WAND Nueva edici\u00f3n 2020 Vibrador Men Wand Un innovador multitalento para el hombre moderno Dale alas a los\" \/>\n<meta property=\"og:url\" content=\"https:\/\/demoweb.info\/sexshop001\/producto\/satisfyer-men-wand\/\" \/>\n<meta property=\"og:site_name\" content=\"Tienda Er\u00f3tica\" \/>\n<meta property=\"article:modified_time\" content=\"2022-01-22T19:38:00+00:00\" \/>\n<meta property=\"og:image\" content=\"https:\/\/demoweb.info\/sexshop001\/wp-content\/uploads\/2022\/01\/SATISFYER-MEN-WAND.jpg\" \/>\n\t<meta property=\"og:image:width\" content=\"550\" \/>\n\t<meta property=\"og:image:height\" content=\"550\" \/>\n\t<meta property=\"og:image:type\" content=\"image\/jpeg\" \/>\n<meta name=\"twitter:card\" content=\"summary_large_image\" \/>\n<meta name=\"twitter:label1\" content=\"Tiempo de lectura\" \/>\n\t<meta name=\"twitter:data1\" content=\"2 minutos\" \/>\n<script type=\"application\/ld+json\" class=\"yoast-schema-graph\">{\"@context\":\"https:\/\/schema.org\",\"@graph\":[{\"@type\":\"WebPage\",\"@id\":\"https:\/\/demoweb.info\/sexshop001\/producto\/satisfyer-men-wand\/\",\"url\":\"https:\/\/demoweb.info\/sexshop001\/producto\/satisfyer-men-wand\/\",\"name\":\"SATISFYER MEN WAND - Tienda Er\u00f3tica\",\"isPartOf\":{\"@id\":\"https:\/\/demoweb.info\/sexshop001\/#website\"},\"datePublished\":\"2022-01-22T19:37:54+00:00\",\"dateModified\":\"2022-01-22T19:38:00+00:00\",\"breadcrumb\":{\"@id\":\"https:\/\/demoweb.info\/sexshop001\/producto\/satisfyer-men-wand\/#breadcrumb\"},\"inLanguage\":\"es\",\"potentialAction\":[{\"@type\":\"ReadAction\",\"target\":[\"https:\/\/demoweb.info\/sexshop001\/producto\/satisfyer-men-wand\/\"]}]},{\"@type\":\"BreadcrumbList\",\"@id\":\"https:\/\/demoweb.info\/sexshop001\/producto\/satisfyer-men-wand\/#breadcrumb\",\"itemListElement\":[{\"@type\":\"ListItem\",\"position\":1,\"name\":\"Portada\",\"item\":\"https:\/\/demoweb.info\/sexshop001\/\"},{\"@type\":\"ListItem\",\"position\":2,\"name\":\"Tienda\",\"item\":\"https:\/\/demoweb.info\/sexshop001\/tienda\/\"},{\"@type\":\"ListItem\",\"position\":3,\"name\":\"SATISFYER MEN WAND\"}]},{\"@type\":\"WebSite\",\"@id\":\"https:\/\/demoweb.info\/sexshop001\/#website\",\"url\":\"https:\/\/demoweb.info\/sexshop001\/\",\"name\":\"Tienda Er\u00f3tica\",\"description\":\"DEMOWEB SL\",\"potentialAction\":[{\"@type\":\"SearchAction\",\"target\":{\"@type\":\"EntryPoint\",\"urlTemplate\":\"https:\/\/demoweb.info\/sexshop001\/?s={search_term_string}\"},\"query-input\":\"required name=search_term_string\"}],\"inLanguage\":\"es\"}]}<\/script>\n<!-- \/ Yoast SEO plugin. -->","yoast_head_json":{"title":"SATISFYER MEN WAND - Tienda Er\u00f3tica","robots":{"index":"noindex","follow":"follow","max-snippet":"max-snippet:-1","max-image-preview":"max-image-preview:large","max-video-preview":"max-video-preview:-1"},"og_locale":"es_ES","og_type":"article","og_title":"SATISFYER MEN WAND - Tienda Er\u00f3tica","og_description":"SATISFYER MEN WAND Nueva edici\u00f3n 2020 Vibrador Men Wand Un innovador multitalento para el hombre moderno Dale alas a los","og_url":"https:\/\/demoweb.info\/sexshop001\/producto\/satisfyer-men-wand\/","og_site_name":"Tienda Er\u00f3tica","article_modified_time":"2022-01-22T19:38:00+00:00","og_image":[{"width":550,"height":550,"url":"https:\/\/demoweb.info\/sexshop001\/wp-content\/uploads\/2022\/01\/SATISFYER-MEN-WAND.jpg","type":"image\/jpeg"}],"twitter_card":"summary_large_image","twitter_misc":{"Tiempo de lectura":"2 minutos"},"schema":{"@context":"https:\/\/schema.org","@graph":[{"@type":"WebPage","@id":"https:\/\/demoweb.info\/sexshop001\/producto\/satisfyer-men-wand\/","url":"https:\/\/demoweb.info\/sexshop001\/producto\/satisfyer-men-wand\/","name":"SATISFYER MEN WAND - Tienda Er\u00f3tica","isPartOf":{"@id":"https:\/\/demoweb.info\/sexshop001\/#website"},"datePublished":"2022-01-22T19:37:54+00:00","dateModified":"2022-01-22T19:38:00+00:00","breadcrumb":{"@id":"https:\/\/demoweb.info\/sexshop001\/producto\/satisfyer-men-wand\/#breadcrumb"},"inLanguage":"es","potentialAction":[{"@type":"ReadAction","target":["https:\/\/demoweb.info\/sexshop001\/producto\/satisfyer-men-wand\/"]}]},{"@type":"BreadcrumbList","@id":"https:\/\/demoweb.info\/sexshop001\/producto\/satisfyer-men-wand\/#breadcrumb","itemListElement":[{"@type":"ListItem","position":1,"name":"Portada","item":"https:\/\/demoweb.info\/sexshop001\/"},{"@type":"ListItem","position":2,"name":"Tienda","item":"https:\/\/demoweb.info\/sexshop001\/tienda\/"},{"@type":"ListItem","position":3,"name":"SATISFYER MEN WAND"}]},{"@type":"WebSite","@id":"https:\/\/demoweb.info\/sexshop001\/#website","url":"https:\/\/demoweb.info\/sexshop001\/","name":"Tienda Er\u00f3tica","description":"DEMOWEB SL","potentialAction":[{"@type":"SearchAction","target":{"@type":"EntryPoint","urlTemplate":"https:\/\/demoweb.info\/sexshop001\/?s={search_term_string}"},"query-input":"required name=search_term_string"}],"inLanguage":"es"}]}},"_links":{"self":[{"href":"https:\/\/demoweb.info\/sexshop001\/wp-json\/wp\/v3\/product\/70854","targetHints":{"allow":["GET"]}}],"collection":[{"href":"https:\/\/demoweb.info\/sexshop001\/wp-json\/wp\/v3\/product"}],"about":[{"href":"https:\/\/demoweb.info\/sexshop001\/wp-json\/wp\/v2\/types\/product"}],"replies":[{"embeddable":true,"href":"https:\/\/demoweb.info\/sexshop001\/wp-json\/wp\/v2\/comments?post=70854"}],"wp:featuredmedia":[{"embeddable":true,"href":"https:\/\/demoweb.info\/sexshop001\/wp-json\/wp\/v2\/media\/70855"}],"wp:attachment":[{"href":"https:\/\/demoweb.info\/sexshop001\/wp-json\/wp\/v2\/media?parent=70854"}],"wp:term":[{"taxonomy":"product_cat","embeddable":true,"href":"https:\/\/demoweb.info\/sexshop001\/wp-json\/wp\/v2\/product_cat?post=70854"},{"taxonomy":"product_tag","embeddable":true,"href":"https:\/\/demoweb.info\/sexshop001\/wp-json\/wp\/v2\/product_tag?post=70854"}],"curies":[{"name":"wp","href":"https:\/\/api.w.org\/{rel}","templated":true}]}}