{"id":70779,"date":"2022-01-22T20:37:03","date_gmt":"2022-01-22T19:37:03","guid":{"rendered":"https:\/\/demoweb.info\/sexshop001\/producto\/ardiente-deseo-trilogia-pecado-2\/"},"modified":"2022-01-22T20:37:04","modified_gmt":"2022-01-22T19:37:04","slug":"ardiente-deseo-trilogia-pecado-2","status":"publish","type":"product","link":"https:\/\/demoweb.info\/sexshop001\/producto\/ardiente-deseo-trilogia-pecado-2\/","title":{"rendered":"ARDIENTE DESEO (TRILOG\u00cdA PECADO 2)"},"content":{"rendered":"<p><strong>ARDIENTE DESEO (TRILOG\u00cdA PECADO 2)<\/strong><\/p>\n<p><strong>J. Kenner<\/strong><\/p>\n<p><strong>Olvida tus prejuicios y no te pierdas la segunda entrega de la trilog\u00eda \u00abPecado\u00bb, la obra m\u00e1s explosiva de J. Kenner, autora <em>best seller<\/em> de<em> The New York Times<\/em>.<\/strong><\/p>\n<p>\u00abKenner nos recrea una relaci\u00f3n sensual y obsesiva, te\u00f1ida de peligro, amor prohibido y riesgos enormes.\u00bb<br \/>\n<strong><em>RT Book Reviews<\/em><\/strong><\/p>\n<p><strong>De J. Kenner, una de las grandes maestras del romance er\u00f3tico, nos llega ahora la segunda entrega de su nueva trilog\u00eda, \u00abPecado\u00bb, ambientada en un mundo marcado por el lujo, el misterio y las pasiones m\u00e1s prohibidas.<\/strong><\/p>\n<p><em>Cuando la pasi\u00f3n es tan fuerte que consigue derribar todos los obst\u00e1culos, ya solo queda aferrarse a ella y rendirse al amor sin mirar atr\u00e1s.<\/em><\/p>\n<p>Jane y Dallas, hermanos adoptivos, han roto los tab\u00faes que frenaban esa poderosa atracci\u00f3n y se han sumergido ya en las turbulentas aguas del sexo y el placer. Pero las reacciones de su familia son tan duras como cab\u00eda esperar y su historia de amor, tierna y t\u00f3rrida a la vez, parece abocada a la incomprensi\u00f3n y al fracaso.<\/p>\n<p>Pero su entorno m\u00e1s cercano no es la \u00fanica sombra que planea sobre esa relaci\u00f3n: unos misteriosos an\u00f3nimos demuestran que alguien los acecha. Se trata de una persona que ya les hiri\u00f3 en el pasado y que ahora no puede soportar verlos enamorados y felices, una misteriosa mujer que har\u00e1 cuanto est\u00e9 en su mano para sepultar el apasionado y ardiente romance de Dallas y Jane bajo una capa de hielo letal.<\/p>\n<ul>\n<li>Formato, p\u00e1ginas: BOLSILLO, 320<\/li>\n<li>Tapa blanda<\/li>\n<\/ul>\n","protected":false},"excerpt":{"rendered":"<p>ARDIENTE DESEO (TRILOG\u00cdA PECADO 2) J. Kenner Olvida tus prejuicios y no te pierdas la segunda entrega de la trilog\u00eda<\/p>\n","protected":false},"featured_media":70780,"comment_status":"open","ping_status":"open","template":"","meta":[],"product_cat":[414],"product_tag":[722,415],"class_list":["post-70779","product","type-product","status-publish","has-post-thumbnail","hentry","product_cat-libros","product_tag-debolsillo","product_tag-random-house"],"bundled_by":[],"bundle_stock_status":"instock","bundle_stock_quantity":1,"bundle_virtual":false,"bundle_layout":"","bundle_add_to_cart_form_location":"","bundle_editable_in_cart":false,"bundle_sold_individually_context":"","bundle_item_grouping":"","bundle_min_size":"","bundle_max_size":"","bundled_items":[],"yoast_head":"<!-- This site is optimized with the Yoast SEO plugin v20.6 - https:\/\/yoast.com\/wordpress\/plugins\/seo\/ -->\n<title>ARDIENTE DESEO (TRILOG\u00cdA PECADO 2) - Tienda Er\u00f3tica<\/title>\n<meta name=\"robots\" content=\"noindex, follow, max-snippet:-1, max-image-preview:large, max-video-preview:-1\" \/>\n<meta property=\"og:locale\" content=\"es_ES\" \/>\n<meta property=\"og:type\" content=\"article\" \/>\n<meta property=\"og:title\" content=\"ARDIENTE DESEO (TRILOG\u00cdA PECADO 2) - Tienda Er\u00f3tica\" \/>\n<meta property=\"og:description\" content=\"ARDIENTE DESEO (TRILOG\u00cdA PECADO 2) J. Kenner Olvida tus prejuicios y no te pierdas la segunda entrega de la trilog\u00eda\" \/>\n<meta property=\"og:url\" content=\"https:\/\/demoweb.info\/sexshop001\/producto\/ardiente-deseo-trilogia-pecado-2\/\" \/>\n<meta property=\"og:site_name\" content=\"Tienda Er\u00f3tica\" \/>\n<meta property=\"article:modified_time\" content=\"2022-01-22T19:37:04+00:00\" \/>\n<meta property=\"og:image\" content=\"https:\/\/demoweb.info\/sexshop001\/wp-content\/uploads\/2022\/01\/ARDIENTE-DESEO-TRILOGIA-PECADO-2.jpg\" \/>\n\t<meta property=\"og:image:width\" content=\"550\" \/>\n\t<meta property=\"og:image:height\" content=\"550\" \/>\n\t<meta property=\"og:image:type\" content=\"image\/jpeg\" \/>\n<meta name=\"twitter:card\" content=\"summary_large_image\" \/>\n<meta name=\"twitter:label1\" content=\"Tiempo de lectura\" \/>\n\t<meta name=\"twitter:data1\" content=\"1 minuto\" \/>\n<script type=\"application\/ld+json\" class=\"yoast-schema-graph\">{\"@context\":\"https:\/\/schema.org\",\"@graph\":[{\"@type\":\"WebPage\",\"@id\":\"https:\/\/demoweb.info\/sexshop001\/producto\/ardiente-deseo-trilogia-pecado-2\/\",\"url\":\"https:\/\/demoweb.info\/sexshop001\/producto\/ardiente-deseo-trilogia-pecado-2\/\",\"name\":\"ARDIENTE DESEO (TRILOG\u00cdA PECADO 2) - Tienda Er\u00f3tica\",\"isPartOf\":{\"@id\":\"https:\/\/demoweb.info\/sexshop001\/#website\"},\"datePublished\":\"2022-01-22T19:37:03+00:00\",\"dateModified\":\"2022-01-22T19:37:04+00:00\",\"breadcrumb\":{\"@id\":\"https:\/\/demoweb.info\/sexshop001\/producto\/ardiente-deseo-trilogia-pecado-2\/#breadcrumb\"},\"inLanguage\":\"es\",\"potentialAction\":[{\"@type\":\"ReadAction\",\"target\":[\"https:\/\/demoweb.info\/sexshop001\/producto\/ardiente-deseo-trilogia-pecado-2\/\"]}]},{\"@type\":\"BreadcrumbList\",\"@id\":\"https:\/\/demoweb.info\/sexshop001\/producto\/ardiente-deseo-trilogia-pecado-2\/#breadcrumb\",\"itemListElement\":[{\"@type\":\"ListItem\",\"position\":1,\"name\":\"Portada\",\"item\":\"https:\/\/demoweb.info\/sexshop001\/\"},{\"@type\":\"ListItem\",\"position\":2,\"name\":\"Tienda\",\"item\":\"https:\/\/demoweb.info\/sexshop001\/tienda\/\"},{\"@type\":\"ListItem\",\"position\":3,\"name\":\"ARDIENTE DESEO (TRILOG\u00cdA PECADO 2)\"}]},{\"@type\":\"WebSite\",\"@id\":\"https:\/\/demoweb.info\/sexshop001\/#website\",\"url\":\"https:\/\/demoweb.info\/sexshop001\/\",\"name\":\"Tienda Er\u00f3tica\",\"description\":\"DEMOWEB SL\",\"potentialAction\":[{\"@type\":\"SearchAction\",\"target\":{\"@type\":\"EntryPoint\",\"urlTemplate\":\"https:\/\/demoweb.info\/sexshop001\/?s={search_term_string}\"},\"query-input\":\"required name=search_term_string\"}],\"inLanguage\":\"es\"}]}<\/script>\n<!-- \/ Yoast SEO plugin. -->","yoast_head_json":{"title":"ARDIENTE DESEO (TRILOG\u00cdA PECADO 2) - Tienda Er\u00f3tica","robots":{"index":"noindex","follow":"follow","max-snippet":"max-snippet:-1","max-image-preview":"max-image-preview:large","max-video-preview":"max-video-preview:-1"},"og_locale":"es_ES","og_type":"article","og_title":"ARDIENTE DESEO (TRILOG\u00cdA PECADO 2) - Tienda Er\u00f3tica","og_description":"ARDIENTE DESEO (TRILOG\u00cdA PECADO 2) J. Kenner Olvida tus prejuicios y no te pierdas la segunda entrega de la trilog\u00eda","og_url":"https:\/\/demoweb.info\/sexshop001\/producto\/ardiente-deseo-trilogia-pecado-2\/","og_site_name":"Tienda Er\u00f3tica","article_modified_time":"2022-01-22T19:37:04+00:00","og_image":[{"width":550,"height":550,"url":"https:\/\/demoweb.info\/sexshop001\/wp-content\/uploads\/2022\/01\/ARDIENTE-DESEO-TRILOGIA-PECADO-2.jpg","type":"image\/jpeg"}],"twitter_card":"summary_large_image","twitter_misc":{"Tiempo de lectura":"1 minuto"},"schema":{"@context":"https:\/\/schema.org","@graph":[{"@type":"WebPage","@id":"https:\/\/demoweb.info\/sexshop001\/producto\/ardiente-deseo-trilogia-pecado-2\/","url":"https:\/\/demoweb.info\/sexshop001\/producto\/ardiente-deseo-trilogia-pecado-2\/","name":"ARDIENTE DESEO (TRILOG\u00cdA PECADO 2) - Tienda Er\u00f3tica","isPartOf":{"@id":"https:\/\/demoweb.info\/sexshop001\/#website"},"datePublished":"2022-01-22T19:37:03+00:00","dateModified":"2022-01-22T19:37:04+00:00","breadcrumb":{"@id":"https:\/\/demoweb.info\/sexshop001\/producto\/ardiente-deseo-trilogia-pecado-2\/#breadcrumb"},"inLanguage":"es","potentialAction":[{"@type":"ReadAction","target":["https:\/\/demoweb.info\/sexshop001\/producto\/ardiente-deseo-trilogia-pecado-2\/"]}]},{"@type":"BreadcrumbList","@id":"https:\/\/demoweb.info\/sexshop001\/producto\/ardiente-deseo-trilogia-pecado-2\/#breadcrumb","itemListElement":[{"@type":"ListItem","position":1,"name":"Portada","item":"https:\/\/demoweb.info\/sexshop001\/"},{"@type":"ListItem","position":2,"name":"Tienda","item":"https:\/\/demoweb.info\/sexshop001\/tienda\/"},{"@type":"ListItem","position":3,"name":"ARDIENTE DESEO (TRILOG\u00cdA PECADO 2)"}]},{"@type":"WebSite","@id":"https:\/\/demoweb.info\/sexshop001\/#website","url":"https:\/\/demoweb.info\/sexshop001\/","name":"Tienda Er\u00f3tica","description":"DEMOWEB SL","potentialAction":[{"@type":"SearchAction","target":{"@type":"EntryPoint","urlTemplate":"https:\/\/demoweb.info\/sexshop001\/?s={search_term_string}"},"query-input":"required name=search_term_string"}],"inLanguage":"es"}]}},"_links":{"self":[{"href":"https:\/\/demoweb.info\/sexshop001\/wp-json\/wp\/v3\/product\/70779","targetHints":{"allow":["GET"]}}],"collection":[{"href":"https:\/\/demoweb.info\/sexshop001\/wp-json\/wp\/v3\/product"}],"about":[{"href":"https:\/\/demoweb.info\/sexshop001\/wp-json\/wp\/v2\/types\/product"}],"replies":[{"embeddable":true,"href":"https:\/\/demoweb.info\/sexshop001\/wp-json\/wp\/v2\/comments?post=70779"}],"wp:featuredmedia":[{"embeddable":true,"href":"https:\/\/demoweb.info\/sexshop001\/wp-json\/wp\/v2\/media\/70780"}],"wp:attachment":[{"href":"https:\/\/demoweb.info\/sexshop001\/wp-json\/wp\/v2\/media?parent=70779"}],"wp:term":[{"taxonomy":"product_cat","embeddable":true,"href":"https:\/\/demoweb.info\/sexshop001\/wp-json\/wp\/v2\/product_cat?post=70779"},{"taxonomy":"product_tag","embeddable":true,"href":"https:\/\/demoweb.info\/sexshop001\/wp-json\/wp\/v2\/product_tag?post=70779"}],"curies":[{"name":"wp","href":"https:\/\/api.w.org\/{rel}","templated":true}]}}