{"id":70775,"date":"2022-01-22T20:36:47","date_gmt":"2022-01-22T19:36:47","guid":{"rendered":"https:\/\/demoweb.info\/sexshop001\/producto\/satisfyer-layon-4-sweet-sensation\/"},"modified":"2022-01-22T20:37:00","modified_gmt":"2022-01-22T19:37:00","slug":"satisfyer-layon-4-sweet-sensation","status":"publish","type":"product","link":"https:\/\/demoweb.info\/sexshop001\/producto\/satisfyer-layon-4-sweet-sensation\/","title":{"rendered":"SATISFYER LAYON 4 SWEET SENSATION"},"content":{"rendered":"<p><strong>SATISFYER LAYON 4 SWEET SENSATION<\/strong><\/p>\n<p>Little Wand<br \/>\nLa oferta m\u00e1s dulce de Satisfyer: t\u00f3rridas vibraciones en forma de g\u00e9lido helado.<\/p>\n<p>G\u00e9lida tentaci\u00f3n<br \/>\nEste chico tan delicado llega en el color blanco de la inocencia, pero se emplea a fondo para hacerte disfrutar y provocarte el deseo de jugar con \u00e9l: no hay helado en el mundo capaz de competir con Little Wand, ya que es el \u00fanico capaz de derretir vuestro cl\u00edtoris con su profunda vibraci\u00f3n. Adem\u00e1s de su poderosa potencia, el vibrador de contacto de suave silicona te ofrece un dise\u00f1o elegante y divertido y un control sencillo.<\/p>\n<p>Dulces vibraciones<br \/>\nDe textura dura y con un extremo voluminoso y redondeado, Little Wand abarca todo tu cl\u00edtoris y puede colocarse tanto de lado como en vertical. En cualquier caso, el pr\u00e1ctico mango te permite manejarlo con facilidad incluso en los momentos m\u00e1s apasionados. En tu cl\u00edtoris, el juguete y tu bot\u00f3n del amor entran en contacto para llevarte al \u00e9xtasis de la mano sensual de los detalles acanalados y los 15 programas de vibraci\u00f3n: estos se componen de 5 velocidades y 10 ritmos que se controlan f\u00e1cilmente tan solo pulsando un bot\u00f3n.<\/p>\n<ul>\n<li>Estimulaci\u00f3n superpotente<\/li>\n<li>Silicona m\u00e9dica<\/li>\n<li>15 intensos programas de vibraci\u00f3n<\/li>\n<li>Acabado impermeable<\/li>\n<li>Recargable, incl. cable USB de carga<\/li>\n<\/ul>\n<p>Tanto si prefieres una actuaci\u00f3n en solitario como incorporarlo a los juegos previos en pareja, te provocar\u00e1 sin duda gemidos de placer. \u00bfTe apetece disfrutar en solitario en la ducha o en la ba\u00f1era? Gracias a su acabado impermeable, estar\u00e1 encantado de acompa\u00f1arte en tus salvajes correr\u00edas en el agua.<\/p>\n<p>Caracter\u00edsticas:<\/p>\n<p>&#8211; Cable de carga USB magn\u00e9tico incluido.<br \/>\n&#8211; Material: silicona, ABS.<br \/>\n&#8211; Impermeable (IPX7).<br \/>\n&#8211; F\u00e1cil de limpiar.<br \/>\n&#8211; Bater\u00eda recargable de ion-litio.<br \/>\n&#8211; 15 programas de vibraciones.<br \/>\n&#8211; Modo susurro<br \/>\n&#8211; Tama\u00f1o: 9,6 cm de largo.<\/p>\n","protected":false},"excerpt":{"rendered":"<p>SATISFYER LAYON 4 SWEET SENSATION Little Wand La oferta m\u00e1s dulce de Satisfyer: t\u00f3rridas vibraciones en forma de g\u00e9lido helado.<\/p>\n","protected":false},"featured_media":70776,"comment_status":"open","ping_status":"open","template":"","meta":[],"product_cat":[370],"product_tag":[1691,442],"class_list":["post-70775","product","type-product","status-publish","has-post-thumbnail","hentry","product_cat-clitoris","product_tag-layons","product_tag-satisfyer"],"bundled_by":[],"bundle_stock_status":"instock","bundle_stock_quantity":25,"bundle_virtual":false,"bundle_layout":"","bundle_add_to_cart_form_location":"","bundle_editable_in_cart":false,"bundle_sold_individually_context":"","bundle_item_grouping":"","bundle_min_size":"","bundle_max_size":"","bundled_items":[],"yoast_head":"<!-- This site is optimized with the Yoast SEO plugin v20.6 - https:\/\/yoast.com\/wordpress\/plugins\/seo\/ -->\n<title>SATISFYER LAYON 4 SWEET SENSATION - Tienda Er\u00f3tica<\/title>\n<meta name=\"robots\" content=\"noindex, follow, max-snippet:-1, max-image-preview:large, max-video-preview:-1\" \/>\n<meta property=\"og:locale\" content=\"es_ES\" \/>\n<meta property=\"og:type\" content=\"article\" \/>\n<meta property=\"og:title\" content=\"SATISFYER LAYON 4 SWEET SENSATION - Tienda Er\u00f3tica\" \/>\n<meta property=\"og:description\" content=\"SATISFYER LAYON 4 SWEET SENSATION Little Wand La oferta m\u00e1s dulce de Satisfyer: t\u00f3rridas vibraciones en forma de g\u00e9lido helado.\" \/>\n<meta property=\"og:url\" content=\"https:\/\/demoweb.info\/sexshop001\/producto\/satisfyer-layon-4-sweet-sensation\/\" \/>\n<meta property=\"og:site_name\" content=\"Tienda Er\u00f3tica\" \/>\n<meta property=\"article:modified_time\" content=\"2022-01-22T19:37:00+00:00\" \/>\n<meta property=\"og:image\" content=\"https:\/\/demoweb.info\/sexshop001\/wp-content\/uploads\/2022\/01\/SATISFYER-LAYON-4-SWEET-SENSATION.jpg\" \/>\n\t<meta property=\"og:image:width\" content=\"550\" \/>\n\t<meta property=\"og:image:height\" content=\"550\" \/>\n\t<meta property=\"og:image:type\" content=\"image\/jpeg\" \/>\n<meta name=\"twitter:card\" content=\"summary_large_image\" \/>\n<meta name=\"twitter:label1\" content=\"Tiempo de lectura\" \/>\n\t<meta name=\"twitter:data1\" content=\"2 minutos\" \/>\n<script type=\"application\/ld+json\" class=\"yoast-schema-graph\">{\"@context\":\"https:\/\/schema.org\",\"@graph\":[{\"@type\":\"WebPage\",\"@id\":\"https:\/\/demoweb.info\/sexshop001\/producto\/satisfyer-layon-4-sweet-sensation\/\",\"url\":\"https:\/\/demoweb.info\/sexshop001\/producto\/satisfyer-layon-4-sweet-sensation\/\",\"name\":\"SATISFYER LAYON 4 SWEET SENSATION - Tienda Er\u00f3tica\",\"isPartOf\":{\"@id\":\"https:\/\/demoweb.info\/sexshop001\/#website\"},\"datePublished\":\"2022-01-22T19:36:47+00:00\",\"dateModified\":\"2022-01-22T19:37:00+00:00\",\"breadcrumb\":{\"@id\":\"https:\/\/demoweb.info\/sexshop001\/producto\/satisfyer-layon-4-sweet-sensation\/#breadcrumb\"},\"inLanguage\":\"es\",\"potentialAction\":[{\"@type\":\"ReadAction\",\"target\":[\"https:\/\/demoweb.info\/sexshop001\/producto\/satisfyer-layon-4-sweet-sensation\/\"]}]},{\"@type\":\"BreadcrumbList\",\"@id\":\"https:\/\/demoweb.info\/sexshop001\/producto\/satisfyer-layon-4-sweet-sensation\/#breadcrumb\",\"itemListElement\":[{\"@type\":\"ListItem\",\"position\":1,\"name\":\"Portada\",\"item\":\"https:\/\/demoweb.info\/sexshop001\/\"},{\"@type\":\"ListItem\",\"position\":2,\"name\":\"Tienda\",\"item\":\"https:\/\/demoweb.info\/sexshop001\/tienda\/\"},{\"@type\":\"ListItem\",\"position\":3,\"name\":\"SATISFYER LAYON 4 SWEET SENSATION\"}]},{\"@type\":\"WebSite\",\"@id\":\"https:\/\/demoweb.info\/sexshop001\/#website\",\"url\":\"https:\/\/demoweb.info\/sexshop001\/\",\"name\":\"Tienda Er\u00f3tica\",\"description\":\"DEMOWEB SL\",\"potentialAction\":[{\"@type\":\"SearchAction\",\"target\":{\"@type\":\"EntryPoint\",\"urlTemplate\":\"https:\/\/demoweb.info\/sexshop001\/?s={search_term_string}\"},\"query-input\":\"required name=search_term_string\"}],\"inLanguage\":\"es\"}]}<\/script>\n<!-- \/ Yoast SEO plugin. -->","yoast_head_json":{"title":"SATISFYER LAYON 4 SWEET SENSATION - Tienda Er\u00f3tica","robots":{"index":"noindex","follow":"follow","max-snippet":"max-snippet:-1","max-image-preview":"max-image-preview:large","max-video-preview":"max-video-preview:-1"},"og_locale":"es_ES","og_type":"article","og_title":"SATISFYER LAYON 4 SWEET SENSATION - Tienda Er\u00f3tica","og_description":"SATISFYER LAYON 4 SWEET SENSATION Little Wand La oferta m\u00e1s dulce de Satisfyer: t\u00f3rridas vibraciones en forma de g\u00e9lido helado.","og_url":"https:\/\/demoweb.info\/sexshop001\/producto\/satisfyer-layon-4-sweet-sensation\/","og_site_name":"Tienda Er\u00f3tica","article_modified_time":"2022-01-22T19:37:00+00:00","og_image":[{"width":550,"height":550,"url":"https:\/\/demoweb.info\/sexshop001\/wp-content\/uploads\/2022\/01\/SATISFYER-LAYON-4-SWEET-SENSATION.jpg","type":"image\/jpeg"}],"twitter_card":"summary_large_image","twitter_misc":{"Tiempo de lectura":"2 minutos"},"schema":{"@context":"https:\/\/schema.org","@graph":[{"@type":"WebPage","@id":"https:\/\/demoweb.info\/sexshop001\/producto\/satisfyer-layon-4-sweet-sensation\/","url":"https:\/\/demoweb.info\/sexshop001\/producto\/satisfyer-layon-4-sweet-sensation\/","name":"SATISFYER LAYON 4 SWEET SENSATION - Tienda Er\u00f3tica","isPartOf":{"@id":"https:\/\/demoweb.info\/sexshop001\/#website"},"datePublished":"2022-01-22T19:36:47+00:00","dateModified":"2022-01-22T19:37:00+00:00","breadcrumb":{"@id":"https:\/\/demoweb.info\/sexshop001\/producto\/satisfyer-layon-4-sweet-sensation\/#breadcrumb"},"inLanguage":"es","potentialAction":[{"@type":"ReadAction","target":["https:\/\/demoweb.info\/sexshop001\/producto\/satisfyer-layon-4-sweet-sensation\/"]}]},{"@type":"BreadcrumbList","@id":"https:\/\/demoweb.info\/sexshop001\/producto\/satisfyer-layon-4-sweet-sensation\/#breadcrumb","itemListElement":[{"@type":"ListItem","position":1,"name":"Portada","item":"https:\/\/demoweb.info\/sexshop001\/"},{"@type":"ListItem","position":2,"name":"Tienda","item":"https:\/\/demoweb.info\/sexshop001\/tienda\/"},{"@type":"ListItem","position":3,"name":"SATISFYER LAYON 4 SWEET SENSATION"}]},{"@type":"WebSite","@id":"https:\/\/demoweb.info\/sexshop001\/#website","url":"https:\/\/demoweb.info\/sexshop001\/","name":"Tienda Er\u00f3tica","description":"DEMOWEB SL","potentialAction":[{"@type":"SearchAction","target":{"@type":"EntryPoint","urlTemplate":"https:\/\/demoweb.info\/sexshop001\/?s={search_term_string}"},"query-input":"required name=search_term_string"}],"inLanguage":"es"}]}},"_links":{"self":[{"href":"https:\/\/demoweb.info\/sexshop001\/wp-json\/wp\/v3\/product\/70775","targetHints":{"allow":["GET"]}}],"collection":[{"href":"https:\/\/demoweb.info\/sexshop001\/wp-json\/wp\/v3\/product"}],"about":[{"href":"https:\/\/demoweb.info\/sexshop001\/wp-json\/wp\/v2\/types\/product"}],"replies":[{"embeddable":true,"href":"https:\/\/demoweb.info\/sexshop001\/wp-json\/wp\/v2\/comments?post=70775"}],"wp:featuredmedia":[{"embeddable":true,"href":"https:\/\/demoweb.info\/sexshop001\/wp-json\/wp\/v2\/media\/70776"}],"wp:attachment":[{"href":"https:\/\/demoweb.info\/sexshop001\/wp-json\/wp\/v2\/media?parent=70775"}],"wp:term":[{"taxonomy":"product_cat","embeddable":true,"href":"https:\/\/demoweb.info\/sexshop001\/wp-json\/wp\/v2\/product_cat?post=70775"},{"taxonomy":"product_tag","embeddable":true,"href":"https:\/\/demoweb.info\/sexshop001\/wp-json\/wp\/v2\/product_tag?post=70775"}],"curies":[{"name":"wp","href":"https:\/\/api.w.org\/{rel}","templated":true}]}}