{"id":70773,"date":"2022-01-22T20:36:47","date_gmt":"2022-01-22T19:36:47","guid":{"rendered":"https:\/\/demoweb.info\/sexshop001\/producto\/satisfyer-layon-2-dark-desire\/"},"modified":"2022-01-22T20:36:59","modified_gmt":"2022-01-22T19:36:59","slug":"satisfyer-layon-2-dark-desire","status":"publish","type":"product","link":"https:\/\/demoweb.info\/sexshop001\/producto\/satisfyer-layon-2-dark-desire\/","title":{"rendered":"SATISFYER LAYON 2 DARK DESIRE"},"content":{"rendered":"<p><strong>SATISFYER LAYON 2 DARK DESIRE<\/strong><\/p>\n<p>Dark Desire<br \/>\nUn encanto seductor con mucha potencia<\/p>\n<p>Orgasmos con solo pulsar un bot\u00f3n<br \/>\nEl vibrador de contacto se ajusta a la mano como un peque\u00f1o mando a distancia y tanto su estimulaci\u00f3n de gran superficie como su amplia superficie de contacto acanalada os enamorar\u00e1n a ti y a tu bot\u00f3n del amor. Con m\u00e1s orgasmos que programas diarios en la televisi\u00f3n, \u00a1nunca fue m\u00e1s placentero sentarse sobre el mando a distancia!<\/p>\n<p>Sacia tu anhelo m\u00e1s profundo<br \/>\nEn este juguete se oculta un motor muy potente que, con 15 excitantes modos de vibraci\u00f3n, tiene mucho que ofrecer: los programas se componen de 5 velocidades y 10 ritmos. Los botones +\/- permiten controlar f\u00e1cilmente los silenciosos niveles de intensidad, para que encuentres al instante tu programa favorito. La amplia superficie acanalada te obsequia adem\u00e1s con una excitante estimulaci\u00f3n.<\/p>\n<ul>\n<li>Estimulaci\u00f3n superpotente<\/li>\n<li>Silicona m\u00e9dica<\/li>\n<li>15 intensos programas de vibraci\u00f3n<\/li>\n<li>Acabado impermeable<\/li>\n<li>Recargable, incl. cable USB de carga<\/li>\n<\/ul>\n<p>\u00bfHay algo m\u00e1s delicioso que un ba\u00f1o relajante tras un largo d\u00eda? Llena la ba\u00f1era y ll\u00e9vate directamente tu patito de goma y tu juguete er\u00f3tico, porque el vibrador de contacto es impermeable. \u00a1All\u00ed, los deliciosamente h\u00famedos orgasmos resultan el doble de divertidos!<\/p>\n<p>Caracter\u00edsticas:<\/p>\n<p>&#8211; Cable de carga USB magn\u00e9tico incluido.<br \/>\n&#8211; Material: silicona, ABS.<br \/>\n&#8211; Impermeable (IPX7).<br \/>\n&#8211; F\u00e1cil de limpiar.<br \/>\n&#8211; Bater\u00eda recargable de ion-litio.<br \/>\n&#8211; 15 programas de vibraciones.<br \/>\n&#8211; Modo susurro<br \/>\n&#8211; Tama\u00f1o: 9,4 cm de largo.<\/p>\n","protected":false},"excerpt":{"rendered":"<p>SATISFYER LAYON 2 DARK DESIRE Dark Desire Un encanto seductor con mucha potencia Orgasmos con solo pulsar un bot\u00f3n El<\/p>\n","protected":false},"featured_media":70774,"comment_status":"open","ping_status":"open","template":"","meta":[],"product_cat":[370],"product_tag":[1691,442],"class_list":["post-70773","product","type-product","status-publish","has-post-thumbnail","hentry","product_cat-clitoris","product_tag-layons","product_tag-satisfyer"],"bundled_by":[],"bundle_stock_status":"instock","bundle_stock_quantity":23,"bundle_virtual":false,"bundle_layout":"","bundle_add_to_cart_form_location":"","bundle_editable_in_cart":false,"bundle_sold_individually_context":"","bundle_item_grouping":"","bundle_min_size":"","bundle_max_size":"","bundled_items":[],"yoast_head":"<!-- This site is optimized with the Yoast SEO plugin v20.6 - https:\/\/yoast.com\/wordpress\/plugins\/seo\/ -->\n<title>SATISFYER LAYON 2 DARK DESIRE - Tienda Er\u00f3tica<\/title>\n<meta name=\"robots\" content=\"noindex, follow, max-snippet:-1, max-image-preview:large, max-video-preview:-1\" \/>\n<meta property=\"og:locale\" content=\"es_ES\" \/>\n<meta property=\"og:type\" content=\"article\" \/>\n<meta property=\"og:title\" content=\"SATISFYER LAYON 2 DARK DESIRE - Tienda Er\u00f3tica\" \/>\n<meta property=\"og:description\" content=\"SATISFYER LAYON 2 DARK DESIRE Dark Desire Un encanto seductor con mucha potencia Orgasmos con solo pulsar un bot\u00f3n El\" \/>\n<meta property=\"og:url\" content=\"https:\/\/demoweb.info\/sexshop001\/producto\/satisfyer-layon-2-dark-desire\/\" \/>\n<meta property=\"og:site_name\" content=\"Tienda Er\u00f3tica\" \/>\n<meta property=\"article:modified_time\" content=\"2022-01-22T19:36:59+00:00\" \/>\n<meta property=\"og:image\" content=\"https:\/\/demoweb.info\/sexshop001\/wp-content\/uploads\/2022\/01\/SATISFYER-LAYON-2-DARK-DESIRE.jpg\" \/>\n\t<meta property=\"og:image:width\" content=\"550\" \/>\n\t<meta property=\"og:image:height\" content=\"550\" \/>\n\t<meta property=\"og:image:type\" content=\"image\/jpeg\" \/>\n<meta name=\"twitter:card\" content=\"summary_large_image\" \/>\n<meta name=\"twitter:label1\" content=\"Tiempo de lectura\" \/>\n\t<meta name=\"twitter:data1\" content=\"1 minuto\" \/>\n<script type=\"application\/ld+json\" class=\"yoast-schema-graph\">{\"@context\":\"https:\/\/schema.org\",\"@graph\":[{\"@type\":\"WebPage\",\"@id\":\"https:\/\/demoweb.info\/sexshop001\/producto\/satisfyer-layon-2-dark-desire\/\",\"url\":\"https:\/\/demoweb.info\/sexshop001\/producto\/satisfyer-layon-2-dark-desire\/\",\"name\":\"SATISFYER LAYON 2 DARK DESIRE - Tienda Er\u00f3tica\",\"isPartOf\":{\"@id\":\"https:\/\/demoweb.info\/sexshop001\/#website\"},\"datePublished\":\"2022-01-22T19:36:47+00:00\",\"dateModified\":\"2022-01-22T19:36:59+00:00\",\"breadcrumb\":{\"@id\":\"https:\/\/demoweb.info\/sexshop001\/producto\/satisfyer-layon-2-dark-desire\/#breadcrumb\"},\"inLanguage\":\"es\",\"potentialAction\":[{\"@type\":\"ReadAction\",\"target\":[\"https:\/\/demoweb.info\/sexshop001\/producto\/satisfyer-layon-2-dark-desire\/\"]}]},{\"@type\":\"BreadcrumbList\",\"@id\":\"https:\/\/demoweb.info\/sexshop001\/producto\/satisfyer-layon-2-dark-desire\/#breadcrumb\",\"itemListElement\":[{\"@type\":\"ListItem\",\"position\":1,\"name\":\"Portada\",\"item\":\"https:\/\/demoweb.info\/sexshop001\/\"},{\"@type\":\"ListItem\",\"position\":2,\"name\":\"Tienda\",\"item\":\"https:\/\/demoweb.info\/sexshop001\/tienda\/\"},{\"@type\":\"ListItem\",\"position\":3,\"name\":\"SATISFYER LAYON 2 DARK DESIRE\"}]},{\"@type\":\"WebSite\",\"@id\":\"https:\/\/demoweb.info\/sexshop001\/#website\",\"url\":\"https:\/\/demoweb.info\/sexshop001\/\",\"name\":\"Tienda Er\u00f3tica\",\"description\":\"DEMOWEB SL\",\"potentialAction\":[{\"@type\":\"SearchAction\",\"target\":{\"@type\":\"EntryPoint\",\"urlTemplate\":\"https:\/\/demoweb.info\/sexshop001\/?s={search_term_string}\"},\"query-input\":\"required name=search_term_string\"}],\"inLanguage\":\"es\"}]}<\/script>\n<!-- \/ Yoast SEO plugin. -->","yoast_head_json":{"title":"SATISFYER LAYON 2 DARK DESIRE - Tienda Er\u00f3tica","robots":{"index":"noindex","follow":"follow","max-snippet":"max-snippet:-1","max-image-preview":"max-image-preview:large","max-video-preview":"max-video-preview:-1"},"og_locale":"es_ES","og_type":"article","og_title":"SATISFYER LAYON 2 DARK DESIRE - Tienda Er\u00f3tica","og_description":"SATISFYER LAYON 2 DARK DESIRE Dark Desire Un encanto seductor con mucha potencia Orgasmos con solo pulsar un bot\u00f3n El","og_url":"https:\/\/demoweb.info\/sexshop001\/producto\/satisfyer-layon-2-dark-desire\/","og_site_name":"Tienda Er\u00f3tica","article_modified_time":"2022-01-22T19:36:59+00:00","og_image":[{"width":550,"height":550,"url":"https:\/\/demoweb.info\/sexshop001\/wp-content\/uploads\/2022\/01\/SATISFYER-LAYON-2-DARK-DESIRE.jpg","type":"image\/jpeg"}],"twitter_card":"summary_large_image","twitter_misc":{"Tiempo de lectura":"1 minuto"},"schema":{"@context":"https:\/\/schema.org","@graph":[{"@type":"WebPage","@id":"https:\/\/demoweb.info\/sexshop001\/producto\/satisfyer-layon-2-dark-desire\/","url":"https:\/\/demoweb.info\/sexshop001\/producto\/satisfyer-layon-2-dark-desire\/","name":"SATISFYER LAYON 2 DARK DESIRE - Tienda Er\u00f3tica","isPartOf":{"@id":"https:\/\/demoweb.info\/sexshop001\/#website"},"datePublished":"2022-01-22T19:36:47+00:00","dateModified":"2022-01-22T19:36:59+00:00","breadcrumb":{"@id":"https:\/\/demoweb.info\/sexshop001\/producto\/satisfyer-layon-2-dark-desire\/#breadcrumb"},"inLanguage":"es","potentialAction":[{"@type":"ReadAction","target":["https:\/\/demoweb.info\/sexshop001\/producto\/satisfyer-layon-2-dark-desire\/"]}]},{"@type":"BreadcrumbList","@id":"https:\/\/demoweb.info\/sexshop001\/producto\/satisfyer-layon-2-dark-desire\/#breadcrumb","itemListElement":[{"@type":"ListItem","position":1,"name":"Portada","item":"https:\/\/demoweb.info\/sexshop001\/"},{"@type":"ListItem","position":2,"name":"Tienda","item":"https:\/\/demoweb.info\/sexshop001\/tienda\/"},{"@type":"ListItem","position":3,"name":"SATISFYER LAYON 2 DARK DESIRE"}]},{"@type":"WebSite","@id":"https:\/\/demoweb.info\/sexshop001\/#website","url":"https:\/\/demoweb.info\/sexshop001\/","name":"Tienda Er\u00f3tica","description":"DEMOWEB SL","potentialAction":[{"@type":"SearchAction","target":{"@type":"EntryPoint","urlTemplate":"https:\/\/demoweb.info\/sexshop001\/?s={search_term_string}"},"query-input":"required name=search_term_string"}],"inLanguage":"es"}]}},"_links":{"self":[{"href":"https:\/\/demoweb.info\/sexshop001\/wp-json\/wp\/v3\/product\/70773","targetHints":{"allow":["GET"]}}],"collection":[{"href":"https:\/\/demoweb.info\/sexshop001\/wp-json\/wp\/v3\/product"}],"about":[{"href":"https:\/\/demoweb.info\/sexshop001\/wp-json\/wp\/v2\/types\/product"}],"replies":[{"embeddable":true,"href":"https:\/\/demoweb.info\/sexshop001\/wp-json\/wp\/v2\/comments?post=70773"}],"wp:featuredmedia":[{"embeddable":true,"href":"https:\/\/demoweb.info\/sexshop001\/wp-json\/wp\/v2\/media\/70774"}],"wp:attachment":[{"href":"https:\/\/demoweb.info\/sexshop001\/wp-json\/wp\/v2\/media?parent=70773"}],"wp:term":[{"taxonomy":"product_cat","embeddable":true,"href":"https:\/\/demoweb.info\/sexshop001\/wp-json\/wp\/v2\/product_cat?post=70773"},{"taxonomy":"product_tag","embeddable":true,"href":"https:\/\/demoweb.info\/sexshop001\/wp-json\/wp\/v2\/product_tag?post=70773"}],"curies":[{"name":"wp","href":"https:\/\/api.w.org\/{rel}","templated":true}]}}