{"id":70762,"date":"2022-01-22T20:36:47","date_gmt":"2022-01-22T19:36:47","guid":{"rendered":"https:\/\/demoweb.info\/sexshop001\/producto\/locion-piel-de-seda-apolo-50-ml\/"},"modified":"2022-01-22T20:36:52","modified_gmt":"2022-01-22T19:36:52","slug":"locion-piel-de-seda-apolo-50-ml","status":"publish","type":"product","link":"https:\/\/demoweb.info\/sexshop001\/producto\/locion-piel-de-seda-apolo-50-ml\/","title":{"rendered":"LOCI\u00d3N PIEL DE SEDA APOLO 50 ML"},"content":{"rendered":"<p><strong>LOCI\u00d3N PIEL DE SEDA APOLO 50 ML<\/strong><\/p>\n<p>La loci\u00f3n corporal con efecto piel de seda con atractivo sexual es una invitaci\u00f3n a la sensualidad y el deseo.<br \/>\nEsta loci\u00f3n contiene fragancias con feromonas extra\u00eddas de la trufa que estimulan el deseo sexual de forma natural. Despu\u00e9s de extender una fina capa sobre la piel, deja la piel con un aspecto sedoso al tacto.<\/p>\n<p>Esta combinaci\u00f3n de sensualidad y sofisticaci\u00f3n se entrelazan suavemente, sugiriendo experiencias \u00fanicas y ofreciendo momentos especiales.<\/p>\n<ul>\n<li>Producto cosm\u00e9tico.<\/li>\n<li>Envase 50 ml.<\/li>\n<li>Sistema airless.<\/li>\n<\/ul>\n","protected":false},"excerpt":{"rendered":"<p>LOCI\u00d3N PIEL DE SEDA APOLO 50 ML La loci\u00f3n corporal con efecto piel de seda con atractivo sexual es una<\/p>\n","protected":false},"featured_media":70763,"comment_status":"open","ping_status":"open","template":"","meta":[],"product_cat":[517],"product_tag":[565,564],"class_list":["post-70762","product","type-product","status-publish","has-post-thumbnail","hentry","product_cat-de-masaje","product_tag-secret-beauty","product_tag-secret-play"],"bundled_by":[],"bundle_stock_status":"instock","bundle_stock_quantity":1,"bundle_virtual":false,"bundle_layout":"","bundle_add_to_cart_form_location":"","bundle_editable_in_cart":false,"bundle_sold_individually_context":"","bundle_item_grouping":"","bundle_min_size":"","bundle_max_size":"","bundled_items":[],"yoast_head":"<!-- This site is optimized with the Yoast SEO plugin v20.6 - https:\/\/yoast.com\/wordpress\/plugins\/seo\/ -->\n<title>LOCI\u00d3N PIEL DE SEDA APOLO 50 ML - Tienda Er\u00f3tica<\/title>\n<meta name=\"robots\" content=\"noindex, follow, max-snippet:-1, max-image-preview:large, max-video-preview:-1\" \/>\n<meta property=\"og:locale\" content=\"es_ES\" \/>\n<meta property=\"og:type\" content=\"article\" \/>\n<meta property=\"og:title\" content=\"LOCI\u00d3N PIEL DE SEDA APOLO 50 ML - Tienda Er\u00f3tica\" \/>\n<meta property=\"og:description\" content=\"LOCI\u00d3N PIEL DE SEDA APOLO 50 ML La loci\u00f3n corporal con efecto piel de seda con atractivo sexual es una\" \/>\n<meta property=\"og:url\" content=\"https:\/\/demoweb.info\/sexshop001\/producto\/locion-piel-de-seda-apolo-50-ml\/\" \/>\n<meta property=\"og:site_name\" content=\"Tienda Er\u00f3tica\" \/>\n<meta property=\"article:modified_time\" content=\"2022-01-22T19:36:52+00:00\" \/>\n<meta property=\"og:image\" content=\"https:\/\/demoweb.info\/sexshop001\/wp-content\/uploads\/2022\/01\/LOCION-PIEL-DE-SEDA-APOLO-50-ML.jpg\" \/>\n\t<meta property=\"og:image:width\" content=\"550\" \/>\n\t<meta property=\"og:image:height\" content=\"550\" \/>\n\t<meta property=\"og:image:type\" content=\"image\/jpeg\" \/>\n<meta name=\"twitter:card\" content=\"summary_large_image\" \/>\n<script type=\"application\/ld+json\" class=\"yoast-schema-graph\">{\"@context\":\"https:\/\/schema.org\",\"@graph\":[{\"@type\":\"WebPage\",\"@id\":\"https:\/\/demoweb.info\/sexshop001\/producto\/locion-piel-de-seda-apolo-50-ml\/\",\"url\":\"https:\/\/demoweb.info\/sexshop001\/producto\/locion-piel-de-seda-apolo-50-ml\/\",\"name\":\"LOCI\u00d3N PIEL DE SEDA APOLO 50 ML - Tienda Er\u00f3tica\",\"isPartOf\":{\"@id\":\"https:\/\/demoweb.info\/sexshop001\/#website\"},\"datePublished\":\"2022-01-22T19:36:47+00:00\",\"dateModified\":\"2022-01-22T19:36:52+00:00\",\"breadcrumb\":{\"@id\":\"https:\/\/demoweb.info\/sexshop001\/producto\/locion-piel-de-seda-apolo-50-ml\/#breadcrumb\"},\"inLanguage\":\"es\",\"potentialAction\":[{\"@type\":\"ReadAction\",\"target\":[\"https:\/\/demoweb.info\/sexshop001\/producto\/locion-piel-de-seda-apolo-50-ml\/\"]}]},{\"@type\":\"BreadcrumbList\",\"@id\":\"https:\/\/demoweb.info\/sexshop001\/producto\/locion-piel-de-seda-apolo-50-ml\/#breadcrumb\",\"itemListElement\":[{\"@type\":\"ListItem\",\"position\":1,\"name\":\"Portada\",\"item\":\"https:\/\/demoweb.info\/sexshop001\/\"},{\"@type\":\"ListItem\",\"position\":2,\"name\":\"Tienda\",\"item\":\"https:\/\/demoweb.info\/sexshop001\/tienda\/\"},{\"@type\":\"ListItem\",\"position\":3,\"name\":\"LOCI\u00d3N PIEL DE SEDA APOLO 50 ML\"}]},{\"@type\":\"WebSite\",\"@id\":\"https:\/\/demoweb.info\/sexshop001\/#website\",\"url\":\"https:\/\/demoweb.info\/sexshop001\/\",\"name\":\"Tienda Er\u00f3tica\",\"description\":\"DEMOWEB SL\",\"potentialAction\":[{\"@type\":\"SearchAction\",\"target\":{\"@type\":\"EntryPoint\",\"urlTemplate\":\"https:\/\/demoweb.info\/sexshop001\/?s={search_term_string}\"},\"query-input\":\"required name=search_term_string\"}],\"inLanguage\":\"es\"}]}<\/script>\n<!-- \/ Yoast SEO plugin. -->","yoast_head_json":{"title":"LOCI\u00d3N PIEL DE SEDA APOLO 50 ML - Tienda Er\u00f3tica","robots":{"index":"noindex","follow":"follow","max-snippet":"max-snippet:-1","max-image-preview":"max-image-preview:large","max-video-preview":"max-video-preview:-1"},"og_locale":"es_ES","og_type":"article","og_title":"LOCI\u00d3N PIEL DE SEDA APOLO 50 ML - Tienda Er\u00f3tica","og_description":"LOCI\u00d3N PIEL DE SEDA APOLO 50 ML La loci\u00f3n corporal con efecto piel de seda con atractivo sexual es una","og_url":"https:\/\/demoweb.info\/sexshop001\/producto\/locion-piel-de-seda-apolo-50-ml\/","og_site_name":"Tienda Er\u00f3tica","article_modified_time":"2022-01-22T19:36:52+00:00","og_image":[{"width":550,"height":550,"url":"https:\/\/demoweb.info\/sexshop001\/wp-content\/uploads\/2022\/01\/LOCION-PIEL-DE-SEDA-APOLO-50-ML.jpg","type":"image\/jpeg"}],"twitter_card":"summary_large_image","schema":{"@context":"https:\/\/schema.org","@graph":[{"@type":"WebPage","@id":"https:\/\/demoweb.info\/sexshop001\/producto\/locion-piel-de-seda-apolo-50-ml\/","url":"https:\/\/demoweb.info\/sexshop001\/producto\/locion-piel-de-seda-apolo-50-ml\/","name":"LOCI\u00d3N PIEL DE SEDA APOLO 50 ML - Tienda Er\u00f3tica","isPartOf":{"@id":"https:\/\/demoweb.info\/sexshop001\/#website"},"datePublished":"2022-01-22T19:36:47+00:00","dateModified":"2022-01-22T19:36:52+00:00","breadcrumb":{"@id":"https:\/\/demoweb.info\/sexshop001\/producto\/locion-piel-de-seda-apolo-50-ml\/#breadcrumb"},"inLanguage":"es","potentialAction":[{"@type":"ReadAction","target":["https:\/\/demoweb.info\/sexshop001\/producto\/locion-piel-de-seda-apolo-50-ml\/"]}]},{"@type":"BreadcrumbList","@id":"https:\/\/demoweb.info\/sexshop001\/producto\/locion-piel-de-seda-apolo-50-ml\/#breadcrumb","itemListElement":[{"@type":"ListItem","position":1,"name":"Portada","item":"https:\/\/demoweb.info\/sexshop001\/"},{"@type":"ListItem","position":2,"name":"Tienda","item":"https:\/\/demoweb.info\/sexshop001\/tienda\/"},{"@type":"ListItem","position":3,"name":"LOCI\u00d3N PIEL DE SEDA APOLO 50 ML"}]},{"@type":"WebSite","@id":"https:\/\/demoweb.info\/sexshop001\/#website","url":"https:\/\/demoweb.info\/sexshop001\/","name":"Tienda Er\u00f3tica","description":"DEMOWEB SL","potentialAction":[{"@type":"SearchAction","target":{"@type":"EntryPoint","urlTemplate":"https:\/\/demoweb.info\/sexshop001\/?s={search_term_string}"},"query-input":"required name=search_term_string"}],"inLanguage":"es"}]}},"_links":{"self":[{"href":"https:\/\/demoweb.info\/sexshop001\/wp-json\/wp\/v3\/product\/70762","targetHints":{"allow":["GET"]}}],"collection":[{"href":"https:\/\/demoweb.info\/sexshop001\/wp-json\/wp\/v3\/product"}],"about":[{"href":"https:\/\/demoweb.info\/sexshop001\/wp-json\/wp\/v2\/types\/product"}],"replies":[{"embeddable":true,"href":"https:\/\/demoweb.info\/sexshop001\/wp-json\/wp\/v2\/comments?post=70762"}],"wp:featuredmedia":[{"embeddable":true,"href":"https:\/\/demoweb.info\/sexshop001\/wp-json\/wp\/v2\/media\/70763"}],"wp:attachment":[{"href":"https:\/\/demoweb.info\/sexshop001\/wp-json\/wp\/v2\/media?parent=70762"}],"wp:term":[{"taxonomy":"product_cat","embeddable":true,"href":"https:\/\/demoweb.info\/sexshop001\/wp-json\/wp\/v2\/product_cat?post=70762"},{"taxonomy":"product_tag","embeddable":true,"href":"https:\/\/demoweb.info\/sexshop001\/wp-json\/wp\/v2\/product_tag?post=70762"}],"curies":[{"name":"wp","href":"https:\/\/api.w.org\/{rel}","templated":true}]}}