{"id":70744,"date":"2022-01-22T20:36:35","date_gmt":"2022-01-22T19:36:35","guid":{"rendered":"https:\/\/demoweb.info\/sexshop001\/producto\/ring-speculum-acero-inoxidable\/"},"modified":"2022-01-22T20:36:40","modified_gmt":"2022-01-22T19:36:40","slug":"ring-speculum-acero-inoxidable","status":"publish","type":"product","link":"https:\/\/demoweb.info\/sexshop001\/producto\/ring-speculum-acero-inoxidable\/","title":{"rendered":"RING SPECULUM ACERO INOXIDABLE"},"content":{"rendered":"<p><strong>RING SPECULUM STAINLESS STEELS<\/strong><\/p>\n<p>Esp\u00e9culo de anillo de acero inoxidable: para estiramiento anal extremo \u00a1el jugador anal extremo quiere! \u00a1Un gran agujero abierto! Con este esp\u00e9culo especial, tiene la garant\u00eda de obtener una visi\u00f3n completa de su trasero. El esp\u00e9culo especial abre el culo en un C\u00cdRCULO ANCHO y deja el sub totalmente expuesto.<\/p>\n<p>La innovaci\u00f3n del Dr. Sado degrada su submarino a un AGUJERO que tiene que rellenarse. \u00a1Tan simple como sea posible de usar! Cuando est\u00e1 cerrado, las cuatro barras del esp\u00e9culo en forma de anillo se insertan a una profundidad de aprox. 9 cm = 3.5 en el ano. Al abrirlo uniformemente, el estiramiento ahora se realiza continuamente hasta 90 mm (3.5). En este estado abierto, ahora se puede insertar un consolador, por ejemplo, un consolador extra largo de nuestra gama Ana (l) conda.<\/p>\n<p>Caracter\u00edsticas:<\/p>\n<ul>\n<li>Dimensiones del producto    18 x 18 x 9 cm<\/li>\n<li>Peso del producto    602,00 gram<\/li>\n<li>Di\u00e1metro interno    9,0 cm<\/li>\n<li>Longitud insertable    7,0 cm<\/li>\n<li>A prueba de agua    S\u00ed<\/li>\n<li>Material: Acero Inox.<\/li>\n<\/ul>\n","protected":false},"excerpt":{"rendered":"<p>RING SPECULUM STAINLESS STEELS Esp\u00e9culo de anillo de acero inoxidable: para estiramiento anal extremo \u00a1el jugador anal extremo quiere! \u00a1Un<\/p>\n","protected":false},"featured_media":70745,"comment_status":"open","ping_status":"open","template":"","meta":[],"product_cat":[1320],"product_tag":[283],"class_list":["post-70744","product","type-product","status-publish","has-post-thumbnail","hentry","product_cat-especulos","product_tag-triune"],"bundled_by":[],"bundle_stock_status":"outofstock","bundle_stock_quantity":0,"bundle_virtual":false,"bundle_layout":"","bundle_add_to_cart_form_location":"","bundle_editable_in_cart":false,"bundle_sold_individually_context":"","bundle_item_grouping":"","bundle_min_size":"","bundle_max_size":"","bundled_items":[],"yoast_head":"<!-- This site is optimized with the Yoast SEO plugin v20.6 - https:\/\/yoast.com\/wordpress\/plugins\/seo\/ -->\n<title>RING SPECULUM ACERO INOXIDABLE - Tienda Er\u00f3tica<\/title>\n<meta name=\"robots\" content=\"noindex, follow, max-snippet:-1, max-image-preview:large, max-video-preview:-1\" \/>\n<meta property=\"og:locale\" content=\"es_ES\" \/>\n<meta property=\"og:type\" content=\"article\" \/>\n<meta property=\"og:title\" content=\"RING SPECULUM ACERO INOXIDABLE - Tienda Er\u00f3tica\" \/>\n<meta property=\"og:description\" content=\"RING SPECULUM STAINLESS STEELS Esp\u00e9culo de anillo de acero inoxidable: para estiramiento anal extremo \u00a1el jugador anal extremo quiere! \u00a1Un\" \/>\n<meta property=\"og:url\" content=\"https:\/\/demoweb.info\/sexshop001\/producto\/ring-speculum-acero-inoxidable\/\" \/>\n<meta property=\"og:site_name\" content=\"Tienda Er\u00f3tica\" \/>\n<meta property=\"article:modified_time\" content=\"2022-01-22T19:36:40+00:00\" \/>\n<meta property=\"og:image\" content=\"https:\/\/demoweb.info\/sexshop001\/wp-content\/uploads\/2022\/01\/RING-SPECULUM-ACERO-INOXIDABLE.jpg\" \/>\n\t<meta property=\"og:image:width\" content=\"550\" \/>\n\t<meta property=\"og:image:height\" content=\"550\" \/>\n\t<meta property=\"og:image:type\" content=\"image\/jpeg\" \/>\n<meta name=\"twitter:card\" content=\"summary_large_image\" \/>\n<meta name=\"twitter:label1\" content=\"Tiempo de lectura\" \/>\n\t<meta name=\"twitter:data1\" content=\"1 minuto\" \/>\n<script type=\"application\/ld+json\" class=\"yoast-schema-graph\">{\"@context\":\"https:\/\/schema.org\",\"@graph\":[{\"@type\":\"WebPage\",\"@id\":\"https:\/\/demoweb.info\/sexshop001\/producto\/ring-speculum-acero-inoxidable\/\",\"url\":\"https:\/\/demoweb.info\/sexshop001\/producto\/ring-speculum-acero-inoxidable\/\",\"name\":\"RING SPECULUM ACERO INOXIDABLE - Tienda Er\u00f3tica\",\"isPartOf\":{\"@id\":\"https:\/\/demoweb.info\/sexshop001\/#website\"},\"datePublished\":\"2022-01-22T19:36:35+00:00\",\"dateModified\":\"2022-01-22T19:36:40+00:00\",\"breadcrumb\":{\"@id\":\"https:\/\/demoweb.info\/sexshop001\/producto\/ring-speculum-acero-inoxidable\/#breadcrumb\"},\"inLanguage\":\"es\",\"potentialAction\":[{\"@type\":\"ReadAction\",\"target\":[\"https:\/\/demoweb.info\/sexshop001\/producto\/ring-speculum-acero-inoxidable\/\"]}]},{\"@type\":\"BreadcrumbList\",\"@id\":\"https:\/\/demoweb.info\/sexshop001\/producto\/ring-speculum-acero-inoxidable\/#breadcrumb\",\"itemListElement\":[{\"@type\":\"ListItem\",\"position\":1,\"name\":\"Portada\",\"item\":\"https:\/\/demoweb.info\/sexshop001\/\"},{\"@type\":\"ListItem\",\"position\":2,\"name\":\"Tienda\",\"item\":\"https:\/\/demoweb.info\/sexshop001\/tienda\/\"},{\"@type\":\"ListItem\",\"position\":3,\"name\":\"RING SPECULUM ACERO INOXIDABLE\"}]},{\"@type\":\"WebSite\",\"@id\":\"https:\/\/demoweb.info\/sexshop001\/#website\",\"url\":\"https:\/\/demoweb.info\/sexshop001\/\",\"name\":\"Tienda Er\u00f3tica\",\"description\":\"DEMOWEB SL\",\"potentialAction\":[{\"@type\":\"SearchAction\",\"target\":{\"@type\":\"EntryPoint\",\"urlTemplate\":\"https:\/\/demoweb.info\/sexshop001\/?s={search_term_string}\"},\"query-input\":\"required name=search_term_string\"}],\"inLanguage\":\"es\"}]}<\/script>\n<!-- \/ Yoast SEO plugin. -->","yoast_head_json":{"title":"RING SPECULUM ACERO INOXIDABLE - Tienda Er\u00f3tica","robots":{"index":"noindex","follow":"follow","max-snippet":"max-snippet:-1","max-image-preview":"max-image-preview:large","max-video-preview":"max-video-preview:-1"},"og_locale":"es_ES","og_type":"article","og_title":"RING SPECULUM ACERO INOXIDABLE - Tienda Er\u00f3tica","og_description":"RING SPECULUM STAINLESS STEELS Esp\u00e9culo de anillo de acero inoxidable: para estiramiento anal extremo \u00a1el jugador anal extremo quiere! \u00a1Un","og_url":"https:\/\/demoweb.info\/sexshop001\/producto\/ring-speculum-acero-inoxidable\/","og_site_name":"Tienda Er\u00f3tica","article_modified_time":"2022-01-22T19:36:40+00:00","og_image":[{"width":550,"height":550,"url":"https:\/\/demoweb.info\/sexshop001\/wp-content\/uploads\/2022\/01\/RING-SPECULUM-ACERO-INOXIDABLE.jpg","type":"image\/jpeg"}],"twitter_card":"summary_large_image","twitter_misc":{"Tiempo de lectura":"1 minuto"},"schema":{"@context":"https:\/\/schema.org","@graph":[{"@type":"WebPage","@id":"https:\/\/demoweb.info\/sexshop001\/producto\/ring-speculum-acero-inoxidable\/","url":"https:\/\/demoweb.info\/sexshop001\/producto\/ring-speculum-acero-inoxidable\/","name":"RING SPECULUM ACERO INOXIDABLE - Tienda Er\u00f3tica","isPartOf":{"@id":"https:\/\/demoweb.info\/sexshop001\/#website"},"datePublished":"2022-01-22T19:36:35+00:00","dateModified":"2022-01-22T19:36:40+00:00","breadcrumb":{"@id":"https:\/\/demoweb.info\/sexshop001\/producto\/ring-speculum-acero-inoxidable\/#breadcrumb"},"inLanguage":"es","potentialAction":[{"@type":"ReadAction","target":["https:\/\/demoweb.info\/sexshop001\/producto\/ring-speculum-acero-inoxidable\/"]}]},{"@type":"BreadcrumbList","@id":"https:\/\/demoweb.info\/sexshop001\/producto\/ring-speculum-acero-inoxidable\/#breadcrumb","itemListElement":[{"@type":"ListItem","position":1,"name":"Portada","item":"https:\/\/demoweb.info\/sexshop001\/"},{"@type":"ListItem","position":2,"name":"Tienda","item":"https:\/\/demoweb.info\/sexshop001\/tienda\/"},{"@type":"ListItem","position":3,"name":"RING SPECULUM ACERO INOXIDABLE"}]},{"@type":"WebSite","@id":"https:\/\/demoweb.info\/sexshop001\/#website","url":"https:\/\/demoweb.info\/sexshop001\/","name":"Tienda Er\u00f3tica","description":"DEMOWEB SL","potentialAction":[{"@type":"SearchAction","target":{"@type":"EntryPoint","urlTemplate":"https:\/\/demoweb.info\/sexshop001\/?s={search_term_string}"},"query-input":"required name=search_term_string"}],"inLanguage":"es"}]}},"_links":{"self":[{"href":"https:\/\/demoweb.info\/sexshop001\/wp-json\/wp\/v3\/product\/70744","targetHints":{"allow":["GET"]}}],"collection":[{"href":"https:\/\/demoweb.info\/sexshop001\/wp-json\/wp\/v3\/product"}],"about":[{"href":"https:\/\/demoweb.info\/sexshop001\/wp-json\/wp\/v2\/types\/product"}],"replies":[{"embeddable":true,"href":"https:\/\/demoweb.info\/sexshop001\/wp-json\/wp\/v2\/comments?post=70744"}],"wp:featuredmedia":[{"embeddable":true,"href":"https:\/\/demoweb.info\/sexshop001\/wp-json\/wp\/v2\/media\/70745"}],"wp:attachment":[{"href":"https:\/\/demoweb.info\/sexshop001\/wp-json\/wp\/v2\/media?parent=70744"}],"wp:term":[{"taxonomy":"product_cat","embeddable":true,"href":"https:\/\/demoweb.info\/sexshop001\/wp-json\/wp\/v2\/product_cat?post=70744"},{"taxonomy":"product_tag","embeddable":true,"href":"https:\/\/demoweb.info\/sexshop001\/wp-json\/wp\/v2\/product_tag?post=70744"}],"curies":[{"name":"wp","href":"https:\/\/api.w.org\/{rel}","templated":true}]}}