{"id":70736,"date":"2022-01-22T20:36:35","date_gmt":"2022-01-22T19:36:35","guid":{"rendered":"https:\/\/demoweb.info\/sexshop001\/producto\/progasm-ice\/"},"modified":"2022-01-22T20:36:35","modified_gmt":"2022-01-22T19:36:35","slug":"progasm-ice","status":"publish","type":"product","link":"https:\/\/demoweb.info\/sexshop001\/producto\/progasm-ice\/","title":{"rendered":"PROGASM &#8211; ICE"},"content":{"rendered":"<p><strong>PROGASM &#8211; ICE<\/strong><\/p>\n<p>A pesar de su apariencia, el ICE no est\u00e1 hecho de vidrio. M\u00e1s bien, est\u00e1 hecho de un pl\u00e1stico galardonado, aprobado por la FDA, de grado m\u00e9dico y alimenticio que se est\u00e1 utilizando r\u00e1pidamente como un reemplazo para el vidrio porque no se rompe. La producci\u00f3n de este pl\u00e1stico tambi\u00e9n emite menos gases que otros tipos, lo que hace que el proceso de fabricaci\u00f3n sea mejor para el medio ambiente.<\/p>\n<p>El Progasm Ice presenta una pesta\u00f1a redonda de perineo y tambi\u00e9n cuenta con una K-Tab de Kundalini. La K-Tab agrega sensaciones arriba y abajo de la espalda que son complementarias a las sensaciones de la pr\u00f3stata.<\/p>\n<p>La movilidad es la clave del \u00e9xito de nuestros productos y, a pesar de su tama\u00f1o, Progasm se mueve dentro del cuerpo del hombre para proporcionar un masivo masaje de pr\u00f3stata para un placer incre\u00edble.<\/p>\n<p>Caracter\u00edsticas:<\/p>\n<ul>\n<li>Ancho de la punta: 3,18 cm<\/li>\n<li>Distancia del v\u00e1stago al perineo: 3,86 cm<\/li>\n<li>Longitud insertable: 11,4 cm<\/li>\n<li>Resistente al agua<\/li>\n<li>Material: ABS<\/li>\n<\/ul>\n","protected":false},"excerpt":{"rendered":"<p>PROGASM &#8211; ICE A pesar de su apariencia, el ICE no est\u00e1 hecho de vidrio. M\u00e1s bien, est\u00e1 hecho de<\/p>\n","protected":false},"featured_media":70737,"comment_status":"open","ping_status":"open","template":"","meta":[],"product_cat":[439],"product_tag":[1464],"class_list":["post-70736","product","type-product","status-publish","has-post-thumbnail","hentry","product_cat-punto-p-plugs","product_tag-aneros"],"bundled_by":[],"bundle_stock_status":"instock","bundle_stock_quantity":1,"bundle_virtual":false,"bundle_layout":"","bundle_add_to_cart_form_location":"","bundle_editable_in_cart":false,"bundle_sold_individually_context":"","bundle_item_grouping":"","bundle_min_size":"","bundle_max_size":"","bundled_items":[],"yoast_head":"<!-- This site is optimized with the Yoast SEO plugin v20.6 - https:\/\/yoast.com\/wordpress\/plugins\/seo\/ -->\n<title>PROGASM - ICE - Tienda Er\u00f3tica<\/title>\n<meta name=\"robots\" content=\"noindex, follow, max-snippet:-1, max-image-preview:large, max-video-preview:-1\" \/>\n<meta property=\"og:locale\" content=\"es_ES\" \/>\n<meta property=\"og:type\" content=\"article\" \/>\n<meta property=\"og:title\" content=\"PROGASM - ICE - Tienda Er\u00f3tica\" \/>\n<meta property=\"og:description\" content=\"PROGASM &#8211; ICE A pesar de su apariencia, el ICE no est\u00e1 hecho de vidrio. M\u00e1s bien, est\u00e1 hecho de\" \/>\n<meta property=\"og:url\" content=\"https:\/\/demoweb.info\/sexshop001\/producto\/progasm-ice\/\" \/>\n<meta property=\"og:site_name\" content=\"Tienda Er\u00f3tica\" \/>\n<meta property=\"og:image\" content=\"https:\/\/demoweb.info\/sexshop001\/wp-content\/uploads\/2022\/01\/PROGASM-ICE.jpg\" \/>\n\t<meta property=\"og:image:width\" content=\"550\" \/>\n\t<meta property=\"og:image:height\" content=\"550\" \/>\n\t<meta property=\"og:image:type\" content=\"image\/jpeg\" \/>\n<meta name=\"twitter:card\" content=\"summary_large_image\" \/>\n<meta name=\"twitter:label1\" content=\"Tiempo de lectura\" \/>\n\t<meta name=\"twitter:data1\" content=\"1 minuto\" \/>\n<script type=\"application\/ld+json\" class=\"yoast-schema-graph\">{\"@context\":\"https:\/\/schema.org\",\"@graph\":[{\"@type\":\"WebPage\",\"@id\":\"https:\/\/demoweb.info\/sexshop001\/producto\/progasm-ice\/\",\"url\":\"https:\/\/demoweb.info\/sexshop001\/producto\/progasm-ice\/\",\"name\":\"PROGASM - ICE - Tienda Er\u00f3tica\",\"isPartOf\":{\"@id\":\"https:\/\/demoweb.info\/sexshop001\/#website\"},\"datePublished\":\"2022-01-22T19:36:35+00:00\",\"dateModified\":\"2022-01-22T19:36:35+00:00\",\"breadcrumb\":{\"@id\":\"https:\/\/demoweb.info\/sexshop001\/producto\/progasm-ice\/#breadcrumb\"},\"inLanguage\":\"es\",\"potentialAction\":[{\"@type\":\"ReadAction\",\"target\":[\"https:\/\/demoweb.info\/sexshop001\/producto\/progasm-ice\/\"]}]},{\"@type\":\"BreadcrumbList\",\"@id\":\"https:\/\/demoweb.info\/sexshop001\/producto\/progasm-ice\/#breadcrumb\",\"itemListElement\":[{\"@type\":\"ListItem\",\"position\":1,\"name\":\"Portada\",\"item\":\"https:\/\/demoweb.info\/sexshop001\/\"},{\"@type\":\"ListItem\",\"position\":2,\"name\":\"Tienda\",\"item\":\"https:\/\/demoweb.info\/sexshop001\/tienda\/\"},{\"@type\":\"ListItem\",\"position\":3,\"name\":\"PROGASM &#8211; ICE\"}]},{\"@type\":\"WebSite\",\"@id\":\"https:\/\/demoweb.info\/sexshop001\/#website\",\"url\":\"https:\/\/demoweb.info\/sexshop001\/\",\"name\":\"Tienda Er\u00f3tica\",\"description\":\"DEMOWEB SL\",\"potentialAction\":[{\"@type\":\"SearchAction\",\"target\":{\"@type\":\"EntryPoint\",\"urlTemplate\":\"https:\/\/demoweb.info\/sexshop001\/?s={search_term_string}\"},\"query-input\":\"required name=search_term_string\"}],\"inLanguage\":\"es\"}]}<\/script>\n<!-- \/ Yoast SEO plugin. -->","yoast_head_json":{"title":"PROGASM - ICE - Tienda Er\u00f3tica","robots":{"index":"noindex","follow":"follow","max-snippet":"max-snippet:-1","max-image-preview":"max-image-preview:large","max-video-preview":"max-video-preview:-1"},"og_locale":"es_ES","og_type":"article","og_title":"PROGASM - ICE - Tienda Er\u00f3tica","og_description":"PROGASM &#8211; ICE A pesar de su apariencia, el ICE no est\u00e1 hecho de vidrio. M\u00e1s bien, est\u00e1 hecho de","og_url":"https:\/\/demoweb.info\/sexshop001\/producto\/progasm-ice\/","og_site_name":"Tienda Er\u00f3tica","og_image":[{"width":550,"height":550,"url":"https:\/\/demoweb.info\/sexshop001\/wp-content\/uploads\/2022\/01\/PROGASM-ICE.jpg","type":"image\/jpeg"}],"twitter_card":"summary_large_image","twitter_misc":{"Tiempo de lectura":"1 minuto"},"schema":{"@context":"https:\/\/schema.org","@graph":[{"@type":"WebPage","@id":"https:\/\/demoweb.info\/sexshop001\/producto\/progasm-ice\/","url":"https:\/\/demoweb.info\/sexshop001\/producto\/progasm-ice\/","name":"PROGASM - ICE - Tienda Er\u00f3tica","isPartOf":{"@id":"https:\/\/demoweb.info\/sexshop001\/#website"},"datePublished":"2022-01-22T19:36:35+00:00","dateModified":"2022-01-22T19:36:35+00:00","breadcrumb":{"@id":"https:\/\/demoweb.info\/sexshop001\/producto\/progasm-ice\/#breadcrumb"},"inLanguage":"es","potentialAction":[{"@type":"ReadAction","target":["https:\/\/demoweb.info\/sexshop001\/producto\/progasm-ice\/"]}]},{"@type":"BreadcrumbList","@id":"https:\/\/demoweb.info\/sexshop001\/producto\/progasm-ice\/#breadcrumb","itemListElement":[{"@type":"ListItem","position":1,"name":"Portada","item":"https:\/\/demoweb.info\/sexshop001\/"},{"@type":"ListItem","position":2,"name":"Tienda","item":"https:\/\/demoweb.info\/sexshop001\/tienda\/"},{"@type":"ListItem","position":3,"name":"PROGASM &#8211; ICE"}]},{"@type":"WebSite","@id":"https:\/\/demoweb.info\/sexshop001\/#website","url":"https:\/\/demoweb.info\/sexshop001\/","name":"Tienda Er\u00f3tica","description":"DEMOWEB SL","potentialAction":[{"@type":"SearchAction","target":{"@type":"EntryPoint","urlTemplate":"https:\/\/demoweb.info\/sexshop001\/?s={search_term_string}"},"query-input":"required name=search_term_string"}],"inLanguage":"es"}]}},"_links":{"self":[{"href":"https:\/\/demoweb.info\/sexshop001\/wp-json\/wp\/v3\/product\/70736","targetHints":{"allow":["GET"]}}],"collection":[{"href":"https:\/\/demoweb.info\/sexshop001\/wp-json\/wp\/v3\/product"}],"about":[{"href":"https:\/\/demoweb.info\/sexshop001\/wp-json\/wp\/v2\/types\/product"}],"replies":[{"embeddable":true,"href":"https:\/\/demoweb.info\/sexshop001\/wp-json\/wp\/v2\/comments?post=70736"}],"wp:featuredmedia":[{"embeddable":true,"href":"https:\/\/demoweb.info\/sexshop001\/wp-json\/wp\/v2\/media\/70737"}],"wp:attachment":[{"href":"https:\/\/demoweb.info\/sexshop001\/wp-json\/wp\/v2\/media?parent=70736"}],"wp:term":[{"taxonomy":"product_cat","embeddable":true,"href":"https:\/\/demoweb.info\/sexshop001\/wp-json\/wp\/v2\/product_cat?post=70736"},{"taxonomy":"product_tag","embeddable":true,"href":"https:\/\/demoweb.info\/sexshop001\/wp-json\/wp\/v2\/product_tag?post=70736"}],"curies":[{"name":"wp","href":"https:\/\/api.w.org\/{rel}","templated":true}]}}