{"id":70705,"date":"2022-01-22T20:36:06","date_gmt":"2022-01-22T19:36:06","guid":{"rendered":"https:\/\/demoweb.info\/sexshop001\/producto\/saninex-swan-vibrador-punto-g-clitoris-10-velocidades-rosa\/"},"modified":"2022-01-22T20:36:12","modified_gmt":"2022-01-22T19:36:12","slug":"saninex-swan-vibrador-punto-g-clitoris-10-velocidades-rosa","status":"publish","type":"product","link":"https:\/\/demoweb.info\/sexshop001\/producto\/saninex-swan-vibrador-punto-g-clitoris-10-velocidades-rosa\/","title":{"rendered":"SANINEX SWAN &#8211; VIBRADOR PUNTO G &#038; CL\u00cdTORIS 10 VELOCIDADES &#8211; ROSA"},"content":{"rendered":"<p><strong>SANINEX SWAN &#8211; VIBRATOR PUNTO G &#038; CL\u00cdTORIS 10 VELOCIDADES<\/strong><\/p>\n<p>SANINEX SWAN Punto G y cl\u00edtoris. Vibrador de 10 velocidades. Curvado, elegante, atractivo y muy suave tacto. Dise\u00f1ado para la mujer actual, que desea alcanzar placer sexual de manera repetida e intensa. Con SANINEX VIBRATOR SWAN Punto G y cl\u00edtoris obtendr\u00e1s el m\u00e1s puro placer de tu cuerpo. \u00a1Tu sexualidad al completo!<\/p>\n<p>Saninex VIBRATOR SWAN Punto G y cl\u00edtoris te genera la m\u00e1xima realidad sexual altamente placentera. Su delicado y suave tacto de alta calidad, hacen posible que tu placer sea siempre f\u00e1cil de conseguir con intensos resultados org\u00e1smicos.<\/p>\n<p>Con sus 10 diferentes velocidades intermitentes o fijas f\u00e1cilmente manejables, podr\u00e1s suministrar la intensidad y potencia sexual exacta que deseas en todos tus super orgasmos.<\/p>\n<p>SANINEX VIBRATOR SWAN hace visible una mejora de salud y bienestar f\u00edsico a tu persona.<\/p>\n<p>Fabricado con excelente calidad en silicona material m\u00e9dico sanitario FDA de muy alta calidad, con revestimiento de extrema suavidad. Hipoalerg\u00e9nico.<\/p>\n<p>Es presentado con m\u00e1ximo glamour y elegancia, en un atractivo bolso de exclusivo dise\u00f1o Saninex. La m\u00e1xima calidad y precios m\u00ednimos, siempre est\u00e1n presentes en toda la gama de productos salud y placer Saninex.<\/p>\n<p>Su dise\u00f1o de cuerpo largo perfectamente adaptado para una potente estimulaci\u00f3n, con l\u00edneas dise\u00f1adas por Saninex, para que el placer sea inolvidable.<\/p>\n<p>Funciona con 2 pilas AAA.<\/p>\n<p>Medidas: 200 x 35mm.<\/p>\n<p>INDICACIONES:<\/p>\n<ul>\n<li>10 diferentes velocidades fijas e intermitentes.<\/li>\n<li>Orgasmos mediante la estimulaci\u00f3n vaginal o anal, altamente excitantes.<\/li>\n<li>Para un alto placer en cualquier momento y durante las relacione sexuales.<\/li>\n<li>Fabricado con materiales m\u00e9dico sanitario de muy alta calidad, con revestimiento de extrema suavidad.<\/li>\n<li>Hipoalerg\u00e9nico.<\/li>\n<li>Totalmente discreto de belleza est\u00e9tica.<\/li>\n<li>Adecuado para todo tipo de lubricantes y aceites afrodisiacos Saninex.<\/li>\n<li>Comprobado dermatol\u00f3gicamente y cl\u00ednicamente.<\/li>\n<li>100% resistente al agua.<\/li>\n<li>100% libre de ftalatos.<\/li>\n<li>Saninex, marca la diferencia respecto al resto de marcas. Saninex poseedora de Licencia de fabricaci\u00f3n de productos medico sanitarios clase IIB, emitidas por el Ministerio de Sanidad Espa\u00f1ol y la Agencia Espa\u00f1ola del Medicamento.<\/li>\n<\/ul>\n<p>\u00a1Saninex es calidad y seguridad!<\/p><\/p>\n","protected":false},"excerpt":{"rendered":"<p>SANINEX SWAN &#8211; VIBRATOR PUNTO G &#038; CL\u00cdTORIS 10 VELOCIDADES SANINEX SWAN Punto G y cl\u00edtoris. Vibrador de 10 velocidades.<\/p>\n","protected":false},"featured_media":70706,"comment_status":"open","ping_status":"open","template":"","meta":[],"product_cat":[434],"product_tag":[673],"class_list":["post-70705","product","type-product","status-publish","has-post-thumbnail","hentry","product_cat-doble-estimulacion-vibradores-juguetes-xxx","product_tag-saninex"],"bundled_by":[],"bundle_stock_status":"instock","bundle_stock_quantity":2,"bundle_virtual":false,"bundle_layout":"","bundle_add_to_cart_form_location":"","bundle_editable_in_cart":false,"bundle_sold_individually_context":"","bundle_item_grouping":"","bundle_min_size":"","bundle_max_size":"","bundled_items":[],"yoast_head":"<!-- This site is optimized with the Yoast SEO plugin v20.6 - https:\/\/yoast.com\/wordpress\/plugins\/seo\/ -->\n<title>SANINEX SWAN - VIBRADOR PUNTO G &amp; CL\u00cdTORIS 10 VELOCIDADES - ROSA - Tienda Er\u00f3tica<\/title>\n<meta name=\"robots\" content=\"noindex, follow, max-snippet:-1, max-image-preview:large, max-video-preview:-1\" \/>\n<meta property=\"og:locale\" content=\"es_ES\" \/>\n<meta property=\"og:type\" content=\"article\" \/>\n<meta property=\"og:title\" content=\"SANINEX SWAN - VIBRADOR PUNTO G &amp; CL\u00cdTORIS 10 VELOCIDADES - ROSA - Tienda Er\u00f3tica\" \/>\n<meta property=\"og:description\" content=\"SANINEX SWAN &#8211; VIBRATOR PUNTO G &#038; CL\u00cdTORIS 10 VELOCIDADES SANINEX SWAN Punto G y cl\u00edtoris. Vibrador de 10 velocidades.\" \/>\n<meta property=\"og:url\" content=\"https:\/\/demoweb.info\/sexshop001\/producto\/saninex-swan-vibrador-punto-g-clitoris-10-velocidades-rosa\/\" \/>\n<meta property=\"og:site_name\" content=\"Tienda Er\u00f3tica\" \/>\n<meta property=\"article:modified_time\" content=\"2022-01-22T19:36:12+00:00\" \/>\n<meta property=\"og:image\" content=\"https:\/\/demoweb.info\/sexshop001\/wp-content\/uploads\/2022\/01\/SANINEX-SWAN-VIBRADOR-PUNTO-G-CLITORIS-10-VELOCIDADES-ROSA.jpg\" \/>\n\t<meta property=\"og:image:width\" content=\"550\" \/>\n\t<meta property=\"og:image:height\" content=\"550\" \/>\n\t<meta property=\"og:image:type\" content=\"image\/jpeg\" \/>\n<meta name=\"twitter:card\" content=\"summary_large_image\" \/>\n<meta name=\"twitter:label1\" content=\"Tiempo de lectura\" \/>\n\t<meta name=\"twitter:data1\" content=\"2 minutos\" \/>\n<script type=\"application\/ld+json\" class=\"yoast-schema-graph\">{\"@context\":\"https:\/\/schema.org\",\"@graph\":[{\"@type\":\"WebPage\",\"@id\":\"https:\/\/demoweb.info\/sexshop001\/producto\/saninex-swan-vibrador-punto-g-clitoris-10-velocidades-rosa\/\",\"url\":\"https:\/\/demoweb.info\/sexshop001\/producto\/saninex-swan-vibrador-punto-g-clitoris-10-velocidades-rosa\/\",\"name\":\"SANINEX SWAN - VIBRADOR PUNTO G & CL\u00cdTORIS 10 VELOCIDADES - ROSA - Tienda Er\u00f3tica\",\"isPartOf\":{\"@id\":\"https:\/\/demoweb.info\/sexshop001\/#website\"},\"datePublished\":\"2022-01-22T19:36:06+00:00\",\"dateModified\":\"2022-01-22T19:36:12+00:00\",\"breadcrumb\":{\"@id\":\"https:\/\/demoweb.info\/sexshop001\/producto\/saninex-swan-vibrador-punto-g-clitoris-10-velocidades-rosa\/#breadcrumb\"},\"inLanguage\":\"es\",\"potentialAction\":[{\"@type\":\"ReadAction\",\"target\":[\"https:\/\/demoweb.info\/sexshop001\/producto\/saninex-swan-vibrador-punto-g-clitoris-10-velocidades-rosa\/\"]}]},{\"@type\":\"BreadcrumbList\",\"@id\":\"https:\/\/demoweb.info\/sexshop001\/producto\/saninex-swan-vibrador-punto-g-clitoris-10-velocidades-rosa\/#breadcrumb\",\"itemListElement\":[{\"@type\":\"ListItem\",\"position\":1,\"name\":\"Portada\",\"item\":\"https:\/\/demoweb.info\/sexshop001\/\"},{\"@type\":\"ListItem\",\"position\":2,\"name\":\"Tienda\",\"item\":\"https:\/\/demoweb.info\/sexshop001\/tienda\/\"},{\"@type\":\"ListItem\",\"position\":3,\"name\":\"SANINEX SWAN &#8211; VIBRADOR PUNTO G &#038; CL\u00cdTORIS 10 VELOCIDADES &#8211; ROSA\"}]},{\"@type\":\"WebSite\",\"@id\":\"https:\/\/demoweb.info\/sexshop001\/#website\",\"url\":\"https:\/\/demoweb.info\/sexshop001\/\",\"name\":\"Tienda Er\u00f3tica\",\"description\":\"DEMOWEB SL\",\"potentialAction\":[{\"@type\":\"SearchAction\",\"target\":{\"@type\":\"EntryPoint\",\"urlTemplate\":\"https:\/\/demoweb.info\/sexshop001\/?s={search_term_string}\"},\"query-input\":\"required name=search_term_string\"}],\"inLanguage\":\"es\"}]}<\/script>\n<!-- \/ Yoast SEO plugin. -->","yoast_head_json":{"title":"SANINEX SWAN - VIBRADOR PUNTO G & CL\u00cdTORIS 10 VELOCIDADES - ROSA - Tienda Er\u00f3tica","robots":{"index":"noindex","follow":"follow","max-snippet":"max-snippet:-1","max-image-preview":"max-image-preview:large","max-video-preview":"max-video-preview:-1"},"og_locale":"es_ES","og_type":"article","og_title":"SANINEX SWAN - VIBRADOR PUNTO G & CL\u00cdTORIS 10 VELOCIDADES - ROSA - Tienda Er\u00f3tica","og_description":"SANINEX SWAN &#8211; VIBRATOR PUNTO G &#038; CL\u00cdTORIS 10 VELOCIDADES SANINEX SWAN Punto G y cl\u00edtoris. Vibrador de 10 velocidades.","og_url":"https:\/\/demoweb.info\/sexshop001\/producto\/saninex-swan-vibrador-punto-g-clitoris-10-velocidades-rosa\/","og_site_name":"Tienda Er\u00f3tica","article_modified_time":"2022-01-22T19:36:12+00:00","og_image":[{"width":550,"height":550,"url":"https:\/\/demoweb.info\/sexshop001\/wp-content\/uploads\/2022\/01\/SANINEX-SWAN-VIBRADOR-PUNTO-G-CLITORIS-10-VELOCIDADES-ROSA.jpg","type":"image\/jpeg"}],"twitter_card":"summary_large_image","twitter_misc":{"Tiempo de lectura":"2 minutos"},"schema":{"@context":"https:\/\/schema.org","@graph":[{"@type":"WebPage","@id":"https:\/\/demoweb.info\/sexshop001\/producto\/saninex-swan-vibrador-punto-g-clitoris-10-velocidades-rosa\/","url":"https:\/\/demoweb.info\/sexshop001\/producto\/saninex-swan-vibrador-punto-g-clitoris-10-velocidades-rosa\/","name":"SANINEX SWAN - VIBRADOR PUNTO G & CL\u00cdTORIS 10 VELOCIDADES - ROSA - Tienda Er\u00f3tica","isPartOf":{"@id":"https:\/\/demoweb.info\/sexshop001\/#website"},"datePublished":"2022-01-22T19:36:06+00:00","dateModified":"2022-01-22T19:36:12+00:00","breadcrumb":{"@id":"https:\/\/demoweb.info\/sexshop001\/producto\/saninex-swan-vibrador-punto-g-clitoris-10-velocidades-rosa\/#breadcrumb"},"inLanguage":"es","potentialAction":[{"@type":"ReadAction","target":["https:\/\/demoweb.info\/sexshop001\/producto\/saninex-swan-vibrador-punto-g-clitoris-10-velocidades-rosa\/"]}]},{"@type":"BreadcrumbList","@id":"https:\/\/demoweb.info\/sexshop001\/producto\/saninex-swan-vibrador-punto-g-clitoris-10-velocidades-rosa\/#breadcrumb","itemListElement":[{"@type":"ListItem","position":1,"name":"Portada","item":"https:\/\/demoweb.info\/sexshop001\/"},{"@type":"ListItem","position":2,"name":"Tienda","item":"https:\/\/demoweb.info\/sexshop001\/tienda\/"},{"@type":"ListItem","position":3,"name":"SANINEX SWAN &#8211; VIBRADOR PUNTO G &#038; CL\u00cdTORIS 10 VELOCIDADES &#8211; ROSA"}]},{"@type":"WebSite","@id":"https:\/\/demoweb.info\/sexshop001\/#website","url":"https:\/\/demoweb.info\/sexshop001\/","name":"Tienda Er\u00f3tica","description":"DEMOWEB SL","potentialAction":[{"@type":"SearchAction","target":{"@type":"EntryPoint","urlTemplate":"https:\/\/demoweb.info\/sexshop001\/?s={search_term_string}"},"query-input":"required name=search_term_string"}],"inLanguage":"es"}]}},"_links":{"self":[{"href":"https:\/\/demoweb.info\/sexshop001\/wp-json\/wp\/v3\/product\/70705","targetHints":{"allow":["GET"]}}],"collection":[{"href":"https:\/\/demoweb.info\/sexshop001\/wp-json\/wp\/v3\/product"}],"about":[{"href":"https:\/\/demoweb.info\/sexshop001\/wp-json\/wp\/v2\/types\/product"}],"replies":[{"embeddable":true,"href":"https:\/\/demoweb.info\/sexshop001\/wp-json\/wp\/v2\/comments?post=70705"}],"wp:featuredmedia":[{"embeddable":true,"href":"https:\/\/demoweb.info\/sexshop001\/wp-json\/wp\/v2\/media\/70706"}],"wp:attachment":[{"href":"https:\/\/demoweb.info\/sexshop001\/wp-json\/wp\/v2\/media?parent=70705"}],"wp:term":[{"taxonomy":"product_cat","embeddable":true,"href":"https:\/\/demoweb.info\/sexshop001\/wp-json\/wp\/v2\/product_cat?post=70705"},{"taxonomy":"product_tag","embeddable":true,"href":"https:\/\/demoweb.info\/sexshop001\/wp-json\/wp\/v2\/product_tag?post=70705"}],"curies":[{"name":"wp","href":"https:\/\/api.w.org\/{rel}","templated":true}]}}