{"id":70699,"date":"2022-01-22T20:36:06","date_gmt":"2022-01-22T19:36:06","guid":{"rendered":"https:\/\/demoweb.info\/sexshop001\/producto\/saninex-clever-inteligente-esfera-vaginal-morado\/"},"modified":"2022-01-22T20:36:09","modified_gmt":"2022-01-22T19:36:09","slug":"saninex-clever-inteligente-esfera-vaginal-morado","status":"publish","type":"product","link":"https:\/\/demoweb.info\/sexshop001\/producto\/saninex-clever-inteligente-esfera-vaginal-morado\/","title":{"rendered":"SANINEX CLEVER &#8211; INTELIGENTE ESFERA VAGINAL MORADO"},"content":{"rendered":"<p><strong>SANINEX CLEVER &#8211; INTELIGENTE ESFERA VAGINAL<\/strong><\/p>\n<p>La inteligente y atractiva SANINEX CLEVER, estimula de forma progresiva en intensa tus puntos er\u00f3ticos vaginales m\u00e1s ocultos, gracias al movimiento de su pendular esfera interior, favoreciendo tu musculatura y proporcionando un gran placer en tus relaciones \u00edntimas sexuales.<\/p>\n<p>Uso especialmente indicado para la obtenci\u00f3n de salud y placer.<\/p>\n<p>Fabricadas con silicona material m\u00e9dico sanitario FDA de muy alta calidad, suavidad extrema y l\u00edneas continuadas en su superficie.<\/p>\n<p>Al introducirlas en la vagina, tus movimientos cotidianos junto con los movimientos que produces al caminar, te proporcionar\u00e1n un fortalecimiento de tu musculatura vaginal adem\u00e1s de proporcionarte un masaje placenteramente infinito y saludable.<\/p>\n<p>Con las SANINEX CLEVER, obtienes un beneficio en tu salud sexual incalculable, potenciando la musculatura del suelo p\u00e9lvico, con lo que gracias a ello despiertas y alcanzas cuotas de placer sexual mucho m\u00e1s intensas.<\/p>\n<p>Son presentadas con m\u00e1ximo glamour y elegancia, en un atractivo bolso de exclusivo dise\u00f1o Saninex. La m\u00e1xima calidad y precios m\u00ednimos, siempre est\u00e1n presentes en toda la gama de productos salud y placer Saninex.<\/p>\n<p>Medidas: Ancho 35 mm. de di\u00e1metro x 120 mm de largo (con tirador)<\/p>\n<p>Salud y placer Saninex.<\/p>\n<p>Indicaciones:<br \/>\n&#8211; Para un mayor placer durante las relacione sexuales.<br \/>\n&#8211; Como m\u00e9todo efectivo para la involuci\u00f3n uterina postparto.<br \/>\n&#8211; Para prevenir y colaborar con el tratamiento de la incontinencia.<br \/>\n&#8211; Efecto osciloscopico, proporcionado por las esferas del inferior.<br \/>\n&#8211; Fabricado con silicona material m\u00e9dico sanitario FDA de muy alta calidad, con revestimiento de extrema suavidad con superficie dotada de rayas continuas. Hipoalerg\u00e9nico.<br \/>\n&#8211; No irrita la mucosa. Saludable 100%<br \/>\n&#8211; Comprobado dermatol\u00f3gicamente y cl\u00ednicamente.<br \/>\n&#8211; Impermeable y de f\u00e1cil limpieza.<br \/>\n&#8211; Adecuado para todo tipo de lubricantes y aceites afrodisiacos Saninex.<br \/>\n&#8211; 100% resistente al agua.<br \/>\n&#8211; 100% libre de ftalatos.<br \/>\n&#8211; Saninex, poseedora de Licencia productos sanitarios, emitidas por el Ministerio de Sanidad Espa\u00f1ol y la Agencia Espa\u00f1ola del Medicamento.<\/p>\n","protected":false},"excerpt":{"rendered":"<p>SANINEX CLEVER &#8211; INTELIGENTE ESFERA VAGINAL La inteligente y atractiva SANINEX CLEVER, estimula de forma progresiva en intensa tus puntos<\/p>\n","protected":false},"featured_media":70700,"comment_status":"open","ping_status":"open","template":"","meta":[],"product_cat":[320],"product_tag":[673],"class_list":["post-70699","product","type-product","status-publish","has-post-thumbnail","hentry","product_cat-silicona-bolas-y-huevos","product_tag-saninex"],"bundled_by":[],"bundle_stock_status":"instock","bundle_stock_quantity":3,"bundle_virtual":false,"bundle_layout":"","bundle_add_to_cart_form_location":"","bundle_editable_in_cart":false,"bundle_sold_individually_context":"","bundle_item_grouping":"","bundle_min_size":"","bundle_max_size":"","bundled_items":[],"yoast_head":"<!-- This site is optimized with the Yoast SEO plugin v20.6 - https:\/\/yoast.com\/wordpress\/plugins\/seo\/ -->\n<title>SANINEX CLEVER - INTELIGENTE ESFERA VAGINAL MORADO - Tienda Er\u00f3tica<\/title>\n<meta name=\"robots\" content=\"noindex, follow, max-snippet:-1, max-image-preview:large, max-video-preview:-1\" \/>\n<meta property=\"og:locale\" content=\"es_ES\" \/>\n<meta property=\"og:type\" content=\"article\" \/>\n<meta property=\"og:title\" content=\"SANINEX CLEVER - INTELIGENTE ESFERA VAGINAL MORADO - Tienda Er\u00f3tica\" \/>\n<meta property=\"og:description\" content=\"SANINEX CLEVER &#8211; INTELIGENTE ESFERA VAGINAL La inteligente y atractiva SANINEX CLEVER, estimula de forma progresiva en intensa tus puntos\" \/>\n<meta property=\"og:url\" content=\"https:\/\/demoweb.info\/sexshop001\/producto\/saninex-clever-inteligente-esfera-vaginal-morado\/\" \/>\n<meta property=\"og:site_name\" content=\"Tienda Er\u00f3tica\" \/>\n<meta property=\"article:modified_time\" content=\"2022-01-22T19:36:09+00:00\" \/>\n<meta property=\"og:image\" content=\"https:\/\/demoweb.info\/sexshop001\/wp-content\/uploads\/2022\/01\/SANINEX-CLEVER-INTELIGENTE-ESFERA-VAGINAL-MORADO.jpg\" \/>\n\t<meta property=\"og:image:width\" content=\"550\" \/>\n\t<meta property=\"og:image:height\" content=\"550\" \/>\n\t<meta property=\"og:image:type\" content=\"image\/jpeg\" \/>\n<meta name=\"twitter:card\" content=\"summary_large_image\" \/>\n<meta name=\"twitter:label1\" content=\"Tiempo de lectura\" \/>\n\t<meta name=\"twitter:data1\" content=\"2 minutos\" \/>\n<script type=\"application\/ld+json\" class=\"yoast-schema-graph\">{\"@context\":\"https:\/\/schema.org\",\"@graph\":[{\"@type\":\"WebPage\",\"@id\":\"https:\/\/demoweb.info\/sexshop001\/producto\/saninex-clever-inteligente-esfera-vaginal-morado\/\",\"url\":\"https:\/\/demoweb.info\/sexshop001\/producto\/saninex-clever-inteligente-esfera-vaginal-morado\/\",\"name\":\"SANINEX CLEVER - INTELIGENTE ESFERA VAGINAL MORADO - Tienda Er\u00f3tica\",\"isPartOf\":{\"@id\":\"https:\/\/demoweb.info\/sexshop001\/#website\"},\"datePublished\":\"2022-01-22T19:36:06+00:00\",\"dateModified\":\"2022-01-22T19:36:09+00:00\",\"breadcrumb\":{\"@id\":\"https:\/\/demoweb.info\/sexshop001\/producto\/saninex-clever-inteligente-esfera-vaginal-morado\/#breadcrumb\"},\"inLanguage\":\"es\",\"potentialAction\":[{\"@type\":\"ReadAction\",\"target\":[\"https:\/\/demoweb.info\/sexshop001\/producto\/saninex-clever-inteligente-esfera-vaginal-morado\/\"]}]},{\"@type\":\"BreadcrumbList\",\"@id\":\"https:\/\/demoweb.info\/sexshop001\/producto\/saninex-clever-inteligente-esfera-vaginal-morado\/#breadcrumb\",\"itemListElement\":[{\"@type\":\"ListItem\",\"position\":1,\"name\":\"Portada\",\"item\":\"https:\/\/demoweb.info\/sexshop001\/\"},{\"@type\":\"ListItem\",\"position\":2,\"name\":\"Tienda\",\"item\":\"https:\/\/demoweb.info\/sexshop001\/tienda\/\"},{\"@type\":\"ListItem\",\"position\":3,\"name\":\"SANINEX CLEVER &#8211; INTELIGENTE ESFERA VAGINAL MORADO\"}]},{\"@type\":\"WebSite\",\"@id\":\"https:\/\/demoweb.info\/sexshop001\/#website\",\"url\":\"https:\/\/demoweb.info\/sexshop001\/\",\"name\":\"Tienda Er\u00f3tica\",\"description\":\"DEMOWEB SL\",\"potentialAction\":[{\"@type\":\"SearchAction\",\"target\":{\"@type\":\"EntryPoint\",\"urlTemplate\":\"https:\/\/demoweb.info\/sexshop001\/?s={search_term_string}\"},\"query-input\":\"required name=search_term_string\"}],\"inLanguage\":\"es\"}]}<\/script>\n<!-- \/ Yoast SEO plugin. -->","yoast_head_json":{"title":"SANINEX CLEVER - INTELIGENTE ESFERA VAGINAL MORADO - Tienda Er\u00f3tica","robots":{"index":"noindex","follow":"follow","max-snippet":"max-snippet:-1","max-image-preview":"max-image-preview:large","max-video-preview":"max-video-preview:-1"},"og_locale":"es_ES","og_type":"article","og_title":"SANINEX CLEVER - INTELIGENTE ESFERA VAGINAL MORADO - Tienda Er\u00f3tica","og_description":"SANINEX CLEVER &#8211; INTELIGENTE ESFERA VAGINAL La inteligente y atractiva SANINEX CLEVER, estimula de forma progresiva en intensa tus puntos","og_url":"https:\/\/demoweb.info\/sexshop001\/producto\/saninex-clever-inteligente-esfera-vaginal-morado\/","og_site_name":"Tienda Er\u00f3tica","article_modified_time":"2022-01-22T19:36:09+00:00","og_image":[{"width":550,"height":550,"url":"https:\/\/demoweb.info\/sexshop001\/wp-content\/uploads\/2022\/01\/SANINEX-CLEVER-INTELIGENTE-ESFERA-VAGINAL-MORADO.jpg","type":"image\/jpeg"}],"twitter_card":"summary_large_image","twitter_misc":{"Tiempo de lectura":"2 minutos"},"schema":{"@context":"https:\/\/schema.org","@graph":[{"@type":"WebPage","@id":"https:\/\/demoweb.info\/sexshop001\/producto\/saninex-clever-inteligente-esfera-vaginal-morado\/","url":"https:\/\/demoweb.info\/sexshop001\/producto\/saninex-clever-inteligente-esfera-vaginal-morado\/","name":"SANINEX CLEVER - INTELIGENTE ESFERA VAGINAL MORADO - Tienda Er\u00f3tica","isPartOf":{"@id":"https:\/\/demoweb.info\/sexshop001\/#website"},"datePublished":"2022-01-22T19:36:06+00:00","dateModified":"2022-01-22T19:36:09+00:00","breadcrumb":{"@id":"https:\/\/demoweb.info\/sexshop001\/producto\/saninex-clever-inteligente-esfera-vaginal-morado\/#breadcrumb"},"inLanguage":"es","potentialAction":[{"@type":"ReadAction","target":["https:\/\/demoweb.info\/sexshop001\/producto\/saninex-clever-inteligente-esfera-vaginal-morado\/"]}]},{"@type":"BreadcrumbList","@id":"https:\/\/demoweb.info\/sexshop001\/producto\/saninex-clever-inteligente-esfera-vaginal-morado\/#breadcrumb","itemListElement":[{"@type":"ListItem","position":1,"name":"Portada","item":"https:\/\/demoweb.info\/sexshop001\/"},{"@type":"ListItem","position":2,"name":"Tienda","item":"https:\/\/demoweb.info\/sexshop001\/tienda\/"},{"@type":"ListItem","position":3,"name":"SANINEX CLEVER &#8211; INTELIGENTE ESFERA VAGINAL MORADO"}]},{"@type":"WebSite","@id":"https:\/\/demoweb.info\/sexshop001\/#website","url":"https:\/\/demoweb.info\/sexshop001\/","name":"Tienda Er\u00f3tica","description":"DEMOWEB SL","potentialAction":[{"@type":"SearchAction","target":{"@type":"EntryPoint","urlTemplate":"https:\/\/demoweb.info\/sexshop001\/?s={search_term_string}"},"query-input":"required name=search_term_string"}],"inLanguage":"es"}]}},"_links":{"self":[{"href":"https:\/\/demoweb.info\/sexshop001\/wp-json\/wp\/v3\/product\/70699","targetHints":{"allow":["GET"]}}],"collection":[{"href":"https:\/\/demoweb.info\/sexshop001\/wp-json\/wp\/v3\/product"}],"about":[{"href":"https:\/\/demoweb.info\/sexshop001\/wp-json\/wp\/v2\/types\/product"}],"replies":[{"embeddable":true,"href":"https:\/\/demoweb.info\/sexshop001\/wp-json\/wp\/v2\/comments?post=70699"}],"wp:featuredmedia":[{"embeddable":true,"href":"https:\/\/demoweb.info\/sexshop001\/wp-json\/wp\/v2\/media\/70700"}],"wp:attachment":[{"href":"https:\/\/demoweb.info\/sexshop001\/wp-json\/wp\/v2\/media?parent=70699"}],"wp:term":[{"taxonomy":"product_cat","embeddable":true,"href":"https:\/\/demoweb.info\/sexshop001\/wp-json\/wp\/v2\/product_cat?post=70699"},{"taxonomy":"product_tag","embeddable":true,"href":"https:\/\/demoweb.info\/sexshop001\/wp-json\/wp\/v2\/product_tag?post=70699"}],"curies":[{"name":"wp","href":"https:\/\/api.w.org\/{rel}","templated":true}]}}