{"id":70693,"date":"2022-01-22T20:36:06","date_gmt":"2022-01-22T19:36:06","guid":{"rendered":"https:\/\/demoweb.info\/sexshop001\/producto\/saninex-liaison-plug-orgasmico-tunel-negro\/"},"modified":"2022-01-22T20:36:06","modified_gmt":"2022-01-22T19:36:06","slug":"saninex-liaison-plug-orgasmico-tunel-negro","status":"publish","type":"product","link":"https:\/\/demoweb.info\/sexshop001\/producto\/saninex-liaison-plug-orgasmico-tunel-negro\/","title":{"rendered":"SANINEX LIAISON &#8211; PLUG ORG\u00c1SMICO TUNEL NEGRO"},"content":{"rendered":"<p><strong>SANINEX LIAISON &#8211; PLUG ORGASMIC TUNNEL<\/strong><\/p>\n<p>Plug t\u00fanel anat\u00f3mico Saninex LIAISON, con el que f\u00e1cilmente puedes optar a muchas facetas sexuales anales altamente placenteras. Adaptaci\u00f3n entre nalgas perfecta y f\u00e1cil.<\/p>\n<p>Saninex LIAISON proporciona la m\u00e1s c\u00f3moda manera de adentrarse en tu sexualidad anal.<\/p>\n<p>Desde el uso de vibradores, dildos, plug, etc, hasta la aplicaci\u00f3n de lubricantes especializados Saninex, con los que obtienes una perfecta lubricaci\u00f3n y m\u00e1ximo placer sexual anal. Saninex LIAISON es la perfecta uni\u00f3n del placer y la salud sexual.<\/p>\n<p>Fabricaci\u00f3n de dise\u00f1o anat\u00f3mico, realizado con silicona brillo material m\u00e9dico sanitario de muy alta calidad. De base ancha con la que adem\u00e1s de acoplar perfectamente, favorece el extraerlo f\u00e1cilmente, est\u00e1 indicado a quienes potencian su sexualidad y obtienen orgasmos a trav\u00e9s del sexo anal, generando as\u00ed nuevos excitantes placeres y experiencias positivas.<\/p>\n<p>Con SANINEX LIAISON unisex descubrir\u00e1s y alcanzar\u00e1s la intensidad total de placer anal deseada. Obtendr\u00e1s con su f\u00e1cil uso, la opcion de m\u00faltiples placeres sexuales potentes, adictivos y excitantes.<\/p>\n<p>Es presentado con m\u00e1ximo glamour y elegancia, en un atractivo bolso de exclusivo dise\u00f1o Saninex.<\/p>\n<p>Medidas:<\/p>\n<ul>\n<li>Anchura exterior 45 mm.<\/li>\n<li>Anchura t\u00fanel 25 mm.<\/li>\n<li>Altura total 65 mm.<\/li>\n<\/ul>\n<p>INDICACIONES:<\/p>\n<ul>\n<li>Obtenci\u00f3n de m\u00faltiples tipos de orgasmos mediante diferentes tipos de estimulaci\u00f3n anal, altamente excitantes.<\/li>\n<li>Para un alto placer en cualquier momento y durante las relacione sexuales.<\/li>\n<li>F\u00e1cil y c\u00f3modo.<\/li>\n<li>Fabricado con silicona brillo material m\u00e9dico sanitario de muy alta calidad. Hipoalerg\u00e9nico.<\/li>\n<li>Totalmente discreto de belleza est\u00e9tica.<\/li>\n<li>Adecuado para todo tipo de lubricantes y aceites afrodisiacos Saninex.<\/li>\n<li>Comprobado dermatol\u00f3gicamente y cl\u00ednicamente.<\/li>\n<li>100% resistente al agua.<\/li>\n<li>100% libre de ftalatos.<\/li>\n<\/ul>\n<p>Saninex, marca la diferencia respecto al resto de marcas. Saninex poseedora de Licencia de fabricaci\u00f3n de productos m\u00e9dico sanitarios clase IIB, emitidas por el Ministerio de Sanidad Espa\u00f1ol y la Agencia Espa\u00f1ola del Medicamento.<\/p>\n<p>\u00a1Saninex es calidad y seguridad!<\/p>\n","protected":false},"excerpt":{"rendered":"<p>SANINEX LIAISON &#8211; PLUG ORGASMIC TUNNEL Plug t\u00fanel anat\u00f3mico Saninex LIAISON, con el que f\u00e1cilmente puedes optar a muchas facetas<\/p>\n","protected":false},"featured_media":70694,"comment_status":"open","ping_status":"open","template":"","meta":[],"product_cat":[853],"product_tag":[673],"class_list":["post-70693","product","type-product","status-publish","has-post-thumbnail","hentry","product_cat-dilatadores","product_tag-saninex"],"bundled_by":[],"bundle_stock_status":"instock","bundle_stock_quantity":3,"bundle_virtual":false,"bundle_layout":"","bundle_add_to_cart_form_location":"","bundle_editable_in_cart":false,"bundle_sold_individually_context":"","bundle_item_grouping":"","bundle_min_size":"","bundle_max_size":"","bundled_items":[],"yoast_head":"<!-- This site is optimized with the Yoast SEO plugin v20.6 - https:\/\/yoast.com\/wordpress\/plugins\/seo\/ -->\n<title>SANINEX LIAISON - PLUG ORG\u00c1SMICO TUNEL NEGRO - Tienda Er\u00f3tica<\/title>\n<meta name=\"robots\" content=\"noindex, follow, max-snippet:-1, max-image-preview:large, max-video-preview:-1\" \/>\n<meta property=\"og:locale\" content=\"es_ES\" \/>\n<meta property=\"og:type\" content=\"article\" \/>\n<meta property=\"og:title\" content=\"SANINEX LIAISON - PLUG ORG\u00c1SMICO TUNEL NEGRO - Tienda Er\u00f3tica\" \/>\n<meta property=\"og:description\" content=\"SANINEX LIAISON &#8211; PLUG ORGASMIC TUNNEL Plug t\u00fanel anat\u00f3mico Saninex LIAISON, con el que f\u00e1cilmente puedes optar a muchas facetas\" \/>\n<meta property=\"og:url\" content=\"https:\/\/demoweb.info\/sexshop001\/producto\/saninex-liaison-plug-orgasmico-tunel-negro\/\" \/>\n<meta property=\"og:site_name\" content=\"Tienda Er\u00f3tica\" \/>\n<meta property=\"og:image\" content=\"https:\/\/demoweb.info\/sexshop001\/wp-content\/uploads\/2022\/01\/SANINEX-LIAISON-PLUG-ORGASMICO-TUNEL-NEGRO.jpg\" \/>\n\t<meta property=\"og:image:width\" content=\"550\" \/>\n\t<meta property=\"og:image:height\" content=\"550\" \/>\n\t<meta property=\"og:image:type\" content=\"image\/jpeg\" \/>\n<meta name=\"twitter:card\" content=\"summary_large_image\" \/>\n<meta name=\"twitter:label1\" content=\"Tiempo de lectura\" \/>\n\t<meta name=\"twitter:data1\" content=\"2 minutos\" \/>\n<script type=\"application\/ld+json\" class=\"yoast-schema-graph\">{\"@context\":\"https:\/\/schema.org\",\"@graph\":[{\"@type\":\"WebPage\",\"@id\":\"https:\/\/demoweb.info\/sexshop001\/producto\/saninex-liaison-plug-orgasmico-tunel-negro\/\",\"url\":\"https:\/\/demoweb.info\/sexshop001\/producto\/saninex-liaison-plug-orgasmico-tunel-negro\/\",\"name\":\"SANINEX LIAISON - PLUG ORG\u00c1SMICO TUNEL NEGRO - Tienda Er\u00f3tica\",\"isPartOf\":{\"@id\":\"https:\/\/demoweb.info\/sexshop001\/#website\"},\"datePublished\":\"2022-01-22T19:36:06+00:00\",\"dateModified\":\"2022-01-22T19:36:06+00:00\",\"breadcrumb\":{\"@id\":\"https:\/\/demoweb.info\/sexshop001\/producto\/saninex-liaison-plug-orgasmico-tunel-negro\/#breadcrumb\"},\"inLanguage\":\"es\",\"potentialAction\":[{\"@type\":\"ReadAction\",\"target\":[\"https:\/\/demoweb.info\/sexshop001\/producto\/saninex-liaison-plug-orgasmico-tunel-negro\/\"]}]},{\"@type\":\"BreadcrumbList\",\"@id\":\"https:\/\/demoweb.info\/sexshop001\/producto\/saninex-liaison-plug-orgasmico-tunel-negro\/#breadcrumb\",\"itemListElement\":[{\"@type\":\"ListItem\",\"position\":1,\"name\":\"Portada\",\"item\":\"https:\/\/demoweb.info\/sexshop001\/\"},{\"@type\":\"ListItem\",\"position\":2,\"name\":\"Tienda\",\"item\":\"https:\/\/demoweb.info\/sexshop001\/tienda\/\"},{\"@type\":\"ListItem\",\"position\":3,\"name\":\"SANINEX LIAISON &#8211; PLUG ORG\u00c1SMICO TUNEL NEGRO\"}]},{\"@type\":\"WebSite\",\"@id\":\"https:\/\/demoweb.info\/sexshop001\/#website\",\"url\":\"https:\/\/demoweb.info\/sexshop001\/\",\"name\":\"Tienda Er\u00f3tica\",\"description\":\"DEMOWEB SL\",\"potentialAction\":[{\"@type\":\"SearchAction\",\"target\":{\"@type\":\"EntryPoint\",\"urlTemplate\":\"https:\/\/demoweb.info\/sexshop001\/?s={search_term_string}\"},\"query-input\":\"required name=search_term_string\"}],\"inLanguage\":\"es\"}]}<\/script>\n<!-- \/ Yoast SEO plugin. -->","yoast_head_json":{"title":"SANINEX LIAISON - PLUG ORG\u00c1SMICO TUNEL NEGRO - Tienda Er\u00f3tica","robots":{"index":"noindex","follow":"follow","max-snippet":"max-snippet:-1","max-image-preview":"max-image-preview:large","max-video-preview":"max-video-preview:-1"},"og_locale":"es_ES","og_type":"article","og_title":"SANINEX LIAISON - PLUG ORG\u00c1SMICO TUNEL NEGRO - Tienda Er\u00f3tica","og_description":"SANINEX LIAISON &#8211; PLUG ORGASMIC TUNNEL Plug t\u00fanel anat\u00f3mico Saninex LIAISON, con el que f\u00e1cilmente puedes optar a muchas facetas","og_url":"https:\/\/demoweb.info\/sexshop001\/producto\/saninex-liaison-plug-orgasmico-tunel-negro\/","og_site_name":"Tienda Er\u00f3tica","og_image":[{"width":550,"height":550,"url":"https:\/\/demoweb.info\/sexshop001\/wp-content\/uploads\/2022\/01\/SANINEX-LIAISON-PLUG-ORGASMICO-TUNEL-NEGRO.jpg","type":"image\/jpeg"}],"twitter_card":"summary_large_image","twitter_misc":{"Tiempo de lectura":"2 minutos"},"schema":{"@context":"https:\/\/schema.org","@graph":[{"@type":"WebPage","@id":"https:\/\/demoweb.info\/sexshop001\/producto\/saninex-liaison-plug-orgasmico-tunel-negro\/","url":"https:\/\/demoweb.info\/sexshop001\/producto\/saninex-liaison-plug-orgasmico-tunel-negro\/","name":"SANINEX LIAISON - PLUG ORG\u00c1SMICO TUNEL NEGRO - Tienda Er\u00f3tica","isPartOf":{"@id":"https:\/\/demoweb.info\/sexshop001\/#website"},"datePublished":"2022-01-22T19:36:06+00:00","dateModified":"2022-01-22T19:36:06+00:00","breadcrumb":{"@id":"https:\/\/demoweb.info\/sexshop001\/producto\/saninex-liaison-plug-orgasmico-tunel-negro\/#breadcrumb"},"inLanguage":"es","potentialAction":[{"@type":"ReadAction","target":["https:\/\/demoweb.info\/sexshop001\/producto\/saninex-liaison-plug-orgasmico-tunel-negro\/"]}]},{"@type":"BreadcrumbList","@id":"https:\/\/demoweb.info\/sexshop001\/producto\/saninex-liaison-plug-orgasmico-tunel-negro\/#breadcrumb","itemListElement":[{"@type":"ListItem","position":1,"name":"Portada","item":"https:\/\/demoweb.info\/sexshop001\/"},{"@type":"ListItem","position":2,"name":"Tienda","item":"https:\/\/demoweb.info\/sexshop001\/tienda\/"},{"@type":"ListItem","position":3,"name":"SANINEX LIAISON &#8211; PLUG ORG\u00c1SMICO TUNEL NEGRO"}]},{"@type":"WebSite","@id":"https:\/\/demoweb.info\/sexshop001\/#website","url":"https:\/\/demoweb.info\/sexshop001\/","name":"Tienda Er\u00f3tica","description":"DEMOWEB SL","potentialAction":[{"@type":"SearchAction","target":{"@type":"EntryPoint","urlTemplate":"https:\/\/demoweb.info\/sexshop001\/?s={search_term_string}"},"query-input":"required name=search_term_string"}],"inLanguage":"es"}]}},"_links":{"self":[{"href":"https:\/\/demoweb.info\/sexshop001\/wp-json\/wp\/v3\/product\/70693","targetHints":{"allow":["GET"]}}],"collection":[{"href":"https:\/\/demoweb.info\/sexshop001\/wp-json\/wp\/v3\/product"}],"about":[{"href":"https:\/\/demoweb.info\/sexshop001\/wp-json\/wp\/v2\/types\/product"}],"replies":[{"embeddable":true,"href":"https:\/\/demoweb.info\/sexshop001\/wp-json\/wp\/v2\/comments?post=70693"}],"wp:featuredmedia":[{"embeddable":true,"href":"https:\/\/demoweb.info\/sexshop001\/wp-json\/wp\/v2\/media\/70694"}],"wp:attachment":[{"href":"https:\/\/demoweb.info\/sexshop001\/wp-json\/wp\/v2\/media?parent=70693"}],"wp:term":[{"taxonomy":"product_cat","embeddable":true,"href":"https:\/\/demoweb.info\/sexshop001\/wp-json\/wp\/v2\/product_cat?post=70693"},{"taxonomy":"product_tag","embeddable":true,"href":"https:\/\/demoweb.info\/sexshop001\/wp-json\/wp\/v2\/product_tag?post=70693"}],"curies":[{"name":"wp","href":"https:\/\/api.w.org\/{rel}","templated":true}]}}