{"id":70679,"date":"2022-01-22T20:35:56","date_gmt":"2022-01-22T19:35:56","guid":{"rendered":"https:\/\/demoweb.info\/sexshop001\/producto\/saninex-suctioner-world-vibrador-con-succion-negro\/"},"modified":"2022-01-22T20:35:57","modified_gmt":"2022-01-22T19:35:57","slug":"saninex-suctioner-world-vibrador-con-succion-negro","status":"publish","type":"product","link":"https:\/\/demoweb.info\/sexshop001\/producto\/saninex-suctioner-world-vibrador-con-succion-negro\/","title":{"rendered":"SANINEX SUCTIONER WORLD &#8211; VIBRADOR CON SUCCI\u00d3N &#8211; NEGRO"},"content":{"rendered":"<p><strong>SANINEX SUCTIONER WORLD &#8211; VIBRATOR &#038; SUCTION CUP<\/strong><\/p>\n<p>Vibrador succionador por efecto ventosa de los pezones y tambi\u00e9n del cl\u00edtoris o cualquier otra parte del cuerpo. Divertido, elegante y atractivo. Dise\u00f1ado para la sexualidad actual e intensa que deseas vivir.<\/p>\n<p>Con SANINEX SUCTIONER WORLD VIBRATOR puedes obtener placer de nuevas maneras. Estimulando los pechos y\/o cualquier parte corporal que imagines.<\/p>\n<p>Transmite la real sensaci\u00f3n de succi\u00f3n y vibraci\u00f3n unidas. D\u00e1ndote ese algo m\u00e1s que hace tus sue\u00f1os realidad. Su alta calidad, manejable tama\u00f1o de detallado dise\u00f1o doble acci\u00f3n, hacen posible que tu nuevos placeres sean siempre f\u00e1ciles de alcanzar.<\/p>\n<p>Fabricado con silicona material m\u00e9dico sanitario FDA de muy alta calidad, suavidad extrema y l\u00edneas continuadas.<\/p>\n<p>SANINEX SUCTIONER WORLD VIBRATOR, es presentado con m\u00e1ximo glamour y elegancia, en un atractivo bolso de exclusivo dise\u00f1o Saninex.<\/p>\n<p>Su dise\u00f1o perfectamente adaptado para una potente estimulaci\u00f3n, con l\u00edneas dise\u00f1adas por Saninex, para que el placer sea inolvidable.<\/p>\n<p>Funciona con 1 pila LR44.<\/p>\n<p>Medidas: 75x 40mm.<\/p>\n<p>INDICACIONES:<\/p>\n<ul>\n<li>Vibrador y succionador efecto ventosa.<\/li>\n<li>Orgasmos mediante la estimulaci\u00f3n sexual vibraci\u00f3n\/succi\u00f3n a tu antojo, altamente excitante.<\/li>\n<li>Para un alto placer en cualquier momento y durante las relacione sexuales.<\/li>\n<li>Fabricado con silicona material m\u00e9dico sanitario FDA de muy alta calidad, con revestimiento de extrema suavidad. Hipoalerg\u00e9nico.<\/li>\n<li>Totalmente discreto, muy manejable y de belleza est\u00e9tica.<\/li>\n<li>Comprobado dermatol\u00f3gicamente y cl\u00ednicamente.<\/li>\n<li>100% resistente al agua.<\/li>\n<li>100% libre de ftalatos.<\/li>\n<\/ul>\n<p>Saninex, marca la diferencia respecto al resto de marcas. Saninex poseedora de Licencia de fabricaci\u00f3n de productos medico sanitarios clase IIB, emitidas por el Ministerio de Sanidad Espa\u00f1ol y la Agencia Espa\u00f1ola del Medicamento.<\/p>\n<p>\u00a1Saninex es calidad y seguridad!<\/p>\n","protected":false},"excerpt":{"rendered":"<p>SANINEX SUCTIONER WORLD &#8211; VIBRATOR &#038; SUCTION CUP Vibrador succionador por efecto ventosa de los pezones y tambi\u00e9n del cl\u00edtoris<\/p>\n","protected":false},"featured_media":70680,"comment_status":"open","ping_status":"open","template":"","meta":[],"product_cat":[488],"product_tag":[673],"class_list":["post-70679","product","type-product","status-publish","has-post-thumbnail","hentry","product_cat-pezones","product_tag-saninex"],"bundled_by":[],"bundle_stock_status":"instock","bundle_stock_quantity":4,"bundle_virtual":false,"bundle_layout":"","bundle_add_to_cart_form_location":"","bundle_editable_in_cart":false,"bundle_sold_individually_context":"","bundle_item_grouping":"","bundle_min_size":"","bundle_max_size":"","bundled_items":[],"yoast_head":"<!-- This site is optimized with the Yoast SEO plugin v20.6 - https:\/\/yoast.com\/wordpress\/plugins\/seo\/ -->\n<title>SANINEX SUCTIONER WORLD - VIBRADOR CON SUCCI\u00d3N - NEGRO - Tienda Er\u00f3tica<\/title>\n<meta name=\"robots\" content=\"noindex, follow, max-snippet:-1, max-image-preview:large, max-video-preview:-1\" \/>\n<meta property=\"og:locale\" content=\"es_ES\" \/>\n<meta property=\"og:type\" content=\"article\" \/>\n<meta property=\"og:title\" content=\"SANINEX SUCTIONER WORLD - VIBRADOR CON SUCCI\u00d3N - NEGRO - Tienda Er\u00f3tica\" \/>\n<meta property=\"og:description\" content=\"SANINEX SUCTIONER WORLD &#8211; VIBRATOR &#038; SUCTION CUP Vibrador succionador por efecto ventosa de los pezones y tambi\u00e9n del cl\u00edtoris\" \/>\n<meta property=\"og:url\" content=\"https:\/\/demoweb.info\/sexshop001\/producto\/saninex-suctioner-world-vibrador-con-succion-negro\/\" \/>\n<meta property=\"og:site_name\" content=\"Tienda Er\u00f3tica\" \/>\n<meta property=\"article:modified_time\" content=\"2022-01-22T19:35:57+00:00\" \/>\n<meta property=\"og:image\" content=\"https:\/\/demoweb.info\/sexshop001\/wp-content\/uploads\/2022\/01\/SANINEX-SUCTIONER-WORLD-VIBRADOR-CON-SUCCION-NEGRO.jpg\" \/>\n\t<meta property=\"og:image:width\" content=\"550\" \/>\n\t<meta property=\"og:image:height\" content=\"550\" \/>\n\t<meta property=\"og:image:type\" content=\"image\/jpeg\" \/>\n<meta name=\"twitter:card\" content=\"summary_large_image\" \/>\n<meta name=\"twitter:label1\" content=\"Tiempo de lectura\" \/>\n\t<meta name=\"twitter:data1\" content=\"1 minuto\" \/>\n<script type=\"application\/ld+json\" class=\"yoast-schema-graph\">{\"@context\":\"https:\/\/schema.org\",\"@graph\":[{\"@type\":\"WebPage\",\"@id\":\"https:\/\/demoweb.info\/sexshop001\/producto\/saninex-suctioner-world-vibrador-con-succion-negro\/\",\"url\":\"https:\/\/demoweb.info\/sexshop001\/producto\/saninex-suctioner-world-vibrador-con-succion-negro\/\",\"name\":\"SANINEX SUCTIONER WORLD - VIBRADOR CON SUCCI\u00d3N - NEGRO - Tienda Er\u00f3tica\",\"isPartOf\":{\"@id\":\"https:\/\/demoweb.info\/sexshop001\/#website\"},\"datePublished\":\"2022-01-22T19:35:56+00:00\",\"dateModified\":\"2022-01-22T19:35:57+00:00\",\"breadcrumb\":{\"@id\":\"https:\/\/demoweb.info\/sexshop001\/producto\/saninex-suctioner-world-vibrador-con-succion-negro\/#breadcrumb\"},\"inLanguage\":\"es\",\"potentialAction\":[{\"@type\":\"ReadAction\",\"target\":[\"https:\/\/demoweb.info\/sexshop001\/producto\/saninex-suctioner-world-vibrador-con-succion-negro\/\"]}]},{\"@type\":\"BreadcrumbList\",\"@id\":\"https:\/\/demoweb.info\/sexshop001\/producto\/saninex-suctioner-world-vibrador-con-succion-negro\/#breadcrumb\",\"itemListElement\":[{\"@type\":\"ListItem\",\"position\":1,\"name\":\"Portada\",\"item\":\"https:\/\/demoweb.info\/sexshop001\/\"},{\"@type\":\"ListItem\",\"position\":2,\"name\":\"Tienda\",\"item\":\"https:\/\/demoweb.info\/sexshop001\/tienda\/\"},{\"@type\":\"ListItem\",\"position\":3,\"name\":\"SANINEX SUCTIONER WORLD &#8211; VIBRADOR CON SUCCI\u00d3N &#8211; NEGRO\"}]},{\"@type\":\"WebSite\",\"@id\":\"https:\/\/demoweb.info\/sexshop001\/#website\",\"url\":\"https:\/\/demoweb.info\/sexshop001\/\",\"name\":\"Tienda Er\u00f3tica\",\"description\":\"DEMOWEB SL\",\"potentialAction\":[{\"@type\":\"SearchAction\",\"target\":{\"@type\":\"EntryPoint\",\"urlTemplate\":\"https:\/\/demoweb.info\/sexshop001\/?s={search_term_string}\"},\"query-input\":\"required name=search_term_string\"}],\"inLanguage\":\"es\"}]}<\/script>\n<!-- \/ Yoast SEO plugin. -->","yoast_head_json":{"title":"SANINEX SUCTIONER WORLD - VIBRADOR CON SUCCI\u00d3N - NEGRO - Tienda Er\u00f3tica","robots":{"index":"noindex","follow":"follow","max-snippet":"max-snippet:-1","max-image-preview":"max-image-preview:large","max-video-preview":"max-video-preview:-1"},"og_locale":"es_ES","og_type":"article","og_title":"SANINEX SUCTIONER WORLD - VIBRADOR CON SUCCI\u00d3N - NEGRO - Tienda Er\u00f3tica","og_description":"SANINEX SUCTIONER WORLD &#8211; VIBRATOR &#038; SUCTION CUP Vibrador succionador por efecto ventosa de los pezones y tambi\u00e9n del cl\u00edtoris","og_url":"https:\/\/demoweb.info\/sexshop001\/producto\/saninex-suctioner-world-vibrador-con-succion-negro\/","og_site_name":"Tienda Er\u00f3tica","article_modified_time":"2022-01-22T19:35:57+00:00","og_image":[{"width":550,"height":550,"url":"https:\/\/demoweb.info\/sexshop001\/wp-content\/uploads\/2022\/01\/SANINEX-SUCTIONER-WORLD-VIBRADOR-CON-SUCCION-NEGRO.jpg","type":"image\/jpeg"}],"twitter_card":"summary_large_image","twitter_misc":{"Tiempo de lectura":"1 minuto"},"schema":{"@context":"https:\/\/schema.org","@graph":[{"@type":"WebPage","@id":"https:\/\/demoweb.info\/sexshop001\/producto\/saninex-suctioner-world-vibrador-con-succion-negro\/","url":"https:\/\/demoweb.info\/sexshop001\/producto\/saninex-suctioner-world-vibrador-con-succion-negro\/","name":"SANINEX SUCTIONER WORLD - VIBRADOR CON SUCCI\u00d3N - NEGRO - Tienda Er\u00f3tica","isPartOf":{"@id":"https:\/\/demoweb.info\/sexshop001\/#website"},"datePublished":"2022-01-22T19:35:56+00:00","dateModified":"2022-01-22T19:35:57+00:00","breadcrumb":{"@id":"https:\/\/demoweb.info\/sexshop001\/producto\/saninex-suctioner-world-vibrador-con-succion-negro\/#breadcrumb"},"inLanguage":"es","potentialAction":[{"@type":"ReadAction","target":["https:\/\/demoweb.info\/sexshop001\/producto\/saninex-suctioner-world-vibrador-con-succion-negro\/"]}]},{"@type":"BreadcrumbList","@id":"https:\/\/demoweb.info\/sexshop001\/producto\/saninex-suctioner-world-vibrador-con-succion-negro\/#breadcrumb","itemListElement":[{"@type":"ListItem","position":1,"name":"Portada","item":"https:\/\/demoweb.info\/sexshop001\/"},{"@type":"ListItem","position":2,"name":"Tienda","item":"https:\/\/demoweb.info\/sexshop001\/tienda\/"},{"@type":"ListItem","position":3,"name":"SANINEX SUCTIONER WORLD &#8211; VIBRADOR CON SUCCI\u00d3N &#8211; NEGRO"}]},{"@type":"WebSite","@id":"https:\/\/demoweb.info\/sexshop001\/#website","url":"https:\/\/demoweb.info\/sexshop001\/","name":"Tienda Er\u00f3tica","description":"DEMOWEB SL","potentialAction":[{"@type":"SearchAction","target":{"@type":"EntryPoint","urlTemplate":"https:\/\/demoweb.info\/sexshop001\/?s={search_term_string}"},"query-input":"required name=search_term_string"}],"inLanguage":"es"}]}},"_links":{"self":[{"href":"https:\/\/demoweb.info\/sexshop001\/wp-json\/wp\/v3\/product\/70679","targetHints":{"allow":["GET"]}}],"collection":[{"href":"https:\/\/demoweb.info\/sexshop001\/wp-json\/wp\/v3\/product"}],"about":[{"href":"https:\/\/demoweb.info\/sexshop001\/wp-json\/wp\/v2\/types\/product"}],"replies":[{"embeddable":true,"href":"https:\/\/demoweb.info\/sexshop001\/wp-json\/wp\/v2\/comments?post=70679"}],"wp:featuredmedia":[{"embeddable":true,"href":"https:\/\/demoweb.info\/sexshop001\/wp-json\/wp\/v2\/media\/70680"}],"wp:attachment":[{"href":"https:\/\/demoweb.info\/sexshop001\/wp-json\/wp\/v2\/media?parent=70679"}],"wp:term":[{"taxonomy":"product_cat","embeddable":true,"href":"https:\/\/demoweb.info\/sexshop001\/wp-json\/wp\/v2\/product_cat?post=70679"},{"taxonomy":"product_tag","embeddable":true,"href":"https:\/\/demoweb.info\/sexshop001\/wp-json\/wp\/v2\/product_tag?post=70679"}],"curies":[{"name":"wp","href":"https:\/\/api.w.org\/{rel}","templated":true}]}}