{"id":70669,"date":"2022-01-22T20:35:45","date_gmt":"2022-01-22T19:35:45","guid":{"rendered":"https:\/\/demoweb.info\/sexshop001\/producto\/saninex-love-me-butt-plug-dildo-xxl-con-base-succion-negro\/"},"modified":"2022-01-22T20:35:50","modified_gmt":"2022-01-22T19:35:50","slug":"saninex-love-me-butt-plug-dildo-xxl-con-base-succion-negro","status":"publish","type":"product","link":"https:\/\/demoweb.info\/sexshop001\/producto\/saninex-love-me-butt-plug-dildo-xxl-con-base-succion-negro\/","title":{"rendered":"SANINEX LOVE ME &#8211; BUTT PLUG &#038; DILDO XXL CON BASE SUCCI\u00d3N &#8211; NEGRO"},"content":{"rendered":"<p><strong>SANINEX LOVE ME &#8211; BUTT PLUG &#038; DILDO XXL &#038; SUCTION CUP<\/strong><\/p>\n<p>Espectacular butt plug y dildo XXL Saninex de dise\u00f1o exclusivo con el que obtienes potentes orgasmos diferentes y altamente intensos. Disponible en color lila o color negro, de elegante, atractivo y moderna est\u00e9tica. Dise\u00f1o XXL de largos placeres.<\/p>\n<p>Con SANINEX LOVE ME alcanzas los m\u00e1s altos orgasmos.<\/p>\n<p>Su forma curvada en la parte superior as\u00ed como sus distintas curvaturas, transmiten mucho m\u00e1s placer continuado e intenso. Su tama\u00f1o XXL es tu deseo hecho realidad. Dispone de ventosa en su base.<\/p>\n<p>SANINEX LOVE ME, de alta calidad en materiales y detallado dise\u00f1o. La fusi\u00f3n para que tu resultado org\u00e1smico sea siempre XXL.<\/p>\n<p>Fabricado con silicona brillo material m\u00e9dico sanitario FDA de muy alta calidad y l\u00edneas continuadas.<\/p>\n<p>SANINEX LOVE ME, es presentado con m\u00e1ximo glamour y elegancia, en un atractivo bolso de exclusivo dise\u00f1o Saninex.<\/p>\n<p>La m\u00e1xima calidad y precios m\u00ednimos, siempre est\u00e1n presentes en toda la gama de productos salud y placer Saninex.<\/p>\n<p>Dise\u00f1o anat\u00f3mico altamente atractivo, adaptado para todo tipo de pr\u00e1ctica sexual de alto placer. Realizado por Saninex, para obtener orgasmos anales y\/o vaginales altamente intensos.<\/p>\n<p>Medidas: 190 x 40 mm.<\/p>\n<p>INDICACIONES:<\/p>\n<ul>\n<li>De f\u00e1cil uso y ajustable muy f\u00e1cilmente.<\/li>\n<li>Orgasmos XXL.<\/li>\n<li>Para un alto placer en cualquier momento y durante las relacione sexuales.<\/li>\n<li>Fabricado con silicona brillo material m\u00e9dico sanitario FDA de muy alta calidad. Hipoalerg\u00e9nico.<\/li>\n<li>Totalmente discreto y de belleza est\u00e9tica.<\/li>\n<li>Adecuado para todo tipo de lubricantes y aceites afrodisiacos Saninex.<\/li>\n<li>Comprobado dermatol\u00f3gicamente y cl\u00ednicamente.<\/li>\n<li>100% resistente al agua.<\/li>\n<li>100% libre de ftalatos.<\/li>\n<\/ul>\n<p>Saninex, marca la diferencia respecto al resto de marcas. Saninex poseedora de Licencia de fabricaci\u00f3n de productos m\u00e9dico sanitarios clase IIB, emitidas por el Ministerio de Sanidad Espa\u00f1ol y la Agencia Espa\u00f1ola del Medicamento.<\/p>\n<p>Saninex es calidad y seguridad.<\/p>\n","protected":false},"excerpt":{"rendered":"<p>SANINEX LOVE ME &#8211; BUTT PLUG &#038; DILDO XXL &#038; SUCTION CUP Espectacular butt plug y dildo XXL Saninex de<\/p>\n","protected":false},"featured_media":70670,"comment_status":"open","ping_status":"open","template":"","meta":[],"product_cat":[340],"product_tag":[673],"class_list":["post-70669","product","type-product","status-publish","has-post-thumbnail","hentry","product_cat-silicona-dildos","product_tag-saninex"],"bundled_by":[],"bundle_stock_status":"instock","bundle_stock_quantity":2,"bundle_virtual":false,"bundle_layout":"","bundle_add_to_cart_form_location":"","bundle_editable_in_cart":false,"bundle_sold_individually_context":"","bundle_item_grouping":"","bundle_min_size":"","bundle_max_size":"","bundled_items":[],"yoast_head":"<!-- This site is optimized with the Yoast SEO plugin v20.6 - https:\/\/yoast.com\/wordpress\/plugins\/seo\/ -->\n<title>SANINEX LOVE ME - BUTT PLUG &amp; DILDO XXL CON BASE SUCCI\u00d3N - NEGRO - Tienda Er\u00f3tica<\/title>\n<meta name=\"robots\" content=\"noindex, follow, max-snippet:-1, max-image-preview:large, max-video-preview:-1\" \/>\n<meta property=\"og:locale\" content=\"es_ES\" \/>\n<meta property=\"og:type\" content=\"article\" \/>\n<meta property=\"og:title\" content=\"SANINEX LOVE ME - BUTT PLUG &amp; DILDO XXL CON BASE SUCCI\u00d3N - NEGRO - Tienda Er\u00f3tica\" \/>\n<meta property=\"og:description\" content=\"SANINEX LOVE ME &#8211; BUTT PLUG &#038; DILDO XXL &#038; SUCTION CUP Espectacular butt plug y dildo XXL Saninex de\" \/>\n<meta property=\"og:url\" content=\"https:\/\/demoweb.info\/sexshop001\/producto\/saninex-love-me-butt-plug-dildo-xxl-con-base-succion-negro\/\" \/>\n<meta property=\"og:site_name\" content=\"Tienda Er\u00f3tica\" \/>\n<meta property=\"article:modified_time\" content=\"2022-01-22T19:35:50+00:00\" \/>\n<meta property=\"og:image\" content=\"https:\/\/demoweb.info\/sexshop001\/wp-content\/uploads\/2022\/01\/SANINEX-LOVE-ME-BUTT-PLUG-DILDO-XXL-CON-BASE-SUCCION-NEGRO.jpg\" \/>\n\t<meta property=\"og:image:width\" content=\"550\" \/>\n\t<meta property=\"og:image:height\" content=\"550\" \/>\n\t<meta property=\"og:image:type\" content=\"image\/jpeg\" \/>\n<meta name=\"twitter:card\" content=\"summary_large_image\" \/>\n<meta name=\"twitter:label1\" content=\"Tiempo de lectura\" \/>\n\t<meta name=\"twitter:data1\" content=\"2 minutos\" \/>\n<script type=\"application\/ld+json\" class=\"yoast-schema-graph\">{\"@context\":\"https:\/\/schema.org\",\"@graph\":[{\"@type\":\"WebPage\",\"@id\":\"https:\/\/demoweb.info\/sexshop001\/producto\/saninex-love-me-butt-plug-dildo-xxl-con-base-succion-negro\/\",\"url\":\"https:\/\/demoweb.info\/sexshop001\/producto\/saninex-love-me-butt-plug-dildo-xxl-con-base-succion-negro\/\",\"name\":\"SANINEX LOVE ME - BUTT PLUG & DILDO XXL CON BASE SUCCI\u00d3N - NEGRO - Tienda Er\u00f3tica\",\"isPartOf\":{\"@id\":\"https:\/\/demoweb.info\/sexshop001\/#website\"},\"datePublished\":\"2022-01-22T19:35:45+00:00\",\"dateModified\":\"2022-01-22T19:35:50+00:00\",\"breadcrumb\":{\"@id\":\"https:\/\/demoweb.info\/sexshop001\/producto\/saninex-love-me-butt-plug-dildo-xxl-con-base-succion-negro\/#breadcrumb\"},\"inLanguage\":\"es\",\"potentialAction\":[{\"@type\":\"ReadAction\",\"target\":[\"https:\/\/demoweb.info\/sexshop001\/producto\/saninex-love-me-butt-plug-dildo-xxl-con-base-succion-negro\/\"]}]},{\"@type\":\"BreadcrumbList\",\"@id\":\"https:\/\/demoweb.info\/sexshop001\/producto\/saninex-love-me-butt-plug-dildo-xxl-con-base-succion-negro\/#breadcrumb\",\"itemListElement\":[{\"@type\":\"ListItem\",\"position\":1,\"name\":\"Portada\",\"item\":\"https:\/\/demoweb.info\/sexshop001\/\"},{\"@type\":\"ListItem\",\"position\":2,\"name\":\"Tienda\",\"item\":\"https:\/\/demoweb.info\/sexshop001\/tienda\/\"},{\"@type\":\"ListItem\",\"position\":3,\"name\":\"SANINEX LOVE ME &#8211; BUTT PLUG &#038; DILDO XXL CON BASE SUCCI\u00d3N &#8211; NEGRO\"}]},{\"@type\":\"WebSite\",\"@id\":\"https:\/\/demoweb.info\/sexshop001\/#website\",\"url\":\"https:\/\/demoweb.info\/sexshop001\/\",\"name\":\"Tienda Er\u00f3tica\",\"description\":\"DEMOWEB SL\",\"potentialAction\":[{\"@type\":\"SearchAction\",\"target\":{\"@type\":\"EntryPoint\",\"urlTemplate\":\"https:\/\/demoweb.info\/sexshop001\/?s={search_term_string}\"},\"query-input\":\"required name=search_term_string\"}],\"inLanguage\":\"es\"}]}<\/script>\n<!-- \/ Yoast SEO plugin. -->","yoast_head_json":{"title":"SANINEX LOVE ME - BUTT PLUG & DILDO XXL CON BASE SUCCI\u00d3N - NEGRO - Tienda Er\u00f3tica","robots":{"index":"noindex","follow":"follow","max-snippet":"max-snippet:-1","max-image-preview":"max-image-preview:large","max-video-preview":"max-video-preview:-1"},"og_locale":"es_ES","og_type":"article","og_title":"SANINEX LOVE ME - BUTT PLUG & DILDO XXL CON BASE SUCCI\u00d3N - NEGRO - Tienda Er\u00f3tica","og_description":"SANINEX LOVE ME &#8211; BUTT PLUG &#038; DILDO XXL &#038; SUCTION CUP Espectacular butt plug y dildo XXL Saninex de","og_url":"https:\/\/demoweb.info\/sexshop001\/producto\/saninex-love-me-butt-plug-dildo-xxl-con-base-succion-negro\/","og_site_name":"Tienda Er\u00f3tica","article_modified_time":"2022-01-22T19:35:50+00:00","og_image":[{"width":550,"height":550,"url":"https:\/\/demoweb.info\/sexshop001\/wp-content\/uploads\/2022\/01\/SANINEX-LOVE-ME-BUTT-PLUG-DILDO-XXL-CON-BASE-SUCCION-NEGRO.jpg","type":"image\/jpeg"}],"twitter_card":"summary_large_image","twitter_misc":{"Tiempo de lectura":"2 minutos"},"schema":{"@context":"https:\/\/schema.org","@graph":[{"@type":"WebPage","@id":"https:\/\/demoweb.info\/sexshop001\/producto\/saninex-love-me-butt-plug-dildo-xxl-con-base-succion-negro\/","url":"https:\/\/demoweb.info\/sexshop001\/producto\/saninex-love-me-butt-plug-dildo-xxl-con-base-succion-negro\/","name":"SANINEX LOVE ME - BUTT PLUG & DILDO XXL CON BASE SUCCI\u00d3N - NEGRO - Tienda Er\u00f3tica","isPartOf":{"@id":"https:\/\/demoweb.info\/sexshop001\/#website"},"datePublished":"2022-01-22T19:35:45+00:00","dateModified":"2022-01-22T19:35:50+00:00","breadcrumb":{"@id":"https:\/\/demoweb.info\/sexshop001\/producto\/saninex-love-me-butt-plug-dildo-xxl-con-base-succion-negro\/#breadcrumb"},"inLanguage":"es","potentialAction":[{"@type":"ReadAction","target":["https:\/\/demoweb.info\/sexshop001\/producto\/saninex-love-me-butt-plug-dildo-xxl-con-base-succion-negro\/"]}]},{"@type":"BreadcrumbList","@id":"https:\/\/demoweb.info\/sexshop001\/producto\/saninex-love-me-butt-plug-dildo-xxl-con-base-succion-negro\/#breadcrumb","itemListElement":[{"@type":"ListItem","position":1,"name":"Portada","item":"https:\/\/demoweb.info\/sexshop001\/"},{"@type":"ListItem","position":2,"name":"Tienda","item":"https:\/\/demoweb.info\/sexshop001\/tienda\/"},{"@type":"ListItem","position":3,"name":"SANINEX LOVE ME &#8211; BUTT PLUG &#038; DILDO XXL CON BASE SUCCI\u00d3N &#8211; NEGRO"}]},{"@type":"WebSite","@id":"https:\/\/demoweb.info\/sexshop001\/#website","url":"https:\/\/demoweb.info\/sexshop001\/","name":"Tienda Er\u00f3tica","description":"DEMOWEB SL","potentialAction":[{"@type":"SearchAction","target":{"@type":"EntryPoint","urlTemplate":"https:\/\/demoweb.info\/sexshop001\/?s={search_term_string}"},"query-input":"required name=search_term_string"}],"inLanguage":"es"}]}},"_links":{"self":[{"href":"https:\/\/demoweb.info\/sexshop001\/wp-json\/wp\/v3\/product\/70669","targetHints":{"allow":["GET"]}}],"collection":[{"href":"https:\/\/demoweb.info\/sexshop001\/wp-json\/wp\/v3\/product"}],"about":[{"href":"https:\/\/demoweb.info\/sexshop001\/wp-json\/wp\/v2\/types\/product"}],"replies":[{"embeddable":true,"href":"https:\/\/demoweb.info\/sexshop001\/wp-json\/wp\/v2\/comments?post=70669"}],"wp:featuredmedia":[{"embeddable":true,"href":"https:\/\/demoweb.info\/sexshop001\/wp-json\/wp\/v2\/media\/70670"}],"wp:attachment":[{"href":"https:\/\/demoweb.info\/sexshop001\/wp-json\/wp\/v2\/media?parent=70669"}],"wp:term":[{"taxonomy":"product_cat","embeddable":true,"href":"https:\/\/demoweb.info\/sexshop001\/wp-json\/wp\/v2\/product_cat?post=70669"},{"taxonomy":"product_tag","embeddable":true,"href":"https:\/\/demoweb.info\/sexshop001\/wp-json\/wp\/v2\/product_tag?post=70669"}],"curies":[{"name":"wp","href":"https:\/\/api.w.org\/{rel}","templated":true}]}}