{"id":70659,"date":"2022-01-22T20:35:20","date_gmt":"2022-01-22T19:35:20","guid":{"rendered":"https:\/\/demoweb.info\/sexshop001\/producto\/saninex-delight-plug-dildo-transparente-verde\/"},"modified":"2022-01-22T20:35:42","modified_gmt":"2022-01-22T19:35:42","slug":"saninex-delight-plug-dildo-transparente-verde","status":"publish","type":"product","link":"https:\/\/demoweb.info\/sexshop001\/producto\/saninex-delight-plug-dildo-transparente-verde\/","title":{"rendered":"SANINEX DELIGHT &#8211; PLUG &#038; DILDO TRANSPARENTE VERDE"},"content":{"rendered":"<p><strong>SANINEX DELIGHT &#8211; PLUG &#038; DILDO<\/strong><\/p>\n<p>Fant\u00e1stico intensificador de placer anal y vaginal, fabricado de silicona brillo con material m\u00e9dico sanitario. Muy el\u00e1stico y maleable. C\u00f3modo, elegante y de f\u00e1cil uso.<\/p>\n<p>Saninex DELIGHT, est\u00e1 indicado a quienes quieren vivir nuevas y excitantes experiencias positivas.<\/p>\n<p>Con SANINEX DELIGHT unisex, alcanzar\u00e1s la intensidad de placer anal y\/o vaginal deseada, descubriendo nuevas experiencias org\u00e1smicas. Obtendr\u00e1s con su f\u00e1cil uso, un alto placer sexual potente, adictivo y excitante.<\/p>\n<p>Su dise\u00f1o rectil\u00edneo esf\u00e9rico, finalizado en una suave forma c\u00f3nica, proporciona intensa facilidad en alcanzar placer y alto grado de excitaci\u00f3n.<\/p>\n<p>Apto para utilizar con cualquier lubricante o aceite afrodisiaco Saninex.<\/p>\n<p>Alcanzar el orgasmo mediante su uso, es incre\u00edblemente excitante.<\/p>\n<p>Disfruta donde, como y cuando quieras, de tus nuevos orgasmos generados por el placer que muy f\u00e1cilmente te proporciona.<\/p>\n<p>SANINEX DELIGHT, es presentado con m\u00e1ximo glamour y elegancia, en un atractivo bolso de exclusivo dise\u00f1o Saninex.<\/p>\n<p>La m\u00e1xima calidad y precios m\u00ednimos, siempre est\u00e1n presentes en toda la gama de productos salud y placer Saninex.<\/p>\n<p>Medidas: 135 x 35 mm.<\/p>\n","protected":false},"excerpt":{"rendered":"<p>SANINEX DELIGHT &#8211; PLUG &#038; DILDO Fant\u00e1stico intensificador de placer anal y vaginal, fabricado de silicona brillo con material m\u00e9dico<\/p>\n","protected":false},"featured_media":70660,"comment_status":"open","ping_status":"open","template":"","meta":[],"product_cat":[340],"product_tag":[673],"class_list":["post-70659","product","type-product","status-publish","has-post-thumbnail","hentry","product_cat-silicona-dildos","product_tag-saninex"],"bundled_by":[],"bundle_stock_status":"instock","bundle_stock_quantity":3,"bundle_virtual":false,"bundle_layout":"","bundle_add_to_cart_form_location":"","bundle_editable_in_cart":false,"bundle_sold_individually_context":"","bundle_item_grouping":"","bundle_min_size":"","bundle_max_size":"","bundled_items":[],"yoast_head":"<!-- This site is optimized with the Yoast SEO plugin v20.6 - https:\/\/yoast.com\/wordpress\/plugins\/seo\/ -->\n<title>SANINEX DELIGHT - PLUG &amp; DILDO TRANSPARENTE VERDE - Tienda Er\u00f3tica<\/title>\n<meta name=\"robots\" content=\"noindex, follow, max-snippet:-1, max-image-preview:large, max-video-preview:-1\" \/>\n<meta property=\"og:locale\" content=\"es_ES\" \/>\n<meta property=\"og:type\" content=\"article\" \/>\n<meta property=\"og:title\" content=\"SANINEX DELIGHT - PLUG &amp; DILDO TRANSPARENTE VERDE - Tienda Er\u00f3tica\" \/>\n<meta property=\"og:description\" content=\"SANINEX DELIGHT &#8211; PLUG &#038; DILDO Fant\u00e1stico intensificador de placer anal y vaginal, fabricado de silicona brillo con material m\u00e9dico\" \/>\n<meta property=\"og:url\" content=\"https:\/\/demoweb.info\/sexshop001\/producto\/saninex-delight-plug-dildo-transparente-verde\/\" \/>\n<meta property=\"og:site_name\" content=\"Tienda Er\u00f3tica\" \/>\n<meta property=\"article:modified_time\" content=\"2022-01-22T19:35:42+00:00\" \/>\n<meta property=\"og:image\" content=\"https:\/\/demoweb.info\/sexshop001\/wp-content\/uploads\/2022\/01\/SANINEX-DELIGHT-PLUG-DILDO-TRANSPARENTE-VERDE.jpg\" \/>\n\t<meta property=\"og:image:width\" content=\"550\" \/>\n\t<meta property=\"og:image:height\" content=\"550\" \/>\n\t<meta property=\"og:image:type\" content=\"image\/jpeg\" \/>\n<meta name=\"twitter:card\" content=\"summary_large_image\" \/>\n<meta name=\"twitter:label1\" content=\"Tiempo de lectura\" \/>\n\t<meta name=\"twitter:data1\" content=\"1 minuto\" \/>\n<script type=\"application\/ld+json\" class=\"yoast-schema-graph\">{\"@context\":\"https:\/\/schema.org\",\"@graph\":[{\"@type\":\"WebPage\",\"@id\":\"https:\/\/demoweb.info\/sexshop001\/producto\/saninex-delight-plug-dildo-transparente-verde\/\",\"url\":\"https:\/\/demoweb.info\/sexshop001\/producto\/saninex-delight-plug-dildo-transparente-verde\/\",\"name\":\"SANINEX DELIGHT - PLUG & DILDO TRANSPARENTE VERDE - Tienda Er\u00f3tica\",\"isPartOf\":{\"@id\":\"https:\/\/demoweb.info\/sexshop001\/#website\"},\"datePublished\":\"2022-01-22T19:35:20+00:00\",\"dateModified\":\"2022-01-22T19:35:42+00:00\",\"breadcrumb\":{\"@id\":\"https:\/\/demoweb.info\/sexshop001\/producto\/saninex-delight-plug-dildo-transparente-verde\/#breadcrumb\"},\"inLanguage\":\"es\",\"potentialAction\":[{\"@type\":\"ReadAction\",\"target\":[\"https:\/\/demoweb.info\/sexshop001\/producto\/saninex-delight-plug-dildo-transparente-verde\/\"]}]},{\"@type\":\"BreadcrumbList\",\"@id\":\"https:\/\/demoweb.info\/sexshop001\/producto\/saninex-delight-plug-dildo-transparente-verde\/#breadcrumb\",\"itemListElement\":[{\"@type\":\"ListItem\",\"position\":1,\"name\":\"Portada\",\"item\":\"https:\/\/demoweb.info\/sexshop001\/\"},{\"@type\":\"ListItem\",\"position\":2,\"name\":\"Tienda\",\"item\":\"https:\/\/demoweb.info\/sexshop001\/tienda\/\"},{\"@type\":\"ListItem\",\"position\":3,\"name\":\"SANINEX DELIGHT &#8211; PLUG &#038; DILDO TRANSPARENTE VERDE\"}]},{\"@type\":\"WebSite\",\"@id\":\"https:\/\/demoweb.info\/sexshop001\/#website\",\"url\":\"https:\/\/demoweb.info\/sexshop001\/\",\"name\":\"Tienda Er\u00f3tica\",\"description\":\"DEMOWEB SL\",\"potentialAction\":[{\"@type\":\"SearchAction\",\"target\":{\"@type\":\"EntryPoint\",\"urlTemplate\":\"https:\/\/demoweb.info\/sexshop001\/?s={search_term_string}\"},\"query-input\":\"required name=search_term_string\"}],\"inLanguage\":\"es\"}]}<\/script>\n<!-- \/ Yoast SEO plugin. -->","yoast_head_json":{"title":"SANINEX DELIGHT - PLUG & DILDO TRANSPARENTE VERDE - Tienda Er\u00f3tica","robots":{"index":"noindex","follow":"follow","max-snippet":"max-snippet:-1","max-image-preview":"max-image-preview:large","max-video-preview":"max-video-preview:-1"},"og_locale":"es_ES","og_type":"article","og_title":"SANINEX DELIGHT - PLUG & DILDO TRANSPARENTE VERDE - Tienda Er\u00f3tica","og_description":"SANINEX DELIGHT &#8211; PLUG &#038; DILDO Fant\u00e1stico intensificador de placer anal y vaginal, fabricado de silicona brillo con material m\u00e9dico","og_url":"https:\/\/demoweb.info\/sexshop001\/producto\/saninex-delight-plug-dildo-transparente-verde\/","og_site_name":"Tienda Er\u00f3tica","article_modified_time":"2022-01-22T19:35:42+00:00","og_image":[{"width":550,"height":550,"url":"https:\/\/demoweb.info\/sexshop001\/wp-content\/uploads\/2022\/01\/SANINEX-DELIGHT-PLUG-DILDO-TRANSPARENTE-VERDE.jpg","type":"image\/jpeg"}],"twitter_card":"summary_large_image","twitter_misc":{"Tiempo de lectura":"1 minuto"},"schema":{"@context":"https:\/\/schema.org","@graph":[{"@type":"WebPage","@id":"https:\/\/demoweb.info\/sexshop001\/producto\/saninex-delight-plug-dildo-transparente-verde\/","url":"https:\/\/demoweb.info\/sexshop001\/producto\/saninex-delight-plug-dildo-transparente-verde\/","name":"SANINEX DELIGHT - PLUG & DILDO TRANSPARENTE VERDE - Tienda Er\u00f3tica","isPartOf":{"@id":"https:\/\/demoweb.info\/sexshop001\/#website"},"datePublished":"2022-01-22T19:35:20+00:00","dateModified":"2022-01-22T19:35:42+00:00","breadcrumb":{"@id":"https:\/\/demoweb.info\/sexshop001\/producto\/saninex-delight-plug-dildo-transparente-verde\/#breadcrumb"},"inLanguage":"es","potentialAction":[{"@type":"ReadAction","target":["https:\/\/demoweb.info\/sexshop001\/producto\/saninex-delight-plug-dildo-transparente-verde\/"]}]},{"@type":"BreadcrumbList","@id":"https:\/\/demoweb.info\/sexshop001\/producto\/saninex-delight-plug-dildo-transparente-verde\/#breadcrumb","itemListElement":[{"@type":"ListItem","position":1,"name":"Portada","item":"https:\/\/demoweb.info\/sexshop001\/"},{"@type":"ListItem","position":2,"name":"Tienda","item":"https:\/\/demoweb.info\/sexshop001\/tienda\/"},{"@type":"ListItem","position":3,"name":"SANINEX DELIGHT &#8211; PLUG &#038; DILDO TRANSPARENTE VERDE"}]},{"@type":"WebSite","@id":"https:\/\/demoweb.info\/sexshop001\/#website","url":"https:\/\/demoweb.info\/sexshop001\/","name":"Tienda Er\u00f3tica","description":"DEMOWEB SL","potentialAction":[{"@type":"SearchAction","target":{"@type":"EntryPoint","urlTemplate":"https:\/\/demoweb.info\/sexshop001\/?s={search_term_string}"},"query-input":"required name=search_term_string"}],"inLanguage":"es"}]}},"_links":{"self":[{"href":"https:\/\/demoweb.info\/sexshop001\/wp-json\/wp\/v3\/product\/70659","targetHints":{"allow":["GET"]}}],"collection":[{"href":"https:\/\/demoweb.info\/sexshop001\/wp-json\/wp\/v3\/product"}],"about":[{"href":"https:\/\/demoweb.info\/sexshop001\/wp-json\/wp\/v2\/types\/product"}],"replies":[{"embeddable":true,"href":"https:\/\/demoweb.info\/sexshop001\/wp-json\/wp\/v2\/comments?post=70659"}],"wp:featuredmedia":[{"embeddable":true,"href":"https:\/\/demoweb.info\/sexshop001\/wp-json\/wp\/v2\/media\/70660"}],"wp:attachment":[{"href":"https:\/\/demoweb.info\/sexshop001\/wp-json\/wp\/v2\/media?parent=70659"}],"wp:term":[{"taxonomy":"product_cat","embeddable":true,"href":"https:\/\/demoweb.info\/sexshop001\/wp-json\/wp\/v2\/product_cat?post=70659"},{"taxonomy":"product_tag","embeddable":true,"href":"https:\/\/demoweb.info\/sexshop001\/wp-json\/wp\/v2\/product_tag?post=70659"}],"curies":[{"name":"wp","href":"https:\/\/api.w.org\/{rel}","templated":true}]}}