{"id":69777,"date":"2022-01-22T20:24:52","date_gmt":"2022-01-22T19:24:52","guid":{"rendered":"https:\/\/demoweb.info\/sexshop001\/producto\/caramel-nuit-set-de-bata-con-tanga-cinturon-velas-petalos\/"},"modified":"2022-01-22T20:25:07","modified_gmt":"2022-01-22T19:25:07","slug":"caramel-nuit-set-de-bata-con-tanga-cinturon-velas-petalos","status":"publish","type":"product","link":"https:\/\/demoweb.info\/sexshop001\/producto\/caramel-nuit-set-de-bata-con-tanga-cinturon-velas-petalos\/","title":{"rendered":"CARAMEL NUIT &#8211; SET DE BATA CON TANGA + CINTUR\u00d3N + VELAS + P\u00c9TALOS"},"content":{"rendered":"<p>Set de Bata con tanga + cintur\u00f3n + Velas + P\u00e9talos<\/p>\n<p>1 &#8211; Bata blanco con tanga + cintur\u00f3n<\/p>\n<p>-Cierre trasero: Sin cierre<br \/>-Cierre delantero: Cinturo<br \/>-Cuello: Abierto<br \/>-Sin copa<br \/>-Sin aros<br \/>-Tipo de corte: Medio (Hasta gluteos)<br \/>-Tirantes regulables<br \/>-Sin mangas<br \/>-Tela: Microtul<br \/>-Detalles: Otros como se ve en la foto<br \/>-Tanga, Cintur\u00f3n color blanco incluido<\/p>\n<p>2 &#8211; Set de 3 Velas arom\u00e1ticas fragancia manzana \u2013 alta duraci\u00f3n 4,5h encendidas.<br \/>-Disfruta de una sensaci\u00f3n de ambiente fresco y arom\u00e1tico.<br \/>-Combina estas velas en una mesilla de noche junto con p\u00e9talos.<br \/>-Crea el ambiente perfecto para disfrutar con tu pareja.<\/p>\n<p>3 &#8211; P\u00e9talos del amor, desarrolla tu imaginaci\u00f3n con 200 p\u00e9talos rojos de seda.<br \/>-Dibuja corazones sobre la cama o el suelo<br \/>-Escribe tu nombre y el de tu pareja<br \/>-Escribe &quot; te quiero sobre una cama o el suelo&quot;<br \/>-Comb\u00ednalo con velas arom\u00e1ticas sobre una mesa.<\/p>\n","protected":false},"excerpt":{"rendered":"<p>Set de Bata con tanga + cintur\u00f3n + Velas + P\u00e9talos 1 &#8211; Bata blanco con tanga + cintur\u00f3n -Cierre<\/p>\n","protected":false},"featured_media":69778,"comment_status":"open","ping_status":"open","template":"","meta":[],"product_cat":[613],"product_tag":[1249],"class_list":["post-69777","product","type-product","status-publish","has-post-thumbnail","hentry","product_cat-batas","product_tag-caramel-nuit"],"bundled_by":[],"bundle_stock_status":"outofstock","bundle_stock_quantity":0,"bundle_virtual":false,"bundle_layout":"","bundle_add_to_cart_form_location":"","bundle_editable_in_cart":false,"bundle_sold_individually_context":"","bundle_item_grouping":"","bundle_min_size":"","bundle_max_size":"","bundled_items":[],"yoast_head":"<!-- This site is optimized with the Yoast SEO plugin v20.6 - https:\/\/yoast.com\/wordpress\/plugins\/seo\/ -->\n<title>CARAMEL NUIT - SET DE BATA CON TANGA + CINTUR\u00d3N + VELAS + P\u00c9TALOS - Tienda Er\u00f3tica<\/title>\n<meta name=\"robots\" content=\"noindex, follow, max-snippet:-1, max-image-preview:large, max-video-preview:-1\" \/>\n<meta property=\"og:locale\" content=\"es_ES\" \/>\n<meta property=\"og:type\" content=\"article\" \/>\n<meta property=\"og:title\" content=\"CARAMEL NUIT - SET DE BATA CON TANGA + CINTUR\u00d3N + VELAS + P\u00c9TALOS - Tienda Er\u00f3tica\" \/>\n<meta property=\"og:description\" content=\"Set de Bata con tanga + cintur\u00f3n + Velas + P\u00e9talos 1 &#8211; Bata blanco con tanga + cintur\u00f3n -Cierre\" \/>\n<meta property=\"og:url\" content=\"https:\/\/demoweb.info\/sexshop001\/producto\/caramel-nuit-set-de-bata-con-tanga-cinturon-velas-petalos\/\" \/>\n<meta property=\"og:site_name\" content=\"Tienda Er\u00f3tica\" \/>\n<meta property=\"article:modified_time\" content=\"2022-01-22T19:25:07+00:00\" \/>\n<meta property=\"og:image\" content=\"https:\/\/demoweb.info\/sexshop001\/wp-content\/uploads\/2022\/01\/CARAMEL-NUIT-SET-DE-BATA-CON-TANGA-CINTURON-VELAS-PETALOS.jpg\" \/>\n\t<meta property=\"og:image:width\" content=\"550\" \/>\n\t<meta property=\"og:image:height\" content=\"550\" \/>\n\t<meta property=\"og:image:type\" content=\"image\/jpeg\" \/>\n<meta name=\"twitter:card\" content=\"summary_large_image\" \/>\n<meta name=\"twitter:label1\" content=\"Tiempo de lectura\" \/>\n\t<meta name=\"twitter:data1\" content=\"1 minuto\" \/>\n<script type=\"application\/ld+json\" class=\"yoast-schema-graph\">{\"@context\":\"https:\/\/schema.org\",\"@graph\":[{\"@type\":\"WebPage\",\"@id\":\"https:\/\/demoweb.info\/sexshop001\/producto\/caramel-nuit-set-de-bata-con-tanga-cinturon-velas-petalos\/\",\"url\":\"https:\/\/demoweb.info\/sexshop001\/producto\/caramel-nuit-set-de-bata-con-tanga-cinturon-velas-petalos\/\",\"name\":\"CARAMEL NUIT - SET DE BATA CON TANGA + CINTUR\u00d3N + VELAS + P\u00c9TALOS - Tienda Er\u00f3tica\",\"isPartOf\":{\"@id\":\"https:\/\/demoweb.info\/sexshop001\/#website\"},\"datePublished\":\"2022-01-22T19:24:52+00:00\",\"dateModified\":\"2022-01-22T19:25:07+00:00\",\"breadcrumb\":{\"@id\":\"https:\/\/demoweb.info\/sexshop001\/producto\/caramel-nuit-set-de-bata-con-tanga-cinturon-velas-petalos\/#breadcrumb\"},\"inLanguage\":\"es\",\"potentialAction\":[{\"@type\":\"ReadAction\",\"target\":[\"https:\/\/demoweb.info\/sexshop001\/producto\/caramel-nuit-set-de-bata-con-tanga-cinturon-velas-petalos\/\"]}]},{\"@type\":\"BreadcrumbList\",\"@id\":\"https:\/\/demoweb.info\/sexshop001\/producto\/caramel-nuit-set-de-bata-con-tanga-cinturon-velas-petalos\/#breadcrumb\",\"itemListElement\":[{\"@type\":\"ListItem\",\"position\":1,\"name\":\"Portada\",\"item\":\"https:\/\/demoweb.info\/sexshop001\/\"},{\"@type\":\"ListItem\",\"position\":2,\"name\":\"Tienda\",\"item\":\"https:\/\/demoweb.info\/sexshop001\/tienda\/\"},{\"@type\":\"ListItem\",\"position\":3,\"name\":\"CARAMEL NUIT &#8211; SET DE BATA CON TANGA + CINTUR\u00d3N + VELAS + P\u00c9TALOS\"}]},{\"@type\":\"WebSite\",\"@id\":\"https:\/\/demoweb.info\/sexshop001\/#website\",\"url\":\"https:\/\/demoweb.info\/sexshop001\/\",\"name\":\"Tienda Er\u00f3tica\",\"description\":\"DEMOWEB SL\",\"potentialAction\":[{\"@type\":\"SearchAction\",\"target\":{\"@type\":\"EntryPoint\",\"urlTemplate\":\"https:\/\/demoweb.info\/sexshop001\/?s={search_term_string}\"},\"query-input\":\"required name=search_term_string\"}],\"inLanguage\":\"es\"}]}<\/script>\n<!-- \/ Yoast SEO plugin. -->","yoast_head_json":{"title":"CARAMEL NUIT - SET DE BATA CON TANGA + CINTUR\u00d3N + VELAS + P\u00c9TALOS - Tienda Er\u00f3tica","robots":{"index":"noindex","follow":"follow","max-snippet":"max-snippet:-1","max-image-preview":"max-image-preview:large","max-video-preview":"max-video-preview:-1"},"og_locale":"es_ES","og_type":"article","og_title":"CARAMEL NUIT - SET DE BATA CON TANGA + CINTUR\u00d3N + VELAS + P\u00c9TALOS - Tienda Er\u00f3tica","og_description":"Set de Bata con tanga + cintur\u00f3n + Velas + P\u00e9talos 1 &#8211; Bata blanco con tanga + cintur\u00f3n -Cierre","og_url":"https:\/\/demoweb.info\/sexshop001\/producto\/caramel-nuit-set-de-bata-con-tanga-cinturon-velas-petalos\/","og_site_name":"Tienda Er\u00f3tica","article_modified_time":"2022-01-22T19:25:07+00:00","og_image":[{"width":550,"height":550,"url":"https:\/\/demoweb.info\/sexshop001\/wp-content\/uploads\/2022\/01\/CARAMEL-NUIT-SET-DE-BATA-CON-TANGA-CINTURON-VELAS-PETALOS.jpg","type":"image\/jpeg"}],"twitter_card":"summary_large_image","twitter_misc":{"Tiempo de lectura":"1 minuto"},"schema":{"@context":"https:\/\/schema.org","@graph":[{"@type":"WebPage","@id":"https:\/\/demoweb.info\/sexshop001\/producto\/caramel-nuit-set-de-bata-con-tanga-cinturon-velas-petalos\/","url":"https:\/\/demoweb.info\/sexshop001\/producto\/caramel-nuit-set-de-bata-con-tanga-cinturon-velas-petalos\/","name":"CARAMEL NUIT - SET DE BATA CON TANGA + CINTUR\u00d3N + VELAS + P\u00c9TALOS - Tienda Er\u00f3tica","isPartOf":{"@id":"https:\/\/demoweb.info\/sexshop001\/#website"},"datePublished":"2022-01-22T19:24:52+00:00","dateModified":"2022-01-22T19:25:07+00:00","breadcrumb":{"@id":"https:\/\/demoweb.info\/sexshop001\/producto\/caramel-nuit-set-de-bata-con-tanga-cinturon-velas-petalos\/#breadcrumb"},"inLanguage":"es","potentialAction":[{"@type":"ReadAction","target":["https:\/\/demoweb.info\/sexshop001\/producto\/caramel-nuit-set-de-bata-con-tanga-cinturon-velas-petalos\/"]}]},{"@type":"BreadcrumbList","@id":"https:\/\/demoweb.info\/sexshop001\/producto\/caramel-nuit-set-de-bata-con-tanga-cinturon-velas-petalos\/#breadcrumb","itemListElement":[{"@type":"ListItem","position":1,"name":"Portada","item":"https:\/\/demoweb.info\/sexshop001\/"},{"@type":"ListItem","position":2,"name":"Tienda","item":"https:\/\/demoweb.info\/sexshop001\/tienda\/"},{"@type":"ListItem","position":3,"name":"CARAMEL NUIT &#8211; SET DE BATA CON TANGA + CINTUR\u00d3N + VELAS + P\u00c9TALOS"}]},{"@type":"WebSite","@id":"https:\/\/demoweb.info\/sexshop001\/#website","url":"https:\/\/demoweb.info\/sexshop001\/","name":"Tienda Er\u00f3tica","description":"DEMOWEB SL","potentialAction":[{"@type":"SearchAction","target":{"@type":"EntryPoint","urlTemplate":"https:\/\/demoweb.info\/sexshop001\/?s={search_term_string}"},"query-input":"required name=search_term_string"}],"inLanguage":"es"}]}},"_links":{"self":[{"href":"https:\/\/demoweb.info\/sexshop001\/wp-json\/wp\/v3\/product\/69777","targetHints":{"allow":["GET"]}}],"collection":[{"href":"https:\/\/demoweb.info\/sexshop001\/wp-json\/wp\/v3\/product"}],"about":[{"href":"https:\/\/demoweb.info\/sexshop001\/wp-json\/wp\/v2\/types\/product"}],"replies":[{"embeddable":true,"href":"https:\/\/demoweb.info\/sexshop001\/wp-json\/wp\/v2\/comments?post=69777"}],"wp:featuredmedia":[{"embeddable":true,"href":"https:\/\/demoweb.info\/sexshop001\/wp-json\/wp\/v2\/media\/69778"}],"wp:attachment":[{"href":"https:\/\/demoweb.info\/sexshop001\/wp-json\/wp\/v2\/media?parent=69777"}],"wp:term":[{"taxonomy":"product_cat","embeddable":true,"href":"https:\/\/demoweb.info\/sexshop001\/wp-json\/wp\/v2\/product_cat?post=69777"},{"taxonomy":"product_tag","embeddable":true,"href":"https:\/\/demoweb.info\/sexshop001\/wp-json\/wp\/v2\/product_tag?post=69777"}],"curies":[{"name":"wp","href":"https:\/\/api.w.org\/{rel}","templated":true}]}}