{"id":69452,"date":"2022-01-22T20:20:02","date_gmt":"2022-01-22T19:20:02","guid":{"rendered":"https:\/\/demoweb.info\/sexshop001\/producto\/intimax-corset-barbara-granate-2\/"},"modified":"2022-01-22T20:20:33","modified_gmt":"2022-01-22T19:20:33","slug":"intimax-corset-barbara-granate-2","status":"publish","type":"product","link":"https:\/\/demoweb.info\/sexshop001\/producto\/intimax-corset-barbara-granate-2\/","title":{"rendered":"INTIMAX &#8211; CORSET BARBARA GRANATE"},"content":{"rendered":"<p>Producto: Corset<br \/>Color: Granate<br \/>Varillas: Met\u00e1licas de acero inox trenzado<br \/>Cierre trasero: Abierto en la espalda<br \/>Cierre delantero: Ballenas met\u00e1licas de acero inoxidable en la parte frontal Con corchetes<br \/>Cuello: En V ligeramente<br \/>Copa: Sin copa<br \/>Aros: Sin aros<br \/>Tipo de corte: Muy corto (Por encima del ombligo)<br \/>Tela: Lisa<br \/>Detalles: Puntillas<br \/>Accesorios: Tanga<br \/>Total piezas: 2<br \/>Composici\u00f3n: 35% Algod\u00f3n &#8211; 65% Poliester<br \/>Etiquetaje: Etiqueta estandar<br \/>Embalaje: Bolsa pl\u00e1stico transparente<\/p>\n","protected":false},"excerpt":{"rendered":"<p>Producto: CorsetColor: GranateVarillas: Met\u00e1licas de acero inox trenzadoCierre trasero: Abierto en la espaldaCierre delantero: Ballenas met\u00e1licas de acero inoxidable en<\/p>\n","protected":false},"featured_media":69453,"comment_status":"open","ping_status":"open","template":"","meta":[],"product_cat":[570],"product_tag":[441,1427],"class_list":["post-69452","product","type-product","status-publish","has-post-thumbnail","hentry","product_cat-de-vestir","product_tag-intimax","product_tag-urban"],"bundled_by":[],"bundle_stock_status":"instock","bundle_stock_quantity":3,"bundle_virtual":false,"bundle_layout":"","bundle_add_to_cart_form_location":"","bundle_editable_in_cart":false,"bundle_sold_individually_context":"","bundle_item_grouping":"","bundle_min_size":"","bundle_max_size":"","bundled_items":[],"yoast_head":"<!-- This site is optimized with the Yoast SEO plugin v20.6 - https:\/\/yoast.com\/wordpress\/plugins\/seo\/ -->\n<title>INTIMAX - CORSET BARBARA GRANATE - Tienda Er\u00f3tica<\/title>\n<meta name=\"robots\" content=\"noindex, follow, max-snippet:-1, max-image-preview:large, max-video-preview:-1\" \/>\n<meta property=\"og:locale\" content=\"es_ES\" \/>\n<meta property=\"og:type\" content=\"article\" \/>\n<meta property=\"og:title\" content=\"INTIMAX - CORSET BARBARA GRANATE - Tienda Er\u00f3tica\" \/>\n<meta property=\"og:description\" content=\"Producto: CorsetColor: GranateVarillas: Met\u00e1licas de acero inox trenzadoCierre trasero: Abierto en la espaldaCierre delantero: Ballenas met\u00e1licas de acero inoxidable en\" \/>\n<meta property=\"og:url\" content=\"https:\/\/demoweb.info\/sexshop001\/producto\/intimax-corset-barbara-granate-2\/\" \/>\n<meta property=\"og:site_name\" content=\"Tienda Er\u00f3tica\" \/>\n<meta property=\"article:modified_time\" content=\"2022-01-22T19:20:33+00:00\" \/>\n<meta property=\"og:image\" content=\"https:\/\/demoweb.info\/sexshop001\/wp-content\/uploads\/2022\/01\/INTIMAX-CORSET-BARBARA-GRANATE-6.jpg\" \/>\n\t<meta property=\"og:image:width\" content=\"550\" \/>\n\t<meta property=\"og:image:height\" content=\"550\" \/>\n\t<meta property=\"og:image:type\" content=\"image\/jpeg\" \/>\n<meta name=\"twitter:card\" content=\"summary_large_image\" \/>\n<script type=\"application\/ld+json\" class=\"yoast-schema-graph\">{\"@context\":\"https:\/\/schema.org\",\"@graph\":[{\"@type\":\"WebPage\",\"@id\":\"https:\/\/demoweb.info\/sexshop001\/producto\/intimax-corset-barbara-granate-2\/\",\"url\":\"https:\/\/demoweb.info\/sexshop001\/producto\/intimax-corset-barbara-granate-2\/\",\"name\":\"INTIMAX - CORSET BARBARA GRANATE - Tienda Er\u00f3tica\",\"isPartOf\":{\"@id\":\"https:\/\/demoweb.info\/sexshop001\/#website\"},\"datePublished\":\"2022-01-22T19:20:02+00:00\",\"dateModified\":\"2022-01-22T19:20:33+00:00\",\"breadcrumb\":{\"@id\":\"https:\/\/demoweb.info\/sexshop001\/producto\/intimax-corset-barbara-granate-2\/#breadcrumb\"},\"inLanguage\":\"es\",\"potentialAction\":[{\"@type\":\"ReadAction\",\"target\":[\"https:\/\/demoweb.info\/sexshop001\/producto\/intimax-corset-barbara-granate-2\/\"]}]},{\"@type\":\"BreadcrumbList\",\"@id\":\"https:\/\/demoweb.info\/sexshop001\/producto\/intimax-corset-barbara-granate-2\/#breadcrumb\",\"itemListElement\":[{\"@type\":\"ListItem\",\"position\":1,\"name\":\"Portada\",\"item\":\"https:\/\/demoweb.info\/sexshop001\/\"},{\"@type\":\"ListItem\",\"position\":2,\"name\":\"Tienda\",\"item\":\"https:\/\/demoweb.info\/sexshop001\/tienda\/\"},{\"@type\":\"ListItem\",\"position\":3,\"name\":\"INTIMAX &#8211; CORSET BARBARA GRANATE\"}]},{\"@type\":\"WebSite\",\"@id\":\"https:\/\/demoweb.info\/sexshop001\/#website\",\"url\":\"https:\/\/demoweb.info\/sexshop001\/\",\"name\":\"Tienda Er\u00f3tica\",\"description\":\"DEMOWEB SL\",\"potentialAction\":[{\"@type\":\"SearchAction\",\"target\":{\"@type\":\"EntryPoint\",\"urlTemplate\":\"https:\/\/demoweb.info\/sexshop001\/?s={search_term_string}\"},\"query-input\":\"required name=search_term_string\"}],\"inLanguage\":\"es\"}]}<\/script>\n<!-- \/ Yoast SEO plugin. -->","yoast_head_json":{"title":"INTIMAX - CORSET BARBARA GRANATE - Tienda Er\u00f3tica","robots":{"index":"noindex","follow":"follow","max-snippet":"max-snippet:-1","max-image-preview":"max-image-preview:large","max-video-preview":"max-video-preview:-1"},"og_locale":"es_ES","og_type":"article","og_title":"INTIMAX - CORSET BARBARA GRANATE - Tienda Er\u00f3tica","og_description":"Producto: CorsetColor: GranateVarillas: Met\u00e1licas de acero inox trenzadoCierre trasero: Abierto en la espaldaCierre delantero: Ballenas met\u00e1licas de acero inoxidable en","og_url":"https:\/\/demoweb.info\/sexshop001\/producto\/intimax-corset-barbara-granate-2\/","og_site_name":"Tienda Er\u00f3tica","article_modified_time":"2022-01-22T19:20:33+00:00","og_image":[{"width":550,"height":550,"url":"https:\/\/demoweb.info\/sexshop001\/wp-content\/uploads\/2022\/01\/INTIMAX-CORSET-BARBARA-GRANATE-6.jpg","type":"image\/jpeg"}],"twitter_card":"summary_large_image","schema":{"@context":"https:\/\/schema.org","@graph":[{"@type":"WebPage","@id":"https:\/\/demoweb.info\/sexshop001\/producto\/intimax-corset-barbara-granate-2\/","url":"https:\/\/demoweb.info\/sexshop001\/producto\/intimax-corset-barbara-granate-2\/","name":"INTIMAX - CORSET BARBARA GRANATE - Tienda Er\u00f3tica","isPartOf":{"@id":"https:\/\/demoweb.info\/sexshop001\/#website"},"datePublished":"2022-01-22T19:20:02+00:00","dateModified":"2022-01-22T19:20:33+00:00","breadcrumb":{"@id":"https:\/\/demoweb.info\/sexshop001\/producto\/intimax-corset-barbara-granate-2\/#breadcrumb"},"inLanguage":"es","potentialAction":[{"@type":"ReadAction","target":["https:\/\/demoweb.info\/sexshop001\/producto\/intimax-corset-barbara-granate-2\/"]}]},{"@type":"BreadcrumbList","@id":"https:\/\/demoweb.info\/sexshop001\/producto\/intimax-corset-barbara-granate-2\/#breadcrumb","itemListElement":[{"@type":"ListItem","position":1,"name":"Portada","item":"https:\/\/demoweb.info\/sexshop001\/"},{"@type":"ListItem","position":2,"name":"Tienda","item":"https:\/\/demoweb.info\/sexshop001\/tienda\/"},{"@type":"ListItem","position":3,"name":"INTIMAX &#8211; CORSET BARBARA GRANATE"}]},{"@type":"WebSite","@id":"https:\/\/demoweb.info\/sexshop001\/#website","url":"https:\/\/demoweb.info\/sexshop001\/","name":"Tienda Er\u00f3tica","description":"DEMOWEB SL","potentialAction":[{"@type":"SearchAction","target":{"@type":"EntryPoint","urlTemplate":"https:\/\/demoweb.info\/sexshop001\/?s={search_term_string}"},"query-input":"required name=search_term_string"}],"inLanguage":"es"}]}},"_links":{"self":[{"href":"https:\/\/demoweb.info\/sexshop001\/wp-json\/wp\/v3\/product\/69452","targetHints":{"allow":["GET"]}}],"collection":[{"href":"https:\/\/demoweb.info\/sexshop001\/wp-json\/wp\/v3\/product"}],"about":[{"href":"https:\/\/demoweb.info\/sexshop001\/wp-json\/wp\/v2\/types\/product"}],"replies":[{"embeddable":true,"href":"https:\/\/demoweb.info\/sexshop001\/wp-json\/wp\/v2\/comments?post=69452"}],"wp:featuredmedia":[{"embeddable":true,"href":"https:\/\/demoweb.info\/sexshop001\/wp-json\/wp\/v2\/media\/69453"}],"wp:attachment":[{"href":"https:\/\/demoweb.info\/sexshop001\/wp-json\/wp\/v2\/media?parent=69452"}],"wp:term":[{"taxonomy":"product_cat","embeddable":true,"href":"https:\/\/demoweb.info\/sexshop001\/wp-json\/wp\/v2\/product_cat?post=69452"},{"taxonomy":"product_tag","embeddable":true,"href":"https:\/\/demoweb.info\/sexshop001\/wp-json\/wp\/v2\/product_tag?post=69452"}],"curies":[{"name":"wp","href":"https:\/\/api.w.org\/{rel}","templated":true}]}}