{"id":69296,"date":"2022-01-22T20:18:01","date_gmt":"2022-01-22T19:18:01","guid":{"rendered":"https:\/\/demoweb.info\/sexshop001\/producto\/intimax-camison-pekin-azul\/"},"modified":"2022-01-22T20:18:23","modified_gmt":"2022-01-22T19:18:23","slug":"intimax-camison-pekin-azul","status":"publish","type":"product","link":"https:\/\/demoweb.info\/sexshop001\/producto\/intimax-camison-pekin-azul\/","title":{"rendered":"INTIMAX &#8211; CAMIS\u00d3N PEKIN AZUL"},"content":{"rendered":"<p>Producto: Camis\u00f3n<br \/>Color: Azul<br \/>Varillas: Sin varillas<br \/>Cierre trasero: Espalda semi descubierta<br \/>Cierre delanetero: Sin cierres<br \/>Cuello: Redondo<br \/>Copa en el pecho: Sin copa<br \/>Aros en el pecho: Sin aros<br \/>Tipo de corte: Medio (Hasta gluteos)<br \/>Tirantes: Tirantes el\u00e1sticos<br \/>Mangas: Manga 3\/4<br \/>Tela: Lisa<br \/>Detalles: Otros como se ve en la foto<br \/>Accesorios: Sin accesorios adicionales<br \/>Total piezas: 1<br \/>Tallas: Talla \u00fanica grande: L\/XL<br \/>Composici\u00f3n: 35% Algod\u00f3n &#8211; 65% Poliester<br \/>Etiquetaje: Etiqueta estandar<br \/>Embalaje: Bolsa pl\u00e1stico transparente<br \/>Cuidados:<br \/>Lavar a mano con agua fr\u00eda.<br \/>Utilizar jab\u00f3n neutro.<br \/>No utilizar lej\u00eda.<br \/>Aclarar sin retorcer.<br \/>Planchar s\u00f3lo las partes no el\u00e1sticas<\/p>\n","protected":false},"excerpt":{"rendered":"<p>Producto: Camis\u00f3nColor: AzulVarillas: Sin varillasCierre trasero: Espalda semi descubiertaCierre delanetero: Sin cierresCuello: RedondoCopa en el pecho: Sin copaAros en el<\/p>\n","protected":false},"featured_media":69297,"comment_status":"open","ping_status":"open","template":"","meta":[],"product_cat":[1152],"product_tag":[441,1429],"class_list":["post-69296","product","type-product","status-publish","has-post-thumbnail","hentry","product_cat-camisones-para-dormir","product_tag-intimax","product_tag-romantic"],"bundled_by":[],"bundle_stock_status":"outofstock","bundle_stock_quantity":0,"bundle_virtual":false,"bundle_layout":"","bundle_add_to_cart_form_location":"","bundle_editable_in_cart":false,"bundle_sold_individually_context":"","bundle_item_grouping":"","bundle_min_size":"","bundle_max_size":"","bundled_items":[],"yoast_head":"<!-- This site is optimized with the Yoast SEO plugin v20.6 - https:\/\/yoast.com\/wordpress\/plugins\/seo\/ -->\n<title>INTIMAX - CAMIS\u00d3N PEKIN AZUL - Tienda Er\u00f3tica<\/title>\n<meta name=\"robots\" content=\"noindex, follow, max-snippet:-1, max-image-preview:large, max-video-preview:-1\" \/>\n<meta property=\"og:locale\" content=\"es_ES\" \/>\n<meta property=\"og:type\" content=\"article\" \/>\n<meta property=\"og:title\" content=\"INTIMAX - CAMIS\u00d3N PEKIN AZUL - Tienda Er\u00f3tica\" \/>\n<meta property=\"og:description\" content=\"Producto: Camis\u00f3nColor: AzulVarillas: Sin varillasCierre trasero: Espalda semi descubiertaCierre delanetero: Sin cierresCuello: RedondoCopa en el pecho: Sin copaAros en el\" \/>\n<meta property=\"og:url\" content=\"https:\/\/demoweb.info\/sexshop001\/producto\/intimax-camison-pekin-azul\/\" \/>\n<meta property=\"og:site_name\" content=\"Tienda Er\u00f3tica\" \/>\n<meta property=\"article:modified_time\" content=\"2022-01-22T19:18:23+00:00\" \/>\n<meta property=\"og:image\" content=\"https:\/\/demoweb.info\/sexshop001\/wp-content\/uploads\/2022\/01\/INTIMAX-CAMISON-PEKIN-AZUL.jpg\" \/>\n\t<meta property=\"og:image:width\" content=\"550\" \/>\n\t<meta property=\"og:image:height\" content=\"550\" \/>\n\t<meta property=\"og:image:type\" content=\"image\/jpeg\" \/>\n<meta name=\"twitter:card\" content=\"summary_large_image\" \/>\n<script type=\"application\/ld+json\" class=\"yoast-schema-graph\">{\"@context\":\"https:\/\/schema.org\",\"@graph\":[{\"@type\":\"WebPage\",\"@id\":\"https:\/\/demoweb.info\/sexshop001\/producto\/intimax-camison-pekin-azul\/\",\"url\":\"https:\/\/demoweb.info\/sexshop001\/producto\/intimax-camison-pekin-azul\/\",\"name\":\"INTIMAX - CAMIS\u00d3N PEKIN AZUL - Tienda Er\u00f3tica\",\"isPartOf\":{\"@id\":\"https:\/\/demoweb.info\/sexshop001\/#website\"},\"datePublished\":\"2022-01-22T19:18:01+00:00\",\"dateModified\":\"2022-01-22T19:18:23+00:00\",\"breadcrumb\":{\"@id\":\"https:\/\/demoweb.info\/sexshop001\/producto\/intimax-camison-pekin-azul\/#breadcrumb\"},\"inLanguage\":\"es\",\"potentialAction\":[{\"@type\":\"ReadAction\",\"target\":[\"https:\/\/demoweb.info\/sexshop001\/producto\/intimax-camison-pekin-azul\/\"]}]},{\"@type\":\"BreadcrumbList\",\"@id\":\"https:\/\/demoweb.info\/sexshop001\/producto\/intimax-camison-pekin-azul\/#breadcrumb\",\"itemListElement\":[{\"@type\":\"ListItem\",\"position\":1,\"name\":\"Portada\",\"item\":\"https:\/\/demoweb.info\/sexshop001\/\"},{\"@type\":\"ListItem\",\"position\":2,\"name\":\"Tienda\",\"item\":\"https:\/\/demoweb.info\/sexshop001\/tienda\/\"},{\"@type\":\"ListItem\",\"position\":3,\"name\":\"INTIMAX &#8211; CAMIS\u00d3N PEKIN AZUL\"}]},{\"@type\":\"WebSite\",\"@id\":\"https:\/\/demoweb.info\/sexshop001\/#website\",\"url\":\"https:\/\/demoweb.info\/sexshop001\/\",\"name\":\"Tienda Er\u00f3tica\",\"description\":\"DEMOWEB SL\",\"potentialAction\":[{\"@type\":\"SearchAction\",\"target\":{\"@type\":\"EntryPoint\",\"urlTemplate\":\"https:\/\/demoweb.info\/sexshop001\/?s={search_term_string}\"},\"query-input\":\"required name=search_term_string\"}],\"inLanguage\":\"es\"}]}<\/script>\n<!-- \/ Yoast SEO plugin. -->","yoast_head_json":{"title":"INTIMAX - CAMIS\u00d3N PEKIN AZUL - Tienda Er\u00f3tica","robots":{"index":"noindex","follow":"follow","max-snippet":"max-snippet:-1","max-image-preview":"max-image-preview:large","max-video-preview":"max-video-preview:-1"},"og_locale":"es_ES","og_type":"article","og_title":"INTIMAX - CAMIS\u00d3N PEKIN AZUL - Tienda Er\u00f3tica","og_description":"Producto: Camis\u00f3nColor: AzulVarillas: Sin varillasCierre trasero: Espalda semi descubiertaCierre delanetero: Sin cierresCuello: RedondoCopa en el pecho: Sin copaAros en el","og_url":"https:\/\/demoweb.info\/sexshop001\/producto\/intimax-camison-pekin-azul\/","og_site_name":"Tienda Er\u00f3tica","article_modified_time":"2022-01-22T19:18:23+00:00","og_image":[{"width":550,"height":550,"url":"https:\/\/demoweb.info\/sexshop001\/wp-content\/uploads\/2022\/01\/INTIMAX-CAMISON-PEKIN-AZUL.jpg","type":"image\/jpeg"}],"twitter_card":"summary_large_image","schema":{"@context":"https:\/\/schema.org","@graph":[{"@type":"WebPage","@id":"https:\/\/demoweb.info\/sexshop001\/producto\/intimax-camison-pekin-azul\/","url":"https:\/\/demoweb.info\/sexshop001\/producto\/intimax-camison-pekin-azul\/","name":"INTIMAX - CAMIS\u00d3N PEKIN AZUL - Tienda Er\u00f3tica","isPartOf":{"@id":"https:\/\/demoweb.info\/sexshop001\/#website"},"datePublished":"2022-01-22T19:18:01+00:00","dateModified":"2022-01-22T19:18:23+00:00","breadcrumb":{"@id":"https:\/\/demoweb.info\/sexshop001\/producto\/intimax-camison-pekin-azul\/#breadcrumb"},"inLanguage":"es","potentialAction":[{"@type":"ReadAction","target":["https:\/\/demoweb.info\/sexshop001\/producto\/intimax-camison-pekin-azul\/"]}]},{"@type":"BreadcrumbList","@id":"https:\/\/demoweb.info\/sexshop001\/producto\/intimax-camison-pekin-azul\/#breadcrumb","itemListElement":[{"@type":"ListItem","position":1,"name":"Portada","item":"https:\/\/demoweb.info\/sexshop001\/"},{"@type":"ListItem","position":2,"name":"Tienda","item":"https:\/\/demoweb.info\/sexshop001\/tienda\/"},{"@type":"ListItem","position":3,"name":"INTIMAX &#8211; CAMIS\u00d3N PEKIN AZUL"}]},{"@type":"WebSite","@id":"https:\/\/demoweb.info\/sexshop001\/#website","url":"https:\/\/demoweb.info\/sexshop001\/","name":"Tienda Er\u00f3tica","description":"DEMOWEB SL","potentialAction":[{"@type":"SearchAction","target":{"@type":"EntryPoint","urlTemplate":"https:\/\/demoweb.info\/sexshop001\/?s={search_term_string}"},"query-input":"required name=search_term_string"}],"inLanguage":"es"}]}},"_links":{"self":[{"href":"https:\/\/demoweb.info\/sexshop001\/wp-json\/wp\/v3\/product\/69296","targetHints":{"allow":["GET"]}}],"collection":[{"href":"https:\/\/demoweb.info\/sexshop001\/wp-json\/wp\/v3\/product"}],"about":[{"href":"https:\/\/demoweb.info\/sexshop001\/wp-json\/wp\/v2\/types\/product"}],"replies":[{"embeddable":true,"href":"https:\/\/demoweb.info\/sexshop001\/wp-json\/wp\/v2\/comments?post=69296"}],"wp:featuredmedia":[{"embeddable":true,"href":"https:\/\/demoweb.info\/sexshop001\/wp-json\/wp\/v2\/media\/69297"}],"wp:attachment":[{"href":"https:\/\/demoweb.info\/sexshop001\/wp-json\/wp\/v2\/media?parent=69296"}],"wp:term":[{"taxonomy":"product_cat","embeddable":true,"href":"https:\/\/demoweb.info\/sexshop001\/wp-json\/wp\/v2\/product_cat?post=69296"},{"taxonomy":"product_tag","embeddable":true,"href":"https:\/\/demoweb.info\/sexshop001\/wp-json\/wp\/v2\/product_tag?post=69296"}],"curies":[{"name":"wp","href":"https:\/\/api.w.org\/{rel}","templated":true}]}}