{"id":68518,"date":"2022-01-22T20:08:06","date_gmt":"2022-01-22T19:08:06","guid":{"rendered":"https:\/\/demoweb.info\/sexshop001\/producto\/hogtied-bind-tie-ataduras-de-cuerda-para-munecas-y-tobillos-natural\/"},"modified":"2022-01-22T20:08:22","modified_gmt":"2022-01-22T19:08:22","slug":"hogtied-bind-tie-ataduras-de-cuerda-para-munecas-y-tobillos-natural","status":"publish","type":"product","link":"https:\/\/demoweb.info\/sexshop001\/producto\/hogtied-bind-tie-ataduras-de-cuerda-para-munecas-y-tobillos-natural\/","title":{"rendered":"HOGTIED &#8211; BIND &#038; TIE &#8211; ATADURAS DE CUERDA PARA MU\u00d1ECAS Y TOBILLOS &#8211; NATURAL"},"content":{"rendered":"<p><strong>HOGTIED &#8211; BIND &#038; TIE &#8211; 6MM HEMP WRIST OR ANKLE CUFFS<\/strong><\/p>\n<p>La cuerda es la herramienta de sujeci\u00f3n original, y encontrar la cuerda adecuada para el trabajo es esencial para un juego seguro y placentero.<\/p>\n<p>Dise\u00f1ados a partir de nuestras cuerdas de bondage de c\u00e1\u00f1amo Bind &#038; Tie de 6 mm de ancho, estos pu\u00f1os suaves son una introducci\u00f3n perfecta al juego de cuerdas para principiantes y una v\u00eda r\u00e1pida para el juego de bondage en cualquier momento y en cualquier lugar para usuarios m\u00e1s experimentados.<\/p>\n<p>El dise\u00f1o de anillo deslizante simple no requiere experiencia de anudado, y el bucle largo permite una variedad de usos y personalizaciones. Las fibras de c\u00e1\u00f1amo suaves y flexibles se doblan con el cuerpo y se deslizan suavemente sobre la piel para la comodidad y seguridad \u00f3ptimas del usuario.<\/p>\n<p>Kink by Doc Johnson es una emocionante colaboraci\u00f3n con Kink.com para crear una colecci\u00f3n de art\u00edculos fetiche aut\u00e9nticos de alta calidad adecuados para practicantes a largo plazo y nuevos iniciados por igual.<\/p>\n<p>Medidas: 160 x 2,5 cm<\/p>\n","protected":false},"excerpt":{"rendered":"<p>HOGTIED &#8211; BIND &#038; TIE &#8211; 6MM HEMP WRIST OR ANKLE CUFFS La cuerda es la herramienta de sujeci\u00f3n original,<\/p>\n","protected":false},"featured_media":68519,"comment_status":"open","ping_status":"open","template":"","meta":[],"product_cat":[309],"product_tag":[460,1474],"class_list":["post-68518","product","type-product","status-publish","has-post-thumbnail","hentry","product_cat-cintas-y-cuerdas","product_tag-doc-johnson","product_tag-kink"],"bundled_by":[],"bundle_stock_status":"instock","bundle_stock_quantity":1,"bundle_virtual":false,"bundle_layout":"","bundle_add_to_cart_form_location":"","bundle_editable_in_cart":false,"bundle_sold_individually_context":"","bundle_item_grouping":"","bundle_min_size":"","bundle_max_size":"","bundled_items":[],"yoast_head":"<!-- This site is optimized with the Yoast SEO plugin v20.6 - https:\/\/yoast.com\/wordpress\/plugins\/seo\/ -->\n<title>HOGTIED - BIND &amp; TIE - ATADURAS DE CUERDA PARA MU\u00d1ECAS Y TOBILLOS - NATURAL - Tienda Er\u00f3tica<\/title>\n<meta name=\"robots\" content=\"noindex, follow, max-snippet:-1, max-image-preview:large, max-video-preview:-1\" \/>\n<meta property=\"og:locale\" content=\"es_ES\" \/>\n<meta property=\"og:type\" content=\"article\" \/>\n<meta property=\"og:title\" content=\"HOGTIED - BIND &amp; TIE - ATADURAS DE CUERDA PARA MU\u00d1ECAS Y TOBILLOS - NATURAL - Tienda Er\u00f3tica\" \/>\n<meta property=\"og:description\" content=\"HOGTIED &#8211; BIND &#038; TIE &#8211; 6MM HEMP WRIST OR ANKLE CUFFS La cuerda es la herramienta de sujeci\u00f3n original,\" \/>\n<meta property=\"og:url\" content=\"https:\/\/demoweb.info\/sexshop001\/producto\/hogtied-bind-tie-ataduras-de-cuerda-para-munecas-y-tobillos-natural\/\" \/>\n<meta property=\"og:site_name\" content=\"Tienda Er\u00f3tica\" \/>\n<meta property=\"article:modified_time\" content=\"2022-01-22T19:08:22+00:00\" \/>\n<meta property=\"og:image\" content=\"https:\/\/demoweb.info\/sexshop001\/wp-content\/uploads\/2022\/01\/HOGTIED-BIND-TIE-ATADURAS-DE-CUERDA-PARA-MUNECAS-Y-TOBILLOS-NATURAL.jpg\" \/>\n\t<meta property=\"og:image:width\" content=\"550\" \/>\n\t<meta property=\"og:image:height\" content=\"550\" \/>\n\t<meta property=\"og:image:type\" content=\"image\/jpeg\" \/>\n<meta name=\"twitter:card\" content=\"summary_large_image\" \/>\n<meta name=\"twitter:label1\" content=\"Tiempo de lectura\" \/>\n\t<meta name=\"twitter:data1\" content=\"1 minuto\" \/>\n<script type=\"application\/ld+json\" class=\"yoast-schema-graph\">{\"@context\":\"https:\/\/schema.org\",\"@graph\":[{\"@type\":\"WebPage\",\"@id\":\"https:\/\/demoweb.info\/sexshop001\/producto\/hogtied-bind-tie-ataduras-de-cuerda-para-munecas-y-tobillos-natural\/\",\"url\":\"https:\/\/demoweb.info\/sexshop001\/producto\/hogtied-bind-tie-ataduras-de-cuerda-para-munecas-y-tobillos-natural\/\",\"name\":\"HOGTIED - BIND & TIE - ATADURAS DE CUERDA PARA MU\u00d1ECAS Y TOBILLOS - NATURAL - Tienda Er\u00f3tica\",\"isPartOf\":{\"@id\":\"https:\/\/demoweb.info\/sexshop001\/#website\"},\"datePublished\":\"2022-01-22T19:08:06+00:00\",\"dateModified\":\"2022-01-22T19:08:22+00:00\",\"breadcrumb\":{\"@id\":\"https:\/\/demoweb.info\/sexshop001\/producto\/hogtied-bind-tie-ataduras-de-cuerda-para-munecas-y-tobillos-natural\/#breadcrumb\"},\"inLanguage\":\"es\",\"potentialAction\":[{\"@type\":\"ReadAction\",\"target\":[\"https:\/\/demoweb.info\/sexshop001\/producto\/hogtied-bind-tie-ataduras-de-cuerda-para-munecas-y-tobillos-natural\/\"]}]},{\"@type\":\"BreadcrumbList\",\"@id\":\"https:\/\/demoweb.info\/sexshop001\/producto\/hogtied-bind-tie-ataduras-de-cuerda-para-munecas-y-tobillos-natural\/#breadcrumb\",\"itemListElement\":[{\"@type\":\"ListItem\",\"position\":1,\"name\":\"Portada\",\"item\":\"https:\/\/demoweb.info\/sexshop001\/\"},{\"@type\":\"ListItem\",\"position\":2,\"name\":\"Tienda\",\"item\":\"https:\/\/demoweb.info\/sexshop001\/tienda\/\"},{\"@type\":\"ListItem\",\"position\":3,\"name\":\"HOGTIED &#8211; BIND &#038; TIE &#8211; ATADURAS DE CUERDA PARA MU\u00d1ECAS Y TOBILLOS &#8211; NATURAL\"}]},{\"@type\":\"WebSite\",\"@id\":\"https:\/\/demoweb.info\/sexshop001\/#website\",\"url\":\"https:\/\/demoweb.info\/sexshop001\/\",\"name\":\"Tienda Er\u00f3tica\",\"description\":\"DEMOWEB SL\",\"potentialAction\":[{\"@type\":\"SearchAction\",\"target\":{\"@type\":\"EntryPoint\",\"urlTemplate\":\"https:\/\/demoweb.info\/sexshop001\/?s={search_term_string}\"},\"query-input\":\"required name=search_term_string\"}],\"inLanguage\":\"es\"}]}<\/script>\n<!-- \/ Yoast SEO plugin. -->","yoast_head_json":{"title":"HOGTIED - BIND & TIE - ATADURAS DE CUERDA PARA MU\u00d1ECAS Y TOBILLOS - NATURAL - Tienda Er\u00f3tica","robots":{"index":"noindex","follow":"follow","max-snippet":"max-snippet:-1","max-image-preview":"max-image-preview:large","max-video-preview":"max-video-preview:-1"},"og_locale":"es_ES","og_type":"article","og_title":"HOGTIED - BIND & TIE - ATADURAS DE CUERDA PARA MU\u00d1ECAS Y TOBILLOS - NATURAL - Tienda Er\u00f3tica","og_description":"HOGTIED &#8211; BIND &#038; TIE &#8211; 6MM HEMP WRIST OR ANKLE CUFFS La cuerda es la herramienta de sujeci\u00f3n original,","og_url":"https:\/\/demoweb.info\/sexshop001\/producto\/hogtied-bind-tie-ataduras-de-cuerda-para-munecas-y-tobillos-natural\/","og_site_name":"Tienda Er\u00f3tica","article_modified_time":"2022-01-22T19:08:22+00:00","og_image":[{"width":550,"height":550,"url":"https:\/\/demoweb.info\/sexshop001\/wp-content\/uploads\/2022\/01\/HOGTIED-BIND-TIE-ATADURAS-DE-CUERDA-PARA-MUNECAS-Y-TOBILLOS-NATURAL.jpg","type":"image\/jpeg"}],"twitter_card":"summary_large_image","twitter_misc":{"Tiempo de lectura":"1 minuto"},"schema":{"@context":"https:\/\/schema.org","@graph":[{"@type":"WebPage","@id":"https:\/\/demoweb.info\/sexshop001\/producto\/hogtied-bind-tie-ataduras-de-cuerda-para-munecas-y-tobillos-natural\/","url":"https:\/\/demoweb.info\/sexshop001\/producto\/hogtied-bind-tie-ataduras-de-cuerda-para-munecas-y-tobillos-natural\/","name":"HOGTIED - BIND & TIE - ATADURAS DE CUERDA PARA MU\u00d1ECAS Y TOBILLOS - NATURAL - Tienda Er\u00f3tica","isPartOf":{"@id":"https:\/\/demoweb.info\/sexshop001\/#website"},"datePublished":"2022-01-22T19:08:06+00:00","dateModified":"2022-01-22T19:08:22+00:00","breadcrumb":{"@id":"https:\/\/demoweb.info\/sexshop001\/producto\/hogtied-bind-tie-ataduras-de-cuerda-para-munecas-y-tobillos-natural\/#breadcrumb"},"inLanguage":"es","potentialAction":[{"@type":"ReadAction","target":["https:\/\/demoweb.info\/sexshop001\/producto\/hogtied-bind-tie-ataduras-de-cuerda-para-munecas-y-tobillos-natural\/"]}]},{"@type":"BreadcrumbList","@id":"https:\/\/demoweb.info\/sexshop001\/producto\/hogtied-bind-tie-ataduras-de-cuerda-para-munecas-y-tobillos-natural\/#breadcrumb","itemListElement":[{"@type":"ListItem","position":1,"name":"Portada","item":"https:\/\/demoweb.info\/sexshop001\/"},{"@type":"ListItem","position":2,"name":"Tienda","item":"https:\/\/demoweb.info\/sexshop001\/tienda\/"},{"@type":"ListItem","position":3,"name":"HOGTIED &#8211; BIND &#038; TIE &#8211; ATADURAS DE CUERDA PARA MU\u00d1ECAS Y TOBILLOS &#8211; NATURAL"}]},{"@type":"WebSite","@id":"https:\/\/demoweb.info\/sexshop001\/#website","url":"https:\/\/demoweb.info\/sexshop001\/","name":"Tienda Er\u00f3tica","description":"DEMOWEB SL","potentialAction":[{"@type":"SearchAction","target":{"@type":"EntryPoint","urlTemplate":"https:\/\/demoweb.info\/sexshop001\/?s={search_term_string}"},"query-input":"required name=search_term_string"}],"inLanguage":"es"}]}},"_links":{"self":[{"href":"https:\/\/demoweb.info\/sexshop001\/wp-json\/wp\/v3\/product\/68518","targetHints":{"allow":["GET"]}}],"collection":[{"href":"https:\/\/demoweb.info\/sexshop001\/wp-json\/wp\/v3\/product"}],"about":[{"href":"https:\/\/demoweb.info\/sexshop001\/wp-json\/wp\/v2\/types\/product"}],"replies":[{"embeddable":true,"href":"https:\/\/demoweb.info\/sexshop001\/wp-json\/wp\/v2\/comments?post=68518"}],"wp:featuredmedia":[{"embeddable":true,"href":"https:\/\/demoweb.info\/sexshop001\/wp-json\/wp\/v2\/media\/68519"}],"wp:attachment":[{"href":"https:\/\/demoweb.info\/sexshop001\/wp-json\/wp\/v2\/media?parent=68518"}],"wp:term":[{"taxonomy":"product_cat","embeddable":true,"href":"https:\/\/demoweb.info\/sexshop001\/wp-json\/wp\/v2\/product_cat?post=68518"},{"taxonomy":"product_tag","embeddable":true,"href":"https:\/\/demoweb.info\/sexshop001\/wp-json\/wp\/v2\/product_tag?post=68518"}],"curies":[{"name":"wp","href":"https:\/\/api.w.org\/{rel}","templated":true}]}}