{"id":68389,"date":"2022-01-22T20:06:39","date_gmt":"2022-01-22T19:06:39","guid":{"rendered":"https:\/\/demoweb.info\/sexshop001\/producto\/pantalones-5-bolsillos-indian-rojos\/"},"modified":"2022-01-22T20:06:41","modified_gmt":"2022-01-22T19:06:41","slug":"pantalones-5-bolsillos-indian-rojos","status":"publish","type":"product","link":"https:\/\/demoweb.info\/sexshop001\/producto\/pantalones-5-bolsillos-indian-rojos\/","title":{"rendered":"PANTALONES 5 BOLSILLOS INDIAN ROJOS"},"content":{"rendered":"<p>Pantal\u00f3n Largo The Indian Face para hombre. Puedes combinarlo con cualquier camiseta, camisa o polo The Indian Face<\/p>\n<p>Caracter\u00edsticas:<br \/>Pantal\u00f3n Largo<br \/>Marca: The Indian Face<br \/>Bolsillos laterales y traseros<\/p>\n<p>Informaci\u00f3n de lavado:<br \/>prenda que acepta la lavadora, pero sin superar los 30 grados<br \/>prenda que no resiste la lej\u00eda ni ning\u00fan otro clorato<br \/>no secar en secadora<\/p>\n","protected":false},"excerpt":{"rendered":"<p>Pantal\u00f3n Largo The Indian Face para hombre. Puedes combinarlo con cualquier camiseta, camisa o polo The Indian Face Caracter\u00edsticas:Pantal\u00f3n LargoMarca:<\/p>\n","protected":false},"featured_media":68390,"comment_status":"open","ping_status":"open","template":"","meta":[],"product_cat":[1619],"product_tag":[1668],"class_list":["post-68389","product","type-product","status-publish","has-post-thumbnail","hentry","product_cat-pantalones-largos","product_tag-the-indian-face"],"bundled_by":[],"bundle_stock_status":"instock","bundle_stock_quantity":1,"bundle_virtual":false,"bundle_layout":"","bundle_add_to_cart_form_location":"","bundle_editable_in_cart":false,"bundle_sold_individually_context":"","bundle_item_grouping":"","bundle_min_size":"","bundle_max_size":"","bundled_items":[],"yoast_head":"<!-- This site is optimized with the Yoast SEO plugin v20.6 - https:\/\/yoast.com\/wordpress\/plugins\/seo\/ -->\n<title>PANTALONES 5 BOLSILLOS INDIAN ROJOS - Tienda Er\u00f3tica<\/title>\n<meta name=\"robots\" content=\"noindex, follow, max-snippet:-1, max-image-preview:large, max-video-preview:-1\" \/>\n<meta property=\"og:locale\" content=\"es_ES\" \/>\n<meta property=\"og:type\" content=\"article\" \/>\n<meta property=\"og:title\" content=\"PANTALONES 5 BOLSILLOS INDIAN ROJOS - Tienda Er\u00f3tica\" \/>\n<meta property=\"og:description\" content=\"Pantal\u00f3n Largo The Indian Face para hombre. Puedes combinarlo con cualquier camiseta, camisa o polo The Indian Face Caracter\u00edsticas:Pantal\u00f3n LargoMarca:\" \/>\n<meta property=\"og:url\" content=\"https:\/\/demoweb.info\/sexshop001\/producto\/pantalones-5-bolsillos-indian-rojos\/\" \/>\n<meta property=\"og:site_name\" content=\"Tienda Er\u00f3tica\" \/>\n<meta property=\"article:modified_time\" content=\"2022-01-22T19:06:41+00:00\" \/>\n<meta property=\"og:image\" content=\"https:\/\/demoweb.info\/sexshop001\/wp-content\/uploads\/2022\/01\/PANTALONES-5-BOLSILLOS-INDIAN-ROJOS.jpg\" \/>\n\t<meta property=\"og:image:width\" content=\"550\" \/>\n\t<meta property=\"og:image:height\" content=\"550\" \/>\n\t<meta property=\"og:image:type\" content=\"image\/jpeg\" \/>\n<meta name=\"twitter:card\" content=\"summary_large_image\" \/>\n<script type=\"application\/ld+json\" class=\"yoast-schema-graph\">{\"@context\":\"https:\/\/schema.org\",\"@graph\":[{\"@type\":\"WebPage\",\"@id\":\"https:\/\/demoweb.info\/sexshop001\/producto\/pantalones-5-bolsillos-indian-rojos\/\",\"url\":\"https:\/\/demoweb.info\/sexshop001\/producto\/pantalones-5-bolsillos-indian-rojos\/\",\"name\":\"PANTALONES 5 BOLSILLOS INDIAN ROJOS - Tienda Er\u00f3tica\",\"isPartOf\":{\"@id\":\"https:\/\/demoweb.info\/sexshop001\/#website\"},\"datePublished\":\"2022-01-22T19:06:39+00:00\",\"dateModified\":\"2022-01-22T19:06:41+00:00\",\"breadcrumb\":{\"@id\":\"https:\/\/demoweb.info\/sexshop001\/producto\/pantalones-5-bolsillos-indian-rojos\/#breadcrumb\"},\"inLanguage\":\"es\",\"potentialAction\":[{\"@type\":\"ReadAction\",\"target\":[\"https:\/\/demoweb.info\/sexshop001\/producto\/pantalones-5-bolsillos-indian-rojos\/\"]}]},{\"@type\":\"BreadcrumbList\",\"@id\":\"https:\/\/demoweb.info\/sexshop001\/producto\/pantalones-5-bolsillos-indian-rojos\/#breadcrumb\",\"itemListElement\":[{\"@type\":\"ListItem\",\"position\":1,\"name\":\"Portada\",\"item\":\"https:\/\/demoweb.info\/sexshop001\/\"},{\"@type\":\"ListItem\",\"position\":2,\"name\":\"Tienda\",\"item\":\"https:\/\/demoweb.info\/sexshop001\/tienda\/\"},{\"@type\":\"ListItem\",\"position\":3,\"name\":\"PANTALONES 5 BOLSILLOS INDIAN ROJOS\"}]},{\"@type\":\"WebSite\",\"@id\":\"https:\/\/demoweb.info\/sexshop001\/#website\",\"url\":\"https:\/\/demoweb.info\/sexshop001\/\",\"name\":\"Tienda Er\u00f3tica\",\"description\":\"DEMOWEB SL\",\"potentialAction\":[{\"@type\":\"SearchAction\",\"target\":{\"@type\":\"EntryPoint\",\"urlTemplate\":\"https:\/\/demoweb.info\/sexshop001\/?s={search_term_string}\"},\"query-input\":\"required name=search_term_string\"}],\"inLanguage\":\"es\"}]}<\/script>\n<!-- \/ Yoast SEO plugin. -->","yoast_head_json":{"title":"PANTALONES 5 BOLSILLOS INDIAN ROJOS - Tienda Er\u00f3tica","robots":{"index":"noindex","follow":"follow","max-snippet":"max-snippet:-1","max-image-preview":"max-image-preview:large","max-video-preview":"max-video-preview:-1"},"og_locale":"es_ES","og_type":"article","og_title":"PANTALONES 5 BOLSILLOS INDIAN ROJOS - Tienda Er\u00f3tica","og_description":"Pantal\u00f3n Largo The Indian Face para hombre. Puedes combinarlo con cualquier camiseta, camisa o polo The Indian Face Caracter\u00edsticas:Pantal\u00f3n LargoMarca:","og_url":"https:\/\/demoweb.info\/sexshop001\/producto\/pantalones-5-bolsillos-indian-rojos\/","og_site_name":"Tienda Er\u00f3tica","article_modified_time":"2022-01-22T19:06:41+00:00","og_image":[{"width":550,"height":550,"url":"https:\/\/demoweb.info\/sexshop001\/wp-content\/uploads\/2022\/01\/PANTALONES-5-BOLSILLOS-INDIAN-ROJOS.jpg","type":"image\/jpeg"}],"twitter_card":"summary_large_image","schema":{"@context":"https:\/\/schema.org","@graph":[{"@type":"WebPage","@id":"https:\/\/demoweb.info\/sexshop001\/producto\/pantalones-5-bolsillos-indian-rojos\/","url":"https:\/\/demoweb.info\/sexshop001\/producto\/pantalones-5-bolsillos-indian-rojos\/","name":"PANTALONES 5 BOLSILLOS INDIAN ROJOS - Tienda Er\u00f3tica","isPartOf":{"@id":"https:\/\/demoweb.info\/sexshop001\/#website"},"datePublished":"2022-01-22T19:06:39+00:00","dateModified":"2022-01-22T19:06:41+00:00","breadcrumb":{"@id":"https:\/\/demoweb.info\/sexshop001\/producto\/pantalones-5-bolsillos-indian-rojos\/#breadcrumb"},"inLanguage":"es","potentialAction":[{"@type":"ReadAction","target":["https:\/\/demoweb.info\/sexshop001\/producto\/pantalones-5-bolsillos-indian-rojos\/"]}]},{"@type":"BreadcrumbList","@id":"https:\/\/demoweb.info\/sexshop001\/producto\/pantalones-5-bolsillos-indian-rojos\/#breadcrumb","itemListElement":[{"@type":"ListItem","position":1,"name":"Portada","item":"https:\/\/demoweb.info\/sexshop001\/"},{"@type":"ListItem","position":2,"name":"Tienda","item":"https:\/\/demoweb.info\/sexshop001\/tienda\/"},{"@type":"ListItem","position":3,"name":"PANTALONES 5 BOLSILLOS INDIAN ROJOS"}]},{"@type":"WebSite","@id":"https:\/\/demoweb.info\/sexshop001\/#website","url":"https:\/\/demoweb.info\/sexshop001\/","name":"Tienda Er\u00f3tica","description":"DEMOWEB SL","potentialAction":[{"@type":"SearchAction","target":{"@type":"EntryPoint","urlTemplate":"https:\/\/demoweb.info\/sexshop001\/?s={search_term_string}"},"query-input":"required name=search_term_string"}],"inLanguage":"es"}]}},"_links":{"self":[{"href":"https:\/\/demoweb.info\/sexshop001\/wp-json\/wp\/v3\/product\/68389","targetHints":{"allow":["GET"]}}],"collection":[{"href":"https:\/\/demoweb.info\/sexshop001\/wp-json\/wp\/v3\/product"}],"about":[{"href":"https:\/\/demoweb.info\/sexshop001\/wp-json\/wp\/v2\/types\/product"}],"replies":[{"embeddable":true,"href":"https:\/\/demoweb.info\/sexshop001\/wp-json\/wp\/v2\/comments?post=68389"}],"wp:featuredmedia":[{"embeddable":true,"href":"https:\/\/demoweb.info\/sexshop001\/wp-json\/wp\/v2\/media\/68390"}],"wp:attachment":[{"href":"https:\/\/demoweb.info\/sexshop001\/wp-json\/wp\/v2\/media?parent=68389"}],"wp:term":[{"taxonomy":"product_cat","embeddable":true,"href":"https:\/\/demoweb.info\/sexshop001\/wp-json\/wp\/v2\/product_cat?post=68389"},{"taxonomy":"product_tag","embeddable":true,"href":"https:\/\/demoweb.info\/sexshop001\/wp-json\/wp\/v2\/product_tag?post=68389"}],"curies":[{"name":"wp","href":"https:\/\/api.w.org\/{rel}","templated":true}]}}