{"id":68354,"date":"2022-01-22T20:06:03","date_gmt":"2022-01-22T19:06:03","guid":{"rendered":"https:\/\/demoweb.info\/sexshop001\/producto\/intimax-corpino-secreto-rojo\/"},"modified":"2022-01-22T20:06:12","modified_gmt":"2022-01-22T19:06:12","slug":"intimax-corpino-secreto-rojo","status":"publish","type":"product","link":"https:\/\/demoweb.info\/sexshop001\/producto\/intimax-corpino-secreto-rojo\/","title":{"rendered":"INTIMAX CORPI\u00d1O SECRETO ROJO"},"content":{"rendered":"<p>Producto: Corpi\u00f1o<br \/>Color: Rojo<br \/>Varillas: Sin varillas<br \/>Cierre trasero: Lazada o cord\u00f3n<br \/>Cierre delanetero: Clip<br \/>Cuello: En V ligeramente<br \/>Copa en el pecho: Con copa<br \/>Aros en el pecho: Con aros<br \/>Tipo de corte: Corto (Hasta la cadera)<br \/>Tirantes: Tirantes regulables<br \/>Mangas: Sin mangas<br \/>Tela: Estampado<br \/>Detalles: Otros como se ve en la foto<br \/>Accesorios: Ligeros, Tanga<br \/>Total piezas: 3<br \/>Composici\u00f3n: 20% Elastano &#8211; 80% Nylon<br \/>Etiquetaje: Etiqueta estandar<br \/>Embalaje: Bolsa pl\u00e1stico transparente<br \/>Cuidados:<br \/>Lavar a mano con agua fr\u00eda.<br \/>Utilizar jab\u00f3n neutro.<br \/>No utilizar lej\u00eda.<br \/>Aclarar sin retorcer.<br \/>Planchar s\u00f3lo las partes no el\u00e1sticas<br \/>Tallas: <br \/>Mide tu cintura y elige la talla correcta, de pecho y de cadera te lo puedes ajustar con la lazada trasera sin problemas.<br \/>Talla S: entre  61  a 71 cm de cintura.<br \/>Talla M: entre 68 a 78 cm de cintura Talla <br \/>L:  entre 73 a 83 cm de cintura Talla<br \/>XL: entre 79 a 89 cm de cintura.<br \/>Talla XXL: entre 83 a 93 cm de cintura.<br \/>IMPORTANTE: La cintura se mide con una cinta m\u00e9trica y siempre por la parte m\u00e1s delgada del tronco, normalmente suele ser 2 dedos por encima del ombligo.<br \/>Consejo: Si tienes una medida de pecho inferior a 80 cm intenta elegir una S o M como m\u00e1ximo. Si tienes un pecho superior a 100 intenta ajustarte a tallas L, XL, XXL.<\/p>\n","protected":false},"excerpt":{"rendered":"<p>Producto: Corpi\u00f1oColor: RojoVarillas: Sin varillasCierre trasero: Lazada o cord\u00f3nCierre delanetero: ClipCuello: En V ligeramenteCopa en el pecho: Con copaAros en<\/p>\n","protected":false},"featured_media":68355,"comment_status":"open","ping_status":"open","template":"","meta":[],"product_cat":[357],"product_tag":[1280,441],"class_list":["post-68354","product","type-product","status-publish","has-post-thumbnail","hentry","product_cat-con-ligueros-bodys","product_tag-erotic","product_tag-intimax"],"bundled_by":[],"bundle_stock_status":"outofstock","bundle_stock_quantity":0,"bundle_virtual":false,"bundle_layout":"","bundle_add_to_cart_form_location":"","bundle_editable_in_cart":false,"bundle_sold_individually_context":"","bundle_item_grouping":"","bundle_min_size":"","bundle_max_size":"","bundled_items":[],"yoast_head":"<!-- This site is optimized with the Yoast SEO plugin v20.6 - https:\/\/yoast.com\/wordpress\/plugins\/seo\/ -->\n<title>INTIMAX CORPI\u00d1O SECRETO ROJO - Tienda Er\u00f3tica<\/title>\n<meta name=\"robots\" content=\"noindex, follow, max-snippet:-1, max-image-preview:large, max-video-preview:-1\" \/>\n<meta property=\"og:locale\" content=\"es_ES\" \/>\n<meta property=\"og:type\" content=\"article\" \/>\n<meta property=\"og:title\" content=\"INTIMAX CORPI\u00d1O SECRETO ROJO - Tienda Er\u00f3tica\" \/>\n<meta property=\"og:description\" content=\"Producto: Corpi\u00f1oColor: RojoVarillas: Sin varillasCierre trasero: Lazada o cord\u00f3nCierre delanetero: ClipCuello: En V ligeramenteCopa en el pecho: Con copaAros en\" \/>\n<meta property=\"og:url\" content=\"https:\/\/demoweb.info\/sexshop001\/producto\/intimax-corpino-secreto-rojo\/\" \/>\n<meta property=\"og:site_name\" content=\"Tienda Er\u00f3tica\" \/>\n<meta property=\"article:modified_time\" content=\"2022-01-22T19:06:12+00:00\" \/>\n<meta property=\"og:image\" content=\"https:\/\/demoweb.info\/sexshop001\/wp-content\/uploads\/2022\/01\/INTIMAX-CORPINO-SECRETO-ROJO.jpg\" \/>\n\t<meta property=\"og:image:width\" content=\"550\" \/>\n\t<meta property=\"og:image:height\" content=\"550\" \/>\n\t<meta property=\"og:image:type\" content=\"image\/jpeg\" \/>\n<meta name=\"twitter:card\" content=\"summary_large_image\" \/>\n<meta name=\"twitter:label1\" content=\"Tiempo de lectura\" \/>\n\t<meta name=\"twitter:data1\" content=\"1 minuto\" \/>\n<script type=\"application\/ld+json\" class=\"yoast-schema-graph\">{\"@context\":\"https:\/\/schema.org\",\"@graph\":[{\"@type\":\"WebPage\",\"@id\":\"https:\/\/demoweb.info\/sexshop001\/producto\/intimax-corpino-secreto-rojo\/\",\"url\":\"https:\/\/demoweb.info\/sexshop001\/producto\/intimax-corpino-secreto-rojo\/\",\"name\":\"INTIMAX CORPI\u00d1O SECRETO ROJO - Tienda Er\u00f3tica\",\"isPartOf\":{\"@id\":\"https:\/\/demoweb.info\/sexshop001\/#website\"},\"datePublished\":\"2022-01-22T19:06:03+00:00\",\"dateModified\":\"2022-01-22T19:06:12+00:00\",\"breadcrumb\":{\"@id\":\"https:\/\/demoweb.info\/sexshop001\/producto\/intimax-corpino-secreto-rojo\/#breadcrumb\"},\"inLanguage\":\"es\",\"potentialAction\":[{\"@type\":\"ReadAction\",\"target\":[\"https:\/\/demoweb.info\/sexshop001\/producto\/intimax-corpino-secreto-rojo\/\"]}]},{\"@type\":\"BreadcrumbList\",\"@id\":\"https:\/\/demoweb.info\/sexshop001\/producto\/intimax-corpino-secreto-rojo\/#breadcrumb\",\"itemListElement\":[{\"@type\":\"ListItem\",\"position\":1,\"name\":\"Portada\",\"item\":\"https:\/\/demoweb.info\/sexshop001\/\"},{\"@type\":\"ListItem\",\"position\":2,\"name\":\"Tienda\",\"item\":\"https:\/\/demoweb.info\/sexshop001\/tienda\/\"},{\"@type\":\"ListItem\",\"position\":3,\"name\":\"INTIMAX CORPI\u00d1O SECRETO ROJO\"}]},{\"@type\":\"WebSite\",\"@id\":\"https:\/\/demoweb.info\/sexshop001\/#website\",\"url\":\"https:\/\/demoweb.info\/sexshop001\/\",\"name\":\"Tienda Er\u00f3tica\",\"description\":\"DEMOWEB SL\",\"potentialAction\":[{\"@type\":\"SearchAction\",\"target\":{\"@type\":\"EntryPoint\",\"urlTemplate\":\"https:\/\/demoweb.info\/sexshop001\/?s={search_term_string}\"},\"query-input\":\"required name=search_term_string\"}],\"inLanguage\":\"es\"}]}<\/script>\n<!-- \/ Yoast SEO plugin. -->","yoast_head_json":{"title":"INTIMAX CORPI\u00d1O SECRETO ROJO - Tienda Er\u00f3tica","robots":{"index":"noindex","follow":"follow","max-snippet":"max-snippet:-1","max-image-preview":"max-image-preview:large","max-video-preview":"max-video-preview:-1"},"og_locale":"es_ES","og_type":"article","og_title":"INTIMAX CORPI\u00d1O SECRETO ROJO - Tienda Er\u00f3tica","og_description":"Producto: Corpi\u00f1oColor: RojoVarillas: Sin varillasCierre trasero: Lazada o cord\u00f3nCierre delanetero: ClipCuello: En V ligeramenteCopa en el pecho: Con copaAros en","og_url":"https:\/\/demoweb.info\/sexshop001\/producto\/intimax-corpino-secreto-rojo\/","og_site_name":"Tienda Er\u00f3tica","article_modified_time":"2022-01-22T19:06:12+00:00","og_image":[{"width":550,"height":550,"url":"https:\/\/demoweb.info\/sexshop001\/wp-content\/uploads\/2022\/01\/INTIMAX-CORPINO-SECRETO-ROJO.jpg","type":"image\/jpeg"}],"twitter_card":"summary_large_image","twitter_misc":{"Tiempo de lectura":"1 minuto"},"schema":{"@context":"https:\/\/schema.org","@graph":[{"@type":"WebPage","@id":"https:\/\/demoweb.info\/sexshop001\/producto\/intimax-corpino-secreto-rojo\/","url":"https:\/\/demoweb.info\/sexshop001\/producto\/intimax-corpino-secreto-rojo\/","name":"INTIMAX CORPI\u00d1O SECRETO ROJO - Tienda Er\u00f3tica","isPartOf":{"@id":"https:\/\/demoweb.info\/sexshop001\/#website"},"datePublished":"2022-01-22T19:06:03+00:00","dateModified":"2022-01-22T19:06:12+00:00","breadcrumb":{"@id":"https:\/\/demoweb.info\/sexshop001\/producto\/intimax-corpino-secreto-rojo\/#breadcrumb"},"inLanguage":"es","potentialAction":[{"@type":"ReadAction","target":["https:\/\/demoweb.info\/sexshop001\/producto\/intimax-corpino-secreto-rojo\/"]}]},{"@type":"BreadcrumbList","@id":"https:\/\/demoweb.info\/sexshop001\/producto\/intimax-corpino-secreto-rojo\/#breadcrumb","itemListElement":[{"@type":"ListItem","position":1,"name":"Portada","item":"https:\/\/demoweb.info\/sexshop001\/"},{"@type":"ListItem","position":2,"name":"Tienda","item":"https:\/\/demoweb.info\/sexshop001\/tienda\/"},{"@type":"ListItem","position":3,"name":"INTIMAX CORPI\u00d1O SECRETO ROJO"}]},{"@type":"WebSite","@id":"https:\/\/demoweb.info\/sexshop001\/#website","url":"https:\/\/demoweb.info\/sexshop001\/","name":"Tienda Er\u00f3tica","description":"DEMOWEB SL","potentialAction":[{"@type":"SearchAction","target":{"@type":"EntryPoint","urlTemplate":"https:\/\/demoweb.info\/sexshop001\/?s={search_term_string}"},"query-input":"required name=search_term_string"}],"inLanguage":"es"}]}},"_links":{"self":[{"href":"https:\/\/demoweb.info\/sexshop001\/wp-json\/wp\/v3\/product\/68354","targetHints":{"allow":["GET"]}}],"collection":[{"href":"https:\/\/demoweb.info\/sexshop001\/wp-json\/wp\/v3\/product"}],"about":[{"href":"https:\/\/demoweb.info\/sexshop001\/wp-json\/wp\/v2\/types\/product"}],"replies":[{"embeddable":true,"href":"https:\/\/demoweb.info\/sexshop001\/wp-json\/wp\/v2\/comments?post=68354"}],"wp:featuredmedia":[{"embeddable":true,"href":"https:\/\/demoweb.info\/sexshop001\/wp-json\/wp\/v2\/media\/68355"}],"wp:attachment":[{"href":"https:\/\/demoweb.info\/sexshop001\/wp-json\/wp\/v2\/media?parent=68354"}],"wp:term":[{"taxonomy":"product_cat","embeddable":true,"href":"https:\/\/demoweb.info\/sexshop001\/wp-json\/wp\/v2\/product_cat?post=68354"},{"taxonomy":"product_tag","embeddable":true,"href":"https:\/\/demoweb.info\/sexshop001\/wp-json\/wp\/v2\/product_tag?post=68354"}],"curies":[{"name":"wp","href":"https:\/\/api.w.org\/{rel}","templated":true}]}}