{"id":68020,"date":"2022-01-22T20:01:28","date_gmt":"2022-01-22T19:01:28","guid":{"rendered":"https:\/\/demoweb.info\/sexshop001\/producto\/kit-dual-density-para-principiantes-caramelo\/"},"modified":"2022-01-22T20:01:45","modified_gmt":"2022-01-22T19:01:45","slug":"kit-dual-density-para-principiantes-caramelo","status":"publish","type":"product","link":"https:\/\/demoweb.info\/sexshop001\/producto\/kit-dual-density-para-principiantes-caramelo\/","title":{"rendered":"KIT DUAL DENSITY PARA PRINCIPIANTES &#8211; CARAMELO"},"content":{"rendered":"<p><strong>DUAL DENSITY STARTER SET <\/strong><\/p>\n<p>Tu experiencia perfecta con arn\u00e9s est\u00e1 a tu alcance con la l\u00ednea de lujo de Doc Johnson de Vac-U-Lock de servicio completo.<\/p>\n<p>El kit para principiantes de doble densidad Vac-U-Lock\u00ae brinda una introducci\u00f3n divertida e innovadora del sexo con correa con un arn\u00e9s completo con juntas t\u00f3ricas y tapones removibles, tres dildos ULTRASKYN\u00ae de tama\u00f1o moderado y una botella de lubricante a base de agua Mood.<\/p>\n<p>Estos accesorios de doble densidad calientan con la temperatura corporal con el uso y presentan un exterior suave y flexible que da paso a un n\u00facleo interno firme, recreando la sensaci\u00f3n de un pene erecto real.<\/p>\n<p>Comienza lu exploraci\u00f3n con las agradables crestas y test\u00edculos de felpa del pene con textura de 14 cm, o profundiza un poco m\u00e1s con el dong en espiral de 15 cm. Para la sensaci\u00f3n m\u00e1s fuerte y m\u00e1s real, elige las proporciones realistas, los contornos y los detalles de las vetas del dong delgado de 18 cm.<\/p>\n<p>Los accesorios se pueden usar con el arn\u00e9s, la ventosa de succi\u00f3n Vac-U-Lock\u00ae va incluida y con cualquier otro accesorio o arn\u00e9s en la colecci\u00f3n.<\/p>\n<p>Tambi\u00e9n incluye el Limpiador de juguetes naturales Doc Johnson\u00ae y el Polvo de actualizaci\u00f3n ULTRASKYN\u00ae para mantener de manera adecuada e higi\u00e9nica tus accesorios ULTRASKYN\u00ae de doble densidad.<\/p>\n","protected":false},"excerpt":{"rendered":"<p>DUAL DENSITY STARTER SET Tu experiencia perfecta con arn\u00e9s est\u00e1 a tu alcance con la l\u00ednea de lujo de Doc<\/p>\n","protected":false},"featured_media":68021,"comment_status":"open","ping_status":"open","template":"","meta":[],"product_cat":[1488],"product_tag":[460,794],"class_list":["post-68020","product","type-product","status-publish","has-post-thumbnail","hentry","product_cat-kits-arneses","product_tag-doc-johnson","product_tag-vac-u-lock"],"bundled_by":[],"bundle_stock_status":"instock","bundle_stock_quantity":1,"bundle_virtual":false,"bundle_layout":"","bundle_add_to_cart_form_location":"","bundle_editable_in_cart":false,"bundle_sold_individually_context":"","bundle_item_grouping":"","bundle_min_size":"","bundle_max_size":"","bundled_items":[],"yoast_head":"<!-- This site is optimized with the Yoast SEO plugin v20.6 - https:\/\/yoast.com\/wordpress\/plugins\/seo\/ -->\n<title>KIT DUAL DENSITY PARA PRINCIPIANTES - CARAMELO - Tienda Er\u00f3tica<\/title>\n<meta name=\"robots\" content=\"noindex, follow, max-snippet:-1, max-image-preview:large, max-video-preview:-1\" \/>\n<meta property=\"og:locale\" content=\"es_ES\" \/>\n<meta property=\"og:type\" content=\"article\" \/>\n<meta property=\"og:title\" content=\"KIT DUAL DENSITY PARA PRINCIPIANTES - CARAMELO - Tienda Er\u00f3tica\" \/>\n<meta property=\"og:description\" content=\"DUAL DENSITY STARTER SET Tu experiencia perfecta con arn\u00e9s est\u00e1 a tu alcance con la l\u00ednea de lujo de Doc\" \/>\n<meta property=\"og:url\" content=\"https:\/\/demoweb.info\/sexshop001\/producto\/kit-dual-density-para-principiantes-caramelo\/\" \/>\n<meta property=\"og:site_name\" content=\"Tienda Er\u00f3tica\" \/>\n<meta property=\"article:modified_time\" content=\"2022-01-22T19:01:45+00:00\" \/>\n<meta property=\"og:image\" content=\"https:\/\/demoweb.info\/sexshop001\/wp-content\/uploads\/2022\/01\/KIT-DUAL-DENSITY-PARA-PRINCIPIANTES-CARAMELO.jpg\" \/>\n\t<meta property=\"og:image:width\" content=\"550\" \/>\n\t<meta property=\"og:image:height\" content=\"550\" \/>\n\t<meta property=\"og:image:type\" content=\"image\/jpeg\" \/>\n<meta name=\"twitter:card\" content=\"summary_large_image\" \/>\n<meta name=\"twitter:label1\" content=\"Tiempo de lectura\" \/>\n\t<meta name=\"twitter:data1\" content=\"1 minuto\" \/>\n<script type=\"application\/ld+json\" class=\"yoast-schema-graph\">{\"@context\":\"https:\/\/schema.org\",\"@graph\":[{\"@type\":\"WebPage\",\"@id\":\"https:\/\/demoweb.info\/sexshop001\/producto\/kit-dual-density-para-principiantes-caramelo\/\",\"url\":\"https:\/\/demoweb.info\/sexshop001\/producto\/kit-dual-density-para-principiantes-caramelo\/\",\"name\":\"KIT DUAL DENSITY PARA PRINCIPIANTES - CARAMELO - Tienda Er\u00f3tica\",\"isPartOf\":{\"@id\":\"https:\/\/demoweb.info\/sexshop001\/#website\"},\"datePublished\":\"2022-01-22T19:01:28+00:00\",\"dateModified\":\"2022-01-22T19:01:45+00:00\",\"breadcrumb\":{\"@id\":\"https:\/\/demoweb.info\/sexshop001\/producto\/kit-dual-density-para-principiantes-caramelo\/#breadcrumb\"},\"inLanguage\":\"es\",\"potentialAction\":[{\"@type\":\"ReadAction\",\"target\":[\"https:\/\/demoweb.info\/sexshop001\/producto\/kit-dual-density-para-principiantes-caramelo\/\"]}]},{\"@type\":\"BreadcrumbList\",\"@id\":\"https:\/\/demoweb.info\/sexshop001\/producto\/kit-dual-density-para-principiantes-caramelo\/#breadcrumb\",\"itemListElement\":[{\"@type\":\"ListItem\",\"position\":1,\"name\":\"Portada\",\"item\":\"https:\/\/demoweb.info\/sexshop001\/\"},{\"@type\":\"ListItem\",\"position\":2,\"name\":\"Tienda\",\"item\":\"https:\/\/demoweb.info\/sexshop001\/tienda\/\"},{\"@type\":\"ListItem\",\"position\":3,\"name\":\"KIT DUAL DENSITY PARA PRINCIPIANTES &#8211; CARAMELO\"}]},{\"@type\":\"WebSite\",\"@id\":\"https:\/\/demoweb.info\/sexshop001\/#website\",\"url\":\"https:\/\/demoweb.info\/sexshop001\/\",\"name\":\"Tienda Er\u00f3tica\",\"description\":\"DEMOWEB SL\",\"potentialAction\":[{\"@type\":\"SearchAction\",\"target\":{\"@type\":\"EntryPoint\",\"urlTemplate\":\"https:\/\/demoweb.info\/sexshop001\/?s={search_term_string}\"},\"query-input\":\"required name=search_term_string\"}],\"inLanguage\":\"es\"}]}<\/script>\n<!-- \/ Yoast SEO plugin. -->","yoast_head_json":{"title":"KIT DUAL DENSITY PARA PRINCIPIANTES - CARAMELO - Tienda Er\u00f3tica","robots":{"index":"noindex","follow":"follow","max-snippet":"max-snippet:-1","max-image-preview":"max-image-preview:large","max-video-preview":"max-video-preview:-1"},"og_locale":"es_ES","og_type":"article","og_title":"KIT DUAL DENSITY PARA PRINCIPIANTES - CARAMELO - Tienda Er\u00f3tica","og_description":"DUAL DENSITY STARTER SET Tu experiencia perfecta con arn\u00e9s est\u00e1 a tu alcance con la l\u00ednea de lujo de Doc","og_url":"https:\/\/demoweb.info\/sexshop001\/producto\/kit-dual-density-para-principiantes-caramelo\/","og_site_name":"Tienda Er\u00f3tica","article_modified_time":"2022-01-22T19:01:45+00:00","og_image":[{"width":550,"height":550,"url":"https:\/\/demoweb.info\/sexshop001\/wp-content\/uploads\/2022\/01\/KIT-DUAL-DENSITY-PARA-PRINCIPIANTES-CARAMELO.jpg","type":"image\/jpeg"}],"twitter_card":"summary_large_image","twitter_misc":{"Tiempo de lectura":"1 minuto"},"schema":{"@context":"https:\/\/schema.org","@graph":[{"@type":"WebPage","@id":"https:\/\/demoweb.info\/sexshop001\/producto\/kit-dual-density-para-principiantes-caramelo\/","url":"https:\/\/demoweb.info\/sexshop001\/producto\/kit-dual-density-para-principiantes-caramelo\/","name":"KIT DUAL DENSITY PARA PRINCIPIANTES - CARAMELO - Tienda Er\u00f3tica","isPartOf":{"@id":"https:\/\/demoweb.info\/sexshop001\/#website"},"datePublished":"2022-01-22T19:01:28+00:00","dateModified":"2022-01-22T19:01:45+00:00","breadcrumb":{"@id":"https:\/\/demoweb.info\/sexshop001\/producto\/kit-dual-density-para-principiantes-caramelo\/#breadcrumb"},"inLanguage":"es","potentialAction":[{"@type":"ReadAction","target":["https:\/\/demoweb.info\/sexshop001\/producto\/kit-dual-density-para-principiantes-caramelo\/"]}]},{"@type":"BreadcrumbList","@id":"https:\/\/demoweb.info\/sexshop001\/producto\/kit-dual-density-para-principiantes-caramelo\/#breadcrumb","itemListElement":[{"@type":"ListItem","position":1,"name":"Portada","item":"https:\/\/demoweb.info\/sexshop001\/"},{"@type":"ListItem","position":2,"name":"Tienda","item":"https:\/\/demoweb.info\/sexshop001\/tienda\/"},{"@type":"ListItem","position":3,"name":"KIT DUAL DENSITY PARA PRINCIPIANTES &#8211; CARAMELO"}]},{"@type":"WebSite","@id":"https:\/\/demoweb.info\/sexshop001\/#website","url":"https:\/\/demoweb.info\/sexshop001\/","name":"Tienda Er\u00f3tica","description":"DEMOWEB SL","potentialAction":[{"@type":"SearchAction","target":{"@type":"EntryPoint","urlTemplate":"https:\/\/demoweb.info\/sexshop001\/?s={search_term_string}"},"query-input":"required name=search_term_string"}],"inLanguage":"es"}]}},"_links":{"self":[{"href":"https:\/\/demoweb.info\/sexshop001\/wp-json\/wp\/v3\/product\/68020","targetHints":{"allow":["GET"]}}],"collection":[{"href":"https:\/\/demoweb.info\/sexshop001\/wp-json\/wp\/v3\/product"}],"about":[{"href":"https:\/\/demoweb.info\/sexshop001\/wp-json\/wp\/v2\/types\/product"}],"replies":[{"embeddable":true,"href":"https:\/\/demoweb.info\/sexshop001\/wp-json\/wp\/v2\/comments?post=68020"}],"wp:featuredmedia":[{"embeddable":true,"href":"https:\/\/demoweb.info\/sexshop001\/wp-json\/wp\/v2\/media\/68021"}],"wp:attachment":[{"href":"https:\/\/demoweb.info\/sexshop001\/wp-json\/wp\/v2\/media?parent=68020"}],"wp:term":[{"taxonomy":"product_cat","embeddable":true,"href":"https:\/\/demoweb.info\/sexshop001\/wp-json\/wp\/v2\/product_cat?post=68020"},{"taxonomy":"product_tag","embeddable":true,"href":"https:\/\/demoweb.info\/sexshop001\/wp-json\/wp\/v2\/product_tag?post=68020"}],"curies":[{"name":"wp","href":"https:\/\/api.w.org\/{rel}","templated":true}]}}