{"id":67970,"date":"2022-01-22T20:00:41","date_gmt":"2022-01-22T19:00:41","guid":{"rendered":"https:\/\/demoweb.info\/sexshop001\/producto\/crystal-jellies-slim-dong-16cm-morado\/"},"modified":"2022-01-22T20:01:04","modified_gmt":"2022-01-22T19:01:04","slug":"crystal-jellies-slim-dong-16cm-morado","status":"publish","type":"product","link":"https:\/\/demoweb.info\/sexshop001\/producto\/crystal-jellies-slim-dong-16cm-morado\/","title":{"rendered":"CRYSTAL JELLIES SLIM DONG 16CM &#8211; MORADO"},"content":{"rendered":"<p><strong>CRYSTAL JELLIES SLIM DONG<\/strong><\/p>\n<p>Crystal Jellies Slim Dong presenta una forma f\u00e1lica suave y aerodin\u00e1mica en uno de los dise\u00f1os delgados m\u00e1s populares de Doc Johnson.<\/p>\n<p>El material puro y seguro para el cuerpo brilla en una variedad de hermosos tonos cristalinos, desde la cabeza redondeada firme hasta la base de ventosa incorporada que permite la diversi\u00f3n sin necesidad de usar las manos.<\/p>\n<p>Caracter\u00edsticas:<\/p>\n<ul>\n<li>Di\u00e1metro: 4 cm<\/li>\n<li>Longitud insertable: 16,3 cm<\/li>\n<li>Material: PVC<\/li>\n<\/ul>\n","protected":false},"excerpt":{"rendered":"<p>CRYSTAL JELLIES SLIM DONG Crystal Jellies Slim Dong presenta una forma f\u00e1lica suave y aerodin\u00e1mica en uno de los dise\u00f1os<\/p>\n","protected":false},"featured_media":67971,"comment_status":"open","ping_status":"open","template":"","meta":[],"product_cat":[757],"product_tag":[845,460],"class_list":["post-67970","product","type-product","status-publish","has-post-thumbnail","hentry","product_cat-gelatina","product_tag-crystal-jellies","product_tag-doc-johnson"],"bundled_by":[],"bundle_stock_status":"instock","bundle_stock_quantity":1,"bundle_virtual":false,"bundle_layout":"","bundle_add_to_cart_form_location":"","bundle_editable_in_cart":false,"bundle_sold_individually_context":"","bundle_item_grouping":"","bundle_min_size":"","bundle_max_size":"","bundled_items":[],"yoast_head":"<!-- This site is optimized with the Yoast SEO plugin v20.6 - https:\/\/yoast.com\/wordpress\/plugins\/seo\/ -->\n<title>CRYSTAL JELLIES SLIM DONG 16CM - MORADO - Tienda Er\u00f3tica<\/title>\n<meta name=\"robots\" content=\"noindex, follow, max-snippet:-1, max-image-preview:large, max-video-preview:-1\" \/>\n<meta property=\"og:locale\" content=\"es_ES\" \/>\n<meta property=\"og:type\" content=\"article\" \/>\n<meta property=\"og:title\" content=\"CRYSTAL JELLIES SLIM DONG 16CM - MORADO - Tienda Er\u00f3tica\" \/>\n<meta property=\"og:description\" content=\"CRYSTAL JELLIES SLIM DONG Crystal Jellies Slim Dong presenta una forma f\u00e1lica suave y aerodin\u00e1mica en uno de los dise\u00f1os\" \/>\n<meta property=\"og:url\" content=\"https:\/\/demoweb.info\/sexshop001\/producto\/crystal-jellies-slim-dong-16cm-morado\/\" \/>\n<meta property=\"og:site_name\" content=\"Tienda Er\u00f3tica\" \/>\n<meta property=\"article:modified_time\" content=\"2022-01-22T19:01:04+00:00\" \/>\n<meta property=\"og:image\" content=\"https:\/\/demoweb.info\/sexshop001\/wp-content\/uploads\/2022\/01\/CRYSTAL-JELLIES-SLIM-DONG-16CM-MORADO.jpg\" \/>\n\t<meta property=\"og:image:width\" content=\"550\" \/>\n\t<meta property=\"og:image:height\" content=\"550\" \/>\n\t<meta property=\"og:image:type\" content=\"image\/jpeg\" \/>\n<meta name=\"twitter:card\" content=\"summary_large_image\" \/>\n<script type=\"application\/ld+json\" class=\"yoast-schema-graph\">{\"@context\":\"https:\/\/schema.org\",\"@graph\":[{\"@type\":\"WebPage\",\"@id\":\"https:\/\/demoweb.info\/sexshop001\/producto\/crystal-jellies-slim-dong-16cm-morado\/\",\"url\":\"https:\/\/demoweb.info\/sexshop001\/producto\/crystal-jellies-slim-dong-16cm-morado\/\",\"name\":\"CRYSTAL JELLIES SLIM DONG 16CM - MORADO - Tienda Er\u00f3tica\",\"isPartOf\":{\"@id\":\"https:\/\/demoweb.info\/sexshop001\/#website\"},\"datePublished\":\"2022-01-22T19:00:41+00:00\",\"dateModified\":\"2022-01-22T19:01:04+00:00\",\"breadcrumb\":{\"@id\":\"https:\/\/demoweb.info\/sexshop001\/producto\/crystal-jellies-slim-dong-16cm-morado\/#breadcrumb\"},\"inLanguage\":\"es\",\"potentialAction\":[{\"@type\":\"ReadAction\",\"target\":[\"https:\/\/demoweb.info\/sexshop001\/producto\/crystal-jellies-slim-dong-16cm-morado\/\"]}]},{\"@type\":\"BreadcrumbList\",\"@id\":\"https:\/\/demoweb.info\/sexshop001\/producto\/crystal-jellies-slim-dong-16cm-morado\/#breadcrumb\",\"itemListElement\":[{\"@type\":\"ListItem\",\"position\":1,\"name\":\"Portada\",\"item\":\"https:\/\/demoweb.info\/sexshop001\/\"},{\"@type\":\"ListItem\",\"position\":2,\"name\":\"Tienda\",\"item\":\"https:\/\/demoweb.info\/sexshop001\/tienda\/\"},{\"@type\":\"ListItem\",\"position\":3,\"name\":\"CRYSTAL JELLIES SLIM DONG 16CM &#8211; MORADO\"}]},{\"@type\":\"WebSite\",\"@id\":\"https:\/\/demoweb.info\/sexshop001\/#website\",\"url\":\"https:\/\/demoweb.info\/sexshop001\/\",\"name\":\"Tienda Er\u00f3tica\",\"description\":\"DEMOWEB SL\",\"potentialAction\":[{\"@type\":\"SearchAction\",\"target\":{\"@type\":\"EntryPoint\",\"urlTemplate\":\"https:\/\/demoweb.info\/sexshop001\/?s={search_term_string}\"},\"query-input\":\"required name=search_term_string\"}],\"inLanguage\":\"es\"}]}<\/script>\n<!-- \/ Yoast SEO plugin. -->","yoast_head_json":{"title":"CRYSTAL JELLIES SLIM DONG 16CM - MORADO - Tienda Er\u00f3tica","robots":{"index":"noindex","follow":"follow","max-snippet":"max-snippet:-1","max-image-preview":"max-image-preview:large","max-video-preview":"max-video-preview:-1"},"og_locale":"es_ES","og_type":"article","og_title":"CRYSTAL JELLIES SLIM DONG 16CM - MORADO - Tienda Er\u00f3tica","og_description":"CRYSTAL JELLIES SLIM DONG Crystal Jellies Slim Dong presenta una forma f\u00e1lica suave y aerodin\u00e1mica en uno de los dise\u00f1os","og_url":"https:\/\/demoweb.info\/sexshop001\/producto\/crystal-jellies-slim-dong-16cm-morado\/","og_site_name":"Tienda Er\u00f3tica","article_modified_time":"2022-01-22T19:01:04+00:00","og_image":[{"width":550,"height":550,"url":"https:\/\/demoweb.info\/sexshop001\/wp-content\/uploads\/2022\/01\/CRYSTAL-JELLIES-SLIM-DONG-16CM-MORADO.jpg","type":"image\/jpeg"}],"twitter_card":"summary_large_image","schema":{"@context":"https:\/\/schema.org","@graph":[{"@type":"WebPage","@id":"https:\/\/demoweb.info\/sexshop001\/producto\/crystal-jellies-slim-dong-16cm-morado\/","url":"https:\/\/demoweb.info\/sexshop001\/producto\/crystal-jellies-slim-dong-16cm-morado\/","name":"CRYSTAL JELLIES SLIM DONG 16CM - MORADO - Tienda Er\u00f3tica","isPartOf":{"@id":"https:\/\/demoweb.info\/sexshop001\/#website"},"datePublished":"2022-01-22T19:00:41+00:00","dateModified":"2022-01-22T19:01:04+00:00","breadcrumb":{"@id":"https:\/\/demoweb.info\/sexshop001\/producto\/crystal-jellies-slim-dong-16cm-morado\/#breadcrumb"},"inLanguage":"es","potentialAction":[{"@type":"ReadAction","target":["https:\/\/demoweb.info\/sexshop001\/producto\/crystal-jellies-slim-dong-16cm-morado\/"]}]},{"@type":"BreadcrumbList","@id":"https:\/\/demoweb.info\/sexshop001\/producto\/crystal-jellies-slim-dong-16cm-morado\/#breadcrumb","itemListElement":[{"@type":"ListItem","position":1,"name":"Portada","item":"https:\/\/demoweb.info\/sexshop001\/"},{"@type":"ListItem","position":2,"name":"Tienda","item":"https:\/\/demoweb.info\/sexshop001\/tienda\/"},{"@type":"ListItem","position":3,"name":"CRYSTAL JELLIES SLIM DONG 16CM &#8211; MORADO"}]},{"@type":"WebSite","@id":"https:\/\/demoweb.info\/sexshop001\/#website","url":"https:\/\/demoweb.info\/sexshop001\/","name":"Tienda Er\u00f3tica","description":"DEMOWEB SL","potentialAction":[{"@type":"SearchAction","target":{"@type":"EntryPoint","urlTemplate":"https:\/\/demoweb.info\/sexshop001\/?s={search_term_string}"},"query-input":"required name=search_term_string"}],"inLanguage":"es"}]}},"_links":{"self":[{"href":"https:\/\/demoweb.info\/sexshop001\/wp-json\/wp\/v3\/product\/67970","targetHints":{"allow":["GET"]}}],"collection":[{"href":"https:\/\/demoweb.info\/sexshop001\/wp-json\/wp\/v3\/product"}],"about":[{"href":"https:\/\/demoweb.info\/sexshop001\/wp-json\/wp\/v2\/types\/product"}],"replies":[{"embeddable":true,"href":"https:\/\/demoweb.info\/sexshop001\/wp-json\/wp\/v2\/comments?post=67970"}],"wp:featuredmedia":[{"embeddable":true,"href":"https:\/\/demoweb.info\/sexshop001\/wp-json\/wp\/v2\/media\/67971"}],"wp:attachment":[{"href":"https:\/\/demoweb.info\/sexshop001\/wp-json\/wp\/v2\/media?parent=67970"}],"wp:term":[{"taxonomy":"product_cat","embeddable":true,"href":"https:\/\/demoweb.info\/sexshop001\/wp-json\/wp\/v2\/product_cat?post=67970"},{"taxonomy":"product_tag","embeddable":true,"href":"https:\/\/demoweb.info\/sexshop001\/wp-json\/wp\/v2\/product_tag?post=67970"}],"curies":[{"name":"wp","href":"https:\/\/api.w.org\/{rel}","templated":true}]}}