{"id":67816,"date":"2022-01-22T19:58:55","date_gmt":"2022-01-22T18:58:55","guid":{"rendered":"https:\/\/demoweb.info\/sexshop001\/producto\/intimax-picardias-silvia-azul\/"},"modified":"2022-01-22T19:59:00","modified_gmt":"2022-01-22T18:59:00","slug":"intimax-picardias-silvia-azul","status":"publish","type":"product","link":"https:\/\/demoweb.info\/sexshop001\/producto\/intimax-picardias-silvia-azul\/","title":{"rendered":"INTIMAX PICARD\u00cdAS SILVIA AZUL"},"content":{"rendered":"<p>Producto: Picard\u00edas<br \/>Color: Azul<br \/>Cierre trasero: Sin cierre<br \/>Cierre delanetero: Sin cierres<br \/>Cuello: De pico<br \/>Copa en el pecho: Sin copa<br \/>Aros en el pecho: Sin aros<br \/>Tipo de corte: Medio (Hasta gluteos)<br \/>Tirantes: Tirantes regulables<br \/>Mangas: Sin mangas<br \/>Tela: Encaje<br \/>Detalles: Otros como se ve en la foto<br \/>Accesorios: Tanga<br \/>Total piezas: 2<br \/>Composici\u00f3n: 65% Algod\u00f3n &#8211; 35% Poliester<br \/>Etiquetaje: Etiqueta con foto y c\u00f3digo<\/p>\n","protected":false},"excerpt":{"rendered":"<p>Producto: Picard\u00edasColor: AzulCierre trasero: Sin cierreCierre delanetero: Sin cierresCuello: De picoCopa en el pecho: Sin copaAros en el pecho: Sin<\/p>\n","protected":false},"featured_media":67817,"comment_status":"open","ping_status":"open","template":"","meta":[],"product_cat":[381],"product_tag":[441,1429],"class_list":["post-67816","product","type-product","status-publish","has-post-thumbnail","hentry","product_cat-picardias","product_tag-intimax","product_tag-romantic"],"bundled_by":[],"bundle_stock_status":"instock","bundle_stock_quantity":7,"bundle_virtual":false,"bundle_layout":"","bundle_add_to_cart_form_location":"","bundle_editable_in_cart":false,"bundle_sold_individually_context":"","bundle_item_grouping":"","bundle_min_size":"","bundle_max_size":"","bundled_items":[],"yoast_head":"<!-- This site is optimized with the Yoast SEO plugin v20.6 - https:\/\/yoast.com\/wordpress\/plugins\/seo\/ -->\n<title>INTIMAX PICARD\u00cdAS SILVIA AZUL - Tienda Er\u00f3tica<\/title>\n<meta name=\"robots\" content=\"noindex, follow, max-snippet:-1, max-image-preview:large, max-video-preview:-1\" \/>\n<meta property=\"og:locale\" content=\"es_ES\" \/>\n<meta property=\"og:type\" content=\"article\" \/>\n<meta property=\"og:title\" content=\"INTIMAX PICARD\u00cdAS SILVIA AZUL - Tienda Er\u00f3tica\" \/>\n<meta property=\"og:description\" content=\"Producto: Picard\u00edasColor: AzulCierre trasero: Sin cierreCierre delanetero: Sin cierresCuello: De picoCopa en el pecho: Sin copaAros en el pecho: Sin\" \/>\n<meta property=\"og:url\" content=\"https:\/\/demoweb.info\/sexshop001\/producto\/intimax-picardias-silvia-azul\/\" \/>\n<meta property=\"og:site_name\" content=\"Tienda Er\u00f3tica\" \/>\n<meta property=\"article:modified_time\" content=\"2022-01-22T18:59:00+00:00\" \/>\n<meta property=\"og:image\" content=\"https:\/\/demoweb.info\/sexshop001\/wp-content\/uploads\/2022\/01\/INTIMAX-PICARDIAS-SILVIA-AZUL.jpg\" \/>\n\t<meta property=\"og:image:width\" content=\"550\" \/>\n\t<meta property=\"og:image:height\" content=\"550\" \/>\n\t<meta property=\"og:image:type\" content=\"image\/jpeg\" \/>\n<meta name=\"twitter:card\" content=\"summary_large_image\" \/>\n<script type=\"application\/ld+json\" class=\"yoast-schema-graph\">{\"@context\":\"https:\/\/schema.org\",\"@graph\":[{\"@type\":\"WebPage\",\"@id\":\"https:\/\/demoweb.info\/sexshop001\/producto\/intimax-picardias-silvia-azul\/\",\"url\":\"https:\/\/demoweb.info\/sexshop001\/producto\/intimax-picardias-silvia-azul\/\",\"name\":\"INTIMAX PICARD\u00cdAS SILVIA AZUL - Tienda Er\u00f3tica\",\"isPartOf\":{\"@id\":\"https:\/\/demoweb.info\/sexshop001\/#website\"},\"datePublished\":\"2022-01-22T18:58:55+00:00\",\"dateModified\":\"2022-01-22T18:59:00+00:00\",\"breadcrumb\":{\"@id\":\"https:\/\/demoweb.info\/sexshop001\/producto\/intimax-picardias-silvia-azul\/#breadcrumb\"},\"inLanguage\":\"es\",\"potentialAction\":[{\"@type\":\"ReadAction\",\"target\":[\"https:\/\/demoweb.info\/sexshop001\/producto\/intimax-picardias-silvia-azul\/\"]}]},{\"@type\":\"BreadcrumbList\",\"@id\":\"https:\/\/demoweb.info\/sexshop001\/producto\/intimax-picardias-silvia-azul\/#breadcrumb\",\"itemListElement\":[{\"@type\":\"ListItem\",\"position\":1,\"name\":\"Portada\",\"item\":\"https:\/\/demoweb.info\/sexshop001\/\"},{\"@type\":\"ListItem\",\"position\":2,\"name\":\"Tienda\",\"item\":\"https:\/\/demoweb.info\/sexshop001\/tienda\/\"},{\"@type\":\"ListItem\",\"position\":3,\"name\":\"INTIMAX PICARD\u00cdAS SILVIA AZUL\"}]},{\"@type\":\"WebSite\",\"@id\":\"https:\/\/demoweb.info\/sexshop001\/#website\",\"url\":\"https:\/\/demoweb.info\/sexshop001\/\",\"name\":\"Tienda Er\u00f3tica\",\"description\":\"DEMOWEB SL\",\"potentialAction\":[{\"@type\":\"SearchAction\",\"target\":{\"@type\":\"EntryPoint\",\"urlTemplate\":\"https:\/\/demoweb.info\/sexshop001\/?s={search_term_string}\"},\"query-input\":\"required name=search_term_string\"}],\"inLanguage\":\"es\"}]}<\/script>\n<!-- \/ Yoast SEO plugin. -->","yoast_head_json":{"title":"INTIMAX PICARD\u00cdAS SILVIA AZUL - Tienda Er\u00f3tica","robots":{"index":"noindex","follow":"follow","max-snippet":"max-snippet:-1","max-image-preview":"max-image-preview:large","max-video-preview":"max-video-preview:-1"},"og_locale":"es_ES","og_type":"article","og_title":"INTIMAX PICARD\u00cdAS SILVIA AZUL - Tienda Er\u00f3tica","og_description":"Producto: Picard\u00edasColor: AzulCierre trasero: Sin cierreCierre delanetero: Sin cierresCuello: De picoCopa en el pecho: Sin copaAros en el pecho: Sin","og_url":"https:\/\/demoweb.info\/sexshop001\/producto\/intimax-picardias-silvia-azul\/","og_site_name":"Tienda Er\u00f3tica","article_modified_time":"2022-01-22T18:59:00+00:00","og_image":[{"width":550,"height":550,"url":"https:\/\/demoweb.info\/sexshop001\/wp-content\/uploads\/2022\/01\/INTIMAX-PICARDIAS-SILVIA-AZUL.jpg","type":"image\/jpeg"}],"twitter_card":"summary_large_image","schema":{"@context":"https:\/\/schema.org","@graph":[{"@type":"WebPage","@id":"https:\/\/demoweb.info\/sexshop001\/producto\/intimax-picardias-silvia-azul\/","url":"https:\/\/demoweb.info\/sexshop001\/producto\/intimax-picardias-silvia-azul\/","name":"INTIMAX PICARD\u00cdAS SILVIA AZUL - Tienda Er\u00f3tica","isPartOf":{"@id":"https:\/\/demoweb.info\/sexshop001\/#website"},"datePublished":"2022-01-22T18:58:55+00:00","dateModified":"2022-01-22T18:59:00+00:00","breadcrumb":{"@id":"https:\/\/demoweb.info\/sexshop001\/producto\/intimax-picardias-silvia-azul\/#breadcrumb"},"inLanguage":"es","potentialAction":[{"@type":"ReadAction","target":["https:\/\/demoweb.info\/sexshop001\/producto\/intimax-picardias-silvia-azul\/"]}]},{"@type":"BreadcrumbList","@id":"https:\/\/demoweb.info\/sexshop001\/producto\/intimax-picardias-silvia-azul\/#breadcrumb","itemListElement":[{"@type":"ListItem","position":1,"name":"Portada","item":"https:\/\/demoweb.info\/sexshop001\/"},{"@type":"ListItem","position":2,"name":"Tienda","item":"https:\/\/demoweb.info\/sexshop001\/tienda\/"},{"@type":"ListItem","position":3,"name":"INTIMAX PICARD\u00cdAS SILVIA AZUL"}]},{"@type":"WebSite","@id":"https:\/\/demoweb.info\/sexshop001\/#website","url":"https:\/\/demoweb.info\/sexshop001\/","name":"Tienda Er\u00f3tica","description":"DEMOWEB SL","potentialAction":[{"@type":"SearchAction","target":{"@type":"EntryPoint","urlTemplate":"https:\/\/demoweb.info\/sexshop001\/?s={search_term_string}"},"query-input":"required name=search_term_string"}],"inLanguage":"es"}]}},"_links":{"self":[{"href":"https:\/\/demoweb.info\/sexshop001\/wp-json\/wp\/v3\/product\/67816","targetHints":{"allow":["GET"]}}],"collection":[{"href":"https:\/\/demoweb.info\/sexshop001\/wp-json\/wp\/v3\/product"}],"about":[{"href":"https:\/\/demoweb.info\/sexshop001\/wp-json\/wp\/v2\/types\/product"}],"replies":[{"embeddable":true,"href":"https:\/\/demoweb.info\/sexshop001\/wp-json\/wp\/v2\/comments?post=67816"}],"wp:featuredmedia":[{"embeddable":true,"href":"https:\/\/demoweb.info\/sexshop001\/wp-json\/wp\/v2\/media\/67817"}],"wp:attachment":[{"href":"https:\/\/demoweb.info\/sexshop001\/wp-json\/wp\/v2\/media?parent=67816"}],"wp:term":[{"taxonomy":"product_cat","embeddable":true,"href":"https:\/\/demoweb.info\/sexshop001\/wp-json\/wp\/v2\/product_cat?post=67816"},{"taxonomy":"product_tag","embeddable":true,"href":"https:\/\/demoweb.info\/sexshop001\/wp-json\/wp\/v2\/product_tag?post=67816"}],"curies":[{"name":"wp","href":"https:\/\/api.w.org\/{rel}","templated":true}]}}