{"id":67304,"date":"2022-01-22T19:51:02","date_gmt":"2022-01-22T18:51:02","guid":{"rendered":"https:\/\/demoweb.info\/sexshop001\/producto\/baci-medias-hasta-el-muslo-jacquard-negras\/"},"modified":"2022-01-22T19:51:27","modified_gmt":"2022-01-22T18:51:27","slug":"baci-medias-hasta-el-muslo-jacquard-negras","status":"publish","type":"product","link":"https:\/\/demoweb.info\/sexshop001\/producto\/baci-medias-hasta-el-muslo-jacquard-negras\/","title":{"rendered":"BACI MEDIAS HASTA EL MUSLO JACQUARD NEGRAS"},"content":{"rendered":"<p><strong>BACI JACQUARD THIGH HIGHS BLACK<\/strong><\/p>\n<p>Medias el\u00e1sticas hasta el muslo, estilo Jacquard color negro.<\/p>\n<p><strong>Baci<\/strong>, en italiano significa Besos, se esfuerza en sacar la parte m\u00e1s seductora de todas las mujeres. Ofreciendo la m\u00e1s sexy, lencer\u00eda y accesorios, con dise\u00f1os diferentes y elegantes, cuidadosamente fabricados y con un valor excepcional.<br \/>\n<strong>Baci Lingerie<\/strong> esta dise\u00f1ado para inspirar a todo tipo de mujer y mostrar su parte m\u00e1s sensual.<\/p>\n","protected":false},"excerpt":{"rendered":"<p>BACI JACQUARD THIGH HIGHS BLACK Medias el\u00e1sticas hasta el muslo, estilo Jacquard color negro. Baci, en italiano significa Besos, se<\/p>\n","protected":false},"featured_media":67305,"comment_status":"open","ping_status":"open","template":"","meta":[],"product_cat":[551],"product_tag":[1661,549],"class_list":["post-67304","product","type-product","status-publish","has-post-thumbnail","hentry","product_cat-fantasia-medias","product_tag-after-dark","product_tag-baci-lingerie"],"bundled_by":[],"bundle_stock_status":"instock","bundle_stock_quantity":2,"bundle_virtual":false,"bundle_layout":"","bundle_add_to_cart_form_location":"","bundle_editable_in_cart":false,"bundle_sold_individually_context":"","bundle_item_grouping":"","bundle_min_size":"","bundle_max_size":"","bundled_items":[],"yoast_head":"<!-- This site is optimized with the Yoast SEO plugin v20.6 - https:\/\/yoast.com\/wordpress\/plugins\/seo\/ -->\n<title>BACI MEDIAS HASTA EL MUSLO JACQUARD NEGRAS - Tienda Er\u00f3tica<\/title>\n<meta name=\"robots\" content=\"noindex, follow, max-snippet:-1, max-image-preview:large, max-video-preview:-1\" \/>\n<meta property=\"og:locale\" content=\"es_ES\" \/>\n<meta property=\"og:type\" content=\"article\" \/>\n<meta property=\"og:title\" content=\"BACI MEDIAS HASTA EL MUSLO JACQUARD NEGRAS - Tienda Er\u00f3tica\" \/>\n<meta property=\"og:description\" content=\"BACI JACQUARD THIGH HIGHS BLACK Medias el\u00e1sticas hasta el muslo, estilo Jacquard color negro. Baci, en italiano significa Besos, se\" \/>\n<meta property=\"og:url\" content=\"https:\/\/demoweb.info\/sexshop001\/producto\/baci-medias-hasta-el-muslo-jacquard-negras\/\" \/>\n<meta property=\"og:site_name\" content=\"Tienda Er\u00f3tica\" \/>\n<meta property=\"article:modified_time\" content=\"2022-01-22T18:51:27+00:00\" \/>\n<meta property=\"og:image\" content=\"https:\/\/demoweb.info\/sexshop001\/wp-content\/uploads\/2022\/01\/BACI-MEDIAS-HASTA-EL-MUSLO-JACQUARD-NEGRAS.jpg\" \/>\n\t<meta property=\"og:image:width\" content=\"550\" \/>\n\t<meta property=\"og:image:height\" content=\"550\" \/>\n\t<meta property=\"og:image:type\" content=\"image\/jpeg\" \/>\n<meta name=\"twitter:card\" content=\"summary_large_image\" \/>\n<script type=\"application\/ld+json\" class=\"yoast-schema-graph\">{\"@context\":\"https:\/\/schema.org\",\"@graph\":[{\"@type\":\"WebPage\",\"@id\":\"https:\/\/demoweb.info\/sexshop001\/producto\/baci-medias-hasta-el-muslo-jacquard-negras\/\",\"url\":\"https:\/\/demoweb.info\/sexshop001\/producto\/baci-medias-hasta-el-muslo-jacquard-negras\/\",\"name\":\"BACI MEDIAS HASTA EL MUSLO JACQUARD NEGRAS - Tienda Er\u00f3tica\",\"isPartOf\":{\"@id\":\"https:\/\/demoweb.info\/sexshop001\/#website\"},\"datePublished\":\"2022-01-22T18:51:02+00:00\",\"dateModified\":\"2022-01-22T18:51:27+00:00\",\"breadcrumb\":{\"@id\":\"https:\/\/demoweb.info\/sexshop001\/producto\/baci-medias-hasta-el-muslo-jacquard-negras\/#breadcrumb\"},\"inLanguage\":\"es\",\"potentialAction\":[{\"@type\":\"ReadAction\",\"target\":[\"https:\/\/demoweb.info\/sexshop001\/producto\/baci-medias-hasta-el-muslo-jacquard-negras\/\"]}]},{\"@type\":\"BreadcrumbList\",\"@id\":\"https:\/\/demoweb.info\/sexshop001\/producto\/baci-medias-hasta-el-muslo-jacquard-negras\/#breadcrumb\",\"itemListElement\":[{\"@type\":\"ListItem\",\"position\":1,\"name\":\"Portada\",\"item\":\"https:\/\/demoweb.info\/sexshop001\/\"},{\"@type\":\"ListItem\",\"position\":2,\"name\":\"Tienda\",\"item\":\"https:\/\/demoweb.info\/sexshop001\/tienda\/\"},{\"@type\":\"ListItem\",\"position\":3,\"name\":\"BACI MEDIAS HASTA EL MUSLO JACQUARD NEGRAS\"}]},{\"@type\":\"WebSite\",\"@id\":\"https:\/\/demoweb.info\/sexshop001\/#website\",\"url\":\"https:\/\/demoweb.info\/sexshop001\/\",\"name\":\"Tienda Er\u00f3tica\",\"description\":\"DEMOWEB SL\",\"potentialAction\":[{\"@type\":\"SearchAction\",\"target\":{\"@type\":\"EntryPoint\",\"urlTemplate\":\"https:\/\/demoweb.info\/sexshop001\/?s={search_term_string}\"},\"query-input\":\"required name=search_term_string\"}],\"inLanguage\":\"es\"}]}<\/script>\n<!-- \/ Yoast SEO plugin. -->","yoast_head_json":{"title":"BACI MEDIAS HASTA EL MUSLO JACQUARD NEGRAS - Tienda Er\u00f3tica","robots":{"index":"noindex","follow":"follow","max-snippet":"max-snippet:-1","max-image-preview":"max-image-preview:large","max-video-preview":"max-video-preview:-1"},"og_locale":"es_ES","og_type":"article","og_title":"BACI MEDIAS HASTA EL MUSLO JACQUARD NEGRAS - Tienda Er\u00f3tica","og_description":"BACI JACQUARD THIGH HIGHS BLACK Medias el\u00e1sticas hasta el muslo, estilo Jacquard color negro. Baci, en italiano significa Besos, se","og_url":"https:\/\/demoweb.info\/sexshop001\/producto\/baci-medias-hasta-el-muslo-jacquard-negras\/","og_site_name":"Tienda Er\u00f3tica","article_modified_time":"2022-01-22T18:51:27+00:00","og_image":[{"width":550,"height":550,"url":"https:\/\/demoweb.info\/sexshop001\/wp-content\/uploads\/2022\/01\/BACI-MEDIAS-HASTA-EL-MUSLO-JACQUARD-NEGRAS.jpg","type":"image\/jpeg"}],"twitter_card":"summary_large_image","schema":{"@context":"https:\/\/schema.org","@graph":[{"@type":"WebPage","@id":"https:\/\/demoweb.info\/sexshop001\/producto\/baci-medias-hasta-el-muslo-jacquard-negras\/","url":"https:\/\/demoweb.info\/sexshop001\/producto\/baci-medias-hasta-el-muslo-jacquard-negras\/","name":"BACI MEDIAS HASTA EL MUSLO JACQUARD NEGRAS - Tienda Er\u00f3tica","isPartOf":{"@id":"https:\/\/demoweb.info\/sexshop001\/#website"},"datePublished":"2022-01-22T18:51:02+00:00","dateModified":"2022-01-22T18:51:27+00:00","breadcrumb":{"@id":"https:\/\/demoweb.info\/sexshop001\/producto\/baci-medias-hasta-el-muslo-jacquard-negras\/#breadcrumb"},"inLanguage":"es","potentialAction":[{"@type":"ReadAction","target":["https:\/\/demoweb.info\/sexshop001\/producto\/baci-medias-hasta-el-muslo-jacquard-negras\/"]}]},{"@type":"BreadcrumbList","@id":"https:\/\/demoweb.info\/sexshop001\/producto\/baci-medias-hasta-el-muslo-jacquard-negras\/#breadcrumb","itemListElement":[{"@type":"ListItem","position":1,"name":"Portada","item":"https:\/\/demoweb.info\/sexshop001\/"},{"@type":"ListItem","position":2,"name":"Tienda","item":"https:\/\/demoweb.info\/sexshop001\/tienda\/"},{"@type":"ListItem","position":3,"name":"BACI MEDIAS HASTA EL MUSLO JACQUARD NEGRAS"}]},{"@type":"WebSite","@id":"https:\/\/demoweb.info\/sexshop001\/#website","url":"https:\/\/demoweb.info\/sexshop001\/","name":"Tienda Er\u00f3tica","description":"DEMOWEB SL","potentialAction":[{"@type":"SearchAction","target":{"@type":"EntryPoint","urlTemplate":"https:\/\/demoweb.info\/sexshop001\/?s={search_term_string}"},"query-input":"required name=search_term_string"}],"inLanguage":"es"}]}},"_links":{"self":[{"href":"https:\/\/demoweb.info\/sexshop001\/wp-json\/wp\/v3\/product\/67304","targetHints":{"allow":["GET"]}}],"collection":[{"href":"https:\/\/demoweb.info\/sexshop001\/wp-json\/wp\/v3\/product"}],"about":[{"href":"https:\/\/demoweb.info\/sexshop001\/wp-json\/wp\/v2\/types\/product"}],"replies":[{"embeddable":true,"href":"https:\/\/demoweb.info\/sexshop001\/wp-json\/wp\/v2\/comments?post=67304"}],"wp:featuredmedia":[{"embeddable":true,"href":"https:\/\/demoweb.info\/sexshop001\/wp-json\/wp\/v2\/media\/67305"}],"wp:attachment":[{"href":"https:\/\/demoweb.info\/sexshop001\/wp-json\/wp\/v2\/media?parent=67304"}],"wp:term":[{"taxonomy":"product_cat","embeddable":true,"href":"https:\/\/demoweb.info\/sexshop001\/wp-json\/wp\/v2\/product_cat?post=67304"},{"taxonomy":"product_tag","embeddable":true,"href":"https:\/\/demoweb.info\/sexshop001\/wp-json\/wp\/v2\/product_tag?post=67304"}],"curies":[{"name":"wp","href":"https:\/\/api.w.org\/{rel}","templated":true}]}}