{"id":67039,"date":"2022-01-22T19:47:11","date_gmt":"2022-01-22T18:47:11","guid":{"rendered":"https:\/\/demoweb.info\/sexshop001\/producto\/baci-camisa-de-red-con-encaje\/"},"modified":"2022-01-22T19:47:17","modified_gmt":"2022-01-22T18:47:17","slug":"baci-camisa-de-red-con-encaje","status":"publish","type":"product","link":"https:\/\/demoweb.info\/sexshop001\/producto\/baci-camisa-de-red-con-encaje\/","title":{"rendered":"BACI CAMISA DE RED CON ENCAJE"},"content":{"rendered":"<p><strong>BACI MESH CHEMISE WITH BOWS<\/strong><\/p>\n<p>Camisa de red roja con encaje, adem\u00e1s lleva un un lazo en la parte izquierda de la camisa. Es la prenda perfecta para aquellas que disfrutan mostrando su piel. No incluye el resto de accesorios.<\/p>\n<p><strong>Baci Lingerie<\/strong> es el referente de lencer\u00eda elegante y seductora. <strong>Baci Lingerie<\/strong> ha logrado una colecci\u00f3n innovadora que se ha convertido en el s\u00edmbolo del lujo al alcance de todos. Belleza y lujo no deben reservarse exclusivamente a una minor\u00eda, sino que deben estar a disposici\u00f3n de todo el mundo.<\/p>\n","protected":false},"excerpt":{"rendered":"<p>BACI MESH CHEMISE WITH BOWS Camisa de red roja con encaje, adem\u00e1s lleva un un lazo en la parte izquierda<\/p>\n","protected":false},"featured_media":67040,"comment_status":"open","ping_status":"open","template":"","meta":[],"product_cat":[342],"product_tag":[549,1044],"class_list":["post-67039","product","type-product","status-publish","has-post-thumbnail","hentry","product_cat-bodys","product_tag-baci-lingerie","product_tag-white-label"],"bundled_by":[],"bundle_stock_status":"instock","bundle_stock_quantity":1,"bundle_virtual":false,"bundle_layout":"","bundle_add_to_cart_form_location":"","bundle_editable_in_cart":false,"bundle_sold_individually_context":"","bundle_item_grouping":"","bundle_min_size":"","bundle_max_size":"","bundled_items":[],"yoast_head":"<!-- This site is optimized with the Yoast SEO plugin v20.6 - https:\/\/yoast.com\/wordpress\/plugins\/seo\/ -->\n<title>BACI CAMISA DE RED CON ENCAJE - Tienda Er\u00f3tica<\/title>\n<meta name=\"robots\" content=\"noindex, follow, max-snippet:-1, max-image-preview:large, max-video-preview:-1\" \/>\n<meta property=\"og:locale\" content=\"es_ES\" \/>\n<meta property=\"og:type\" content=\"article\" \/>\n<meta property=\"og:title\" content=\"BACI CAMISA DE RED CON ENCAJE - Tienda Er\u00f3tica\" \/>\n<meta property=\"og:description\" content=\"BACI MESH CHEMISE WITH BOWS Camisa de red roja con encaje, adem\u00e1s lleva un un lazo en la parte izquierda\" \/>\n<meta property=\"og:url\" content=\"https:\/\/demoweb.info\/sexshop001\/producto\/baci-camisa-de-red-con-encaje\/\" \/>\n<meta property=\"og:site_name\" content=\"Tienda Er\u00f3tica\" \/>\n<meta property=\"article:modified_time\" content=\"2022-01-22T18:47:17+00:00\" \/>\n<meta property=\"og:image\" content=\"https:\/\/demoweb.info\/sexshop001\/wp-content\/uploads\/2022\/01\/BACI-CAMISA-DE-RED-CON-ENCAJE.jpg\" \/>\n\t<meta property=\"og:image:width\" content=\"367\" \/>\n\t<meta property=\"og:image:height\" content=\"550\" \/>\n\t<meta property=\"og:image:type\" content=\"image\/jpeg\" \/>\n<meta name=\"twitter:card\" content=\"summary_large_image\" \/>\n<script type=\"application\/ld+json\" class=\"yoast-schema-graph\">{\"@context\":\"https:\/\/schema.org\",\"@graph\":[{\"@type\":\"WebPage\",\"@id\":\"https:\/\/demoweb.info\/sexshop001\/producto\/baci-camisa-de-red-con-encaje\/\",\"url\":\"https:\/\/demoweb.info\/sexshop001\/producto\/baci-camisa-de-red-con-encaje\/\",\"name\":\"BACI CAMISA DE RED CON ENCAJE - Tienda Er\u00f3tica\",\"isPartOf\":{\"@id\":\"https:\/\/demoweb.info\/sexshop001\/#website\"},\"datePublished\":\"2022-01-22T18:47:11+00:00\",\"dateModified\":\"2022-01-22T18:47:17+00:00\",\"breadcrumb\":{\"@id\":\"https:\/\/demoweb.info\/sexshop001\/producto\/baci-camisa-de-red-con-encaje\/#breadcrumb\"},\"inLanguage\":\"es\",\"potentialAction\":[{\"@type\":\"ReadAction\",\"target\":[\"https:\/\/demoweb.info\/sexshop001\/producto\/baci-camisa-de-red-con-encaje\/\"]}]},{\"@type\":\"BreadcrumbList\",\"@id\":\"https:\/\/demoweb.info\/sexshop001\/producto\/baci-camisa-de-red-con-encaje\/#breadcrumb\",\"itemListElement\":[{\"@type\":\"ListItem\",\"position\":1,\"name\":\"Portada\",\"item\":\"https:\/\/demoweb.info\/sexshop001\/\"},{\"@type\":\"ListItem\",\"position\":2,\"name\":\"Tienda\",\"item\":\"https:\/\/demoweb.info\/sexshop001\/tienda\/\"},{\"@type\":\"ListItem\",\"position\":3,\"name\":\"BACI CAMISA DE RED CON ENCAJE\"}]},{\"@type\":\"WebSite\",\"@id\":\"https:\/\/demoweb.info\/sexshop001\/#website\",\"url\":\"https:\/\/demoweb.info\/sexshop001\/\",\"name\":\"Tienda Er\u00f3tica\",\"description\":\"DEMOWEB SL\",\"potentialAction\":[{\"@type\":\"SearchAction\",\"target\":{\"@type\":\"EntryPoint\",\"urlTemplate\":\"https:\/\/demoweb.info\/sexshop001\/?s={search_term_string}\"},\"query-input\":\"required name=search_term_string\"}],\"inLanguage\":\"es\"}]}<\/script>\n<!-- \/ Yoast SEO plugin. -->","yoast_head_json":{"title":"BACI CAMISA DE RED CON ENCAJE - Tienda Er\u00f3tica","robots":{"index":"noindex","follow":"follow","max-snippet":"max-snippet:-1","max-image-preview":"max-image-preview:large","max-video-preview":"max-video-preview:-1"},"og_locale":"es_ES","og_type":"article","og_title":"BACI CAMISA DE RED CON ENCAJE - Tienda Er\u00f3tica","og_description":"BACI MESH CHEMISE WITH BOWS Camisa de red roja con encaje, adem\u00e1s lleva un un lazo en la parte izquierda","og_url":"https:\/\/demoweb.info\/sexshop001\/producto\/baci-camisa-de-red-con-encaje\/","og_site_name":"Tienda Er\u00f3tica","article_modified_time":"2022-01-22T18:47:17+00:00","og_image":[{"width":367,"height":550,"url":"https:\/\/demoweb.info\/sexshop001\/wp-content\/uploads\/2022\/01\/BACI-CAMISA-DE-RED-CON-ENCAJE.jpg","type":"image\/jpeg"}],"twitter_card":"summary_large_image","schema":{"@context":"https:\/\/schema.org","@graph":[{"@type":"WebPage","@id":"https:\/\/demoweb.info\/sexshop001\/producto\/baci-camisa-de-red-con-encaje\/","url":"https:\/\/demoweb.info\/sexshop001\/producto\/baci-camisa-de-red-con-encaje\/","name":"BACI CAMISA DE RED CON ENCAJE - Tienda Er\u00f3tica","isPartOf":{"@id":"https:\/\/demoweb.info\/sexshop001\/#website"},"datePublished":"2022-01-22T18:47:11+00:00","dateModified":"2022-01-22T18:47:17+00:00","breadcrumb":{"@id":"https:\/\/demoweb.info\/sexshop001\/producto\/baci-camisa-de-red-con-encaje\/#breadcrumb"},"inLanguage":"es","potentialAction":[{"@type":"ReadAction","target":["https:\/\/demoweb.info\/sexshop001\/producto\/baci-camisa-de-red-con-encaje\/"]}]},{"@type":"BreadcrumbList","@id":"https:\/\/demoweb.info\/sexshop001\/producto\/baci-camisa-de-red-con-encaje\/#breadcrumb","itemListElement":[{"@type":"ListItem","position":1,"name":"Portada","item":"https:\/\/demoweb.info\/sexshop001\/"},{"@type":"ListItem","position":2,"name":"Tienda","item":"https:\/\/demoweb.info\/sexshop001\/tienda\/"},{"@type":"ListItem","position":3,"name":"BACI CAMISA DE RED CON ENCAJE"}]},{"@type":"WebSite","@id":"https:\/\/demoweb.info\/sexshop001\/#website","url":"https:\/\/demoweb.info\/sexshop001\/","name":"Tienda Er\u00f3tica","description":"DEMOWEB SL","potentialAction":[{"@type":"SearchAction","target":{"@type":"EntryPoint","urlTemplate":"https:\/\/demoweb.info\/sexshop001\/?s={search_term_string}"},"query-input":"required name=search_term_string"}],"inLanguage":"es"}]}},"_links":{"self":[{"href":"https:\/\/demoweb.info\/sexshop001\/wp-json\/wp\/v3\/product\/67039","targetHints":{"allow":["GET"]}}],"collection":[{"href":"https:\/\/demoweb.info\/sexshop001\/wp-json\/wp\/v3\/product"}],"about":[{"href":"https:\/\/demoweb.info\/sexshop001\/wp-json\/wp\/v2\/types\/product"}],"replies":[{"embeddable":true,"href":"https:\/\/demoweb.info\/sexshop001\/wp-json\/wp\/v2\/comments?post=67039"}],"wp:featuredmedia":[{"embeddable":true,"href":"https:\/\/demoweb.info\/sexshop001\/wp-json\/wp\/v2\/media\/67040"}],"wp:attachment":[{"href":"https:\/\/demoweb.info\/sexshop001\/wp-json\/wp\/v2\/media?parent=67039"}],"wp:term":[{"taxonomy":"product_cat","embeddable":true,"href":"https:\/\/demoweb.info\/sexshop001\/wp-json\/wp\/v2\/product_cat?post=67039"},{"taxonomy":"product_tag","embeddable":true,"href":"https:\/\/demoweb.info\/sexshop001\/wp-json\/wp\/v2\/product_tag?post=67039"}],"curies":[{"name":"wp","href":"https:\/\/api.w.org\/{rel}","templated":true}]}}