{"id":66969,"date":"2022-01-22T19:46:01","date_gmt":"2022-01-22T18:46:01","guid":{"rendered":"https:\/\/demoweb.info\/sexshop001\/producto\/intimax-corset-fortuna-negro\/"},"modified":"2022-01-22T19:46:20","modified_gmt":"2022-01-22T18:46:20","slug":"intimax-corset-fortuna-negro","status":"publish","type":"product","link":"https:\/\/demoweb.info\/sexshop001\/producto\/intimax-corset-fortuna-negro\/","title":{"rendered":"INTIMAX CORSET FORTUNA NEGRO"},"content":{"rendered":"<p><strong>INTIMAX CORSET FORTUNA NEGRO-<\/strong><\/p>\n<p>Corset color negro.<\/p>\n<p>&#8211; Cors\u00e9 con varillas de pl\u00e1stico r\u00edgidas.<br \/>\n&#8211; Cierre por medio de tiras cruzadas en parte trasera y apliques tipo gancho en la parte frontal.<br \/>\n&#8211; El gancho de la parte frontal esta compuesto varillas de acero resistentes, as\u00ed podr\u00e1s ce\u00f1ir todo lo que quieras tu corset sin miedo a romperlo.<br \/>\n&#8211; El modelo m\u00e1s b\u00e1sico y m\u00e1s combinable con tus vaqueros o leggins.<br \/>\n&#8211; Tejido de alta calidad con un acabado ideal para vestir en la calle.<br \/>\n&#8211; Incluye tanga negro a juego.<\/p>\n<p>Mide tu cintura y elige la talla correcta, de pecho y de cadera te lo puedes ajustar con la lazada trasera sin problemas.<\/p>\n<p>Talla S: entre 61 a 71 cm de cintura.<br \/>\nTalla M: entre 68 a 78 cm de cintura.<br \/>\nTalla L: entre 73 a 83 cm de cintura.<br \/>\nTalla XL: entre 79 a 89 cm de cintura.<br \/>\nTalla XXL: entre 83 a 93 cm de cintura.<\/p>\n<p>IMPORTANTE: La cintura se mide con una cinta m\u00e9trica y siempre por la parte m\u00e1s delgada del tronco, normalmente suele ser 2 dedos por encima del ombligo. Consejo: Si tienes una medida de pecho inferior a 80 cm intenta elegir una S o M como m\u00e1ximo. Si tienes un pecho superior a 100 intenta ajustarte a tallas L, XL, XXL.<\/p>\n<p>Cuidados:<\/p>\n<p>&#8211; Lavar a mano con agua fr\u00eda.<br \/>\n&#8211; Utilizar jab\u00f3n neutro.<br \/>\n&#8211; No utilizar lej\u00eda.<br \/>\n&#8211; Aclarar sin retorcer.<br \/>\n&#8211; Planchar s\u00f3lo las partes no el\u00e1sticas.<\/p>\n<p>\n&#8211; Disponible en Tallas S,M,L,XL<\/p>\n","protected":false},"excerpt":{"rendered":"<p>INTIMAX CORSET FORTUNA NEGRO- Corset color negro. &#8211; Cors\u00e9 con varillas de pl\u00e1stico r\u00edgidas. &#8211; Cierre por medio de tiras<\/p>\n","protected":false},"featured_media":66970,"comment_status":"open","ping_status":"open","template":"","meta":[],"product_cat":[570],"product_tag":[441,1427],"class_list":["post-66969","product","type-product","status-publish","has-post-thumbnail","hentry","product_cat-de-vestir","product_tag-intimax","product_tag-urban"],"bundled_by":[],"bundle_stock_status":"outofstock","bundle_stock_quantity":0,"bundle_virtual":false,"bundle_layout":"","bundle_add_to_cart_form_location":"","bundle_editable_in_cart":false,"bundle_sold_individually_context":"","bundle_item_grouping":"","bundle_min_size":"","bundle_max_size":"","bundled_items":[],"yoast_head":"<!-- This site is optimized with the Yoast SEO plugin v20.6 - https:\/\/yoast.com\/wordpress\/plugins\/seo\/ -->\n<title>INTIMAX CORSET FORTUNA NEGRO - Tienda Er\u00f3tica<\/title>\n<meta name=\"robots\" content=\"noindex, follow, max-snippet:-1, max-image-preview:large, max-video-preview:-1\" \/>\n<meta property=\"og:locale\" content=\"es_ES\" \/>\n<meta property=\"og:type\" content=\"article\" \/>\n<meta property=\"og:title\" content=\"INTIMAX CORSET FORTUNA NEGRO - Tienda Er\u00f3tica\" \/>\n<meta property=\"og:description\" content=\"INTIMAX CORSET FORTUNA NEGRO- Corset color negro. &#8211; Cors\u00e9 con varillas de pl\u00e1stico r\u00edgidas. &#8211; Cierre por medio de tiras\" \/>\n<meta property=\"og:url\" content=\"https:\/\/demoweb.info\/sexshop001\/producto\/intimax-corset-fortuna-negro\/\" \/>\n<meta property=\"og:site_name\" content=\"Tienda Er\u00f3tica\" \/>\n<meta property=\"article:modified_time\" content=\"2022-01-22T18:46:20+00:00\" \/>\n<meta property=\"og:image\" content=\"https:\/\/demoweb.info\/sexshop001\/wp-content\/uploads\/2022\/01\/INTIMAX-CORSET-FORTUNA-NEGRO.jpg\" \/>\n\t<meta property=\"og:image:width\" content=\"550\" \/>\n\t<meta property=\"og:image:height\" content=\"550\" \/>\n\t<meta property=\"og:image:type\" content=\"image\/jpeg\" \/>\n<meta name=\"twitter:card\" content=\"summary_large_image\" \/>\n<meta name=\"twitter:label1\" content=\"Tiempo de lectura\" \/>\n\t<meta name=\"twitter:data1\" content=\"1 minuto\" \/>\n<script type=\"application\/ld+json\" class=\"yoast-schema-graph\">{\"@context\":\"https:\/\/schema.org\",\"@graph\":[{\"@type\":\"WebPage\",\"@id\":\"https:\/\/demoweb.info\/sexshop001\/producto\/intimax-corset-fortuna-negro\/\",\"url\":\"https:\/\/demoweb.info\/sexshop001\/producto\/intimax-corset-fortuna-negro\/\",\"name\":\"INTIMAX CORSET FORTUNA NEGRO - Tienda Er\u00f3tica\",\"isPartOf\":{\"@id\":\"https:\/\/demoweb.info\/sexshop001\/#website\"},\"datePublished\":\"2022-01-22T18:46:01+00:00\",\"dateModified\":\"2022-01-22T18:46:20+00:00\",\"breadcrumb\":{\"@id\":\"https:\/\/demoweb.info\/sexshop001\/producto\/intimax-corset-fortuna-negro\/#breadcrumb\"},\"inLanguage\":\"es\",\"potentialAction\":[{\"@type\":\"ReadAction\",\"target\":[\"https:\/\/demoweb.info\/sexshop001\/producto\/intimax-corset-fortuna-negro\/\"]}]},{\"@type\":\"BreadcrumbList\",\"@id\":\"https:\/\/demoweb.info\/sexshop001\/producto\/intimax-corset-fortuna-negro\/#breadcrumb\",\"itemListElement\":[{\"@type\":\"ListItem\",\"position\":1,\"name\":\"Portada\",\"item\":\"https:\/\/demoweb.info\/sexshop001\/\"},{\"@type\":\"ListItem\",\"position\":2,\"name\":\"Tienda\",\"item\":\"https:\/\/demoweb.info\/sexshop001\/tienda\/\"},{\"@type\":\"ListItem\",\"position\":3,\"name\":\"INTIMAX CORSET FORTUNA NEGRO\"}]},{\"@type\":\"WebSite\",\"@id\":\"https:\/\/demoweb.info\/sexshop001\/#website\",\"url\":\"https:\/\/demoweb.info\/sexshop001\/\",\"name\":\"Tienda Er\u00f3tica\",\"description\":\"DEMOWEB SL\",\"potentialAction\":[{\"@type\":\"SearchAction\",\"target\":{\"@type\":\"EntryPoint\",\"urlTemplate\":\"https:\/\/demoweb.info\/sexshop001\/?s={search_term_string}\"},\"query-input\":\"required name=search_term_string\"}],\"inLanguage\":\"es\"}]}<\/script>\n<!-- \/ Yoast SEO plugin. -->","yoast_head_json":{"title":"INTIMAX CORSET FORTUNA NEGRO - Tienda Er\u00f3tica","robots":{"index":"noindex","follow":"follow","max-snippet":"max-snippet:-1","max-image-preview":"max-image-preview:large","max-video-preview":"max-video-preview:-1"},"og_locale":"es_ES","og_type":"article","og_title":"INTIMAX CORSET FORTUNA NEGRO - Tienda Er\u00f3tica","og_description":"INTIMAX CORSET FORTUNA NEGRO- Corset color negro. &#8211; Cors\u00e9 con varillas de pl\u00e1stico r\u00edgidas. &#8211; Cierre por medio de tiras","og_url":"https:\/\/demoweb.info\/sexshop001\/producto\/intimax-corset-fortuna-negro\/","og_site_name":"Tienda Er\u00f3tica","article_modified_time":"2022-01-22T18:46:20+00:00","og_image":[{"width":550,"height":550,"url":"https:\/\/demoweb.info\/sexshop001\/wp-content\/uploads\/2022\/01\/INTIMAX-CORSET-FORTUNA-NEGRO.jpg","type":"image\/jpeg"}],"twitter_card":"summary_large_image","twitter_misc":{"Tiempo de lectura":"1 minuto"},"schema":{"@context":"https:\/\/schema.org","@graph":[{"@type":"WebPage","@id":"https:\/\/demoweb.info\/sexshop001\/producto\/intimax-corset-fortuna-negro\/","url":"https:\/\/demoweb.info\/sexshop001\/producto\/intimax-corset-fortuna-negro\/","name":"INTIMAX CORSET FORTUNA NEGRO - Tienda Er\u00f3tica","isPartOf":{"@id":"https:\/\/demoweb.info\/sexshop001\/#website"},"datePublished":"2022-01-22T18:46:01+00:00","dateModified":"2022-01-22T18:46:20+00:00","breadcrumb":{"@id":"https:\/\/demoweb.info\/sexshop001\/producto\/intimax-corset-fortuna-negro\/#breadcrumb"},"inLanguage":"es","potentialAction":[{"@type":"ReadAction","target":["https:\/\/demoweb.info\/sexshop001\/producto\/intimax-corset-fortuna-negro\/"]}]},{"@type":"BreadcrumbList","@id":"https:\/\/demoweb.info\/sexshop001\/producto\/intimax-corset-fortuna-negro\/#breadcrumb","itemListElement":[{"@type":"ListItem","position":1,"name":"Portada","item":"https:\/\/demoweb.info\/sexshop001\/"},{"@type":"ListItem","position":2,"name":"Tienda","item":"https:\/\/demoweb.info\/sexshop001\/tienda\/"},{"@type":"ListItem","position":3,"name":"INTIMAX CORSET FORTUNA NEGRO"}]},{"@type":"WebSite","@id":"https:\/\/demoweb.info\/sexshop001\/#website","url":"https:\/\/demoweb.info\/sexshop001\/","name":"Tienda Er\u00f3tica","description":"DEMOWEB SL","potentialAction":[{"@type":"SearchAction","target":{"@type":"EntryPoint","urlTemplate":"https:\/\/demoweb.info\/sexshop001\/?s={search_term_string}"},"query-input":"required name=search_term_string"}],"inLanguage":"es"}]}},"_links":{"self":[{"href":"https:\/\/demoweb.info\/sexshop001\/wp-json\/wp\/v3\/product\/66969","targetHints":{"allow":["GET"]}}],"collection":[{"href":"https:\/\/demoweb.info\/sexshop001\/wp-json\/wp\/v3\/product"}],"about":[{"href":"https:\/\/demoweb.info\/sexshop001\/wp-json\/wp\/v2\/types\/product"}],"replies":[{"embeddable":true,"href":"https:\/\/demoweb.info\/sexshop001\/wp-json\/wp\/v2\/comments?post=66969"}],"wp:featuredmedia":[{"embeddable":true,"href":"https:\/\/demoweb.info\/sexshop001\/wp-json\/wp\/v2\/media\/66970"}],"wp:attachment":[{"href":"https:\/\/demoweb.info\/sexshop001\/wp-json\/wp\/v2\/media?parent=66969"}],"wp:term":[{"taxonomy":"product_cat","embeddable":true,"href":"https:\/\/demoweb.info\/sexshop001\/wp-json\/wp\/v2\/product_cat?post=66969"},{"taxonomy":"product_tag","embeddable":true,"href":"https:\/\/demoweb.info\/sexshop001\/wp-json\/wp\/v2\/product_tag?post=66969"}],"curies":[{"name":"wp","href":"https:\/\/api.w.org\/{rel}","templated":true}]}}