{"id":66953,"date":"2022-01-22T19:46:01","date_gmt":"2022-01-22T18:46:01","guid":{"rendered":"https:\/\/demoweb.info\/sexshop001\/producto\/camiseta-divertida-you-suck\/"},"modified":"2022-01-22T19:46:07","modified_gmt":"2022-01-22T18:46:07","slug":"camiseta-divertida-you-suck","status":"publish","type":"product","link":"https:\/\/demoweb.info\/sexshop001\/producto\/camiseta-divertida-you-suck\/","title":{"rendered":"CAMISETA DIVERTIDA YOU SUCK"},"content":{"rendered":"<p><strong>FUNNY T-SHIRT YOU SUCK<\/strong><\/p>\n<p>Algunos podr\u00edan considerarlo un insulto. A otros les puede parecer una orden. La gente puede mirarte enfadada. Un hombre de uniforme quiz\u00e1s te exija que te quites esta camiseta. Te pueden pedir que te marches de un funeral. Pase lo que pase, puedes estar seguro de que tu abuelo no aprobar\u00eda este dise\u00f1o tan impactante y solo por ese motivo creemos que deber\u00edas tenerla. \u00bfQu\u00e9 es la vida sin un poco de riesgo? \u00a1Las camisetas Funny NO son para los que quieren pasar desapercibidos!<\/p><\/p>\n","protected":false},"excerpt":{"rendered":"<p>FUNNY T-SHIRT YOU SUCK Algunos podr\u00edan considerarlo un insulto. A otros les puede parecer una orden. La gente puede mirarte<\/p>\n","protected":false},"featured_media":66954,"comment_status":"open","ping_status":"open","template":"","meta":[],"product_cat":[1659],"product_tag":[1084,302],"class_list":["post-66953","product","type-product","status-publish","has-post-thumbnail","hentry","product_cat-camisetas-divertidos","product_tag-s-line","product_tag-shots"],"bundled_by":[],"bundle_stock_status":"instock","bundle_stock_quantity":2,"bundle_virtual":false,"bundle_layout":"","bundle_add_to_cart_form_location":"","bundle_editable_in_cart":false,"bundle_sold_individually_context":"","bundle_item_grouping":"","bundle_min_size":"","bundle_max_size":"","bundled_items":[],"yoast_head":"<!-- This site is optimized with the Yoast SEO plugin v20.6 - https:\/\/yoast.com\/wordpress\/plugins\/seo\/ -->\n<title>CAMISETA DIVERTIDA YOU SUCK - Tienda Er\u00f3tica<\/title>\n<meta name=\"robots\" content=\"noindex, follow, max-snippet:-1, max-image-preview:large, max-video-preview:-1\" \/>\n<meta property=\"og:locale\" content=\"es_ES\" \/>\n<meta property=\"og:type\" content=\"article\" \/>\n<meta property=\"og:title\" content=\"CAMISETA DIVERTIDA YOU SUCK - Tienda Er\u00f3tica\" \/>\n<meta property=\"og:description\" content=\"FUNNY T-SHIRT YOU SUCK Algunos podr\u00edan considerarlo un insulto. A otros les puede parecer una orden. La gente puede mirarte\" \/>\n<meta property=\"og:url\" content=\"https:\/\/demoweb.info\/sexshop001\/producto\/camiseta-divertida-you-suck\/\" \/>\n<meta property=\"og:site_name\" content=\"Tienda Er\u00f3tica\" \/>\n<meta property=\"article:modified_time\" content=\"2022-01-22T18:46:07+00:00\" \/>\n<meta property=\"og:image\" content=\"https:\/\/demoweb.info\/sexshop001\/wp-content\/uploads\/2022\/01\/CAMISETA-DIVERTIDA-YOU-SUCK.jpg\" \/>\n\t<meta property=\"og:image:width\" content=\"550\" \/>\n\t<meta property=\"og:image:height\" content=\"550\" \/>\n\t<meta property=\"og:image:type\" content=\"image\/jpeg\" \/>\n<meta name=\"twitter:card\" content=\"summary_large_image\" \/>\n<script type=\"application\/ld+json\" class=\"yoast-schema-graph\">{\"@context\":\"https:\/\/schema.org\",\"@graph\":[{\"@type\":\"WebPage\",\"@id\":\"https:\/\/demoweb.info\/sexshop001\/producto\/camiseta-divertida-you-suck\/\",\"url\":\"https:\/\/demoweb.info\/sexshop001\/producto\/camiseta-divertida-you-suck\/\",\"name\":\"CAMISETA DIVERTIDA YOU SUCK - Tienda Er\u00f3tica\",\"isPartOf\":{\"@id\":\"https:\/\/demoweb.info\/sexshop001\/#website\"},\"datePublished\":\"2022-01-22T18:46:01+00:00\",\"dateModified\":\"2022-01-22T18:46:07+00:00\",\"breadcrumb\":{\"@id\":\"https:\/\/demoweb.info\/sexshop001\/producto\/camiseta-divertida-you-suck\/#breadcrumb\"},\"inLanguage\":\"es\",\"potentialAction\":[{\"@type\":\"ReadAction\",\"target\":[\"https:\/\/demoweb.info\/sexshop001\/producto\/camiseta-divertida-you-suck\/\"]}]},{\"@type\":\"BreadcrumbList\",\"@id\":\"https:\/\/demoweb.info\/sexshop001\/producto\/camiseta-divertida-you-suck\/#breadcrumb\",\"itemListElement\":[{\"@type\":\"ListItem\",\"position\":1,\"name\":\"Portada\",\"item\":\"https:\/\/demoweb.info\/sexshop001\/\"},{\"@type\":\"ListItem\",\"position\":2,\"name\":\"Tienda\",\"item\":\"https:\/\/demoweb.info\/sexshop001\/tienda\/\"},{\"@type\":\"ListItem\",\"position\":3,\"name\":\"CAMISETA DIVERTIDA YOU SUCK\"}]},{\"@type\":\"WebSite\",\"@id\":\"https:\/\/demoweb.info\/sexshop001\/#website\",\"url\":\"https:\/\/demoweb.info\/sexshop001\/\",\"name\":\"Tienda Er\u00f3tica\",\"description\":\"DEMOWEB SL\",\"potentialAction\":[{\"@type\":\"SearchAction\",\"target\":{\"@type\":\"EntryPoint\",\"urlTemplate\":\"https:\/\/demoweb.info\/sexshop001\/?s={search_term_string}\"},\"query-input\":\"required name=search_term_string\"}],\"inLanguage\":\"es\"}]}<\/script>\n<!-- \/ Yoast SEO plugin. -->","yoast_head_json":{"title":"CAMISETA DIVERTIDA YOU SUCK - Tienda Er\u00f3tica","robots":{"index":"noindex","follow":"follow","max-snippet":"max-snippet:-1","max-image-preview":"max-image-preview:large","max-video-preview":"max-video-preview:-1"},"og_locale":"es_ES","og_type":"article","og_title":"CAMISETA DIVERTIDA YOU SUCK - Tienda Er\u00f3tica","og_description":"FUNNY T-SHIRT YOU SUCK Algunos podr\u00edan considerarlo un insulto. A otros les puede parecer una orden. La gente puede mirarte","og_url":"https:\/\/demoweb.info\/sexshop001\/producto\/camiseta-divertida-you-suck\/","og_site_name":"Tienda Er\u00f3tica","article_modified_time":"2022-01-22T18:46:07+00:00","og_image":[{"width":550,"height":550,"url":"https:\/\/demoweb.info\/sexshop001\/wp-content\/uploads\/2022\/01\/CAMISETA-DIVERTIDA-YOU-SUCK.jpg","type":"image\/jpeg"}],"twitter_card":"summary_large_image","schema":{"@context":"https:\/\/schema.org","@graph":[{"@type":"WebPage","@id":"https:\/\/demoweb.info\/sexshop001\/producto\/camiseta-divertida-you-suck\/","url":"https:\/\/demoweb.info\/sexshop001\/producto\/camiseta-divertida-you-suck\/","name":"CAMISETA DIVERTIDA YOU SUCK - Tienda Er\u00f3tica","isPartOf":{"@id":"https:\/\/demoweb.info\/sexshop001\/#website"},"datePublished":"2022-01-22T18:46:01+00:00","dateModified":"2022-01-22T18:46:07+00:00","breadcrumb":{"@id":"https:\/\/demoweb.info\/sexshop001\/producto\/camiseta-divertida-you-suck\/#breadcrumb"},"inLanguage":"es","potentialAction":[{"@type":"ReadAction","target":["https:\/\/demoweb.info\/sexshop001\/producto\/camiseta-divertida-you-suck\/"]}]},{"@type":"BreadcrumbList","@id":"https:\/\/demoweb.info\/sexshop001\/producto\/camiseta-divertida-you-suck\/#breadcrumb","itemListElement":[{"@type":"ListItem","position":1,"name":"Portada","item":"https:\/\/demoweb.info\/sexshop001\/"},{"@type":"ListItem","position":2,"name":"Tienda","item":"https:\/\/demoweb.info\/sexshop001\/tienda\/"},{"@type":"ListItem","position":3,"name":"CAMISETA DIVERTIDA YOU SUCK"}]},{"@type":"WebSite","@id":"https:\/\/demoweb.info\/sexshop001\/#website","url":"https:\/\/demoweb.info\/sexshop001\/","name":"Tienda Er\u00f3tica","description":"DEMOWEB SL","potentialAction":[{"@type":"SearchAction","target":{"@type":"EntryPoint","urlTemplate":"https:\/\/demoweb.info\/sexshop001\/?s={search_term_string}"},"query-input":"required name=search_term_string"}],"inLanguage":"es"}]}},"_links":{"self":[{"href":"https:\/\/demoweb.info\/sexshop001\/wp-json\/wp\/v3\/product\/66953","targetHints":{"allow":["GET"]}}],"collection":[{"href":"https:\/\/demoweb.info\/sexshop001\/wp-json\/wp\/v3\/product"}],"about":[{"href":"https:\/\/demoweb.info\/sexshop001\/wp-json\/wp\/v2\/types\/product"}],"replies":[{"embeddable":true,"href":"https:\/\/demoweb.info\/sexshop001\/wp-json\/wp\/v2\/comments?post=66953"}],"wp:featuredmedia":[{"embeddable":true,"href":"https:\/\/demoweb.info\/sexshop001\/wp-json\/wp\/v2\/media\/66954"}],"wp:attachment":[{"href":"https:\/\/demoweb.info\/sexshop001\/wp-json\/wp\/v2\/media?parent=66953"}],"wp:term":[{"taxonomy":"product_cat","embeddable":true,"href":"https:\/\/demoweb.info\/sexshop001\/wp-json\/wp\/v2\/product_cat?post=66953"},{"taxonomy":"product_tag","embeddable":true,"href":"https:\/\/demoweb.info\/sexshop001\/wp-json\/wp\/v2\/product_tag?post=66953"}],"curies":[{"name":"wp","href":"https:\/\/api.w.org\/{rel}","templated":true}]}}