{"id":66678,"date":"2022-01-22T19:42:22","date_gmt":"2022-01-22T18:42:22","guid":{"rendered":"https:\/\/demoweb.info\/sexshop001\/producto\/leg-avenue-body-de-encaje-escote-v-negro-y-abertura-braguita\/"},"modified":"2022-01-22T19:42:32","modified_gmt":"2022-01-22T18:42:32","slug":"leg-avenue-body-de-encaje-escote-v-negro-y-abertura-braguita","status":"publish","type":"product","link":"https:\/\/demoweb.info\/sexshop001\/producto\/leg-avenue-body-de-encaje-escote-v-negro-y-abertura-braguita\/","title":{"rendered":"LEG AVENUE BODY DE ENCAJE ESCOTE-V NEGRO Y ABERTURA BRAGUITA"},"content":{"rendered":"<p><strong>LEG AVENUE STRETCH LACE DEEP-V TEDDY WITH BLACKLESS PANTY<\/strong>.<\/p>\n<p>Fant\u00e1stico body de encaje combinado con tela opaca negro, profundo escote en V y abertura trasera en la braguita. Este body dispone de un amplio escote delantero que gracias a su forma en V resulta muy favorecedor para todo tipo de mujer, disimulando los kilitos de m\u00e1s o bien sac\u00e1ndole partido a unos pechos peque\u00f1os.<br \/>\nLos encajes en tu ropa interior te dar\u00e1n un look elegante y sugerente a la vez. Irradiar\u00e1s una sensualidad sutil y lucir\u00e1s muy femenina. El encaje es un cl\u00e1sico que no puede faltar en tu armario.<\/p>\n<p>Esta maravillosa malla pertenece a la colecci\u00f3n <strong>Lingerie de Leg Avenue<\/strong>.<\/p>\n<p><strong>Leg Avenue<\/strong> tiene los productos que estabas buscando comprometi\u00e9ndose a ofrecer a los clientes productos innovadores, precios competitivos y una gran satisfacci\u00f3n, reci\u00e9n llegados desde el distrito m\u00e1s fashion de Los \u00c1ngeles.<\/p>\n<p>Nadie lo hace m\u00e1s sexy!!<\/p>\n","protected":false},"excerpt":{"rendered":"<p>LEG AVENUE STRETCH LACE DEEP-V TEDDY WITH BLACKLESS PANTY. Fant\u00e1stico body de encaje combinado con tela opaca negro, profundo escote<\/p>\n","protected":false},"featured_media":66679,"comment_status":"open","ping_status":"open","template":"","meta":[],"product_cat":[940],"product_tag":[1013,1017],"class_list":["post-66678","product","type-product","status-publish","has-post-thumbnail","hentry","product_cat-bodys-para-ella","product_tag-leg-avenue","product_tag-lingerie"],"bundled_by":[],"bundle_stock_status":"outofstock","bundle_stock_quantity":0,"bundle_virtual":false,"bundle_layout":"","bundle_add_to_cart_form_location":"","bundle_editable_in_cart":false,"bundle_sold_individually_context":"","bundle_item_grouping":"","bundle_min_size":"","bundle_max_size":"","bundled_items":[],"yoast_head":"<!-- This site is optimized with the Yoast SEO plugin v20.6 - https:\/\/yoast.com\/wordpress\/plugins\/seo\/ -->\n<title>LEG AVENUE BODY DE ENCAJE ESCOTE-V NEGRO Y ABERTURA BRAGUITA - Tienda Er\u00f3tica<\/title>\n<meta name=\"robots\" content=\"noindex, follow, max-snippet:-1, max-image-preview:large, max-video-preview:-1\" \/>\n<meta property=\"og:locale\" content=\"es_ES\" \/>\n<meta property=\"og:type\" content=\"article\" \/>\n<meta property=\"og:title\" content=\"LEG AVENUE BODY DE ENCAJE ESCOTE-V NEGRO Y ABERTURA BRAGUITA - Tienda Er\u00f3tica\" \/>\n<meta property=\"og:description\" content=\"LEG AVENUE STRETCH LACE DEEP-V TEDDY WITH BLACKLESS PANTY. Fant\u00e1stico body de encaje combinado con tela opaca negro, profundo escote\" \/>\n<meta property=\"og:url\" content=\"https:\/\/demoweb.info\/sexshop001\/producto\/leg-avenue-body-de-encaje-escote-v-negro-y-abertura-braguita\/\" \/>\n<meta property=\"og:site_name\" content=\"Tienda Er\u00f3tica\" \/>\n<meta property=\"article:modified_time\" content=\"2022-01-22T18:42:32+00:00\" \/>\n<meta property=\"og:image\" content=\"https:\/\/demoweb.info\/sexshop001\/wp-content\/uploads\/2022\/01\/LEG-AVENUE-BODY-DE-ENCAJE-ESCOTE-V-NEGRO-Y-ABERTURA-BRAGUITA.jpg\" \/>\n\t<meta property=\"og:image:width\" content=\"550\" \/>\n\t<meta property=\"og:image:height\" content=\"550\" \/>\n\t<meta property=\"og:image:type\" content=\"image\/jpeg\" \/>\n<meta name=\"twitter:card\" content=\"summary_large_image\" \/>\n<meta name=\"twitter:label1\" content=\"Tiempo de lectura\" \/>\n\t<meta name=\"twitter:data1\" content=\"1 minuto\" \/>\n<script type=\"application\/ld+json\" class=\"yoast-schema-graph\">{\"@context\":\"https:\/\/schema.org\",\"@graph\":[{\"@type\":\"WebPage\",\"@id\":\"https:\/\/demoweb.info\/sexshop001\/producto\/leg-avenue-body-de-encaje-escote-v-negro-y-abertura-braguita\/\",\"url\":\"https:\/\/demoweb.info\/sexshop001\/producto\/leg-avenue-body-de-encaje-escote-v-negro-y-abertura-braguita\/\",\"name\":\"LEG AVENUE BODY DE ENCAJE ESCOTE-V NEGRO Y ABERTURA BRAGUITA - Tienda Er\u00f3tica\",\"isPartOf\":{\"@id\":\"https:\/\/demoweb.info\/sexshop001\/#website\"},\"datePublished\":\"2022-01-22T18:42:22+00:00\",\"dateModified\":\"2022-01-22T18:42:32+00:00\",\"breadcrumb\":{\"@id\":\"https:\/\/demoweb.info\/sexshop001\/producto\/leg-avenue-body-de-encaje-escote-v-negro-y-abertura-braguita\/#breadcrumb\"},\"inLanguage\":\"es\",\"potentialAction\":[{\"@type\":\"ReadAction\",\"target\":[\"https:\/\/demoweb.info\/sexshop001\/producto\/leg-avenue-body-de-encaje-escote-v-negro-y-abertura-braguita\/\"]}]},{\"@type\":\"BreadcrumbList\",\"@id\":\"https:\/\/demoweb.info\/sexshop001\/producto\/leg-avenue-body-de-encaje-escote-v-negro-y-abertura-braguita\/#breadcrumb\",\"itemListElement\":[{\"@type\":\"ListItem\",\"position\":1,\"name\":\"Portada\",\"item\":\"https:\/\/demoweb.info\/sexshop001\/\"},{\"@type\":\"ListItem\",\"position\":2,\"name\":\"Tienda\",\"item\":\"https:\/\/demoweb.info\/sexshop001\/tienda\/\"},{\"@type\":\"ListItem\",\"position\":3,\"name\":\"LEG AVENUE BODY DE ENCAJE ESCOTE-V NEGRO Y ABERTURA BRAGUITA\"}]},{\"@type\":\"WebSite\",\"@id\":\"https:\/\/demoweb.info\/sexshop001\/#website\",\"url\":\"https:\/\/demoweb.info\/sexshop001\/\",\"name\":\"Tienda Er\u00f3tica\",\"description\":\"DEMOWEB SL\",\"potentialAction\":[{\"@type\":\"SearchAction\",\"target\":{\"@type\":\"EntryPoint\",\"urlTemplate\":\"https:\/\/demoweb.info\/sexshop001\/?s={search_term_string}\"},\"query-input\":\"required name=search_term_string\"}],\"inLanguage\":\"es\"}]}<\/script>\n<!-- \/ Yoast SEO plugin. -->","yoast_head_json":{"title":"LEG AVENUE BODY DE ENCAJE ESCOTE-V NEGRO Y ABERTURA BRAGUITA - Tienda Er\u00f3tica","robots":{"index":"noindex","follow":"follow","max-snippet":"max-snippet:-1","max-image-preview":"max-image-preview:large","max-video-preview":"max-video-preview:-1"},"og_locale":"es_ES","og_type":"article","og_title":"LEG AVENUE BODY DE ENCAJE ESCOTE-V NEGRO Y ABERTURA BRAGUITA - Tienda Er\u00f3tica","og_description":"LEG AVENUE STRETCH LACE DEEP-V TEDDY WITH BLACKLESS PANTY. Fant\u00e1stico body de encaje combinado con tela opaca negro, profundo escote","og_url":"https:\/\/demoweb.info\/sexshop001\/producto\/leg-avenue-body-de-encaje-escote-v-negro-y-abertura-braguita\/","og_site_name":"Tienda Er\u00f3tica","article_modified_time":"2022-01-22T18:42:32+00:00","og_image":[{"width":550,"height":550,"url":"https:\/\/demoweb.info\/sexshop001\/wp-content\/uploads\/2022\/01\/LEG-AVENUE-BODY-DE-ENCAJE-ESCOTE-V-NEGRO-Y-ABERTURA-BRAGUITA.jpg","type":"image\/jpeg"}],"twitter_card":"summary_large_image","twitter_misc":{"Tiempo de lectura":"1 minuto"},"schema":{"@context":"https:\/\/schema.org","@graph":[{"@type":"WebPage","@id":"https:\/\/demoweb.info\/sexshop001\/producto\/leg-avenue-body-de-encaje-escote-v-negro-y-abertura-braguita\/","url":"https:\/\/demoweb.info\/sexshop001\/producto\/leg-avenue-body-de-encaje-escote-v-negro-y-abertura-braguita\/","name":"LEG AVENUE BODY DE ENCAJE ESCOTE-V NEGRO Y ABERTURA BRAGUITA - Tienda Er\u00f3tica","isPartOf":{"@id":"https:\/\/demoweb.info\/sexshop001\/#website"},"datePublished":"2022-01-22T18:42:22+00:00","dateModified":"2022-01-22T18:42:32+00:00","breadcrumb":{"@id":"https:\/\/demoweb.info\/sexshop001\/producto\/leg-avenue-body-de-encaje-escote-v-negro-y-abertura-braguita\/#breadcrumb"},"inLanguage":"es","potentialAction":[{"@type":"ReadAction","target":["https:\/\/demoweb.info\/sexshop001\/producto\/leg-avenue-body-de-encaje-escote-v-negro-y-abertura-braguita\/"]}]},{"@type":"BreadcrumbList","@id":"https:\/\/demoweb.info\/sexshop001\/producto\/leg-avenue-body-de-encaje-escote-v-negro-y-abertura-braguita\/#breadcrumb","itemListElement":[{"@type":"ListItem","position":1,"name":"Portada","item":"https:\/\/demoweb.info\/sexshop001\/"},{"@type":"ListItem","position":2,"name":"Tienda","item":"https:\/\/demoweb.info\/sexshop001\/tienda\/"},{"@type":"ListItem","position":3,"name":"LEG AVENUE BODY DE ENCAJE ESCOTE-V NEGRO Y ABERTURA BRAGUITA"}]},{"@type":"WebSite","@id":"https:\/\/demoweb.info\/sexshop001\/#website","url":"https:\/\/demoweb.info\/sexshop001\/","name":"Tienda Er\u00f3tica","description":"DEMOWEB SL","potentialAction":[{"@type":"SearchAction","target":{"@type":"EntryPoint","urlTemplate":"https:\/\/demoweb.info\/sexshop001\/?s={search_term_string}"},"query-input":"required name=search_term_string"}],"inLanguage":"es"}]}},"_links":{"self":[{"href":"https:\/\/demoweb.info\/sexshop001\/wp-json\/wp\/v3\/product\/66678","targetHints":{"allow":["GET"]}}],"collection":[{"href":"https:\/\/demoweb.info\/sexshop001\/wp-json\/wp\/v3\/product"}],"about":[{"href":"https:\/\/demoweb.info\/sexshop001\/wp-json\/wp\/v2\/types\/product"}],"replies":[{"embeddable":true,"href":"https:\/\/demoweb.info\/sexshop001\/wp-json\/wp\/v2\/comments?post=66678"}],"wp:featuredmedia":[{"embeddable":true,"href":"https:\/\/demoweb.info\/sexshop001\/wp-json\/wp\/v2\/media\/66679"}],"wp:attachment":[{"href":"https:\/\/demoweb.info\/sexshop001\/wp-json\/wp\/v2\/media?parent=66678"}],"wp:term":[{"taxonomy":"product_cat","embeddable":true,"href":"https:\/\/demoweb.info\/sexshop001\/wp-json\/wp\/v2\/product_cat?post=66678"},{"taxonomy":"product_tag","embeddable":true,"href":"https:\/\/demoweb.info\/sexshop001\/wp-json\/wp\/v2\/product_tag?post=66678"}],"curies":[{"name":"wp","href":"https:\/\/api.w.org\/{rel}","templated":true}]}}