{"id":66634,"date":"2022-01-22T19:41:45","date_gmt":"2022-01-22T18:41:45","guid":{"rendered":"https:\/\/demoweb.info\/sexshop001\/producto\/baci-disfraz-de-enfermera-apetitosa\/"},"modified":"2022-01-22T19:42:02","modified_gmt":"2022-01-22T18:42:02","slug":"baci-disfraz-de-enfermera-apetitosa","status":"publish","type":"product","link":"https:\/\/demoweb.info\/sexshop001\/producto\/baci-disfraz-de-enfermera-apetitosa\/","title":{"rendered":"BACI DISFRAZ DE ENFERMERA APETITOSA"},"content":{"rendered":"<p><font size=&quot;1&quot;><b>BACI CANDY NURSE SET.<\/B><\/p>\n<p>Disfraz de enfermera de 2 piezas formado por un body de color blanco combinado en rojo que va acabado tipo delantal que se anuda en la parte trasera con un lazo. Incluye el sombrero. No incluye el resto de accesorios.<\/p>\n<p><b>Baci Lingerie<\/b> es el referente de lencer\u00eda elegante y seductora. <b>Baci Lingerie<\/b> ha logrado una colecci\u00f3n innovadora que se ha convertido en el s\u00edmbolo del lujo al alcance de todos. Belleza y lujo no deben reservarse exclusivamente a una minor\u00eda, sino que deben estar a disposici\u00f3n de todo el mundo.<br \/>\n<\/font><\/p>\n","protected":false},"excerpt":{"rendered":"<p>BACI CANDY NURSE SET. Disfraz de enfermera de 2 piezas formado por un body de color blanco combinado en rojo<\/p>\n","protected":false},"featured_media":66635,"comment_status":"open","ping_status":"open","template":"","meta":[],"product_cat":[548],"product_tag":[549,550],"class_list":["post-66634","product","type-product","status-publish","has-post-thumbnail","hentry","product_cat-disfraces","product_tag-baci-lingerie","product_tag-dreams"],"bundled_by":[],"bundle_stock_status":"instock","bundle_stock_quantity":2,"bundle_virtual":false,"bundle_layout":"","bundle_add_to_cart_form_location":"","bundle_editable_in_cart":false,"bundle_sold_individually_context":"","bundle_item_grouping":"","bundle_min_size":"","bundle_max_size":"","bundled_items":[],"yoast_head":"<!-- This site is optimized with the Yoast SEO plugin v20.6 - https:\/\/yoast.com\/wordpress\/plugins\/seo\/ -->\n<title>BACI DISFRAZ DE ENFERMERA APETITOSA - Tienda Er\u00f3tica<\/title>\n<meta name=\"robots\" content=\"noindex, follow, max-snippet:-1, max-image-preview:large, max-video-preview:-1\" \/>\n<meta property=\"og:locale\" content=\"es_ES\" \/>\n<meta property=\"og:type\" content=\"article\" \/>\n<meta property=\"og:title\" content=\"BACI DISFRAZ DE ENFERMERA APETITOSA - Tienda Er\u00f3tica\" \/>\n<meta property=\"og:description\" content=\"BACI CANDY NURSE SET. Disfraz de enfermera de 2 piezas formado por un body de color blanco combinado en rojo\" \/>\n<meta property=\"og:url\" content=\"https:\/\/demoweb.info\/sexshop001\/producto\/baci-disfraz-de-enfermera-apetitosa\/\" \/>\n<meta property=\"og:site_name\" content=\"Tienda Er\u00f3tica\" \/>\n<meta property=\"article:modified_time\" content=\"2022-01-22T18:42:02+00:00\" \/>\n<meta property=\"og:image\" content=\"https:\/\/demoweb.info\/sexshop001\/wp-content\/uploads\/2022\/01\/BACI-DISFRAZ-DE-ENFERMERA-APETITOSA.jpg\" \/>\n\t<meta property=\"og:image:width\" content=\"550\" \/>\n\t<meta property=\"og:image:height\" content=\"550\" \/>\n\t<meta property=\"og:image:type\" content=\"image\/jpeg\" \/>\n<meta name=\"twitter:card\" content=\"summary_large_image\" \/>\n<script type=\"application\/ld+json\" class=\"yoast-schema-graph\">{\"@context\":\"https:\/\/schema.org\",\"@graph\":[{\"@type\":\"WebPage\",\"@id\":\"https:\/\/demoweb.info\/sexshop001\/producto\/baci-disfraz-de-enfermera-apetitosa\/\",\"url\":\"https:\/\/demoweb.info\/sexshop001\/producto\/baci-disfraz-de-enfermera-apetitosa\/\",\"name\":\"BACI DISFRAZ DE ENFERMERA APETITOSA - Tienda Er\u00f3tica\",\"isPartOf\":{\"@id\":\"https:\/\/demoweb.info\/sexshop001\/#website\"},\"datePublished\":\"2022-01-22T18:41:45+00:00\",\"dateModified\":\"2022-01-22T18:42:02+00:00\",\"breadcrumb\":{\"@id\":\"https:\/\/demoweb.info\/sexshop001\/producto\/baci-disfraz-de-enfermera-apetitosa\/#breadcrumb\"},\"inLanguage\":\"es\",\"potentialAction\":[{\"@type\":\"ReadAction\",\"target\":[\"https:\/\/demoweb.info\/sexshop001\/producto\/baci-disfraz-de-enfermera-apetitosa\/\"]}]},{\"@type\":\"BreadcrumbList\",\"@id\":\"https:\/\/demoweb.info\/sexshop001\/producto\/baci-disfraz-de-enfermera-apetitosa\/#breadcrumb\",\"itemListElement\":[{\"@type\":\"ListItem\",\"position\":1,\"name\":\"Portada\",\"item\":\"https:\/\/demoweb.info\/sexshop001\/\"},{\"@type\":\"ListItem\",\"position\":2,\"name\":\"Tienda\",\"item\":\"https:\/\/demoweb.info\/sexshop001\/tienda\/\"},{\"@type\":\"ListItem\",\"position\":3,\"name\":\"BACI DISFRAZ DE ENFERMERA APETITOSA\"}]},{\"@type\":\"WebSite\",\"@id\":\"https:\/\/demoweb.info\/sexshop001\/#website\",\"url\":\"https:\/\/demoweb.info\/sexshop001\/\",\"name\":\"Tienda Er\u00f3tica\",\"description\":\"DEMOWEB SL\",\"potentialAction\":[{\"@type\":\"SearchAction\",\"target\":{\"@type\":\"EntryPoint\",\"urlTemplate\":\"https:\/\/demoweb.info\/sexshop001\/?s={search_term_string}\"},\"query-input\":\"required name=search_term_string\"}],\"inLanguage\":\"es\"}]}<\/script>\n<!-- \/ Yoast SEO plugin. -->","yoast_head_json":{"title":"BACI DISFRAZ DE ENFERMERA APETITOSA - Tienda Er\u00f3tica","robots":{"index":"noindex","follow":"follow","max-snippet":"max-snippet:-1","max-image-preview":"max-image-preview:large","max-video-preview":"max-video-preview:-1"},"og_locale":"es_ES","og_type":"article","og_title":"BACI DISFRAZ DE ENFERMERA APETITOSA - Tienda Er\u00f3tica","og_description":"BACI CANDY NURSE SET. Disfraz de enfermera de 2 piezas formado por un body de color blanco combinado en rojo","og_url":"https:\/\/demoweb.info\/sexshop001\/producto\/baci-disfraz-de-enfermera-apetitosa\/","og_site_name":"Tienda Er\u00f3tica","article_modified_time":"2022-01-22T18:42:02+00:00","og_image":[{"width":550,"height":550,"url":"https:\/\/demoweb.info\/sexshop001\/wp-content\/uploads\/2022\/01\/BACI-DISFRAZ-DE-ENFERMERA-APETITOSA.jpg","type":"image\/jpeg"}],"twitter_card":"summary_large_image","schema":{"@context":"https:\/\/schema.org","@graph":[{"@type":"WebPage","@id":"https:\/\/demoweb.info\/sexshop001\/producto\/baci-disfraz-de-enfermera-apetitosa\/","url":"https:\/\/demoweb.info\/sexshop001\/producto\/baci-disfraz-de-enfermera-apetitosa\/","name":"BACI DISFRAZ DE ENFERMERA APETITOSA - Tienda Er\u00f3tica","isPartOf":{"@id":"https:\/\/demoweb.info\/sexshop001\/#website"},"datePublished":"2022-01-22T18:41:45+00:00","dateModified":"2022-01-22T18:42:02+00:00","breadcrumb":{"@id":"https:\/\/demoweb.info\/sexshop001\/producto\/baci-disfraz-de-enfermera-apetitosa\/#breadcrumb"},"inLanguage":"es","potentialAction":[{"@type":"ReadAction","target":["https:\/\/demoweb.info\/sexshop001\/producto\/baci-disfraz-de-enfermera-apetitosa\/"]}]},{"@type":"BreadcrumbList","@id":"https:\/\/demoweb.info\/sexshop001\/producto\/baci-disfraz-de-enfermera-apetitosa\/#breadcrumb","itemListElement":[{"@type":"ListItem","position":1,"name":"Portada","item":"https:\/\/demoweb.info\/sexshop001\/"},{"@type":"ListItem","position":2,"name":"Tienda","item":"https:\/\/demoweb.info\/sexshop001\/tienda\/"},{"@type":"ListItem","position":3,"name":"BACI DISFRAZ DE ENFERMERA APETITOSA"}]},{"@type":"WebSite","@id":"https:\/\/demoweb.info\/sexshop001\/#website","url":"https:\/\/demoweb.info\/sexshop001\/","name":"Tienda Er\u00f3tica","description":"DEMOWEB SL","potentialAction":[{"@type":"SearchAction","target":{"@type":"EntryPoint","urlTemplate":"https:\/\/demoweb.info\/sexshop001\/?s={search_term_string}"},"query-input":"required name=search_term_string"}],"inLanguage":"es"}]}},"_links":{"self":[{"href":"https:\/\/demoweb.info\/sexshop001\/wp-json\/wp\/v3\/product\/66634","targetHints":{"allow":["GET"]}}],"collection":[{"href":"https:\/\/demoweb.info\/sexshop001\/wp-json\/wp\/v3\/product"}],"about":[{"href":"https:\/\/demoweb.info\/sexshop001\/wp-json\/wp\/v2\/types\/product"}],"replies":[{"embeddable":true,"href":"https:\/\/demoweb.info\/sexshop001\/wp-json\/wp\/v2\/comments?post=66634"}],"wp:featuredmedia":[{"embeddable":true,"href":"https:\/\/demoweb.info\/sexshop001\/wp-json\/wp\/v2\/media\/66635"}],"wp:attachment":[{"href":"https:\/\/demoweb.info\/sexshop001\/wp-json\/wp\/v2\/media?parent=66634"}],"wp:term":[{"taxonomy":"product_cat","embeddable":true,"href":"https:\/\/demoweb.info\/sexshop001\/wp-json\/wp\/v2\/product_cat?post=66634"},{"taxonomy":"product_tag","embeddable":true,"href":"https:\/\/demoweb.info\/sexshop001\/wp-json\/wp\/v2\/product_tag?post=66634"}],"curies":[{"name":"wp","href":"https:\/\/api.w.org\/{rel}","templated":true}]}}