{"id":66617,"date":"2022-01-22T19:41:45","date_gmt":"2022-01-22T18:41:45","guid":{"rendered":"https:\/\/demoweb.info\/sexshop001\/producto\/baci-disfraz-de-sirvienta-francesa-a-su-servicio\/"},"modified":"2022-01-22T19:41:49","modified_gmt":"2022-01-22T18:41:49","slug":"baci-disfraz-de-sirvienta-francesa-a-su-servicio","status":"publish","type":"product","link":"https:\/\/demoweb.info\/sexshop001\/producto\/baci-disfraz-de-sirvienta-francesa-a-su-servicio\/","title":{"rendered":"BACI DISFRAZ DE SIRVIENTA FRANCESA A SU SERVICIO"},"content":{"rendered":"<p><strong>BACI AT YOUR SERVICE FRENCH MAID SET.<\/strong><\/p>\n<p>Disfraz de sirvienta de 2 piezas formado por un body de color negro combinado en blanco que va acabado tipo delantal que se anuda en la parte trasera con un lazo. Incluye la gargantilla de encaje. No incluye el resto de accesorios.<\/p>\n<p><strong>Baci Lingerie<\/strong> es el referente de lencer\u00eda elegante y seductora. <strong>Baci Lingerie<\/strong> ha logrado una colecci\u00f3n innovadora que se ha convertido en el s\u00edmbolo del lujo al alcance de todos. Belleza y lujo no deben reservarse exclusivamente a una minor\u00eda, sino que deben estar a disposici\u00f3n de todo el mundo.<\/p>\n","protected":false},"excerpt":{"rendered":"<p>BACI AT YOUR SERVICE FRENCH MAID SET. Disfraz de sirvienta de 2 piezas formado por un body de color negro<\/p>\n","protected":false},"featured_media":66618,"comment_status":"open","ping_status":"open","template":"","meta":[],"product_cat":[548],"product_tag":[549,550],"class_list":["post-66617","product","type-product","status-publish","has-post-thumbnail","hentry","product_cat-disfraces","product_tag-baci-lingerie","product_tag-dreams"],"bundled_by":[],"bundle_stock_status":"instock","bundle_stock_quantity":1,"bundle_virtual":false,"bundle_layout":"","bundle_add_to_cart_form_location":"","bundle_editable_in_cart":false,"bundle_sold_individually_context":"","bundle_item_grouping":"","bundle_min_size":"","bundle_max_size":"","bundled_items":[],"yoast_head":"<!-- This site is optimized with the Yoast SEO plugin v20.6 - https:\/\/yoast.com\/wordpress\/plugins\/seo\/ -->\n<title>BACI DISFRAZ DE SIRVIENTA FRANCESA A SU SERVICIO - Tienda Er\u00f3tica<\/title>\n<meta name=\"robots\" content=\"noindex, follow, max-snippet:-1, max-image-preview:large, max-video-preview:-1\" \/>\n<meta property=\"og:locale\" content=\"es_ES\" \/>\n<meta property=\"og:type\" content=\"article\" \/>\n<meta property=\"og:title\" content=\"BACI DISFRAZ DE SIRVIENTA FRANCESA A SU SERVICIO - Tienda Er\u00f3tica\" \/>\n<meta property=\"og:description\" content=\"BACI AT YOUR SERVICE FRENCH MAID SET. Disfraz de sirvienta de 2 piezas formado por un body de color negro\" \/>\n<meta property=\"og:url\" content=\"https:\/\/demoweb.info\/sexshop001\/producto\/baci-disfraz-de-sirvienta-francesa-a-su-servicio\/\" \/>\n<meta property=\"og:site_name\" content=\"Tienda Er\u00f3tica\" \/>\n<meta property=\"article:modified_time\" content=\"2022-01-22T18:41:49+00:00\" \/>\n<meta property=\"og:image\" content=\"https:\/\/demoweb.info\/sexshop001\/wp-content\/uploads\/2022\/01\/BACI-DISFRAZ-DE-SIRVIENTA-FRANCESA-A-SU-SERVICIO.jpg\" \/>\n\t<meta property=\"og:image:width\" content=\"550\" \/>\n\t<meta property=\"og:image:height\" content=\"550\" \/>\n\t<meta property=\"og:image:type\" content=\"image\/jpeg\" \/>\n<meta name=\"twitter:card\" content=\"summary_large_image\" \/>\n<meta name=\"twitter:label1\" content=\"Tiempo de lectura\" \/>\n\t<meta name=\"twitter:data1\" content=\"1 minuto\" \/>\n<script type=\"application\/ld+json\" class=\"yoast-schema-graph\">{\"@context\":\"https:\/\/schema.org\",\"@graph\":[{\"@type\":\"WebPage\",\"@id\":\"https:\/\/demoweb.info\/sexshop001\/producto\/baci-disfraz-de-sirvienta-francesa-a-su-servicio\/\",\"url\":\"https:\/\/demoweb.info\/sexshop001\/producto\/baci-disfraz-de-sirvienta-francesa-a-su-servicio\/\",\"name\":\"BACI DISFRAZ DE SIRVIENTA FRANCESA A SU SERVICIO - Tienda Er\u00f3tica\",\"isPartOf\":{\"@id\":\"https:\/\/demoweb.info\/sexshop001\/#website\"},\"datePublished\":\"2022-01-22T18:41:45+00:00\",\"dateModified\":\"2022-01-22T18:41:49+00:00\",\"breadcrumb\":{\"@id\":\"https:\/\/demoweb.info\/sexshop001\/producto\/baci-disfraz-de-sirvienta-francesa-a-su-servicio\/#breadcrumb\"},\"inLanguage\":\"es\",\"potentialAction\":[{\"@type\":\"ReadAction\",\"target\":[\"https:\/\/demoweb.info\/sexshop001\/producto\/baci-disfraz-de-sirvienta-francesa-a-su-servicio\/\"]}]},{\"@type\":\"BreadcrumbList\",\"@id\":\"https:\/\/demoweb.info\/sexshop001\/producto\/baci-disfraz-de-sirvienta-francesa-a-su-servicio\/#breadcrumb\",\"itemListElement\":[{\"@type\":\"ListItem\",\"position\":1,\"name\":\"Portada\",\"item\":\"https:\/\/demoweb.info\/sexshop001\/\"},{\"@type\":\"ListItem\",\"position\":2,\"name\":\"Tienda\",\"item\":\"https:\/\/demoweb.info\/sexshop001\/tienda\/\"},{\"@type\":\"ListItem\",\"position\":3,\"name\":\"BACI DISFRAZ DE SIRVIENTA FRANCESA A SU SERVICIO\"}]},{\"@type\":\"WebSite\",\"@id\":\"https:\/\/demoweb.info\/sexshop001\/#website\",\"url\":\"https:\/\/demoweb.info\/sexshop001\/\",\"name\":\"Tienda Er\u00f3tica\",\"description\":\"DEMOWEB SL\",\"potentialAction\":[{\"@type\":\"SearchAction\",\"target\":{\"@type\":\"EntryPoint\",\"urlTemplate\":\"https:\/\/demoweb.info\/sexshop001\/?s={search_term_string}\"},\"query-input\":\"required name=search_term_string\"}],\"inLanguage\":\"es\"}]}<\/script>\n<!-- \/ Yoast SEO plugin. -->","yoast_head_json":{"title":"BACI DISFRAZ DE SIRVIENTA FRANCESA A SU SERVICIO - Tienda Er\u00f3tica","robots":{"index":"noindex","follow":"follow","max-snippet":"max-snippet:-1","max-image-preview":"max-image-preview:large","max-video-preview":"max-video-preview:-1"},"og_locale":"es_ES","og_type":"article","og_title":"BACI DISFRAZ DE SIRVIENTA FRANCESA A SU SERVICIO - Tienda Er\u00f3tica","og_description":"BACI AT YOUR SERVICE FRENCH MAID SET. Disfraz de sirvienta de 2 piezas formado por un body de color negro","og_url":"https:\/\/demoweb.info\/sexshop001\/producto\/baci-disfraz-de-sirvienta-francesa-a-su-servicio\/","og_site_name":"Tienda Er\u00f3tica","article_modified_time":"2022-01-22T18:41:49+00:00","og_image":[{"width":550,"height":550,"url":"https:\/\/demoweb.info\/sexshop001\/wp-content\/uploads\/2022\/01\/BACI-DISFRAZ-DE-SIRVIENTA-FRANCESA-A-SU-SERVICIO.jpg","type":"image\/jpeg"}],"twitter_card":"summary_large_image","twitter_misc":{"Tiempo de lectura":"1 minuto"},"schema":{"@context":"https:\/\/schema.org","@graph":[{"@type":"WebPage","@id":"https:\/\/demoweb.info\/sexshop001\/producto\/baci-disfraz-de-sirvienta-francesa-a-su-servicio\/","url":"https:\/\/demoweb.info\/sexshop001\/producto\/baci-disfraz-de-sirvienta-francesa-a-su-servicio\/","name":"BACI DISFRAZ DE SIRVIENTA FRANCESA A SU SERVICIO - Tienda Er\u00f3tica","isPartOf":{"@id":"https:\/\/demoweb.info\/sexshop001\/#website"},"datePublished":"2022-01-22T18:41:45+00:00","dateModified":"2022-01-22T18:41:49+00:00","breadcrumb":{"@id":"https:\/\/demoweb.info\/sexshop001\/producto\/baci-disfraz-de-sirvienta-francesa-a-su-servicio\/#breadcrumb"},"inLanguage":"es","potentialAction":[{"@type":"ReadAction","target":["https:\/\/demoweb.info\/sexshop001\/producto\/baci-disfraz-de-sirvienta-francesa-a-su-servicio\/"]}]},{"@type":"BreadcrumbList","@id":"https:\/\/demoweb.info\/sexshop001\/producto\/baci-disfraz-de-sirvienta-francesa-a-su-servicio\/#breadcrumb","itemListElement":[{"@type":"ListItem","position":1,"name":"Portada","item":"https:\/\/demoweb.info\/sexshop001\/"},{"@type":"ListItem","position":2,"name":"Tienda","item":"https:\/\/demoweb.info\/sexshop001\/tienda\/"},{"@type":"ListItem","position":3,"name":"BACI DISFRAZ DE SIRVIENTA FRANCESA A SU SERVICIO"}]},{"@type":"WebSite","@id":"https:\/\/demoweb.info\/sexshop001\/#website","url":"https:\/\/demoweb.info\/sexshop001\/","name":"Tienda Er\u00f3tica","description":"DEMOWEB SL","potentialAction":[{"@type":"SearchAction","target":{"@type":"EntryPoint","urlTemplate":"https:\/\/demoweb.info\/sexshop001\/?s={search_term_string}"},"query-input":"required name=search_term_string"}],"inLanguage":"es"}]}},"_links":{"self":[{"href":"https:\/\/demoweb.info\/sexshop001\/wp-json\/wp\/v3\/product\/66617","targetHints":{"allow":["GET"]}}],"collection":[{"href":"https:\/\/demoweb.info\/sexshop001\/wp-json\/wp\/v3\/product"}],"about":[{"href":"https:\/\/demoweb.info\/sexshop001\/wp-json\/wp\/v2\/types\/product"}],"replies":[{"embeddable":true,"href":"https:\/\/demoweb.info\/sexshop001\/wp-json\/wp\/v2\/comments?post=66617"}],"wp:featuredmedia":[{"embeddable":true,"href":"https:\/\/demoweb.info\/sexshop001\/wp-json\/wp\/v2\/media\/66618"}],"wp:attachment":[{"href":"https:\/\/demoweb.info\/sexshop001\/wp-json\/wp\/v2\/media?parent=66617"}],"wp:term":[{"taxonomy":"product_cat","embeddable":true,"href":"https:\/\/demoweb.info\/sexshop001\/wp-json\/wp\/v2\/product_cat?post=66617"},{"taxonomy":"product_tag","embeddable":true,"href":"https:\/\/demoweb.info\/sexshop001\/wp-json\/wp\/v2\/product_tag?post=66617"}],"curies":[{"name":"wp","href":"https:\/\/api.w.org\/{rel}","templated":true}]}}