{"id":66140,"date":"2022-01-22T19:36:03","date_gmt":"2022-01-22T18:36:03","guid":{"rendered":"https:\/\/demoweb.info\/sexshop001\/producto\/leg-avenue-panties-nude-con-costura-trasera-de-flecos-2\/"},"modified":"2022-01-22T19:36:04","modified_gmt":"2022-01-22T18:36:04","slug":"leg-avenue-panties-nude-con-costura-trasera-de-flecos-2","status":"publish","type":"product","link":"https:\/\/demoweb.info\/sexshop001\/producto\/leg-avenue-panties-nude-con-costura-trasera-de-flecos-2\/","title":{"rendered":"LEG AVENUE PANTIES NUDE CON COSTURA TRASERA DE FLECOS"},"content":{"rendered":"<p><font size=&quot;1&quot;><br \/>\n<b>LEG AVENUE SPANDEX SHEER PANTYHOSE WITH FRINGE BACKSEAM<\/b>.<\/p>\n<p>Fant\u00e1sticos panties nude con costura trasera en flecos negros. Son los favoritos para los m\u00e1s fetichistas! Esa fina capa que separa tu piel de su piel har\u00e1 que vuele su imaginaci\u00f3n&#8230; Sexy y seductora, pero a la vez elegante y sofisticada. No podr\u00e1s esperar para lucirlas con tu mejor conjunto de ropa interior, o con ese sensual vestido que guardas en tu armario&#8230;<\/p>\n<p> Estos maravillosos panties pertenecen a la colecci\u00f3n <b>Hosiery de Leg Avenue <\/b>.<\/p>\n<p><b>Leg Avenue<\/b> tiene los productos que estabas buscando comprometi\u00e9ndose a ofrecer a los clientes productos innovadores, precios competitivos y una gran satisfacci\u00f3n,<br \/>\nreci\u00e9n llegados desde el distrito m\u00e1s fashion de Los \u00c1ngeles.<\/p>\n<p>Nadie lo hace m\u00e1s sexy!!<br \/>\n<\/font><\/p>\n","protected":false},"excerpt":{"rendered":"<p>LEG AVENUE SPANDEX SHEER PANTYHOSE WITH FRINGE BACKSEAM. Fant\u00e1sticos panties nude con costura trasera en flecos negros. Son los favoritos<\/p>\n","protected":false},"featured_media":66141,"comment_status":"open","ping_status":"open","template":"","meta":[],"product_cat":[1015],"product_tag":[1014,1013],"class_list":["post-66140","product","type-product","status-publish","has-post-thumbnail","hentry","product_cat-fantasia-pantys","product_tag-hosiery","product_tag-leg-avenue"],"bundled_by":[],"bundle_stock_status":"instock","bundle_stock_quantity":21,"bundle_virtual":false,"bundle_layout":"","bundle_add_to_cart_form_location":"","bundle_editable_in_cart":false,"bundle_sold_individually_context":"","bundle_item_grouping":"","bundle_min_size":"","bundle_max_size":"","bundled_items":[],"yoast_head":"<!-- This site is optimized with the Yoast SEO plugin v20.6 - https:\/\/yoast.com\/wordpress\/plugins\/seo\/ -->\n<title>LEG AVENUE PANTIES NUDE CON COSTURA TRASERA DE FLECOS - Tienda Er\u00f3tica<\/title>\n<meta name=\"robots\" content=\"noindex, follow, max-snippet:-1, max-image-preview:large, max-video-preview:-1\" \/>\n<meta property=\"og:locale\" content=\"es_ES\" \/>\n<meta property=\"og:type\" content=\"article\" \/>\n<meta property=\"og:title\" content=\"LEG AVENUE PANTIES NUDE CON COSTURA TRASERA DE FLECOS - Tienda Er\u00f3tica\" \/>\n<meta property=\"og:description\" content=\"LEG AVENUE SPANDEX SHEER PANTYHOSE WITH FRINGE BACKSEAM. Fant\u00e1sticos panties nude con costura trasera en flecos negros. Son los favoritos\" \/>\n<meta property=\"og:url\" content=\"https:\/\/demoweb.info\/sexshop001\/producto\/leg-avenue-panties-nude-con-costura-trasera-de-flecos-2\/\" \/>\n<meta property=\"og:site_name\" content=\"Tienda Er\u00f3tica\" \/>\n<meta property=\"article:modified_time\" content=\"2022-01-22T18:36:04+00:00\" \/>\n<meta property=\"og:image\" content=\"https:\/\/demoweb.info\/sexshop001\/wp-content\/uploads\/2022\/01\/LEG-AVENUE-PANTIES-NUDE-CON-COSTURA-TRASERA-DE-FLECOS-1.jpg\" \/>\n\t<meta property=\"og:image:width\" content=\"550\" \/>\n\t<meta property=\"og:image:height\" content=\"550\" \/>\n\t<meta property=\"og:image:type\" content=\"image\/jpeg\" \/>\n<meta name=\"twitter:card\" content=\"summary_large_image\" \/>\n<meta name=\"twitter:label1\" content=\"Tiempo de lectura\" \/>\n\t<meta name=\"twitter:data1\" content=\"1 minuto\" \/>\n<script type=\"application\/ld+json\" class=\"yoast-schema-graph\">{\"@context\":\"https:\/\/schema.org\",\"@graph\":[{\"@type\":\"WebPage\",\"@id\":\"https:\/\/demoweb.info\/sexshop001\/producto\/leg-avenue-panties-nude-con-costura-trasera-de-flecos-2\/\",\"url\":\"https:\/\/demoweb.info\/sexshop001\/producto\/leg-avenue-panties-nude-con-costura-trasera-de-flecos-2\/\",\"name\":\"LEG AVENUE PANTIES NUDE CON COSTURA TRASERA DE FLECOS - Tienda Er\u00f3tica\",\"isPartOf\":{\"@id\":\"https:\/\/demoweb.info\/sexshop001\/#website\"},\"datePublished\":\"2022-01-22T18:36:03+00:00\",\"dateModified\":\"2022-01-22T18:36:04+00:00\",\"breadcrumb\":{\"@id\":\"https:\/\/demoweb.info\/sexshop001\/producto\/leg-avenue-panties-nude-con-costura-trasera-de-flecos-2\/#breadcrumb\"},\"inLanguage\":\"es\",\"potentialAction\":[{\"@type\":\"ReadAction\",\"target\":[\"https:\/\/demoweb.info\/sexshop001\/producto\/leg-avenue-panties-nude-con-costura-trasera-de-flecos-2\/\"]}]},{\"@type\":\"BreadcrumbList\",\"@id\":\"https:\/\/demoweb.info\/sexshop001\/producto\/leg-avenue-panties-nude-con-costura-trasera-de-flecos-2\/#breadcrumb\",\"itemListElement\":[{\"@type\":\"ListItem\",\"position\":1,\"name\":\"Portada\",\"item\":\"https:\/\/demoweb.info\/sexshop001\/\"},{\"@type\":\"ListItem\",\"position\":2,\"name\":\"Tienda\",\"item\":\"https:\/\/demoweb.info\/sexshop001\/tienda\/\"},{\"@type\":\"ListItem\",\"position\":3,\"name\":\"LEG AVENUE PANTIES NUDE CON COSTURA TRASERA DE FLECOS\"}]},{\"@type\":\"WebSite\",\"@id\":\"https:\/\/demoweb.info\/sexshop001\/#website\",\"url\":\"https:\/\/demoweb.info\/sexshop001\/\",\"name\":\"Tienda Er\u00f3tica\",\"description\":\"DEMOWEB SL\",\"potentialAction\":[{\"@type\":\"SearchAction\",\"target\":{\"@type\":\"EntryPoint\",\"urlTemplate\":\"https:\/\/demoweb.info\/sexshop001\/?s={search_term_string}\"},\"query-input\":\"required name=search_term_string\"}],\"inLanguage\":\"es\"}]}<\/script>\n<!-- \/ Yoast SEO plugin. -->","yoast_head_json":{"title":"LEG AVENUE PANTIES NUDE CON COSTURA TRASERA DE FLECOS - Tienda Er\u00f3tica","robots":{"index":"noindex","follow":"follow","max-snippet":"max-snippet:-1","max-image-preview":"max-image-preview:large","max-video-preview":"max-video-preview:-1"},"og_locale":"es_ES","og_type":"article","og_title":"LEG AVENUE PANTIES NUDE CON COSTURA TRASERA DE FLECOS - Tienda Er\u00f3tica","og_description":"LEG AVENUE SPANDEX SHEER PANTYHOSE WITH FRINGE BACKSEAM. Fant\u00e1sticos panties nude con costura trasera en flecos negros. Son los favoritos","og_url":"https:\/\/demoweb.info\/sexshop001\/producto\/leg-avenue-panties-nude-con-costura-trasera-de-flecos-2\/","og_site_name":"Tienda Er\u00f3tica","article_modified_time":"2022-01-22T18:36:04+00:00","og_image":[{"width":550,"height":550,"url":"https:\/\/demoweb.info\/sexshop001\/wp-content\/uploads\/2022\/01\/LEG-AVENUE-PANTIES-NUDE-CON-COSTURA-TRASERA-DE-FLECOS-1.jpg","type":"image\/jpeg"}],"twitter_card":"summary_large_image","twitter_misc":{"Tiempo de lectura":"1 minuto"},"schema":{"@context":"https:\/\/schema.org","@graph":[{"@type":"WebPage","@id":"https:\/\/demoweb.info\/sexshop001\/producto\/leg-avenue-panties-nude-con-costura-trasera-de-flecos-2\/","url":"https:\/\/demoweb.info\/sexshop001\/producto\/leg-avenue-panties-nude-con-costura-trasera-de-flecos-2\/","name":"LEG AVENUE PANTIES NUDE CON COSTURA TRASERA DE FLECOS - Tienda Er\u00f3tica","isPartOf":{"@id":"https:\/\/demoweb.info\/sexshop001\/#website"},"datePublished":"2022-01-22T18:36:03+00:00","dateModified":"2022-01-22T18:36:04+00:00","breadcrumb":{"@id":"https:\/\/demoweb.info\/sexshop001\/producto\/leg-avenue-panties-nude-con-costura-trasera-de-flecos-2\/#breadcrumb"},"inLanguage":"es","potentialAction":[{"@type":"ReadAction","target":["https:\/\/demoweb.info\/sexshop001\/producto\/leg-avenue-panties-nude-con-costura-trasera-de-flecos-2\/"]}]},{"@type":"BreadcrumbList","@id":"https:\/\/demoweb.info\/sexshop001\/producto\/leg-avenue-panties-nude-con-costura-trasera-de-flecos-2\/#breadcrumb","itemListElement":[{"@type":"ListItem","position":1,"name":"Portada","item":"https:\/\/demoweb.info\/sexshop001\/"},{"@type":"ListItem","position":2,"name":"Tienda","item":"https:\/\/demoweb.info\/sexshop001\/tienda\/"},{"@type":"ListItem","position":3,"name":"LEG AVENUE PANTIES NUDE CON COSTURA TRASERA DE FLECOS"}]},{"@type":"WebSite","@id":"https:\/\/demoweb.info\/sexshop001\/#website","url":"https:\/\/demoweb.info\/sexshop001\/","name":"Tienda Er\u00f3tica","description":"DEMOWEB SL","potentialAction":[{"@type":"SearchAction","target":{"@type":"EntryPoint","urlTemplate":"https:\/\/demoweb.info\/sexshop001\/?s={search_term_string}"},"query-input":"required name=search_term_string"}],"inLanguage":"es"}]}},"_links":{"self":[{"href":"https:\/\/demoweb.info\/sexshop001\/wp-json\/wp\/v3\/product\/66140","targetHints":{"allow":["GET"]}}],"collection":[{"href":"https:\/\/demoweb.info\/sexshop001\/wp-json\/wp\/v3\/product"}],"about":[{"href":"https:\/\/demoweb.info\/sexshop001\/wp-json\/wp\/v2\/types\/product"}],"replies":[{"embeddable":true,"href":"https:\/\/demoweb.info\/sexshop001\/wp-json\/wp\/v2\/comments?post=66140"}],"wp:featuredmedia":[{"embeddable":true,"href":"https:\/\/demoweb.info\/sexshop001\/wp-json\/wp\/v2\/media\/66141"}],"wp:attachment":[{"href":"https:\/\/demoweb.info\/sexshop001\/wp-json\/wp\/v2\/media?parent=66140"}],"wp:term":[{"taxonomy":"product_cat","embeddable":true,"href":"https:\/\/demoweb.info\/sexshop001\/wp-json\/wp\/v2\/product_cat?post=66140"},{"taxonomy":"product_tag","embeddable":true,"href":"https:\/\/demoweb.info\/sexshop001\/wp-json\/wp\/v2\/product_tag?post=66140"}],"curies":[{"name":"wp","href":"https:\/\/api.w.org\/{rel}","templated":true}]}}