{"id":66124,"date":"2022-01-22T19:35:49","date_gmt":"2022-01-22T18:35:49","guid":{"rendered":"https:\/\/demoweb.info\/sexshop001\/producto\/leg-avenue-body-de-leopardo-y-cintas-de-liguero-de-color-rojo\/"},"modified":"2022-01-22T19:35:52","modified_gmt":"2022-01-22T18:35:52","slug":"leg-avenue-body-de-leopardo-y-cintas-de-liguero-de-color-rojo","status":"publish","type":"product","link":"https:\/\/demoweb.info\/sexshop001\/producto\/leg-avenue-body-de-leopardo-y-cintas-de-liguero-de-color-rojo\/","title":{"rendered":"LEG AVENUE BODY DE LEOPARDO Y CINTAS DE LIGUERO DE COLOR ROJO"},"content":{"rendered":"<p><strong>LEG AVENUE BRUSHED SPANDEX SATIN TRIMMED ROMPER WITH GARTER STRAPS<\/strong>.<\/p>\n<p>Fant\u00e1stico body de estampado de leopardo con detalles en color rojo satinado y cintas de liguero. El rojo es el color de la pasi\u00f3n por excelencia. Es un color muy provocativo que indica deseo sin tapujos. Si eres atrevida, prep\u00e1rate para dejarlo con la boca abierta. No incluye las medias.<\/p>\n<p>Este elegante conjunto pertenece a la colecci\u00f3n <strong>Burlesque, de Leg Avenue.<\/strong><\/p>\n<p><strong>Leg Avenue<\/strong> tiene los productos que estabas buscando comprometi\u00e9ndose a ofrecer a los clientes productos innovadores, precios competitivos y una gran satisfacci\u00f3n, reci\u00e9n llegados desde el distrito m\u00e1s fashion de Los \u00c1ngeles.<\/p>\n<p>Nadie lo hace m\u00e1s sexy!!<\/p>\n","protected":false},"excerpt":{"rendered":"<p>LEG AVENUE BRUSHED SPANDEX SATIN TRIMMED ROMPER WITH GARTER STRAPS. Fant\u00e1stico body de estampado de leopardo con detalles en color<\/p>\n","protected":false},"featured_media":66125,"comment_status":"open","ping_status":"open","template":"","meta":[],"product_cat":[357],"product_tag":[1644,1013],"class_list":["post-66124","product","type-product","status-publish","has-post-thumbnail","hentry","product_cat-con-ligueros-bodys","product_tag-burlesque","product_tag-leg-avenue"],"bundled_by":[],"bundle_stock_status":"instock","bundle_stock_quantity":1,"bundle_virtual":false,"bundle_layout":"","bundle_add_to_cart_form_location":"","bundle_editable_in_cart":false,"bundle_sold_individually_context":"","bundle_item_grouping":"","bundle_min_size":"","bundle_max_size":"","bundled_items":[],"yoast_head":"<!-- This site is optimized with the Yoast SEO plugin v20.6 - https:\/\/yoast.com\/wordpress\/plugins\/seo\/ -->\n<title>LEG AVENUE BODY DE LEOPARDO Y CINTAS DE LIGUERO DE COLOR ROJO - Tienda Er\u00f3tica<\/title>\n<meta name=\"robots\" content=\"noindex, follow, max-snippet:-1, max-image-preview:large, max-video-preview:-1\" \/>\n<meta property=\"og:locale\" content=\"es_ES\" \/>\n<meta property=\"og:type\" content=\"article\" \/>\n<meta property=\"og:title\" content=\"LEG AVENUE BODY DE LEOPARDO Y CINTAS DE LIGUERO DE COLOR ROJO - Tienda Er\u00f3tica\" \/>\n<meta property=\"og:description\" content=\"LEG AVENUE BRUSHED SPANDEX SATIN TRIMMED ROMPER WITH GARTER STRAPS. Fant\u00e1stico body de estampado de leopardo con detalles en color\" \/>\n<meta property=\"og:url\" content=\"https:\/\/demoweb.info\/sexshop001\/producto\/leg-avenue-body-de-leopardo-y-cintas-de-liguero-de-color-rojo\/\" \/>\n<meta property=\"og:site_name\" content=\"Tienda Er\u00f3tica\" \/>\n<meta property=\"article:modified_time\" content=\"2022-01-22T18:35:52+00:00\" \/>\n<meta property=\"og:image\" content=\"https:\/\/demoweb.info\/sexshop001\/wp-content\/uploads\/2022\/01\/LEG-AVENUE-BODY-DE-LEOPARDO-Y-CINTAS-DE-LIGUERO-DE-COLOR-ROJO.jpg\" \/>\n\t<meta property=\"og:image:width\" content=\"550\" \/>\n\t<meta property=\"og:image:height\" content=\"550\" \/>\n\t<meta property=\"og:image:type\" content=\"image\/jpeg\" \/>\n<meta name=\"twitter:card\" content=\"summary_large_image\" \/>\n<meta name=\"twitter:label1\" content=\"Tiempo de lectura\" \/>\n\t<meta name=\"twitter:data1\" content=\"1 minuto\" \/>\n<script type=\"application\/ld+json\" class=\"yoast-schema-graph\">{\"@context\":\"https:\/\/schema.org\",\"@graph\":[{\"@type\":\"WebPage\",\"@id\":\"https:\/\/demoweb.info\/sexshop001\/producto\/leg-avenue-body-de-leopardo-y-cintas-de-liguero-de-color-rojo\/\",\"url\":\"https:\/\/demoweb.info\/sexshop001\/producto\/leg-avenue-body-de-leopardo-y-cintas-de-liguero-de-color-rojo\/\",\"name\":\"LEG AVENUE BODY DE LEOPARDO Y CINTAS DE LIGUERO DE COLOR ROJO - Tienda Er\u00f3tica\",\"isPartOf\":{\"@id\":\"https:\/\/demoweb.info\/sexshop001\/#website\"},\"datePublished\":\"2022-01-22T18:35:49+00:00\",\"dateModified\":\"2022-01-22T18:35:52+00:00\",\"breadcrumb\":{\"@id\":\"https:\/\/demoweb.info\/sexshop001\/producto\/leg-avenue-body-de-leopardo-y-cintas-de-liguero-de-color-rojo\/#breadcrumb\"},\"inLanguage\":\"es\",\"potentialAction\":[{\"@type\":\"ReadAction\",\"target\":[\"https:\/\/demoweb.info\/sexshop001\/producto\/leg-avenue-body-de-leopardo-y-cintas-de-liguero-de-color-rojo\/\"]}]},{\"@type\":\"BreadcrumbList\",\"@id\":\"https:\/\/demoweb.info\/sexshop001\/producto\/leg-avenue-body-de-leopardo-y-cintas-de-liguero-de-color-rojo\/#breadcrumb\",\"itemListElement\":[{\"@type\":\"ListItem\",\"position\":1,\"name\":\"Portada\",\"item\":\"https:\/\/demoweb.info\/sexshop001\/\"},{\"@type\":\"ListItem\",\"position\":2,\"name\":\"Tienda\",\"item\":\"https:\/\/demoweb.info\/sexshop001\/tienda\/\"},{\"@type\":\"ListItem\",\"position\":3,\"name\":\"LEG AVENUE BODY DE LEOPARDO Y CINTAS DE LIGUERO DE COLOR ROJO\"}]},{\"@type\":\"WebSite\",\"@id\":\"https:\/\/demoweb.info\/sexshop001\/#website\",\"url\":\"https:\/\/demoweb.info\/sexshop001\/\",\"name\":\"Tienda Er\u00f3tica\",\"description\":\"DEMOWEB SL\",\"potentialAction\":[{\"@type\":\"SearchAction\",\"target\":{\"@type\":\"EntryPoint\",\"urlTemplate\":\"https:\/\/demoweb.info\/sexshop001\/?s={search_term_string}\"},\"query-input\":\"required name=search_term_string\"}],\"inLanguage\":\"es\"}]}<\/script>\n<!-- \/ Yoast SEO plugin. -->","yoast_head_json":{"title":"LEG AVENUE BODY DE LEOPARDO Y CINTAS DE LIGUERO DE COLOR ROJO - Tienda Er\u00f3tica","robots":{"index":"noindex","follow":"follow","max-snippet":"max-snippet:-1","max-image-preview":"max-image-preview:large","max-video-preview":"max-video-preview:-1"},"og_locale":"es_ES","og_type":"article","og_title":"LEG AVENUE BODY DE LEOPARDO Y CINTAS DE LIGUERO DE COLOR ROJO - Tienda Er\u00f3tica","og_description":"LEG AVENUE BRUSHED SPANDEX SATIN TRIMMED ROMPER WITH GARTER STRAPS. Fant\u00e1stico body de estampado de leopardo con detalles en color","og_url":"https:\/\/demoweb.info\/sexshop001\/producto\/leg-avenue-body-de-leopardo-y-cintas-de-liguero-de-color-rojo\/","og_site_name":"Tienda Er\u00f3tica","article_modified_time":"2022-01-22T18:35:52+00:00","og_image":[{"width":550,"height":550,"url":"https:\/\/demoweb.info\/sexshop001\/wp-content\/uploads\/2022\/01\/LEG-AVENUE-BODY-DE-LEOPARDO-Y-CINTAS-DE-LIGUERO-DE-COLOR-ROJO.jpg","type":"image\/jpeg"}],"twitter_card":"summary_large_image","twitter_misc":{"Tiempo de lectura":"1 minuto"},"schema":{"@context":"https:\/\/schema.org","@graph":[{"@type":"WebPage","@id":"https:\/\/demoweb.info\/sexshop001\/producto\/leg-avenue-body-de-leopardo-y-cintas-de-liguero-de-color-rojo\/","url":"https:\/\/demoweb.info\/sexshop001\/producto\/leg-avenue-body-de-leopardo-y-cintas-de-liguero-de-color-rojo\/","name":"LEG AVENUE BODY DE LEOPARDO Y CINTAS DE LIGUERO DE COLOR ROJO - Tienda Er\u00f3tica","isPartOf":{"@id":"https:\/\/demoweb.info\/sexshop001\/#website"},"datePublished":"2022-01-22T18:35:49+00:00","dateModified":"2022-01-22T18:35:52+00:00","breadcrumb":{"@id":"https:\/\/demoweb.info\/sexshop001\/producto\/leg-avenue-body-de-leopardo-y-cintas-de-liguero-de-color-rojo\/#breadcrumb"},"inLanguage":"es","potentialAction":[{"@type":"ReadAction","target":["https:\/\/demoweb.info\/sexshop001\/producto\/leg-avenue-body-de-leopardo-y-cintas-de-liguero-de-color-rojo\/"]}]},{"@type":"BreadcrumbList","@id":"https:\/\/demoweb.info\/sexshop001\/producto\/leg-avenue-body-de-leopardo-y-cintas-de-liguero-de-color-rojo\/#breadcrumb","itemListElement":[{"@type":"ListItem","position":1,"name":"Portada","item":"https:\/\/demoweb.info\/sexshop001\/"},{"@type":"ListItem","position":2,"name":"Tienda","item":"https:\/\/demoweb.info\/sexshop001\/tienda\/"},{"@type":"ListItem","position":3,"name":"LEG AVENUE BODY DE LEOPARDO Y CINTAS DE LIGUERO DE COLOR ROJO"}]},{"@type":"WebSite","@id":"https:\/\/demoweb.info\/sexshop001\/#website","url":"https:\/\/demoweb.info\/sexshop001\/","name":"Tienda Er\u00f3tica","description":"DEMOWEB SL","potentialAction":[{"@type":"SearchAction","target":{"@type":"EntryPoint","urlTemplate":"https:\/\/demoweb.info\/sexshop001\/?s={search_term_string}"},"query-input":"required name=search_term_string"}],"inLanguage":"es"}]}},"_links":{"self":[{"href":"https:\/\/demoweb.info\/sexshop001\/wp-json\/wp\/v3\/product\/66124","targetHints":{"allow":["GET"]}}],"collection":[{"href":"https:\/\/demoweb.info\/sexshop001\/wp-json\/wp\/v3\/product"}],"about":[{"href":"https:\/\/demoweb.info\/sexshop001\/wp-json\/wp\/v2\/types\/product"}],"replies":[{"embeddable":true,"href":"https:\/\/demoweb.info\/sexshop001\/wp-json\/wp\/v2\/comments?post=66124"}],"wp:featuredmedia":[{"embeddable":true,"href":"https:\/\/demoweb.info\/sexshop001\/wp-json\/wp\/v2\/media\/66125"}],"wp:attachment":[{"href":"https:\/\/demoweb.info\/sexshop001\/wp-json\/wp\/v2\/media?parent=66124"}],"wp:term":[{"taxonomy":"product_cat","embeddable":true,"href":"https:\/\/demoweb.info\/sexshop001\/wp-json\/wp\/v2\/product_cat?post=66124"},{"taxonomy":"product_tag","embeddable":true,"href":"https:\/\/demoweb.info\/sexshop001\/wp-json\/wp\/v2\/product_tag?post=66124"}],"curies":[{"name":"wp","href":"https:\/\/api.w.org\/{rel}","templated":true}]}}