{"id":65978,"date":"2022-01-22T19:34:19","date_gmt":"2022-01-22T18:34:19","guid":{"rendered":"https:\/\/demoweb.info\/sexshop001\/producto\/leg-avenue-body-transparente-abierto\/"},"modified":"2022-01-22T19:34:24","modified_gmt":"2022-01-22T18:34:24","slug":"leg-avenue-body-transparente-abierto","status":"publish","type":"product","link":"https:\/\/demoweb.info\/sexshop001\/producto\/leg-avenue-body-transparente-abierto\/","title":{"rendered":"LEG AVENUE BODY TRANSPARENTE ABIERTO"},"content":{"rendered":"<p><font size=&quot;1&quot;><br \/>\n<b>LEG AVENUE BACKLESS MESH CAP SLEEVE OPEN FRONT TEDDY<\/b>.<\/p>\n<p>Fant\u00e1stico body transparente de color negro con la parte trasera abierta y la delantera completamente descubierta. La lencer\u00eda femenina en color negro siempre es un cl\u00e1sico que no pasa de moda. Tanto si llevas ropa clara como si es oscura un modelito en negro con transparencias siempre te estilizar\u00e1 la figura y la resaltar\u00e1 para que la protagonista seas tu. No incluye los guantes.<\/p>\n<p>Este elegante conjunto pertenece a la colecci\u00f3n <b>Burlesque, de Leg Avenue.<\/b><\/p>\n<p><b>Leg Avenue<\/b> tiene los productos que estabas buscando comprometi\u00e9ndose a ofrecer a los clientes productos innovadores, precios competitivos y una gran satisfacci\u00f3n,<br \/>\nreci\u00e9n llegados desde el distrito m\u00e1s fashion de Los \u00c1ngeles.<\/p>\n<p>Nadie lo hace m\u00e1s sexy!!<br \/>\n<\/font><\/p>\n","protected":false},"excerpt":{"rendered":"<p>LEG AVENUE BACKLESS MESH CAP SLEEVE OPEN FRONT TEDDY. Fant\u00e1stico body transparente de color negro con la parte trasera abierta<\/p>\n","protected":false},"featured_media":65979,"comment_status":"open","ping_status":"open","template":"","meta":[],"product_cat":[940],"product_tag":[1013,1017],"class_list":["post-65978","product","type-product","status-publish","has-post-thumbnail","hentry","product_cat-bodys-para-ella","product_tag-leg-avenue","product_tag-lingerie"],"bundled_by":[],"bundle_stock_status":"instock","bundle_stock_quantity":3,"bundle_virtual":false,"bundle_layout":"","bundle_add_to_cart_form_location":"","bundle_editable_in_cart":false,"bundle_sold_individually_context":"","bundle_item_grouping":"","bundle_min_size":"","bundle_max_size":"","bundled_items":[],"yoast_head":"<!-- This site is optimized with the Yoast SEO plugin v20.6 - https:\/\/yoast.com\/wordpress\/plugins\/seo\/ -->\n<title>LEG AVENUE BODY TRANSPARENTE ABIERTO - Tienda Er\u00f3tica<\/title>\n<meta name=\"robots\" content=\"noindex, follow, max-snippet:-1, max-image-preview:large, max-video-preview:-1\" \/>\n<meta property=\"og:locale\" content=\"es_ES\" \/>\n<meta property=\"og:type\" content=\"article\" \/>\n<meta property=\"og:title\" content=\"LEG AVENUE BODY TRANSPARENTE ABIERTO - Tienda Er\u00f3tica\" \/>\n<meta property=\"og:description\" content=\"LEG AVENUE BACKLESS MESH CAP SLEEVE OPEN FRONT TEDDY. Fant\u00e1stico body transparente de color negro con la parte trasera abierta\" \/>\n<meta property=\"og:url\" content=\"https:\/\/demoweb.info\/sexshop001\/producto\/leg-avenue-body-transparente-abierto\/\" \/>\n<meta property=\"og:site_name\" content=\"Tienda Er\u00f3tica\" \/>\n<meta property=\"article:modified_time\" content=\"2022-01-22T18:34:24+00:00\" \/>\n<meta property=\"og:image\" content=\"https:\/\/demoweb.info\/sexshop001\/wp-content\/uploads\/2022\/01\/LEG-AVENUE-BODY-TRANSPARENTE-ABIERTO.jpg\" \/>\n\t<meta property=\"og:image:width\" content=\"390\" \/>\n\t<meta property=\"og:image:height\" content=\"550\" \/>\n\t<meta property=\"og:image:type\" content=\"image\/jpeg\" \/>\n<meta name=\"twitter:card\" content=\"summary_large_image\" \/>\n<meta name=\"twitter:label1\" content=\"Tiempo de lectura\" \/>\n\t<meta name=\"twitter:data1\" content=\"1 minuto\" \/>\n<script type=\"application\/ld+json\" class=\"yoast-schema-graph\">{\"@context\":\"https:\/\/schema.org\",\"@graph\":[{\"@type\":\"WebPage\",\"@id\":\"https:\/\/demoweb.info\/sexshop001\/producto\/leg-avenue-body-transparente-abierto\/\",\"url\":\"https:\/\/demoweb.info\/sexshop001\/producto\/leg-avenue-body-transparente-abierto\/\",\"name\":\"LEG AVENUE BODY TRANSPARENTE ABIERTO - Tienda Er\u00f3tica\",\"isPartOf\":{\"@id\":\"https:\/\/demoweb.info\/sexshop001\/#website\"},\"datePublished\":\"2022-01-22T18:34:19+00:00\",\"dateModified\":\"2022-01-22T18:34:24+00:00\",\"breadcrumb\":{\"@id\":\"https:\/\/demoweb.info\/sexshop001\/producto\/leg-avenue-body-transparente-abierto\/#breadcrumb\"},\"inLanguage\":\"es\",\"potentialAction\":[{\"@type\":\"ReadAction\",\"target\":[\"https:\/\/demoweb.info\/sexshop001\/producto\/leg-avenue-body-transparente-abierto\/\"]}]},{\"@type\":\"BreadcrumbList\",\"@id\":\"https:\/\/demoweb.info\/sexshop001\/producto\/leg-avenue-body-transparente-abierto\/#breadcrumb\",\"itemListElement\":[{\"@type\":\"ListItem\",\"position\":1,\"name\":\"Portada\",\"item\":\"https:\/\/demoweb.info\/sexshop001\/\"},{\"@type\":\"ListItem\",\"position\":2,\"name\":\"Tienda\",\"item\":\"https:\/\/demoweb.info\/sexshop001\/tienda\/\"},{\"@type\":\"ListItem\",\"position\":3,\"name\":\"LEG AVENUE BODY TRANSPARENTE ABIERTO\"}]},{\"@type\":\"WebSite\",\"@id\":\"https:\/\/demoweb.info\/sexshop001\/#website\",\"url\":\"https:\/\/demoweb.info\/sexshop001\/\",\"name\":\"Tienda Er\u00f3tica\",\"description\":\"DEMOWEB SL\",\"potentialAction\":[{\"@type\":\"SearchAction\",\"target\":{\"@type\":\"EntryPoint\",\"urlTemplate\":\"https:\/\/demoweb.info\/sexshop001\/?s={search_term_string}\"},\"query-input\":\"required name=search_term_string\"}],\"inLanguage\":\"es\"}]}<\/script>\n<!-- \/ Yoast SEO plugin. -->","yoast_head_json":{"title":"LEG AVENUE BODY TRANSPARENTE ABIERTO - Tienda Er\u00f3tica","robots":{"index":"noindex","follow":"follow","max-snippet":"max-snippet:-1","max-image-preview":"max-image-preview:large","max-video-preview":"max-video-preview:-1"},"og_locale":"es_ES","og_type":"article","og_title":"LEG AVENUE BODY TRANSPARENTE ABIERTO - Tienda Er\u00f3tica","og_description":"LEG AVENUE BACKLESS MESH CAP SLEEVE OPEN FRONT TEDDY. Fant\u00e1stico body transparente de color negro con la parte trasera abierta","og_url":"https:\/\/demoweb.info\/sexshop001\/producto\/leg-avenue-body-transparente-abierto\/","og_site_name":"Tienda Er\u00f3tica","article_modified_time":"2022-01-22T18:34:24+00:00","og_image":[{"width":390,"height":550,"url":"https:\/\/demoweb.info\/sexshop001\/wp-content\/uploads\/2022\/01\/LEG-AVENUE-BODY-TRANSPARENTE-ABIERTO.jpg","type":"image\/jpeg"}],"twitter_card":"summary_large_image","twitter_misc":{"Tiempo de lectura":"1 minuto"},"schema":{"@context":"https:\/\/schema.org","@graph":[{"@type":"WebPage","@id":"https:\/\/demoweb.info\/sexshop001\/producto\/leg-avenue-body-transparente-abierto\/","url":"https:\/\/demoweb.info\/sexshop001\/producto\/leg-avenue-body-transparente-abierto\/","name":"LEG AVENUE BODY TRANSPARENTE ABIERTO - Tienda Er\u00f3tica","isPartOf":{"@id":"https:\/\/demoweb.info\/sexshop001\/#website"},"datePublished":"2022-01-22T18:34:19+00:00","dateModified":"2022-01-22T18:34:24+00:00","breadcrumb":{"@id":"https:\/\/demoweb.info\/sexshop001\/producto\/leg-avenue-body-transparente-abierto\/#breadcrumb"},"inLanguage":"es","potentialAction":[{"@type":"ReadAction","target":["https:\/\/demoweb.info\/sexshop001\/producto\/leg-avenue-body-transparente-abierto\/"]}]},{"@type":"BreadcrumbList","@id":"https:\/\/demoweb.info\/sexshop001\/producto\/leg-avenue-body-transparente-abierto\/#breadcrumb","itemListElement":[{"@type":"ListItem","position":1,"name":"Portada","item":"https:\/\/demoweb.info\/sexshop001\/"},{"@type":"ListItem","position":2,"name":"Tienda","item":"https:\/\/demoweb.info\/sexshop001\/tienda\/"},{"@type":"ListItem","position":3,"name":"LEG AVENUE BODY TRANSPARENTE ABIERTO"}]},{"@type":"WebSite","@id":"https:\/\/demoweb.info\/sexshop001\/#website","url":"https:\/\/demoweb.info\/sexshop001\/","name":"Tienda Er\u00f3tica","description":"DEMOWEB SL","potentialAction":[{"@type":"SearchAction","target":{"@type":"EntryPoint","urlTemplate":"https:\/\/demoweb.info\/sexshop001\/?s={search_term_string}"},"query-input":"required name=search_term_string"}],"inLanguage":"es"}]}},"_links":{"self":[{"href":"https:\/\/demoweb.info\/sexshop001\/wp-json\/wp\/v3\/product\/65978","targetHints":{"allow":["GET"]}}],"collection":[{"href":"https:\/\/demoweb.info\/sexshop001\/wp-json\/wp\/v3\/product"}],"about":[{"href":"https:\/\/demoweb.info\/sexshop001\/wp-json\/wp\/v2\/types\/product"}],"replies":[{"embeddable":true,"href":"https:\/\/demoweb.info\/sexshop001\/wp-json\/wp\/v2\/comments?post=65978"}],"wp:featuredmedia":[{"embeddable":true,"href":"https:\/\/demoweb.info\/sexshop001\/wp-json\/wp\/v2\/media\/65979"}],"wp:attachment":[{"href":"https:\/\/demoweb.info\/sexshop001\/wp-json\/wp\/v2\/media?parent=65978"}],"wp:term":[{"taxonomy":"product_cat","embeddable":true,"href":"https:\/\/demoweb.info\/sexshop001\/wp-json\/wp\/v2\/product_cat?post=65978"},{"taxonomy":"product_tag","embeddable":true,"href":"https:\/\/demoweb.info\/sexshop001\/wp-json\/wp\/v2\/product_tag?post=65978"}],"curies":[{"name":"wp","href":"https:\/\/api.w.org\/{rel}","templated":true}]}}