{"id":65893,"date":"2022-01-22T19:33:24","date_gmt":"2022-01-22T18:33:24","guid":{"rendered":"https:\/\/demoweb.info\/sexshop001\/producto\/leg-avenue-medias-de-red-industrial-mediana\/"},"modified":"2022-01-22T19:33:28","modified_gmt":"2022-01-22T18:33:28","slug":"leg-avenue-medias-de-red-industrial-mediana","status":"publish","type":"product","link":"https:\/\/demoweb.info\/sexshop001\/producto\/leg-avenue-medias-de-red-industrial-mediana\/","title":{"rendered":"LEG AVENUE MEDIAS DE RED INDUSTRIAL MEDIANA"},"content":{"rendered":"<p><font size=&quot;1&quot;><br \/>\n<b>LEG AVENUE SPANDEX INDUSTRIAL NET STOCKINGS.<\/b><\/p>\n<p>Fant\u00e1sticas medias de red mediana de tipo industrial en color negro, con acabado en vivo. No dispone de silicona autoadherente, por lo que son aptas para llevar con tu liguero favorito.<\/p>\n<p> Son el complemento perfecto para lucir perfecta cuidando hasta el mas m\u00ednimo detalle en cualquier ocasi\u00f3n&#8230; <\/p>\n<p>Estas maravillosas medias pertenecen a la colecci\u00f3n <b>Hosiery, de Leg Avenue.<\/b><\/p>\n<p><b>Leg Avenue<\/b> tiene los productos que estabas buscando comprometi\u00e9ndose a ofrecer a los clientes productos innovadores, precios competitivos y una gran satisfacci\u00f3n,<br \/>\nreci\u00e9n llegados desde el distrito m\u00e1s fashion de Los \u00c1ngeles.<\/p>\n<p>Nadie lo hace m\u00e1s sexy!!<\/p>\n<p><\/font><\/p>\n","protected":false},"excerpt":{"rendered":"<p>LEG AVENUE SPANDEX INDUSTRIAL NET STOCKINGS. Fant\u00e1sticas medias de red mediana de tipo industrial en color negro, con acabado en<\/p>\n","protected":false},"featured_media":65894,"comment_status":"open","ping_status":"open","template":"","meta":[],"product_cat":[866],"product_tag":[1014,1013],"class_list":["post-65893","product","type-product","status-publish","has-post-thumbnail","hentry","product_cat-con-liguero","product_tag-hosiery","product_tag-leg-avenue"],"bundled_by":[],"bundle_stock_status":"outofstock","bundle_stock_quantity":0,"bundle_virtual":false,"bundle_layout":"","bundle_add_to_cart_form_location":"","bundle_editable_in_cart":false,"bundle_sold_individually_context":"","bundle_item_grouping":"","bundle_min_size":"","bundle_max_size":"","bundled_items":[],"yoast_head":"<!-- This site is optimized with the Yoast SEO plugin v20.6 - https:\/\/yoast.com\/wordpress\/plugins\/seo\/ -->\n<title>LEG AVENUE MEDIAS DE RED INDUSTRIAL MEDIANA - Tienda Er\u00f3tica<\/title>\n<meta name=\"robots\" content=\"noindex, follow, max-snippet:-1, max-image-preview:large, max-video-preview:-1\" \/>\n<meta property=\"og:locale\" content=\"es_ES\" \/>\n<meta property=\"og:type\" content=\"article\" \/>\n<meta property=\"og:title\" content=\"LEG AVENUE MEDIAS DE RED INDUSTRIAL MEDIANA - Tienda Er\u00f3tica\" \/>\n<meta property=\"og:description\" content=\"LEG AVENUE SPANDEX INDUSTRIAL NET STOCKINGS. Fant\u00e1sticas medias de red mediana de tipo industrial en color negro, con acabado en\" \/>\n<meta property=\"og:url\" content=\"https:\/\/demoweb.info\/sexshop001\/producto\/leg-avenue-medias-de-red-industrial-mediana\/\" \/>\n<meta property=\"og:site_name\" content=\"Tienda Er\u00f3tica\" \/>\n<meta property=\"article:modified_time\" content=\"2022-01-22T18:33:28+00:00\" \/>\n<meta property=\"og:image\" content=\"https:\/\/demoweb.info\/sexshop001\/wp-content\/uploads\/2022\/01\/LEG-AVENUE-MEDIAS-DE-RED-INDUSTRIAL-MEDIANA.jpg\" \/>\n\t<meta property=\"og:image:width\" content=\"550\" \/>\n\t<meta property=\"og:image:height\" content=\"550\" \/>\n\t<meta property=\"og:image:type\" content=\"image\/jpeg\" \/>\n<meta name=\"twitter:card\" content=\"summary_large_image\" \/>\n<meta name=\"twitter:label1\" content=\"Tiempo de lectura\" \/>\n\t<meta name=\"twitter:data1\" content=\"1 minuto\" \/>\n<script type=\"application\/ld+json\" class=\"yoast-schema-graph\">{\"@context\":\"https:\/\/schema.org\",\"@graph\":[{\"@type\":\"WebPage\",\"@id\":\"https:\/\/demoweb.info\/sexshop001\/producto\/leg-avenue-medias-de-red-industrial-mediana\/\",\"url\":\"https:\/\/demoweb.info\/sexshop001\/producto\/leg-avenue-medias-de-red-industrial-mediana\/\",\"name\":\"LEG AVENUE MEDIAS DE RED INDUSTRIAL MEDIANA - Tienda Er\u00f3tica\",\"isPartOf\":{\"@id\":\"https:\/\/demoweb.info\/sexshop001\/#website\"},\"datePublished\":\"2022-01-22T18:33:24+00:00\",\"dateModified\":\"2022-01-22T18:33:28+00:00\",\"breadcrumb\":{\"@id\":\"https:\/\/demoweb.info\/sexshop001\/producto\/leg-avenue-medias-de-red-industrial-mediana\/#breadcrumb\"},\"inLanguage\":\"es\",\"potentialAction\":[{\"@type\":\"ReadAction\",\"target\":[\"https:\/\/demoweb.info\/sexshop001\/producto\/leg-avenue-medias-de-red-industrial-mediana\/\"]}]},{\"@type\":\"BreadcrumbList\",\"@id\":\"https:\/\/demoweb.info\/sexshop001\/producto\/leg-avenue-medias-de-red-industrial-mediana\/#breadcrumb\",\"itemListElement\":[{\"@type\":\"ListItem\",\"position\":1,\"name\":\"Portada\",\"item\":\"https:\/\/demoweb.info\/sexshop001\/\"},{\"@type\":\"ListItem\",\"position\":2,\"name\":\"Tienda\",\"item\":\"https:\/\/demoweb.info\/sexshop001\/tienda\/\"},{\"@type\":\"ListItem\",\"position\":3,\"name\":\"LEG AVENUE MEDIAS DE RED INDUSTRIAL MEDIANA\"}]},{\"@type\":\"WebSite\",\"@id\":\"https:\/\/demoweb.info\/sexshop001\/#website\",\"url\":\"https:\/\/demoweb.info\/sexshop001\/\",\"name\":\"Tienda Er\u00f3tica\",\"description\":\"DEMOWEB SL\",\"potentialAction\":[{\"@type\":\"SearchAction\",\"target\":{\"@type\":\"EntryPoint\",\"urlTemplate\":\"https:\/\/demoweb.info\/sexshop001\/?s={search_term_string}\"},\"query-input\":\"required name=search_term_string\"}],\"inLanguage\":\"es\"}]}<\/script>\n<!-- \/ Yoast SEO plugin. -->","yoast_head_json":{"title":"LEG AVENUE MEDIAS DE RED INDUSTRIAL MEDIANA - Tienda Er\u00f3tica","robots":{"index":"noindex","follow":"follow","max-snippet":"max-snippet:-1","max-image-preview":"max-image-preview:large","max-video-preview":"max-video-preview:-1"},"og_locale":"es_ES","og_type":"article","og_title":"LEG AVENUE MEDIAS DE RED INDUSTRIAL MEDIANA - Tienda Er\u00f3tica","og_description":"LEG AVENUE SPANDEX INDUSTRIAL NET STOCKINGS. Fant\u00e1sticas medias de red mediana de tipo industrial en color negro, con acabado en","og_url":"https:\/\/demoweb.info\/sexshop001\/producto\/leg-avenue-medias-de-red-industrial-mediana\/","og_site_name":"Tienda Er\u00f3tica","article_modified_time":"2022-01-22T18:33:28+00:00","og_image":[{"width":550,"height":550,"url":"https:\/\/demoweb.info\/sexshop001\/wp-content\/uploads\/2022\/01\/LEG-AVENUE-MEDIAS-DE-RED-INDUSTRIAL-MEDIANA.jpg","type":"image\/jpeg"}],"twitter_card":"summary_large_image","twitter_misc":{"Tiempo de lectura":"1 minuto"},"schema":{"@context":"https:\/\/schema.org","@graph":[{"@type":"WebPage","@id":"https:\/\/demoweb.info\/sexshop001\/producto\/leg-avenue-medias-de-red-industrial-mediana\/","url":"https:\/\/demoweb.info\/sexshop001\/producto\/leg-avenue-medias-de-red-industrial-mediana\/","name":"LEG AVENUE MEDIAS DE RED INDUSTRIAL MEDIANA - Tienda Er\u00f3tica","isPartOf":{"@id":"https:\/\/demoweb.info\/sexshop001\/#website"},"datePublished":"2022-01-22T18:33:24+00:00","dateModified":"2022-01-22T18:33:28+00:00","breadcrumb":{"@id":"https:\/\/demoweb.info\/sexshop001\/producto\/leg-avenue-medias-de-red-industrial-mediana\/#breadcrumb"},"inLanguage":"es","potentialAction":[{"@type":"ReadAction","target":["https:\/\/demoweb.info\/sexshop001\/producto\/leg-avenue-medias-de-red-industrial-mediana\/"]}]},{"@type":"BreadcrumbList","@id":"https:\/\/demoweb.info\/sexshop001\/producto\/leg-avenue-medias-de-red-industrial-mediana\/#breadcrumb","itemListElement":[{"@type":"ListItem","position":1,"name":"Portada","item":"https:\/\/demoweb.info\/sexshop001\/"},{"@type":"ListItem","position":2,"name":"Tienda","item":"https:\/\/demoweb.info\/sexshop001\/tienda\/"},{"@type":"ListItem","position":3,"name":"LEG AVENUE MEDIAS DE RED INDUSTRIAL MEDIANA"}]},{"@type":"WebSite","@id":"https:\/\/demoweb.info\/sexshop001\/#website","url":"https:\/\/demoweb.info\/sexshop001\/","name":"Tienda Er\u00f3tica","description":"DEMOWEB SL","potentialAction":[{"@type":"SearchAction","target":{"@type":"EntryPoint","urlTemplate":"https:\/\/demoweb.info\/sexshop001\/?s={search_term_string}"},"query-input":"required name=search_term_string"}],"inLanguage":"es"}]}},"_links":{"self":[{"href":"https:\/\/demoweb.info\/sexshop001\/wp-json\/wp\/v3\/product\/65893","targetHints":{"allow":["GET"]}}],"collection":[{"href":"https:\/\/demoweb.info\/sexshop001\/wp-json\/wp\/v3\/product"}],"about":[{"href":"https:\/\/demoweb.info\/sexshop001\/wp-json\/wp\/v2\/types\/product"}],"replies":[{"embeddable":true,"href":"https:\/\/demoweb.info\/sexshop001\/wp-json\/wp\/v2\/comments?post=65893"}],"wp:featuredmedia":[{"embeddable":true,"href":"https:\/\/demoweb.info\/sexshop001\/wp-json\/wp\/v2\/media\/65894"}],"wp:attachment":[{"href":"https:\/\/demoweb.info\/sexshop001\/wp-json\/wp\/v2\/media?parent=65893"}],"wp:term":[{"taxonomy":"product_cat","embeddable":true,"href":"https:\/\/demoweb.info\/sexshop001\/wp-json\/wp\/v2\/product_cat?post=65893"},{"taxonomy":"product_tag","embeddable":true,"href":"https:\/\/demoweb.info\/sexshop001\/wp-json\/wp\/v2\/product_tag?post=65893"}],"curies":[{"name":"wp","href":"https:\/\/api.w.org\/{rel}","templated":true}]}}