{"id":65842,"date":"2022-01-22T19:32:48","date_gmt":"2022-01-22T18:32:48","guid":{"rendered":"https:\/\/demoweb.info\/sexshop001\/producto\/leg-avenue-disfraz-femenino-mujer-de-hojalata-2\/"},"modified":"2022-01-22T19:32:55","modified_gmt":"2022-01-22T18:32:55","slug":"leg-avenue-disfraz-femenino-mujer-de-hojalata-2","status":"publish","type":"product","link":"https:\/\/demoweb.info\/sexshop001\/producto\/leg-avenue-disfraz-femenino-mujer-de-hojalata-2\/","title":{"rendered":"LEG AVENUE DISFRAZ FEMENINO MUJER DE HOJALATA"},"content":{"rendered":"<p><font size=&quot;1&quot;><br \/>\n<b>LEG AVENUE TEMPTING TIN MAN WOMAN COSTUME<\/b><\/p>\n<p>Convi\u00e9rtete en una seductora mujer de hojalata con este traje de Hombre de Hojalata.<br \/> El vestido met\u00e1lico est\u00e1 hecho de poli\u00e9ster el\u00e1stico. El cuello en V se junta con una cremallera delantera y las mangas est\u00e1n reforzadas con espuma. Tanto las mangas como el escote est\u00e1n adornados con tachuelas de pl\u00e1stico plateado. Un gran coraz\u00f3n de purpurina con un lazo de raso negro encima, que va ubicado encima de tu propio coraz\u00f3n. El vestido tiene un una falda a la cadera de tres capas. Las capas son de color negro y la capa superior es de metal plateado de tul. Guantes sin dedos y un sombrero de embudo coraz\u00f3n est\u00e1n incluidos. <\/p>\n<p><b>Leg Avenue<\/b> tiene los productos que estabas buscando comprometi\u00e9ndose a ofrecer a los clientes productos innovadores, precios competitivos y una gran satisfacci\u00f3n,<br \/>\nreci\u00e9n llegados desde el distrito m\u00e1s fashion de Los \u00c1ngeles.<\/p>\n<p>Nadie lo hace m\u00e1s sexy!!<\/p>\n<p><\/font><\/p>\n","protected":false},"excerpt":{"rendered":"<p>LEG AVENUE TEMPTING TIN MAN WOMAN COSTUME Convi\u00e9rtete en una seductora mujer de hojalata con este traje de Hombre de<\/p>\n","protected":false},"featured_media":65843,"comment_status":"open","ping_status":"open","template":"","meta":[],"product_cat":[548],"product_tag":[1023,1013],"class_list":["post-65842","product","type-product","status-publish","has-post-thumbnail","hentry","product_cat-disfraces","product_tag-costume","product_tag-leg-avenue"],"bundled_by":[],"bundle_stock_status":"instock","bundle_stock_quantity":1,"bundle_virtual":false,"bundle_layout":"","bundle_add_to_cart_form_location":"","bundle_editable_in_cart":false,"bundle_sold_individually_context":"","bundle_item_grouping":"","bundle_min_size":"","bundle_max_size":"","bundled_items":[],"yoast_head":"<!-- This site is optimized with the Yoast SEO plugin v20.6 - https:\/\/yoast.com\/wordpress\/plugins\/seo\/ -->\n<title>LEG AVENUE DISFRAZ FEMENINO MUJER DE HOJALATA - Tienda Er\u00f3tica<\/title>\n<meta name=\"robots\" content=\"noindex, follow, max-snippet:-1, max-image-preview:large, max-video-preview:-1\" \/>\n<meta property=\"og:locale\" content=\"es_ES\" \/>\n<meta property=\"og:type\" content=\"article\" \/>\n<meta property=\"og:title\" content=\"LEG AVENUE DISFRAZ FEMENINO MUJER DE HOJALATA - Tienda Er\u00f3tica\" \/>\n<meta property=\"og:description\" content=\"LEG AVENUE TEMPTING TIN MAN WOMAN COSTUME Convi\u00e9rtete en una seductora mujer de hojalata con este traje de Hombre de\" \/>\n<meta property=\"og:url\" content=\"https:\/\/demoweb.info\/sexshop001\/producto\/leg-avenue-disfraz-femenino-mujer-de-hojalata-2\/\" \/>\n<meta property=\"og:site_name\" content=\"Tienda Er\u00f3tica\" \/>\n<meta property=\"article:modified_time\" content=\"2022-01-22T18:32:55+00:00\" \/>\n<meta property=\"og:image\" content=\"https:\/\/demoweb.info\/sexshop001\/wp-content\/uploads\/2022\/01\/LEG-AVENUE-DISFRAZ-FEMENINO-MUJER-DE-HOJALATA-3.jpg\" \/>\n\t<meta property=\"og:image:width\" content=\"550\" \/>\n\t<meta property=\"og:image:height\" content=\"550\" \/>\n\t<meta property=\"og:image:type\" content=\"image\/jpeg\" \/>\n<meta name=\"twitter:card\" content=\"summary_large_image\" \/>\n<meta name=\"twitter:label1\" content=\"Tiempo de lectura\" \/>\n\t<meta name=\"twitter:data1\" content=\"1 minuto\" \/>\n<script type=\"application\/ld+json\" class=\"yoast-schema-graph\">{\"@context\":\"https:\/\/schema.org\",\"@graph\":[{\"@type\":\"WebPage\",\"@id\":\"https:\/\/demoweb.info\/sexshop001\/producto\/leg-avenue-disfraz-femenino-mujer-de-hojalata-2\/\",\"url\":\"https:\/\/demoweb.info\/sexshop001\/producto\/leg-avenue-disfraz-femenino-mujer-de-hojalata-2\/\",\"name\":\"LEG AVENUE DISFRAZ FEMENINO MUJER DE HOJALATA - Tienda Er\u00f3tica\",\"isPartOf\":{\"@id\":\"https:\/\/demoweb.info\/sexshop001\/#website\"},\"datePublished\":\"2022-01-22T18:32:48+00:00\",\"dateModified\":\"2022-01-22T18:32:55+00:00\",\"breadcrumb\":{\"@id\":\"https:\/\/demoweb.info\/sexshop001\/producto\/leg-avenue-disfraz-femenino-mujer-de-hojalata-2\/#breadcrumb\"},\"inLanguage\":\"es\",\"potentialAction\":[{\"@type\":\"ReadAction\",\"target\":[\"https:\/\/demoweb.info\/sexshop001\/producto\/leg-avenue-disfraz-femenino-mujer-de-hojalata-2\/\"]}]},{\"@type\":\"BreadcrumbList\",\"@id\":\"https:\/\/demoweb.info\/sexshop001\/producto\/leg-avenue-disfraz-femenino-mujer-de-hojalata-2\/#breadcrumb\",\"itemListElement\":[{\"@type\":\"ListItem\",\"position\":1,\"name\":\"Portada\",\"item\":\"https:\/\/demoweb.info\/sexshop001\/\"},{\"@type\":\"ListItem\",\"position\":2,\"name\":\"Tienda\",\"item\":\"https:\/\/demoweb.info\/sexshop001\/tienda\/\"},{\"@type\":\"ListItem\",\"position\":3,\"name\":\"LEG AVENUE DISFRAZ FEMENINO MUJER DE HOJALATA\"}]},{\"@type\":\"WebSite\",\"@id\":\"https:\/\/demoweb.info\/sexshop001\/#website\",\"url\":\"https:\/\/demoweb.info\/sexshop001\/\",\"name\":\"Tienda Er\u00f3tica\",\"description\":\"DEMOWEB SL\",\"potentialAction\":[{\"@type\":\"SearchAction\",\"target\":{\"@type\":\"EntryPoint\",\"urlTemplate\":\"https:\/\/demoweb.info\/sexshop001\/?s={search_term_string}\"},\"query-input\":\"required name=search_term_string\"}],\"inLanguage\":\"es\"}]}<\/script>\n<!-- \/ Yoast SEO plugin. -->","yoast_head_json":{"title":"LEG AVENUE DISFRAZ FEMENINO MUJER DE HOJALATA - Tienda Er\u00f3tica","robots":{"index":"noindex","follow":"follow","max-snippet":"max-snippet:-1","max-image-preview":"max-image-preview:large","max-video-preview":"max-video-preview:-1"},"og_locale":"es_ES","og_type":"article","og_title":"LEG AVENUE DISFRAZ FEMENINO MUJER DE HOJALATA - Tienda Er\u00f3tica","og_description":"LEG AVENUE TEMPTING TIN MAN WOMAN COSTUME Convi\u00e9rtete en una seductora mujer de hojalata con este traje de Hombre de","og_url":"https:\/\/demoweb.info\/sexshop001\/producto\/leg-avenue-disfraz-femenino-mujer-de-hojalata-2\/","og_site_name":"Tienda Er\u00f3tica","article_modified_time":"2022-01-22T18:32:55+00:00","og_image":[{"width":550,"height":550,"url":"https:\/\/demoweb.info\/sexshop001\/wp-content\/uploads\/2022\/01\/LEG-AVENUE-DISFRAZ-FEMENINO-MUJER-DE-HOJALATA-3.jpg","type":"image\/jpeg"}],"twitter_card":"summary_large_image","twitter_misc":{"Tiempo de lectura":"1 minuto"},"schema":{"@context":"https:\/\/schema.org","@graph":[{"@type":"WebPage","@id":"https:\/\/demoweb.info\/sexshop001\/producto\/leg-avenue-disfraz-femenino-mujer-de-hojalata-2\/","url":"https:\/\/demoweb.info\/sexshop001\/producto\/leg-avenue-disfraz-femenino-mujer-de-hojalata-2\/","name":"LEG AVENUE DISFRAZ FEMENINO MUJER DE HOJALATA - Tienda Er\u00f3tica","isPartOf":{"@id":"https:\/\/demoweb.info\/sexshop001\/#website"},"datePublished":"2022-01-22T18:32:48+00:00","dateModified":"2022-01-22T18:32:55+00:00","breadcrumb":{"@id":"https:\/\/demoweb.info\/sexshop001\/producto\/leg-avenue-disfraz-femenino-mujer-de-hojalata-2\/#breadcrumb"},"inLanguage":"es","potentialAction":[{"@type":"ReadAction","target":["https:\/\/demoweb.info\/sexshop001\/producto\/leg-avenue-disfraz-femenino-mujer-de-hojalata-2\/"]}]},{"@type":"BreadcrumbList","@id":"https:\/\/demoweb.info\/sexshop001\/producto\/leg-avenue-disfraz-femenino-mujer-de-hojalata-2\/#breadcrumb","itemListElement":[{"@type":"ListItem","position":1,"name":"Portada","item":"https:\/\/demoweb.info\/sexshop001\/"},{"@type":"ListItem","position":2,"name":"Tienda","item":"https:\/\/demoweb.info\/sexshop001\/tienda\/"},{"@type":"ListItem","position":3,"name":"LEG AVENUE DISFRAZ FEMENINO MUJER DE HOJALATA"}]},{"@type":"WebSite","@id":"https:\/\/demoweb.info\/sexshop001\/#website","url":"https:\/\/demoweb.info\/sexshop001\/","name":"Tienda Er\u00f3tica","description":"DEMOWEB SL","potentialAction":[{"@type":"SearchAction","target":{"@type":"EntryPoint","urlTemplate":"https:\/\/demoweb.info\/sexshop001\/?s={search_term_string}"},"query-input":"required name=search_term_string"}],"inLanguage":"es"}]}},"_links":{"self":[{"href":"https:\/\/demoweb.info\/sexshop001\/wp-json\/wp\/v3\/product\/65842","targetHints":{"allow":["GET"]}}],"collection":[{"href":"https:\/\/demoweb.info\/sexshop001\/wp-json\/wp\/v3\/product"}],"about":[{"href":"https:\/\/demoweb.info\/sexshop001\/wp-json\/wp\/v2\/types\/product"}],"replies":[{"embeddable":true,"href":"https:\/\/demoweb.info\/sexshop001\/wp-json\/wp\/v2\/comments?post=65842"}],"wp:featuredmedia":[{"embeddable":true,"href":"https:\/\/demoweb.info\/sexshop001\/wp-json\/wp\/v2\/media\/65843"}],"wp:attachment":[{"href":"https:\/\/demoweb.info\/sexshop001\/wp-json\/wp\/v2\/media?parent=65842"}],"wp:term":[{"taxonomy":"product_cat","embeddable":true,"href":"https:\/\/demoweb.info\/sexshop001\/wp-json\/wp\/v2\/product_cat?post=65842"},{"taxonomy":"product_tag","embeddable":true,"href":"https:\/\/demoweb.info\/sexshop001\/wp-json\/wp\/v2\/product_tag?post=65842"}],"curies":[{"name":"wp","href":"https:\/\/api.w.org\/{rel}","templated":true}]}}