{"id":65502,"date":"2022-01-22T19:29:08","date_gmt":"2022-01-22T18:29:08","guid":{"rendered":"https:\/\/demoweb.info\/sexshop001\/producto\/leg-avenue-malla-de-rejilla-estilo-industrial-de-tirantes\/"},"modified":"2022-01-22T19:29:09","modified_gmt":"2022-01-22T18:29:09","slug":"leg-avenue-malla-de-rejilla-estilo-industrial-de-tirantes","status":"publish","type":"product","link":"https:\/\/demoweb.info\/sexshop001\/producto\/leg-avenue-malla-de-rejilla-estilo-industrial-de-tirantes\/","title":{"rendered":"LEG AVENUE MALLA DE REJILLA ESTILO INDUSTRIAL DE TIRANTES"},"content":{"rendered":"<p><strong>LEG AVENUE SEAMLESS INDUSTRIAL NET SPAGUETTI STRAP BODYSTOCKING<\/strong>.<\/p>\n<p>Fant\u00e1stica malla de tirantes finos confeccionada en red negra de estilo industrial. La lencer\u00eda femenina negra es muy favorecedora para el f\u00edsico de todas las mujeres. Te otorgar\u00e1 un toque de misterio y erotismo sin igual.<\/p>\n<p><strong>Leg Avenue<\/strong> tiene los productos que estabas buscando comprometi\u00e9ndose a ofrecer a los clientes productos innovadores, precios competitivos y una gran satisfacci\u00f3n, reci\u00e9n llegados desde el distrito m\u00e1s fashion de Los \u00c1ngeles.<\/p>\n<p>Nadie lo hace m\u00e1s sexy!!<\/p>\n","protected":false},"excerpt":{"rendered":"<p>LEG AVENUE SEAMLESS INDUSTRIAL NET SPAGUETTI STRAP BODYSTOCKING. Fant\u00e1stica malla de tirantes finos confeccionada en red negra de estilo industrial.<\/p>\n","protected":false},"featured_media":65503,"comment_status":"open","ping_status":"open","template":"","meta":[],"product_cat":[379],"product_tag":[1013,1017],"class_list":["post-65502","product","type-product","status-publish","has-post-thumbnail","hentry","product_cat-de-malla","product_tag-leg-avenue","product_tag-lingerie"],"bundled_by":[],"bundle_stock_status":"instock","bundle_stock_quantity":1,"bundle_virtual":false,"bundle_layout":"","bundle_add_to_cart_form_location":"","bundle_editable_in_cart":false,"bundle_sold_individually_context":"","bundle_item_grouping":"","bundle_min_size":"","bundle_max_size":"","bundled_items":[],"yoast_head":"<!-- This site is optimized with the Yoast SEO plugin v20.6 - https:\/\/yoast.com\/wordpress\/plugins\/seo\/ -->\n<title>LEG AVENUE MALLA DE REJILLA ESTILO INDUSTRIAL DE TIRANTES - Tienda Er\u00f3tica<\/title>\n<meta name=\"robots\" content=\"noindex, follow, max-snippet:-1, max-image-preview:large, max-video-preview:-1\" \/>\n<meta property=\"og:locale\" content=\"es_ES\" \/>\n<meta property=\"og:type\" content=\"article\" \/>\n<meta property=\"og:title\" content=\"LEG AVENUE MALLA DE REJILLA ESTILO INDUSTRIAL DE TIRANTES - Tienda Er\u00f3tica\" \/>\n<meta property=\"og:description\" content=\"LEG AVENUE SEAMLESS INDUSTRIAL NET SPAGUETTI STRAP BODYSTOCKING. Fant\u00e1stica malla de tirantes finos confeccionada en red negra de estilo industrial.\" \/>\n<meta property=\"og:url\" content=\"https:\/\/demoweb.info\/sexshop001\/producto\/leg-avenue-malla-de-rejilla-estilo-industrial-de-tirantes\/\" \/>\n<meta property=\"og:site_name\" content=\"Tienda Er\u00f3tica\" \/>\n<meta property=\"article:modified_time\" content=\"2022-01-22T18:29:09+00:00\" \/>\n<meta property=\"og:image\" content=\"https:\/\/demoweb.info\/sexshop001\/wp-content\/uploads\/2022\/01\/LEG-AVENUE-MALLA-DE-REJILLA-ESTILO-INDUSTRIAL-DE-TIRANTES.jpg\" \/>\n\t<meta property=\"og:image:width\" content=\"550\" \/>\n\t<meta property=\"og:image:height\" content=\"550\" \/>\n\t<meta property=\"og:image:type\" content=\"image\/jpeg\" \/>\n<meta name=\"twitter:card\" content=\"summary_large_image\" \/>\n<script type=\"application\/ld+json\" class=\"yoast-schema-graph\">{\"@context\":\"https:\/\/schema.org\",\"@graph\":[{\"@type\":\"WebPage\",\"@id\":\"https:\/\/demoweb.info\/sexshop001\/producto\/leg-avenue-malla-de-rejilla-estilo-industrial-de-tirantes\/\",\"url\":\"https:\/\/demoweb.info\/sexshop001\/producto\/leg-avenue-malla-de-rejilla-estilo-industrial-de-tirantes\/\",\"name\":\"LEG AVENUE MALLA DE REJILLA ESTILO INDUSTRIAL DE TIRANTES - Tienda Er\u00f3tica\",\"isPartOf\":{\"@id\":\"https:\/\/demoweb.info\/sexshop001\/#website\"},\"datePublished\":\"2022-01-22T18:29:08+00:00\",\"dateModified\":\"2022-01-22T18:29:09+00:00\",\"breadcrumb\":{\"@id\":\"https:\/\/demoweb.info\/sexshop001\/producto\/leg-avenue-malla-de-rejilla-estilo-industrial-de-tirantes\/#breadcrumb\"},\"inLanguage\":\"es\",\"potentialAction\":[{\"@type\":\"ReadAction\",\"target\":[\"https:\/\/demoweb.info\/sexshop001\/producto\/leg-avenue-malla-de-rejilla-estilo-industrial-de-tirantes\/\"]}]},{\"@type\":\"BreadcrumbList\",\"@id\":\"https:\/\/demoweb.info\/sexshop001\/producto\/leg-avenue-malla-de-rejilla-estilo-industrial-de-tirantes\/#breadcrumb\",\"itemListElement\":[{\"@type\":\"ListItem\",\"position\":1,\"name\":\"Portada\",\"item\":\"https:\/\/demoweb.info\/sexshop001\/\"},{\"@type\":\"ListItem\",\"position\":2,\"name\":\"Tienda\",\"item\":\"https:\/\/demoweb.info\/sexshop001\/tienda\/\"},{\"@type\":\"ListItem\",\"position\":3,\"name\":\"LEG AVENUE MALLA DE REJILLA ESTILO INDUSTRIAL DE TIRANTES\"}]},{\"@type\":\"WebSite\",\"@id\":\"https:\/\/demoweb.info\/sexshop001\/#website\",\"url\":\"https:\/\/demoweb.info\/sexshop001\/\",\"name\":\"Tienda Er\u00f3tica\",\"description\":\"DEMOWEB SL\",\"potentialAction\":[{\"@type\":\"SearchAction\",\"target\":{\"@type\":\"EntryPoint\",\"urlTemplate\":\"https:\/\/demoweb.info\/sexshop001\/?s={search_term_string}\"},\"query-input\":\"required name=search_term_string\"}],\"inLanguage\":\"es\"}]}<\/script>\n<!-- \/ Yoast SEO plugin. -->","yoast_head_json":{"title":"LEG AVENUE MALLA DE REJILLA ESTILO INDUSTRIAL DE TIRANTES - Tienda Er\u00f3tica","robots":{"index":"noindex","follow":"follow","max-snippet":"max-snippet:-1","max-image-preview":"max-image-preview:large","max-video-preview":"max-video-preview:-1"},"og_locale":"es_ES","og_type":"article","og_title":"LEG AVENUE MALLA DE REJILLA ESTILO INDUSTRIAL DE TIRANTES - Tienda Er\u00f3tica","og_description":"LEG AVENUE SEAMLESS INDUSTRIAL NET SPAGUETTI STRAP BODYSTOCKING. Fant\u00e1stica malla de tirantes finos confeccionada en red negra de estilo industrial.","og_url":"https:\/\/demoweb.info\/sexshop001\/producto\/leg-avenue-malla-de-rejilla-estilo-industrial-de-tirantes\/","og_site_name":"Tienda Er\u00f3tica","article_modified_time":"2022-01-22T18:29:09+00:00","og_image":[{"width":550,"height":550,"url":"https:\/\/demoweb.info\/sexshop001\/wp-content\/uploads\/2022\/01\/LEG-AVENUE-MALLA-DE-REJILLA-ESTILO-INDUSTRIAL-DE-TIRANTES.jpg","type":"image\/jpeg"}],"twitter_card":"summary_large_image","schema":{"@context":"https:\/\/schema.org","@graph":[{"@type":"WebPage","@id":"https:\/\/demoweb.info\/sexshop001\/producto\/leg-avenue-malla-de-rejilla-estilo-industrial-de-tirantes\/","url":"https:\/\/demoweb.info\/sexshop001\/producto\/leg-avenue-malla-de-rejilla-estilo-industrial-de-tirantes\/","name":"LEG AVENUE MALLA DE REJILLA ESTILO INDUSTRIAL DE TIRANTES - Tienda Er\u00f3tica","isPartOf":{"@id":"https:\/\/demoweb.info\/sexshop001\/#website"},"datePublished":"2022-01-22T18:29:08+00:00","dateModified":"2022-01-22T18:29:09+00:00","breadcrumb":{"@id":"https:\/\/demoweb.info\/sexshop001\/producto\/leg-avenue-malla-de-rejilla-estilo-industrial-de-tirantes\/#breadcrumb"},"inLanguage":"es","potentialAction":[{"@type":"ReadAction","target":["https:\/\/demoweb.info\/sexshop001\/producto\/leg-avenue-malla-de-rejilla-estilo-industrial-de-tirantes\/"]}]},{"@type":"BreadcrumbList","@id":"https:\/\/demoweb.info\/sexshop001\/producto\/leg-avenue-malla-de-rejilla-estilo-industrial-de-tirantes\/#breadcrumb","itemListElement":[{"@type":"ListItem","position":1,"name":"Portada","item":"https:\/\/demoweb.info\/sexshop001\/"},{"@type":"ListItem","position":2,"name":"Tienda","item":"https:\/\/demoweb.info\/sexshop001\/tienda\/"},{"@type":"ListItem","position":3,"name":"LEG AVENUE MALLA DE REJILLA ESTILO INDUSTRIAL DE TIRANTES"}]},{"@type":"WebSite","@id":"https:\/\/demoweb.info\/sexshop001\/#website","url":"https:\/\/demoweb.info\/sexshop001\/","name":"Tienda Er\u00f3tica","description":"DEMOWEB SL","potentialAction":[{"@type":"SearchAction","target":{"@type":"EntryPoint","urlTemplate":"https:\/\/demoweb.info\/sexshop001\/?s={search_term_string}"},"query-input":"required name=search_term_string"}],"inLanguage":"es"}]}},"_links":{"self":[{"href":"https:\/\/demoweb.info\/sexshop001\/wp-json\/wp\/v3\/product\/65502","targetHints":{"allow":["GET"]}}],"collection":[{"href":"https:\/\/demoweb.info\/sexshop001\/wp-json\/wp\/v3\/product"}],"about":[{"href":"https:\/\/demoweb.info\/sexshop001\/wp-json\/wp\/v2\/types\/product"}],"replies":[{"embeddable":true,"href":"https:\/\/demoweb.info\/sexshop001\/wp-json\/wp\/v2\/comments?post=65502"}],"wp:featuredmedia":[{"embeddable":true,"href":"https:\/\/demoweb.info\/sexshop001\/wp-json\/wp\/v2\/media\/65503"}],"wp:attachment":[{"href":"https:\/\/demoweb.info\/sexshop001\/wp-json\/wp\/v2\/media?parent=65502"}],"wp:term":[{"taxonomy":"product_cat","embeddable":true,"href":"https:\/\/demoweb.info\/sexshop001\/wp-json\/wp\/v2\/product_cat?post=65502"},{"taxonomy":"product_tag","embeddable":true,"href":"https:\/\/demoweb.info\/sexshop001\/wp-json\/wp\/v2\/product_tag?post=65502"}],"curies":[{"name":"wp","href":"https:\/\/api.w.org\/{rel}","templated":true}]}}