{"id":65211,"date":"2022-01-22T19:25:19","date_gmt":"2022-01-22T18:25:19","guid":{"rendered":"https:\/\/demoweb.info\/sexshop001\/producto\/thunderwrap-accesorio-para-masturbador\/"},"modified":"2022-01-22T19:25:39","modified_gmt":"2022-01-22T18:25:39","slug":"thunderwrap-accesorio-para-masturbador","status":"publish","type":"product","link":"https:\/\/demoweb.info\/sexshop001\/producto\/thunderwrap-accesorio-para-masturbador\/","title":{"rendered":"THUNDERWRAP ACCESORIO PARA MASTURBADOR"},"content":{"rendered":"<p><strong>THUNDERWRAP MASTURBATOR WAND ATTACHMENT BLACK<\/strong><\/p>\n<p>Este accesorio strocker, envu\u00e9lvalo alrededor de su pene para un masaje vibrante durante la masturbaci\u00f3n o el juego en pareja. La textura audaz y moldeada estimular\u00e1 hacia arriba y hacia abajo el eje con cada golpe, mientras que el potente motor de la varita lo trata con un zumbido maravilloso. El dise\u00f1o flexible de este accesorio \u00fanico le permite adaptarse a la mayor\u00eda con un agarre ligero y burl\u00f3n. Avance hacia un orgasmo poderoso o explore la negaci\u00f3n del orgasmo con un compa\u00f1ero. Este material es seguro de usar con silicona o lubricantes a base de agua.<\/p>\n<p>Limpie despu\u00e9s de usar con jab\u00f3n suave o un limpiador de juguetes.<\/p>\n<ul>\n<li>Dimensiones del producto 11,7 x 10,2 x 10,2 cm<\/li>\n<li>Peso del producto 199,76 gram<\/li>\n<li>Materiales TPE<\/li>\n<\/ul>\n","protected":false},"excerpt":{"rendered":"<p>THUNDERWRAP MASTURBATOR WAND ATTACHMENT BLACK Este accesorio strocker, envu\u00e9lvalo alrededor de su pene para un masaje vibrante durante la masturbaci\u00f3n<\/p>\n","protected":false},"featured_media":65212,"comment_status":"open","ping_status":"open","template":"","meta":[],"product_cat":[659],"product_tag":[274],"class_list":["post-65211","product","type-product","status-publish","has-post-thumbnail","hentry","product_cat-accesorios-masturbadores","product_tag-xr-brands"],"bundled_by":[],"bundle_stock_status":"instock","bundle_stock_quantity":1,"bundle_virtual":false,"bundle_layout":"","bundle_add_to_cart_form_location":"","bundle_editable_in_cart":false,"bundle_sold_individually_context":"","bundle_item_grouping":"","bundle_min_size":"","bundle_max_size":"","bundled_items":[],"yoast_head":"<!-- This site is optimized with the Yoast SEO plugin v20.6 - https:\/\/yoast.com\/wordpress\/plugins\/seo\/ -->\n<title>THUNDERWRAP ACCESORIO PARA MASTURBADOR - Tienda Er\u00f3tica<\/title>\n<meta name=\"robots\" content=\"noindex, follow, max-snippet:-1, max-image-preview:large, max-video-preview:-1\" \/>\n<meta property=\"og:locale\" content=\"es_ES\" \/>\n<meta property=\"og:type\" content=\"article\" \/>\n<meta property=\"og:title\" content=\"THUNDERWRAP ACCESORIO PARA MASTURBADOR - Tienda Er\u00f3tica\" \/>\n<meta property=\"og:description\" content=\"THUNDERWRAP MASTURBATOR WAND ATTACHMENT BLACK Este accesorio strocker, envu\u00e9lvalo alrededor de su pene para un masaje vibrante durante la masturbaci\u00f3n\" \/>\n<meta property=\"og:url\" content=\"https:\/\/demoweb.info\/sexshop001\/producto\/thunderwrap-accesorio-para-masturbador\/\" \/>\n<meta property=\"og:site_name\" content=\"Tienda Er\u00f3tica\" \/>\n<meta property=\"article:modified_time\" content=\"2022-01-22T18:25:39+00:00\" \/>\n<meta property=\"og:image\" content=\"https:\/\/demoweb.info\/sexshop001\/wp-content\/uploads\/2022\/01\/THUNDERWRAP-ACCESORIO-PARA-MASTURBADOR.jpg\" \/>\n\t<meta property=\"og:image:width\" content=\"550\" \/>\n\t<meta property=\"og:image:height\" content=\"550\" \/>\n\t<meta property=\"og:image:type\" content=\"image\/jpeg\" \/>\n<meta name=\"twitter:card\" content=\"summary_large_image\" \/>\n<meta name=\"twitter:label1\" content=\"Tiempo de lectura\" \/>\n\t<meta name=\"twitter:data1\" content=\"1 minuto\" \/>\n<script type=\"application\/ld+json\" class=\"yoast-schema-graph\">{\"@context\":\"https:\/\/schema.org\",\"@graph\":[{\"@type\":\"WebPage\",\"@id\":\"https:\/\/demoweb.info\/sexshop001\/producto\/thunderwrap-accesorio-para-masturbador\/\",\"url\":\"https:\/\/demoweb.info\/sexshop001\/producto\/thunderwrap-accesorio-para-masturbador\/\",\"name\":\"THUNDERWRAP ACCESORIO PARA MASTURBADOR - Tienda Er\u00f3tica\",\"isPartOf\":{\"@id\":\"https:\/\/demoweb.info\/sexshop001\/#website\"},\"datePublished\":\"2022-01-22T18:25:19+00:00\",\"dateModified\":\"2022-01-22T18:25:39+00:00\",\"breadcrumb\":{\"@id\":\"https:\/\/demoweb.info\/sexshop001\/producto\/thunderwrap-accesorio-para-masturbador\/#breadcrumb\"},\"inLanguage\":\"es\",\"potentialAction\":[{\"@type\":\"ReadAction\",\"target\":[\"https:\/\/demoweb.info\/sexshop001\/producto\/thunderwrap-accesorio-para-masturbador\/\"]}]},{\"@type\":\"BreadcrumbList\",\"@id\":\"https:\/\/demoweb.info\/sexshop001\/producto\/thunderwrap-accesorio-para-masturbador\/#breadcrumb\",\"itemListElement\":[{\"@type\":\"ListItem\",\"position\":1,\"name\":\"Portada\",\"item\":\"https:\/\/demoweb.info\/sexshop001\/\"},{\"@type\":\"ListItem\",\"position\":2,\"name\":\"Tienda\",\"item\":\"https:\/\/demoweb.info\/sexshop001\/tienda\/\"},{\"@type\":\"ListItem\",\"position\":3,\"name\":\"THUNDERWRAP ACCESORIO PARA MASTURBADOR\"}]},{\"@type\":\"WebSite\",\"@id\":\"https:\/\/demoweb.info\/sexshop001\/#website\",\"url\":\"https:\/\/demoweb.info\/sexshop001\/\",\"name\":\"Tienda Er\u00f3tica\",\"description\":\"DEMOWEB SL\",\"potentialAction\":[{\"@type\":\"SearchAction\",\"target\":{\"@type\":\"EntryPoint\",\"urlTemplate\":\"https:\/\/demoweb.info\/sexshop001\/?s={search_term_string}\"},\"query-input\":\"required name=search_term_string\"}],\"inLanguage\":\"es\"}]}<\/script>\n<!-- \/ Yoast SEO plugin. -->","yoast_head_json":{"title":"THUNDERWRAP ACCESORIO PARA MASTURBADOR - Tienda Er\u00f3tica","robots":{"index":"noindex","follow":"follow","max-snippet":"max-snippet:-1","max-image-preview":"max-image-preview:large","max-video-preview":"max-video-preview:-1"},"og_locale":"es_ES","og_type":"article","og_title":"THUNDERWRAP ACCESORIO PARA MASTURBADOR - Tienda Er\u00f3tica","og_description":"THUNDERWRAP MASTURBATOR WAND ATTACHMENT BLACK Este accesorio strocker, envu\u00e9lvalo alrededor de su pene para un masaje vibrante durante la masturbaci\u00f3n","og_url":"https:\/\/demoweb.info\/sexshop001\/producto\/thunderwrap-accesorio-para-masturbador\/","og_site_name":"Tienda Er\u00f3tica","article_modified_time":"2022-01-22T18:25:39+00:00","og_image":[{"width":550,"height":550,"url":"https:\/\/demoweb.info\/sexshop001\/wp-content\/uploads\/2022\/01\/THUNDERWRAP-ACCESORIO-PARA-MASTURBADOR.jpg","type":"image\/jpeg"}],"twitter_card":"summary_large_image","twitter_misc":{"Tiempo de lectura":"1 minuto"},"schema":{"@context":"https:\/\/schema.org","@graph":[{"@type":"WebPage","@id":"https:\/\/demoweb.info\/sexshop001\/producto\/thunderwrap-accesorio-para-masturbador\/","url":"https:\/\/demoweb.info\/sexshop001\/producto\/thunderwrap-accesorio-para-masturbador\/","name":"THUNDERWRAP ACCESORIO PARA MASTURBADOR - Tienda Er\u00f3tica","isPartOf":{"@id":"https:\/\/demoweb.info\/sexshop001\/#website"},"datePublished":"2022-01-22T18:25:19+00:00","dateModified":"2022-01-22T18:25:39+00:00","breadcrumb":{"@id":"https:\/\/demoweb.info\/sexshop001\/producto\/thunderwrap-accesorio-para-masturbador\/#breadcrumb"},"inLanguage":"es","potentialAction":[{"@type":"ReadAction","target":["https:\/\/demoweb.info\/sexshop001\/producto\/thunderwrap-accesorio-para-masturbador\/"]}]},{"@type":"BreadcrumbList","@id":"https:\/\/demoweb.info\/sexshop001\/producto\/thunderwrap-accesorio-para-masturbador\/#breadcrumb","itemListElement":[{"@type":"ListItem","position":1,"name":"Portada","item":"https:\/\/demoweb.info\/sexshop001\/"},{"@type":"ListItem","position":2,"name":"Tienda","item":"https:\/\/demoweb.info\/sexshop001\/tienda\/"},{"@type":"ListItem","position":3,"name":"THUNDERWRAP ACCESORIO PARA MASTURBADOR"}]},{"@type":"WebSite","@id":"https:\/\/demoweb.info\/sexshop001\/#website","url":"https:\/\/demoweb.info\/sexshop001\/","name":"Tienda Er\u00f3tica","description":"DEMOWEB SL","potentialAction":[{"@type":"SearchAction","target":{"@type":"EntryPoint","urlTemplate":"https:\/\/demoweb.info\/sexshop001\/?s={search_term_string}"},"query-input":"required name=search_term_string"}],"inLanguage":"es"}]}},"_links":{"self":[{"href":"https:\/\/demoweb.info\/sexshop001\/wp-json\/wp\/v3\/product\/65211","targetHints":{"allow":["GET"]}}],"collection":[{"href":"https:\/\/demoweb.info\/sexshop001\/wp-json\/wp\/v3\/product"}],"about":[{"href":"https:\/\/demoweb.info\/sexshop001\/wp-json\/wp\/v2\/types\/product"}],"replies":[{"embeddable":true,"href":"https:\/\/demoweb.info\/sexshop001\/wp-json\/wp\/v2\/comments?post=65211"}],"wp:featuredmedia":[{"embeddable":true,"href":"https:\/\/demoweb.info\/sexshop001\/wp-json\/wp\/v2\/media\/65212"}],"wp:attachment":[{"href":"https:\/\/demoweb.info\/sexshop001\/wp-json\/wp\/v2\/media?parent=65211"}],"wp:term":[{"taxonomy":"product_cat","embeddable":true,"href":"https:\/\/demoweb.info\/sexshop001\/wp-json\/wp\/v2\/product_cat?post=65211"},{"taxonomy":"product_tag","embeddable":true,"href":"https:\/\/demoweb.info\/sexshop001\/wp-json\/wp\/v2\/product_tag?post=65211"}],"curies":[{"name":"wp","href":"https:\/\/api.w.org\/{rel}","templated":true}]}}