{"id":65201,"date":"2022-01-22T19:25:19","date_gmt":"2022-01-22T18:25:19","guid":{"rendered":"https:\/\/demoweb.info\/sexshop001\/producto\/jesse-jane-bend-her-over-masturbador-vagina-y-ano\/"},"modified":"2022-01-22T19:25:31","modified_gmt":"2022-01-22T18:25:31","slug":"jesse-jane-bend-her-over-masturbador-vagina-y-ano","status":"publish","type":"product","link":"https:\/\/demoweb.info\/sexshop001\/producto\/jesse-jane-bend-her-over-masturbador-vagina-y-ano\/","title":{"rendered":"JESSE JANE BEND HER OVER MASTURBADOR VAGINA Y ANO"},"content":{"rendered":"<p><span style=&quot;font-family:arial,helvetica,sans-serif&quot;><strong>JESSE JANE BEND HER OVER PUSSY AND ASS MASTURBATOR &#8211; FLESH<\/strong><\/span><\/p>\n<p>\u00a1Peque\u00f1o y perfecto para una acci\u00f3n discreta!  Jesse Jane est\u00e1 aqu\u00ed para reclamar su trono. \u00a1La rubia bubby y tetona est\u00e1 de vuelta y lista para ti!<\/p>\n<p>Esta bomba estadounidense es una de las estrellas porno m\u00e1s grandes de todos los tiempos, conocida por sus galardonadas escenas de sexo y apariciones convencionales.<\/p>\n<p>Esta r\u00e9plica m\u00e1s peque\u00f1a y esculpida a mano de su culo, incluida su hermosa vagina, fue hecha solo para ti. Los detalles pintados a mano lo hacen a\u00fan m\u00e1s realista.<\/p>\n<p>El material es el\u00e1stico para adaptarse a todos los tama\u00f1os y se siente como si fuera real, tanto en tu eje como debajo de tus manos mientras abofeteas y aprietas esas mejillas onduladas. La textura protuberante de su vagina y las costillas en su culo har\u00e1n que sea dif\u00edcil elegir cu\u00e1l te gusta m\u00e1s. \u00a1Por suerte, nunca tendr\u00e1s que hacerlo! <\/p>\n<ul>\n<li>Medidas: 24,8 x 22,2 x 10,2 cm<\/li>\n<li>Peso: 2472 gramos<\/li>\n<li>Material: TPR<\/li>\n<\/ul>\n","protected":false},"excerpt":{"rendered":"<p>JESSE JANE BEND HER OVER PUSSY AND ASS MASTURBATOR &#8211; FLESH \u00a1Peque\u00f1o y perfecto para una acci\u00f3n discreta! Jesse Jane<\/p>\n","protected":false},"featured_media":65202,"comment_status":"open","ping_status":"open","template":"","meta":[],"product_cat":[560],"product_tag":[473,274],"class_list":["post-65201","product","type-product","status-publish","has-post-thumbnail","hentry","product_cat-vaginas-y-anos","product_tag-jesse-jane","product_tag-xr-brands"],"bundled_by":[],"bundle_stock_status":"instock","bundle_stock_quantity":1,"bundle_virtual":false,"bundle_layout":"","bundle_add_to_cart_form_location":"","bundle_editable_in_cart":false,"bundle_sold_individually_context":"","bundle_item_grouping":"","bundle_min_size":"","bundle_max_size":"","bundled_items":[],"yoast_head":"<!-- This site is optimized with the Yoast SEO plugin v20.6 - https:\/\/yoast.com\/wordpress\/plugins\/seo\/ -->\n<title>JESSE JANE BEND HER OVER MASTURBADOR VAGINA Y ANO - Tienda Er\u00f3tica<\/title>\n<meta name=\"robots\" content=\"noindex, follow, max-snippet:-1, max-image-preview:large, max-video-preview:-1\" \/>\n<meta property=\"og:locale\" content=\"es_ES\" \/>\n<meta property=\"og:type\" content=\"article\" \/>\n<meta property=\"og:title\" content=\"JESSE JANE BEND HER OVER MASTURBADOR VAGINA Y ANO - Tienda Er\u00f3tica\" \/>\n<meta property=\"og:description\" content=\"JESSE JANE BEND HER OVER PUSSY AND ASS MASTURBATOR &#8211; FLESH \u00a1Peque\u00f1o y perfecto para una acci\u00f3n discreta! Jesse Jane\" \/>\n<meta property=\"og:url\" content=\"https:\/\/demoweb.info\/sexshop001\/producto\/jesse-jane-bend-her-over-masturbador-vagina-y-ano\/\" \/>\n<meta property=\"og:site_name\" content=\"Tienda Er\u00f3tica\" \/>\n<meta property=\"article:modified_time\" content=\"2022-01-22T18:25:31+00:00\" \/>\n<meta property=\"og:image\" content=\"https:\/\/demoweb.info\/sexshop001\/wp-content\/uploads\/2022\/01\/JESSE-JANE-BEND-HER-OVER-MASTURBADOR-VAGINA-Y-ANO.jpg\" \/>\n\t<meta property=\"og:image:width\" content=\"550\" \/>\n\t<meta property=\"og:image:height\" content=\"550\" \/>\n\t<meta property=\"og:image:type\" content=\"image\/jpeg\" \/>\n<meta name=\"twitter:card\" content=\"summary_large_image\" \/>\n<meta name=\"twitter:label1\" content=\"Tiempo de lectura\" \/>\n\t<meta name=\"twitter:data1\" content=\"1 minuto\" \/>\n<script type=\"application\/ld+json\" class=\"yoast-schema-graph\">{\"@context\":\"https:\/\/schema.org\",\"@graph\":[{\"@type\":\"WebPage\",\"@id\":\"https:\/\/demoweb.info\/sexshop001\/producto\/jesse-jane-bend-her-over-masturbador-vagina-y-ano\/\",\"url\":\"https:\/\/demoweb.info\/sexshop001\/producto\/jesse-jane-bend-her-over-masturbador-vagina-y-ano\/\",\"name\":\"JESSE JANE BEND HER OVER MASTURBADOR VAGINA Y ANO - Tienda Er\u00f3tica\",\"isPartOf\":{\"@id\":\"https:\/\/demoweb.info\/sexshop001\/#website\"},\"datePublished\":\"2022-01-22T18:25:19+00:00\",\"dateModified\":\"2022-01-22T18:25:31+00:00\",\"breadcrumb\":{\"@id\":\"https:\/\/demoweb.info\/sexshop001\/producto\/jesse-jane-bend-her-over-masturbador-vagina-y-ano\/#breadcrumb\"},\"inLanguage\":\"es\",\"potentialAction\":[{\"@type\":\"ReadAction\",\"target\":[\"https:\/\/demoweb.info\/sexshop001\/producto\/jesse-jane-bend-her-over-masturbador-vagina-y-ano\/\"]}]},{\"@type\":\"BreadcrumbList\",\"@id\":\"https:\/\/demoweb.info\/sexshop001\/producto\/jesse-jane-bend-her-over-masturbador-vagina-y-ano\/#breadcrumb\",\"itemListElement\":[{\"@type\":\"ListItem\",\"position\":1,\"name\":\"Portada\",\"item\":\"https:\/\/demoweb.info\/sexshop001\/\"},{\"@type\":\"ListItem\",\"position\":2,\"name\":\"Tienda\",\"item\":\"https:\/\/demoweb.info\/sexshop001\/tienda\/\"},{\"@type\":\"ListItem\",\"position\":3,\"name\":\"JESSE JANE BEND HER OVER MASTURBADOR VAGINA Y ANO\"}]},{\"@type\":\"WebSite\",\"@id\":\"https:\/\/demoweb.info\/sexshop001\/#website\",\"url\":\"https:\/\/demoweb.info\/sexshop001\/\",\"name\":\"Tienda Er\u00f3tica\",\"description\":\"DEMOWEB SL\",\"potentialAction\":[{\"@type\":\"SearchAction\",\"target\":{\"@type\":\"EntryPoint\",\"urlTemplate\":\"https:\/\/demoweb.info\/sexshop001\/?s={search_term_string}\"},\"query-input\":\"required name=search_term_string\"}],\"inLanguage\":\"es\"}]}<\/script>\n<!-- \/ Yoast SEO plugin. -->","yoast_head_json":{"title":"JESSE JANE BEND HER OVER MASTURBADOR VAGINA Y ANO - Tienda Er\u00f3tica","robots":{"index":"noindex","follow":"follow","max-snippet":"max-snippet:-1","max-image-preview":"max-image-preview:large","max-video-preview":"max-video-preview:-1"},"og_locale":"es_ES","og_type":"article","og_title":"JESSE JANE BEND HER OVER MASTURBADOR VAGINA Y ANO - Tienda Er\u00f3tica","og_description":"JESSE JANE BEND HER OVER PUSSY AND ASS MASTURBATOR &#8211; FLESH \u00a1Peque\u00f1o y perfecto para una acci\u00f3n discreta! Jesse Jane","og_url":"https:\/\/demoweb.info\/sexshop001\/producto\/jesse-jane-bend-her-over-masturbador-vagina-y-ano\/","og_site_name":"Tienda Er\u00f3tica","article_modified_time":"2022-01-22T18:25:31+00:00","og_image":[{"width":550,"height":550,"url":"https:\/\/demoweb.info\/sexshop001\/wp-content\/uploads\/2022\/01\/JESSE-JANE-BEND-HER-OVER-MASTURBADOR-VAGINA-Y-ANO.jpg","type":"image\/jpeg"}],"twitter_card":"summary_large_image","twitter_misc":{"Tiempo de lectura":"1 minuto"},"schema":{"@context":"https:\/\/schema.org","@graph":[{"@type":"WebPage","@id":"https:\/\/demoweb.info\/sexshop001\/producto\/jesse-jane-bend-her-over-masturbador-vagina-y-ano\/","url":"https:\/\/demoweb.info\/sexshop001\/producto\/jesse-jane-bend-her-over-masturbador-vagina-y-ano\/","name":"JESSE JANE BEND HER OVER MASTURBADOR VAGINA Y ANO - Tienda Er\u00f3tica","isPartOf":{"@id":"https:\/\/demoweb.info\/sexshop001\/#website"},"datePublished":"2022-01-22T18:25:19+00:00","dateModified":"2022-01-22T18:25:31+00:00","breadcrumb":{"@id":"https:\/\/demoweb.info\/sexshop001\/producto\/jesse-jane-bend-her-over-masturbador-vagina-y-ano\/#breadcrumb"},"inLanguage":"es","potentialAction":[{"@type":"ReadAction","target":["https:\/\/demoweb.info\/sexshop001\/producto\/jesse-jane-bend-her-over-masturbador-vagina-y-ano\/"]}]},{"@type":"BreadcrumbList","@id":"https:\/\/demoweb.info\/sexshop001\/producto\/jesse-jane-bend-her-over-masturbador-vagina-y-ano\/#breadcrumb","itemListElement":[{"@type":"ListItem","position":1,"name":"Portada","item":"https:\/\/demoweb.info\/sexshop001\/"},{"@type":"ListItem","position":2,"name":"Tienda","item":"https:\/\/demoweb.info\/sexshop001\/tienda\/"},{"@type":"ListItem","position":3,"name":"JESSE JANE BEND HER OVER MASTURBADOR VAGINA Y ANO"}]},{"@type":"WebSite","@id":"https:\/\/demoweb.info\/sexshop001\/#website","url":"https:\/\/demoweb.info\/sexshop001\/","name":"Tienda Er\u00f3tica","description":"DEMOWEB SL","potentialAction":[{"@type":"SearchAction","target":{"@type":"EntryPoint","urlTemplate":"https:\/\/demoweb.info\/sexshop001\/?s={search_term_string}"},"query-input":"required name=search_term_string"}],"inLanguage":"es"}]}},"_links":{"self":[{"href":"https:\/\/demoweb.info\/sexshop001\/wp-json\/wp\/v3\/product\/65201","targetHints":{"allow":["GET"]}}],"collection":[{"href":"https:\/\/demoweb.info\/sexshop001\/wp-json\/wp\/v3\/product"}],"about":[{"href":"https:\/\/demoweb.info\/sexshop001\/wp-json\/wp\/v2\/types\/product"}],"replies":[{"embeddable":true,"href":"https:\/\/demoweb.info\/sexshop001\/wp-json\/wp\/v2\/comments?post=65201"}],"wp:featuredmedia":[{"embeddable":true,"href":"https:\/\/demoweb.info\/sexshop001\/wp-json\/wp\/v2\/media\/65202"}],"wp:attachment":[{"href":"https:\/\/demoweb.info\/sexshop001\/wp-json\/wp\/v2\/media?parent=65201"}],"wp:term":[{"taxonomy":"product_cat","embeddable":true,"href":"https:\/\/demoweb.info\/sexshop001\/wp-json\/wp\/v2\/product_cat?post=65201"},{"taxonomy":"product_tag","embeddable":true,"href":"https:\/\/demoweb.info\/sexshop001\/wp-json\/wp\/v2\/product_tag?post=65201"}],"curies":[{"name":"wp","href":"https:\/\/api.w.org\/{rel}","templated":true}]}}