{"id":65197,"date":"2022-01-22T19:25:19","date_gmt":"2022-01-22T18:25:19","guid":{"rendered":"https:\/\/demoweb.info\/sexshop001\/producto\/jesse-jane-pocket-masturbador-vagina\/"},"modified":"2022-01-22T19:25:28","modified_gmt":"2022-01-22T18:25:28","slug":"jesse-jane-pocket-masturbador-vagina","status":"publish","type":"product","link":"https:\/\/demoweb.info\/sexshop001\/producto\/jesse-jane-pocket-masturbador-vagina\/","title":{"rendered":"JESSE JANE POCKET MASTURBADOR VAGINA"},"content":{"rendered":"<p><span style=&quot;font-family:arial,helvetica,sans-serif&quot;><strong>JESSE JANE POCKET PUSSY STROKER<\/strong><\/span><\/p>\n<p>\u00a1Acaricia el pene hasta que te haga explotar! Este realista stroker con forma de vulva est\u00e1 acanalado internamente y es todo tuyo para jugar. Jesse Jane est\u00e1 aqu\u00ed para reclamar su trono. \u00a1La rubia burbujeante y tetona est\u00e1 de vuelta y lista para ti!<\/p>\n<p>Esta bomba estadounidense es una de las estrellas porno m\u00e1s grandes de todos los tiempos, conocida por sus galardonadas escenas de sexo y apariciones convencionales. Este masturbador de bolsillo fue moldeado directamente por Jesse Jane para que puedas golpearla cuando y como quieras.<\/p>\n<p>El material el\u00e1stico y libre de ftalatos se adapta a todos los tama\u00f1os y es tan realista que se siente como si fuera real.<\/p>\n<p>El dise\u00f1o abierto los hace f\u00e1ciles de limpiar despu\u00e9s de su uso. Instrucciones de cuidado incluidas.<\/p>\n<ul>\n<li>Medidas: 10,2 x 5,1 cm<\/li>\n<li>Material: TPR<\/li>\n<li>Resistente al agua<\/li>\n<\/ul>\n","protected":false},"excerpt":{"rendered":"<p>JESSE JANE POCKET PUSSY STROKER \u00a1Acaricia el pene hasta que te haga explotar! Este realista stroker con forma de vulva<\/p>\n","protected":false},"featured_media":65198,"comment_status":"open","ping_status":"open","template":"","meta":[],"product_cat":[541],"product_tag":[473,274],"class_list":["post-65197","product","type-product","status-publish","has-post-thumbnail","hentry","product_cat-vaginas","product_tag-jesse-jane","product_tag-xr-brands"],"bundled_by":[],"bundle_stock_status":"instock","bundle_stock_quantity":1,"bundle_virtual":false,"bundle_layout":"","bundle_add_to_cart_form_location":"","bundle_editable_in_cart":false,"bundle_sold_individually_context":"","bundle_item_grouping":"","bundle_min_size":"","bundle_max_size":"","bundled_items":[],"yoast_head":"<!-- This site is optimized with the Yoast SEO plugin v20.6 - https:\/\/yoast.com\/wordpress\/plugins\/seo\/ -->\n<title>JESSE JANE POCKET MASTURBADOR VAGINA - Tienda Er\u00f3tica<\/title>\n<meta name=\"robots\" content=\"noindex, follow, max-snippet:-1, max-image-preview:large, max-video-preview:-1\" \/>\n<meta property=\"og:locale\" content=\"es_ES\" \/>\n<meta property=\"og:type\" content=\"article\" \/>\n<meta property=\"og:title\" content=\"JESSE JANE POCKET MASTURBADOR VAGINA - Tienda Er\u00f3tica\" \/>\n<meta property=\"og:description\" content=\"JESSE JANE POCKET PUSSY STROKER \u00a1Acaricia el pene hasta que te haga explotar! Este realista stroker con forma de vulva\" \/>\n<meta property=\"og:url\" content=\"https:\/\/demoweb.info\/sexshop001\/producto\/jesse-jane-pocket-masturbador-vagina\/\" \/>\n<meta property=\"og:site_name\" content=\"Tienda Er\u00f3tica\" \/>\n<meta property=\"article:modified_time\" content=\"2022-01-22T18:25:28+00:00\" \/>\n<meta property=\"og:image\" content=\"https:\/\/demoweb.info\/sexshop001\/wp-content\/uploads\/2022\/01\/JESSE-JANE-POCKET-MASTURBADOR-VAGINA.jpg\" \/>\n\t<meta property=\"og:image:width\" content=\"550\" \/>\n\t<meta property=\"og:image:height\" content=\"550\" \/>\n\t<meta property=\"og:image:type\" content=\"image\/jpeg\" \/>\n<meta name=\"twitter:card\" content=\"summary_large_image\" \/>\n<meta name=\"twitter:label1\" content=\"Tiempo de lectura\" \/>\n\t<meta name=\"twitter:data1\" content=\"1 minuto\" \/>\n<script type=\"application\/ld+json\" class=\"yoast-schema-graph\">{\"@context\":\"https:\/\/schema.org\",\"@graph\":[{\"@type\":\"WebPage\",\"@id\":\"https:\/\/demoweb.info\/sexshop001\/producto\/jesse-jane-pocket-masturbador-vagina\/\",\"url\":\"https:\/\/demoweb.info\/sexshop001\/producto\/jesse-jane-pocket-masturbador-vagina\/\",\"name\":\"JESSE JANE POCKET MASTURBADOR VAGINA - Tienda Er\u00f3tica\",\"isPartOf\":{\"@id\":\"https:\/\/demoweb.info\/sexshop001\/#website\"},\"datePublished\":\"2022-01-22T18:25:19+00:00\",\"dateModified\":\"2022-01-22T18:25:28+00:00\",\"breadcrumb\":{\"@id\":\"https:\/\/demoweb.info\/sexshop001\/producto\/jesse-jane-pocket-masturbador-vagina\/#breadcrumb\"},\"inLanguage\":\"es\",\"potentialAction\":[{\"@type\":\"ReadAction\",\"target\":[\"https:\/\/demoweb.info\/sexshop001\/producto\/jesse-jane-pocket-masturbador-vagina\/\"]}]},{\"@type\":\"BreadcrumbList\",\"@id\":\"https:\/\/demoweb.info\/sexshop001\/producto\/jesse-jane-pocket-masturbador-vagina\/#breadcrumb\",\"itemListElement\":[{\"@type\":\"ListItem\",\"position\":1,\"name\":\"Portada\",\"item\":\"https:\/\/demoweb.info\/sexshop001\/\"},{\"@type\":\"ListItem\",\"position\":2,\"name\":\"Tienda\",\"item\":\"https:\/\/demoweb.info\/sexshop001\/tienda\/\"},{\"@type\":\"ListItem\",\"position\":3,\"name\":\"JESSE JANE POCKET MASTURBADOR VAGINA\"}]},{\"@type\":\"WebSite\",\"@id\":\"https:\/\/demoweb.info\/sexshop001\/#website\",\"url\":\"https:\/\/demoweb.info\/sexshop001\/\",\"name\":\"Tienda Er\u00f3tica\",\"description\":\"DEMOWEB SL\",\"potentialAction\":[{\"@type\":\"SearchAction\",\"target\":{\"@type\":\"EntryPoint\",\"urlTemplate\":\"https:\/\/demoweb.info\/sexshop001\/?s={search_term_string}\"},\"query-input\":\"required name=search_term_string\"}],\"inLanguage\":\"es\"}]}<\/script>\n<!-- \/ Yoast SEO plugin. -->","yoast_head_json":{"title":"JESSE JANE POCKET MASTURBADOR VAGINA - Tienda Er\u00f3tica","robots":{"index":"noindex","follow":"follow","max-snippet":"max-snippet:-1","max-image-preview":"max-image-preview:large","max-video-preview":"max-video-preview:-1"},"og_locale":"es_ES","og_type":"article","og_title":"JESSE JANE POCKET MASTURBADOR VAGINA - Tienda Er\u00f3tica","og_description":"JESSE JANE POCKET PUSSY STROKER \u00a1Acaricia el pene hasta que te haga explotar! Este realista stroker con forma de vulva","og_url":"https:\/\/demoweb.info\/sexshop001\/producto\/jesse-jane-pocket-masturbador-vagina\/","og_site_name":"Tienda Er\u00f3tica","article_modified_time":"2022-01-22T18:25:28+00:00","og_image":[{"width":550,"height":550,"url":"https:\/\/demoweb.info\/sexshop001\/wp-content\/uploads\/2022\/01\/JESSE-JANE-POCKET-MASTURBADOR-VAGINA.jpg","type":"image\/jpeg"}],"twitter_card":"summary_large_image","twitter_misc":{"Tiempo de lectura":"1 minuto"},"schema":{"@context":"https:\/\/schema.org","@graph":[{"@type":"WebPage","@id":"https:\/\/demoweb.info\/sexshop001\/producto\/jesse-jane-pocket-masturbador-vagina\/","url":"https:\/\/demoweb.info\/sexshop001\/producto\/jesse-jane-pocket-masturbador-vagina\/","name":"JESSE JANE POCKET MASTURBADOR VAGINA - Tienda Er\u00f3tica","isPartOf":{"@id":"https:\/\/demoweb.info\/sexshop001\/#website"},"datePublished":"2022-01-22T18:25:19+00:00","dateModified":"2022-01-22T18:25:28+00:00","breadcrumb":{"@id":"https:\/\/demoweb.info\/sexshop001\/producto\/jesse-jane-pocket-masturbador-vagina\/#breadcrumb"},"inLanguage":"es","potentialAction":[{"@type":"ReadAction","target":["https:\/\/demoweb.info\/sexshop001\/producto\/jesse-jane-pocket-masturbador-vagina\/"]}]},{"@type":"BreadcrumbList","@id":"https:\/\/demoweb.info\/sexshop001\/producto\/jesse-jane-pocket-masturbador-vagina\/#breadcrumb","itemListElement":[{"@type":"ListItem","position":1,"name":"Portada","item":"https:\/\/demoweb.info\/sexshop001\/"},{"@type":"ListItem","position":2,"name":"Tienda","item":"https:\/\/demoweb.info\/sexshop001\/tienda\/"},{"@type":"ListItem","position":3,"name":"JESSE JANE POCKET MASTURBADOR VAGINA"}]},{"@type":"WebSite","@id":"https:\/\/demoweb.info\/sexshop001\/#website","url":"https:\/\/demoweb.info\/sexshop001\/","name":"Tienda Er\u00f3tica","description":"DEMOWEB SL","potentialAction":[{"@type":"SearchAction","target":{"@type":"EntryPoint","urlTemplate":"https:\/\/demoweb.info\/sexshop001\/?s={search_term_string}"},"query-input":"required name=search_term_string"}],"inLanguage":"es"}]}},"_links":{"self":[{"href":"https:\/\/demoweb.info\/sexshop001\/wp-json\/wp\/v3\/product\/65197","targetHints":{"allow":["GET"]}}],"collection":[{"href":"https:\/\/demoweb.info\/sexshop001\/wp-json\/wp\/v3\/product"}],"about":[{"href":"https:\/\/demoweb.info\/sexshop001\/wp-json\/wp\/v2\/types\/product"}],"replies":[{"embeddable":true,"href":"https:\/\/demoweb.info\/sexshop001\/wp-json\/wp\/v2\/comments?post=65197"}],"wp:featuredmedia":[{"embeddable":true,"href":"https:\/\/demoweb.info\/sexshop001\/wp-json\/wp\/v2\/media\/65198"}],"wp:attachment":[{"href":"https:\/\/demoweb.info\/sexshop001\/wp-json\/wp\/v2\/media?parent=65197"}],"wp:term":[{"taxonomy":"product_cat","embeddable":true,"href":"https:\/\/demoweb.info\/sexshop001\/wp-json\/wp\/v2\/product_cat?post=65197"},{"taxonomy":"product_tag","embeddable":true,"href":"https:\/\/demoweb.info\/sexshop001\/wp-json\/wp\/v2\/product_tag?post=65197"}],"curies":[{"name":"wp","href":"https:\/\/api.w.org\/{rel}","templated":true}]}}