{"id":65187,"date":"2022-01-22T19:25:19","date_gmt":"2022-01-22T18:25:19","guid":{"rendered":"https:\/\/demoweb.info\/sexshop001\/producto\/interchangeable-silicone-mordaza-engro\/"},"modified":"2022-01-22T19:25:21","modified_gmt":"2022-01-22T18:25:21","slug":"interchangeable-silicone-mordaza-engro","status":"publish","type":"product","link":"https:\/\/demoweb.info\/sexshop001\/producto\/interchangeable-silicone-mordaza-engro\/","title":{"rendered":"INTERCHANGEABLE SILICONE MORDAZA ENGRO"},"content":{"rendered":"<p><strong>INTERCHANGEABLE SILICONE BALL GAG SET BLACK<\/strong><\/p>\n<p>Este conjunto vers\u00e1til viene con dos tama\u00f1os de mordaza diferentes, que se aseguran f\u00e1cil y r\u00e1pidamente a trav\u00e9s de ganchos de seguridad a cada lado. El cuero duradero tiene una apariencia y sensaci\u00f3n de alta calidad, con una hebilla ajustable en la parte posterior con una funci\u00f3n de bloqueo opcional. El metal no contiene n\u00edquel. La bola est\u00e1 hecha de silicona lisa, ins\u00edpida y f\u00e1cil de limpiar con solo una peque\u00f1a cantidad de elasticidad sin dejar de ser c\u00f3moda.<\/p>\n<p>La Colecci\u00f3n Signature de Isabella Sinclaire presenta herramientas personalmente seleccionadas por Isabella Sinclaire para su satisfacci\u00f3n. Cada pieza refleja su estilo, sofisticaci\u00f3n, habilidad y clase.<\/p>\n<ul>\n<li>Dimensiones del producto 52,1 cm<\/li>\n<li>Dimensiones del producto    54,4 x 4,4 x 4,4 cm<\/li>\n<li>Peso del producto    231,54 gram<\/li>\n<li>Di\u00e1metro del producto    4,3 cm<\/li>\n<li>Materiales: piel y silicona<\/li>\n<\/ul>\n","protected":false},"excerpt":{"rendered":"<p>INTERCHANGEABLE SILICONE BALL GAG SET BLACK Este conjunto vers\u00e1til viene con dos tama\u00f1os de mordaza diferentes, que se aseguran f\u00e1cil<\/p>\n","protected":false},"featured_media":65188,"comment_status":"open","ping_status":"open","template":"","meta":[],"product_cat":[288],"product_tag":[274],"class_list":["post-65187","product","type-product","status-publish","has-post-thumbnail","hentry","product_cat-mordazas","product_tag-xr-brands"],"bundled_by":[],"bundle_stock_status":"instock","bundle_stock_quantity":1,"bundle_virtual":false,"bundle_layout":"","bundle_add_to_cart_form_location":"","bundle_editable_in_cart":false,"bundle_sold_individually_context":"","bundle_item_grouping":"","bundle_min_size":"","bundle_max_size":"","bundled_items":[],"yoast_head":"<!-- This site is optimized with the Yoast SEO plugin v20.6 - https:\/\/yoast.com\/wordpress\/plugins\/seo\/ -->\n<title>INTERCHANGEABLE SILICONE MORDAZA ENGRO - Tienda Er\u00f3tica<\/title>\n<meta name=\"robots\" content=\"noindex, follow, max-snippet:-1, max-image-preview:large, max-video-preview:-1\" \/>\n<meta property=\"og:locale\" content=\"es_ES\" \/>\n<meta property=\"og:type\" content=\"article\" \/>\n<meta property=\"og:title\" content=\"INTERCHANGEABLE SILICONE MORDAZA ENGRO - Tienda Er\u00f3tica\" \/>\n<meta property=\"og:description\" content=\"INTERCHANGEABLE SILICONE BALL GAG SET BLACK Este conjunto vers\u00e1til viene con dos tama\u00f1os de mordaza diferentes, que se aseguran f\u00e1cil\" \/>\n<meta property=\"og:url\" content=\"https:\/\/demoweb.info\/sexshop001\/producto\/interchangeable-silicone-mordaza-engro\/\" \/>\n<meta property=\"og:site_name\" content=\"Tienda Er\u00f3tica\" \/>\n<meta property=\"article:modified_time\" content=\"2022-01-22T18:25:21+00:00\" \/>\n<meta property=\"og:image\" content=\"https:\/\/demoweb.info\/sexshop001\/wp-content\/uploads\/2022\/01\/INTERCHANGEABLE-SILICONE-MORDAZA-ENGRO.jpg\" \/>\n\t<meta property=\"og:image:width\" content=\"550\" \/>\n\t<meta property=\"og:image:height\" content=\"550\" \/>\n\t<meta property=\"og:image:type\" content=\"image\/jpeg\" \/>\n<meta name=\"twitter:card\" content=\"summary_large_image\" \/>\n<meta name=\"twitter:label1\" content=\"Tiempo de lectura\" \/>\n\t<meta name=\"twitter:data1\" content=\"1 minuto\" \/>\n<script type=\"application\/ld+json\" class=\"yoast-schema-graph\">{\"@context\":\"https:\/\/schema.org\",\"@graph\":[{\"@type\":\"WebPage\",\"@id\":\"https:\/\/demoweb.info\/sexshop001\/producto\/interchangeable-silicone-mordaza-engro\/\",\"url\":\"https:\/\/demoweb.info\/sexshop001\/producto\/interchangeable-silicone-mordaza-engro\/\",\"name\":\"INTERCHANGEABLE SILICONE MORDAZA ENGRO - Tienda Er\u00f3tica\",\"isPartOf\":{\"@id\":\"https:\/\/demoweb.info\/sexshop001\/#website\"},\"datePublished\":\"2022-01-22T18:25:19+00:00\",\"dateModified\":\"2022-01-22T18:25:21+00:00\",\"breadcrumb\":{\"@id\":\"https:\/\/demoweb.info\/sexshop001\/producto\/interchangeable-silicone-mordaza-engro\/#breadcrumb\"},\"inLanguage\":\"es\",\"potentialAction\":[{\"@type\":\"ReadAction\",\"target\":[\"https:\/\/demoweb.info\/sexshop001\/producto\/interchangeable-silicone-mordaza-engro\/\"]}]},{\"@type\":\"BreadcrumbList\",\"@id\":\"https:\/\/demoweb.info\/sexshop001\/producto\/interchangeable-silicone-mordaza-engro\/#breadcrumb\",\"itemListElement\":[{\"@type\":\"ListItem\",\"position\":1,\"name\":\"Portada\",\"item\":\"https:\/\/demoweb.info\/sexshop001\/\"},{\"@type\":\"ListItem\",\"position\":2,\"name\":\"Tienda\",\"item\":\"https:\/\/demoweb.info\/sexshop001\/tienda\/\"},{\"@type\":\"ListItem\",\"position\":3,\"name\":\"INTERCHANGEABLE SILICONE MORDAZA ENGRO\"}]},{\"@type\":\"WebSite\",\"@id\":\"https:\/\/demoweb.info\/sexshop001\/#website\",\"url\":\"https:\/\/demoweb.info\/sexshop001\/\",\"name\":\"Tienda Er\u00f3tica\",\"description\":\"DEMOWEB SL\",\"potentialAction\":[{\"@type\":\"SearchAction\",\"target\":{\"@type\":\"EntryPoint\",\"urlTemplate\":\"https:\/\/demoweb.info\/sexshop001\/?s={search_term_string}\"},\"query-input\":\"required name=search_term_string\"}],\"inLanguage\":\"es\"}]}<\/script>\n<!-- \/ Yoast SEO plugin. -->","yoast_head_json":{"title":"INTERCHANGEABLE SILICONE MORDAZA ENGRO - Tienda Er\u00f3tica","robots":{"index":"noindex","follow":"follow","max-snippet":"max-snippet:-1","max-image-preview":"max-image-preview:large","max-video-preview":"max-video-preview:-1"},"og_locale":"es_ES","og_type":"article","og_title":"INTERCHANGEABLE SILICONE MORDAZA ENGRO - Tienda Er\u00f3tica","og_description":"INTERCHANGEABLE SILICONE BALL GAG SET BLACK Este conjunto vers\u00e1til viene con dos tama\u00f1os de mordaza diferentes, que se aseguran f\u00e1cil","og_url":"https:\/\/demoweb.info\/sexshop001\/producto\/interchangeable-silicone-mordaza-engro\/","og_site_name":"Tienda Er\u00f3tica","article_modified_time":"2022-01-22T18:25:21+00:00","og_image":[{"width":550,"height":550,"url":"https:\/\/demoweb.info\/sexshop001\/wp-content\/uploads\/2022\/01\/INTERCHANGEABLE-SILICONE-MORDAZA-ENGRO.jpg","type":"image\/jpeg"}],"twitter_card":"summary_large_image","twitter_misc":{"Tiempo de lectura":"1 minuto"},"schema":{"@context":"https:\/\/schema.org","@graph":[{"@type":"WebPage","@id":"https:\/\/demoweb.info\/sexshop001\/producto\/interchangeable-silicone-mordaza-engro\/","url":"https:\/\/demoweb.info\/sexshop001\/producto\/interchangeable-silicone-mordaza-engro\/","name":"INTERCHANGEABLE SILICONE MORDAZA ENGRO - Tienda Er\u00f3tica","isPartOf":{"@id":"https:\/\/demoweb.info\/sexshop001\/#website"},"datePublished":"2022-01-22T18:25:19+00:00","dateModified":"2022-01-22T18:25:21+00:00","breadcrumb":{"@id":"https:\/\/demoweb.info\/sexshop001\/producto\/interchangeable-silicone-mordaza-engro\/#breadcrumb"},"inLanguage":"es","potentialAction":[{"@type":"ReadAction","target":["https:\/\/demoweb.info\/sexshop001\/producto\/interchangeable-silicone-mordaza-engro\/"]}]},{"@type":"BreadcrumbList","@id":"https:\/\/demoweb.info\/sexshop001\/producto\/interchangeable-silicone-mordaza-engro\/#breadcrumb","itemListElement":[{"@type":"ListItem","position":1,"name":"Portada","item":"https:\/\/demoweb.info\/sexshop001\/"},{"@type":"ListItem","position":2,"name":"Tienda","item":"https:\/\/demoweb.info\/sexshop001\/tienda\/"},{"@type":"ListItem","position":3,"name":"INTERCHANGEABLE SILICONE MORDAZA ENGRO"}]},{"@type":"WebSite","@id":"https:\/\/demoweb.info\/sexshop001\/#website","url":"https:\/\/demoweb.info\/sexshop001\/","name":"Tienda Er\u00f3tica","description":"DEMOWEB SL","potentialAction":[{"@type":"SearchAction","target":{"@type":"EntryPoint","urlTemplate":"https:\/\/demoweb.info\/sexshop001\/?s={search_term_string}"},"query-input":"required name=search_term_string"}],"inLanguage":"es"}]}},"_links":{"self":[{"href":"https:\/\/demoweb.info\/sexshop001\/wp-json\/wp\/v3\/product\/65187","targetHints":{"allow":["GET"]}}],"collection":[{"href":"https:\/\/demoweb.info\/sexshop001\/wp-json\/wp\/v3\/product"}],"about":[{"href":"https:\/\/demoweb.info\/sexshop001\/wp-json\/wp\/v2\/types\/product"}],"replies":[{"embeddable":true,"href":"https:\/\/demoweb.info\/sexshop001\/wp-json\/wp\/v2\/comments?post=65187"}],"wp:featuredmedia":[{"embeddable":true,"href":"https:\/\/demoweb.info\/sexshop001\/wp-json\/wp\/v2\/media\/65188"}],"wp:attachment":[{"href":"https:\/\/demoweb.info\/sexshop001\/wp-json\/wp\/v2\/media?parent=65187"}],"wp:term":[{"taxonomy":"product_cat","embeddable":true,"href":"https:\/\/demoweb.info\/sexshop001\/wp-json\/wp\/v2\/product_cat?post=65187"},{"taxonomy":"product_tag","embeddable":true,"href":"https:\/\/demoweb.info\/sexshop001\/wp-json\/wp\/v2\/product_tag?post=65187"}],"curies":[{"name":"wp","href":"https:\/\/api.w.org\/{rel}","templated":true}]}}